{"id":36406,"date":"2025-01-30T17:36:06","date_gmt":"2025-01-30T16:36:06","guid":{"rendered":"https:\/\/www.tatanka.nl\/?post_type=product&#038;p=36406"},"modified":"2025-05-16T14:44:02","modified_gmt":"2025-05-16T13:44:02","slug":"auto-northern-lights","status":"publish","type":"product","link":"https:\/\/www.tatanka.nl\/pl\/auto-northern-lights\/","title":{"rendered":"Auto Northern Lights - Vision Seeds"},"content":{"rendered":"<h2>Nasiona konopi Auto Northern Lights od Vision Seeds<\/h2>\n<p>Nasiona konopi Auto Northern Lights s\u0105 dok\u0142adnie tym, czego potrzebujesz w idealnym momencie. Przygotuj si\u0119 do jazdy, poniewa\u017c w tej odmianie Auto chodzi tylko o to, by si\u0119 rozpali\u0107! To twoja najlepsza przyjaci\u00f3\u0142ka - zapewnia zar\u00f3wno wytrzyma\u0142e w\u0142a\u015bciwo\u015bci, kt\u00f3re sprawiaj\u0105, \u017ce uprawa jest bardzo \u0142atwa, jak i niesamowite, wysokiej jako\u015bci, mocne p\u0105ki.<\/p>\n<p>Je\u015bli szukasz niesamowitej odmiany do uprawy, ale nie wiesz, od czego zacz\u0105\u0107, te z\u0142e dzieci canna pomog\u0105 ci przeprowadzi\u0107 ci\u0119 przez wszystko, aby\u015b nie pope\u0142ni\u0142 b\u0142\u0119d\u00f3w po drodze.<\/p>\n<p>Przy naprawd\u0119 niskim poziomie piel\u0119gnacji, jest r\u00f3wnie\u017c satysfakcjonuj\u0105co wyrozumia\u0142a dla b\u0142\u0119d\u00f3w pope\u0142nianych przez pocz\u0105tkuj\u0105cych hodowc\u00f3w, dzi\u0119ki czemu nawet do\u015bwiadczeni profesjonali\u015bci j\u0105 uwielbiaj\u0105! Gotowy na niesamowity pocz\u0105tek rozmowy? Te nasiona zapewniaj\u0105 puffy, kt\u00f3rych ludzie b\u0119d\u0105 po\u017c\u0105da\u0107.<\/p>","protected":false},"excerpt":{"rendered":"<p>Nasiona konopi Northern Lights Auto zwykle potrzebuj\u0105 8-10 tygodni, aby zakwitn\u0105\u0107, ale mo\u017cesz prze\u0142\u0105czy\u0107 prze\u0142\u0105cznik wcze\u015bniej, je\u015bli twoje ro\u015bliny s\u0105 zdrowe i mocne. Podnie\u015b o\u015bwietlenie, gdy \u015bwiat\u0142o dzienne \u015bwieci s\u0142abiej, obserwuj, jak p\u0105ki obficie kwitn\u0105 i czekaj na niesamowite eksplozje Northern Lights! Napakowany super mocnym hajem, kt\u00f3ry sprawi, \u017ce poczujesz si\u0119 kreatywny i nie b\u0119dziesz chcia\u0142 robi\u0107 nic poza wielkim my\u015bleniem - z\u0142ap kilka paczek tych niepowstrzymanych kwiat\u00f3w teraz, zanim znikn\u0105!<\/p>","protected":false},"featured_media":36435,"template":"","meta":[],"product_brand":[],"product_cat":[546,297,547,548,638],"product_tag":[],"class_list":{"0":"post-36406","1":"product","2":"type-product","3":"status-publish","4":"has-post-thumbnail","6":"product_cat-seedshop","7":"product_cat-all-products","8":"product_cat-autoflowering-seeds","9":"product_cat-high-thc-seeds","10":"product_cat-vision-seeds","11":"product_shipping_class-creditcard-on","13":"first","14":"instock","15":"taxable","16":"shipping-taxable","17":"purchasable","18":"product-type-variable","19":"has-default-attributes"},"_links":{"self":[{"href":"https:\/\/www.tatanka.nl\/pl\/wp-json\/wp\/v2\/product\/36406","targetHints":{"allow":["GET"]}}],"collection":[{"href":"https:\/\/www.tatanka.nl\/pl\/wp-json\/wp\/v2\/product"}],"about":[{"href":"https:\/\/www.tatanka.nl\/pl\/wp-json\/wp\/v2\/types\/product"}],"wp:featuredmedia":[{"embeddable":true,"href":"https:\/\/www.tatanka.nl\/pl\/wp-json\/wp\/v2\/media\/36435"}],"wp:attachment":[{"href":"https:\/\/www.tatanka.nl\/pl\/wp-json\/wp\/v2\/media?parent=36406"}],"wp:term":[{"taxonomy":"product_brand","embeddable":true,"href":"https:\/\/www.tatanka.nl\/pl\/wp-json\/wp\/v2\/product_brand?post=36406"},{"taxonomy":"product_cat","embeddable":true,"href":"https:\/\/www.tatanka.nl\/pl\/wp-json\/wp\/v2\/product_cat?post=36406"},{"taxonomy":"product_tag","embeddable":true,"href":"https:\/\/www.tatanka.nl\/pl\/wp-json\/wp\/v2\/product_tag?post=36406"}],"curies":[{"name":"wp","href":"https:\/\/api.w.org\/{rel}","templated":true}]}}