{"id":36407,"date":"2025-01-30T17:36:06","date_gmt":"2025-01-30T16:36:06","guid":{"rendered":"https:\/\/www.tatanka.nl\/?post_type=product&#038;p=36407"},"modified":"2025-05-16T14:44:11","modified_gmt":"2025-05-16T13:44:11","slug":"auto-super-skunk","status":"publish","type":"product","link":"https:\/\/www.tatanka.nl\/pl\/auto-super-skunk\/","title":{"rendered":"Auto Super Skunk - Vision Seeds"},"content":{"rendered":"<h2><span data-sheets-value=\"{&quot;1&quot;:2,&quot;2&quot;:&quot;Auto Super Skunk &quot;}\" data-sheets-userformat=\"{&quot;2&quot;:14915,&quot;3&quot;:{&quot;1&quot;:0},&quot;4&quot;:{&quot;1&quot;:2,&quot;2&quot;:15389148},&quot;9&quot;:0,&quot;12&quot;:0,&quot;14&quot;:{&quot;1&quot;:2,&quot;2&quot;:0},&quot;15&quot;:&quot;Calibri&quot;,&quot;16&quot;:12}\">Auto Super Skunk <\/span>Nasiona konopi od Vision Seeds<\/h2>\n<p>Te nasiona konopi Auto Super Skunk szukaj\u0105 czasu na dobr\u0105 zabaw\u0119 i b\u0119d\u0105 na tyle uprzejme, aby odda\u0107 w obfito\u015bci wszystko, co dasz jej mo\u017cliwo\u015b\u0107 pracy. Ale uwa\u017caj... jej moc ma niez\u0142y cios, wi\u0119c upewnij si\u0119, \u017ce jeste\u015b gotowy na wybuch z t\u0105 \u015bmierdz\u0105c\u0105, dobr\u0105 genetyk\u0105, kt\u00f3ra ma oba ko\u0144ce pokryte!<\/p>\n<p>Super Skunk Auto jest ulubion\u0105 odmian\u0105 zar\u00f3wno pocz\u0105tkuj\u0105cych, jak i do\u015bwiadczonych ogrodnik\u00f3w. Rozwija si\u0119 w wilgotnym, ciep\u0142ym klimacie, w kt\u00f3rym nale\u017cy zapewni\u0107 wystarczaj\u0105c\u0105 ilo\u015b\u0107 materia\u0142u organicznego podczas ca\u0142ego procesu uprawy. Ro\u015bliny te wyrosn\u0105 na ma\u0142e potwory, kt\u00f3re uwielbiaj\u0105 rozci\u0105ga\u0107 si\u0119 w g\u00f3r\u0119 w poszukiwaniu \u015bwiat\u0142a! Nasiona konopi Auto Super Skunk mog\u0105 by\u0107 sadzone na zewn\u0105trz przez ca\u0142y rok bez obawy o zaniedbanie ich potrzeb.<\/p>\n<p>Uwodzicielski zapach s\u0142odkich kwiat\u00f3w przebijaj\u0105cy si\u0119 przez jej mro\u017an\u0105 pow\u0142ok\u0119 \u017cywiczn\u0105 to marzenie artysty, je\u015bli chcesz mie\u0107 niesamowite mieszane odmiany dla swojego kreatywnego geniuszu.<\/p>","protected":false},"excerpt":{"rendered":"<p>Niekt\u00f3re nasiona s\u0105 s\u0142absze od innych. Nie ta dziewczyna! Osi\u0105gnie sw\u00f3j szczytowy potencja\u0142, szybciej ni\u017c przeci\u0119tna sadzonka, tylko dlatego, \u017ce mo\u017ce! Mo\u017cesz mie\u0107 miejsce na wi\u0119ksz\u0105 doniczk\u0119 lub mo\u017cesz mie\u0107 naprawd\u0119 \u015bwietn\u0105 gleb\u0119 z idealnymi sk\u0142adnikami od\u017cywczymi - cokolwiek to jest, nie my\u015bl o tym zbyt wiele. Po prostu uprawiaj i ciesz si\u0119 jej niesamowitymi puffami w ci\u0105gu kilku tygodni. To skunksowa bestia, kt\u00f3r\u0105 pokochasz!<\/p>","protected":false},"featured_media":36436,"template":"","meta":[],"product_brand":[],"product_cat":[546,297,547,638],"product_tag":[],"class_list":{"0":"post-36407","1":"product","2":"type-product","3":"status-publish","4":"has-post-thumbnail","6":"product_cat-seedshop","7":"product_cat-all-products","8":"product_cat-autoflowering-seeds","9":"product_cat-vision-seeds","10":"product_shipping_class-creditcard-on","12":"first","13":"instock","14":"taxable","15":"shipping-taxable","16":"purchasable","17":"product-type-variable","18":"has-default-attributes"},"_links":{"self":[{"href":"https:\/\/www.tatanka.nl\/pl\/wp-json\/wp\/v2\/product\/36407","targetHints":{"allow":["GET"]}}],"collection":[{"href":"https:\/\/www.tatanka.nl\/pl\/wp-json\/wp\/v2\/product"}],"about":[{"href":"https:\/\/www.tatanka.nl\/pl\/wp-json\/wp\/v2\/types\/product"}],"wp:featuredmedia":[{"embeddable":true,"href":"https:\/\/www.tatanka.nl\/pl\/wp-json\/wp\/v2\/media\/36436"}],"wp:attachment":[{"href":"https:\/\/www.tatanka.nl\/pl\/wp-json\/wp\/v2\/media?parent=36407"}],"wp:term":[{"taxonomy":"product_brand","embeddable":true,"href":"https:\/\/www.tatanka.nl\/pl\/wp-json\/wp\/v2\/product_brand?post=36407"},{"taxonomy":"product_cat","embeddable":true,"href":"https:\/\/www.tatanka.nl\/pl\/wp-json\/wp\/v2\/product_cat?post=36407"},{"taxonomy":"product_tag","embeddable":true,"href":"https:\/\/www.tatanka.nl\/pl\/wp-json\/wp\/v2\/product_tag?post=36407"}],"curies":[{"name":"wp","href":"https:\/\/api.w.org\/{rel}","templated":true}]}}