{"id":36409,"date":"2025-01-30T17:36:07","date_gmt":"2025-01-30T16:36:07","guid":{"rendered":"https:\/\/www.tatanka.nl\/?post_type=product&#038;p=36409"},"modified":"2025-05-16T14:42:54","modified_gmt":"2025-05-16T13:42:54","slug":"auto-vision-critical","status":"publish","type":"product","link":"https:\/\/www.tatanka.nl\/pl\/auto-vision-critical\/","title":{"rendered":"Auto Vision Critical - Vision Seeds"},"content":{"rendered":"<h2><span data-sheets-value=\"{&quot;1&quot;:2,&quot;2&quot;:&quot;Auto Vision Critical&quot;}\" data-sheets-userformat=\"{&quot;2&quot;:14915,&quot;3&quot;:{&quot;1&quot;:0},&quot;4&quot;:{&quot;1&quot;:2,&quot;2&quot;:14281427},&quot;9&quot;:0,&quot;12&quot;:0,&quot;14&quot;:{&quot;1&quot;:2,&quot;2&quot;:0},&quot;15&quot;:&quot;Calibri&quot;,&quot;16&quot;:12}\">Auto Vision Critical <\/span>Nasiona konopi od Vision Seeds<\/h2>\n<p>Ma\u0142e i dyskretne, ale o niezbyt niskiej zawarto\u015bci THC. Nie b\u0119dziesz musia\u0142 si\u0119 martwi\u0107, \u017ce te panie zepsuj\u0105 twoj\u0105 ukradkow\u0105 upraw\u0119. Jest idealna, je\u015bli chcesz po prostu odrobiny relaksuj\u0105cego umys\u0142u bez zbytniego l\u0119ku spo\u0142ecznego. To zabawne i wci\u0105gaj\u0105ce automatycznie kwitn\u0105ce male\u0144stwo jest czym\u015b, z czym nawet najbardziej pocz\u0105tkuj\u0105cy hodowca poradzi sobie ze wzgl\u0119dn\u0105 \u0142atwo\u015bci\u0105!<\/p>\n<p>Vision Seeds Vision Critical Auto to idealna odmiana, je\u015bli szukasz czego\u015b, co jest \u015bwietne w uprawie i zapewnia najwy\u017cszej klasy smaki, aromaty i efekty. B\u0119d\u0105c dobrym wyborem do podst\u0119pnej uprawy, b\u0119dzie \u0142atwa w uprawie dla tych, kt\u00f3rzy szukaj\u0105 ma\u0142ej ro\u015bliny, kt\u00f3r\u0105 mo\u017cna dyskretnie ukry\u0107 przed przechodniami. Ponadto, czy to wilgotna, czy aromatyczna, to naprawd\u0119 nie ma znaczenia, poniewa\u017c ta dziewczyna nie zawodzi!<\/p>","protected":false},"excerpt":{"rendered":"<p>Robi to po swojemu i jest po prostu doskona\u0142a. Vision Critical Auto zapewnia g\u0142adkie, niezbyt ci\u0119\u017ckie THC, relaksuj\u0105ce i ch\u0142odne zaci\u0105gni\u0119cie si\u0119, kt\u00f3re zadowoli wielu dzi\u0119ki wyj\u0105tkowemu i uroczemu cytrusowemu, pikantnemu i drzewnemu aromatowi. Aha, i jest idealna dla tych ultra-ukrytych hodowc\u00f3w. Spr\u00f3buj sam, a na pewno j\u0105 pokochasz!<\/p>","protected":false},"featured_media":36438,"template":"","meta":[],"product_brand":[],"product_cat":[546,297,547,638],"product_tag":[],"class_list":{"0":"post-36409","1":"product","2":"type-product","3":"status-publish","4":"has-post-thumbnail","6":"product_cat-seedshop","7":"product_cat-all-products","8":"product_cat-autoflowering-seeds","9":"product_cat-vision-seeds","10":"product_shipping_class-creditcard-on","12":"first","13":"instock","14":"taxable","15":"shipping-taxable","16":"purchasable","17":"product-type-variable","18":"has-default-attributes"},"_links":{"self":[{"href":"https:\/\/www.tatanka.nl\/pl\/wp-json\/wp\/v2\/product\/36409","targetHints":{"allow":["GET"]}}],"collection":[{"href":"https:\/\/www.tatanka.nl\/pl\/wp-json\/wp\/v2\/product"}],"about":[{"href":"https:\/\/www.tatanka.nl\/pl\/wp-json\/wp\/v2\/types\/product"}],"wp:featuredmedia":[{"embeddable":true,"href":"https:\/\/www.tatanka.nl\/pl\/wp-json\/wp\/v2\/media\/36438"}],"wp:attachment":[{"href":"https:\/\/www.tatanka.nl\/pl\/wp-json\/wp\/v2\/media?parent=36409"}],"wp:term":[{"taxonomy":"product_brand","embeddable":true,"href":"https:\/\/www.tatanka.nl\/pl\/wp-json\/wp\/v2\/product_brand?post=36409"},{"taxonomy":"product_cat","embeddable":true,"href":"https:\/\/www.tatanka.nl\/pl\/wp-json\/wp\/v2\/product_cat?post=36409"},{"taxonomy":"product_tag","embeddable":true,"href":"https:\/\/www.tatanka.nl\/pl\/wp-json\/wp\/v2\/product_tag?post=36409"}],"curies":[{"name":"wp","href":"https:\/\/api.w.org\/{rel}","templated":true}]}}