{"id":36415,"date":"2025-01-30T17:36:08","date_gmt":"2025-01-30T16:36:08","guid":{"rendered":"https:\/\/www.tatanka.nl\/?post_type=product&#038;p=36415"},"modified":"2026-02-06T00:48:30","modified_gmt":"2026-02-05T23:48:30","slug":"auto-white-widow","status":"publish","type":"product","link":"https:\/\/www.tatanka.nl\/pl\/auto-white-widow\/","title":{"rendered":"Auto White Widow - Vision Seeds"},"content":{"rendered":"<h2><span data-sheets-value=\"{&quot;1&quot;:2,&quot;2&quot;:&quot;Auto White Widow&quot;}\" data-sheets-userformat=\"{&quot;2&quot;:14915,&quot;3&quot;:{&quot;1&quot;:0},&quot;4&quot;:{&quot;1&quot;:2,&quot;2&quot;:13624051},&quot;9&quot;:0,&quot;12&quot;:0,&quot;14&quot;:{&quot;1&quot;:2,&quot;2&quot;:0},&quot;15&quot;:&quot;Calibri&quot;,&quot;16&quot;:12}\">Auto White Widow<\/span> Nasiona konopi od Vision Seeds<\/h2>\n<p>Po 12 tygodniach b\u0119dziesz mie\u0107 pi\u0119kne p\u0105ki dojrza\u0142e do zbioru w swojej szklarni marihuany, kt\u00f3re s\u0105 wystarczaj\u0105co mocne, aby przetrwa\u0107 nawet najtrudniejsze warunki klimatyczne. Nie czekajcie d\u0142u\u017cej, panie i panowie! Nie czekajcie d\u0142u\u017cej!<\/p>\n<p>Nasiona konopi White Widow Auto to tw\u00f3j nowy najlepszy przyjaciel! Te szybko rosn\u0105ce, dyskretne nasiona konopi s\u0105 idealne dla hodowc\u00f3w w trudniejszych warunkach klimatycznych. Ich silne dzia\u0142anie relaksuj\u0105ce sprawia, \u017ce idealnie nadaj\u0105 si\u0119 do \u0142agodzenia stan\u00f3w l\u0119kowych, a szybki czas wzrostu sprawia, \u017ce zbiory s\u0105 kr\u00f3tkie i rzeczowe. Zacznij uprawia\u0107 te male\u0144stwa ju\u017c dzi\u015b!<\/p>\n<p>Ten przyst\u0119pny wyb\u00f3r z\u0142agodzi ka\u017cdy sza\u0142, a jednocze\u015bnie sprawi, \u017ce poczujesz si\u0119 swobodnie dzi\u0119ki \u0142agodz\u0105cemu dzia\u0142aniu na stany zapalne, b\u00f3l i bezsenno\u015b\u0107. Doskona\u0142y do stosowania w ci\u0105gu dnia.<\/p>","protected":false},"excerpt":{"rendered":"<p>White Widow to ulubiona odmiana wielu os\u00f3b. Niezale\u017cnie od tego, czy chodzi o walk\u0119 z nud\u0105, l\u0119kiem czy depresj\u0105, ta odmiana radzi sobie bez przesady w ci\u0105gu dnia. A co najlepsze? Szybko ro\u015bnie! Klasyczna odmiana konopi dla klasycznych palaczy. Wiesz, co to jest!<\/p>","protected":false},"featured_media":36443,"template":"","meta":[],"product_brand":[],"product_cat":[546,297,547,638],"product_tag":[],"class_list":{"0":"post-36415","1":"product","2":"type-product","3":"status-publish","4":"has-post-thumbnail","6":"product_cat-seedshop","7":"product_cat-all-products","8":"product_cat-autoflowering-seeds","9":"product_cat-vision-seeds","10":"product_shipping_class-creditcard-on","12":"first","13":"instock","14":"taxable","15":"shipping-taxable","16":"purchasable","17":"product-type-variable","18":"has-default-attributes"},"_links":{"self":[{"href":"https:\/\/www.tatanka.nl\/pl\/wp-json\/wp\/v2\/product\/36415","targetHints":{"allow":["GET"]}}],"collection":[{"href":"https:\/\/www.tatanka.nl\/pl\/wp-json\/wp\/v2\/product"}],"about":[{"href":"https:\/\/www.tatanka.nl\/pl\/wp-json\/wp\/v2\/types\/product"}],"wp:featuredmedia":[{"embeddable":true,"href":"https:\/\/www.tatanka.nl\/pl\/wp-json\/wp\/v2\/media\/36443"}],"wp:attachment":[{"href":"https:\/\/www.tatanka.nl\/pl\/wp-json\/wp\/v2\/media?parent=36415"}],"wp:term":[{"taxonomy":"product_brand","embeddable":true,"href":"https:\/\/www.tatanka.nl\/pl\/wp-json\/wp\/v2\/product_brand?post=36415"},{"taxonomy":"product_cat","embeddable":true,"href":"https:\/\/www.tatanka.nl\/pl\/wp-json\/wp\/v2\/product_cat?post=36415"},{"taxonomy":"product_tag","embeddable":true,"href":"https:\/\/www.tatanka.nl\/pl\/wp-json\/wp\/v2\/product_tag?post=36415"}],"curies":[{"name":"wp","href":"https:\/\/api.w.org\/{rel}","templated":true}]}}