{"id":36416,"date":"2025-01-30T17:36:08","date_gmt":"2025-01-30T16:36:08","guid":{"rendered":"https:\/\/www.tatanka.nl\/?post_type=product&#038;p=36416"},"modified":"2025-05-16T14:41:01","modified_gmt":"2025-05-16T13:41:01","slug":"ak-49","status":"publish","type":"product","link":"https:\/\/www.tatanka.nl\/pl\/ak-49\/","title":{"rendered":"AK-49 - Vision Seeds"},"content":{"rendered":"<h2><span data-sheets-value=\"{&quot;1&quot;:2,&quot;2&quot;:&quot;AK-49&quot;}\" data-sheets-userformat=\"{&quot;2&quot;:14915,&quot;3&quot;:{&quot;1&quot;:0},&quot;4&quot;:{&quot;1&quot;:2,&quot;2&quot;:16773836},&quot;9&quot;:0,&quot;12&quot;:0,&quot;14&quot;:{&quot;1&quot;:2,&quot;2&quot;:0},&quot;15&quot;:&quot;docs-Calibri&quot;,&quot;16&quot;:12}\">AK-49<\/span> Nasiona konopi od Vision Seeds<\/h2>\n<p>Nic dziwnego, \u017ce ten stary ulubieniec by\u0142 u\u017cywany do \u0142agodzenia przewlek\u0142ego b\u00f3lu, bezsenno\u015bci, b\u00f3l\u00f3w g\u0142owy i zwalczania objaw\u00f3w PMS - to naprawd\u0119 silna dama. To s\u0142ynna dama, kt\u00f3r\u0105 uwielbia wielu...<\/p>\n<p>Oryginalne nasiona konopi AK-49 od Vision seeds to idealne narz\u0119dzie do uprawy doskona\u0142ej marihuany. Ta pot\u0119\u017cna, \u017cywiczna i zwarta odmiana zosta\u0142a spopularyzowana w latach 90. ze wzgl\u0119du na silne dzia\u0142anie i wysoki poziom THC. Je\u015bli potrzebujesz wysokiej jako\u015bci indica z niespodziewanie g\u0142adkim dymem, te nasiona konopi AK-47 - siostra AK-49 jest dok\u0142adnie tym, czego potrzebujesz!<\/p>\n<p>Zdob\u0105d\u017a te nasiona, aby uzyska\u0107 w\u0142asne niesamowite zbiory!<\/p>","protected":false},"excerpt":{"rendered":"<p>Zawsze mo\u017cesz liczy\u0107 na nasiona konopi AK-49, kt\u00f3re zapewniaj\u0105 wysok\u0105 jako\u015b\u0107 i euforyczne dzia\u0142anie. AK-49 to pot\u0119\u017cna odmiana o \u0142atwym paleniu. Ta siostrzana odmiana AK-47 zapewnia doskona\u0142ej wielko\u015bci p\u0105ki pokryte \u017cywic\u0105, kt\u00f3re najlepiej rosn\u0105 w warunkach wysokiej wilgotno\u015bci, AK-49 dzia\u0142a szybko i nie zawiedzie!<\/p>","protected":false},"featured_media":36444,"template":"","meta":[],"product_brand":[],"product_cat":[546,297,549,548,638],"product_tag":[],"class_list":{"0":"post-36416","1":"product","2":"type-product","3":"status-publish","4":"has-post-thumbnail","6":"product_cat-seedshop","7":"product_cat-all-products","8":"product_cat-feminized-seeds","9":"product_cat-high-thc-seeds","10":"product_cat-vision-seeds","11":"product_shipping_class-creditcard-on","13":"first","14":"instock","15":"taxable","16":"shipping-taxable","17":"purchasable","18":"product-type-variable","19":"has-default-attributes"},"_links":{"self":[{"href":"https:\/\/www.tatanka.nl\/pl\/wp-json\/wp\/v2\/product\/36416","targetHints":{"allow":["GET"]}}],"collection":[{"href":"https:\/\/www.tatanka.nl\/pl\/wp-json\/wp\/v2\/product"}],"about":[{"href":"https:\/\/www.tatanka.nl\/pl\/wp-json\/wp\/v2\/types\/product"}],"wp:featuredmedia":[{"embeddable":true,"href":"https:\/\/www.tatanka.nl\/pl\/wp-json\/wp\/v2\/media\/36444"}],"wp:attachment":[{"href":"https:\/\/www.tatanka.nl\/pl\/wp-json\/wp\/v2\/media?parent=36416"}],"wp:term":[{"taxonomy":"product_brand","embeddable":true,"href":"https:\/\/www.tatanka.nl\/pl\/wp-json\/wp\/v2\/product_brand?post=36416"},{"taxonomy":"product_cat","embeddable":true,"href":"https:\/\/www.tatanka.nl\/pl\/wp-json\/wp\/v2\/product_cat?post=36416"},{"taxonomy":"product_tag","embeddable":true,"href":"https:\/\/www.tatanka.nl\/pl\/wp-json\/wp\/v2\/product_tag?post=36416"}],"curies":[{"name":"wp","href":"https:\/\/api.w.org\/{rel}","templated":true}]}}