{"id":36417,"date":"2025-01-30T17:36:08","date_gmt":"2025-01-30T16:36:08","guid":{"rendered":"https:\/\/www.tatanka.nl\/?post_type=product&#038;p=36417"},"modified":"2025-05-16T14:42:11","modified_gmt":"2025-05-16T13:42:11","slug":"amnesia","status":"publish","type":"product","link":"https:\/\/www.tatanka.nl\/pl\/amnesia\/","title":{"rendered":"Amnesia - Vision Seeds"},"content":{"rendered":"<h2><span data-sheets-value=\"{&quot;1&quot;:2,&quot;2&quot;:&quot;Amnesia&quot;}\" data-sheets-userformat=\"{&quot;2&quot;:6723,&quot;3&quot;:{&quot;1&quot;:0},&quot;4&quot;:{&quot;1&quot;:2,&quot;2&quot;:16573901},&quot;9&quot;:0,&quot;12&quot;:0,&quot;14&quot;:{&quot;1&quot;:2,&quot;2&quot;:0},&quot;15&quot;:&quot;Arial&quot;}\">Amnesia <\/span>Nasiona konopi od Vision Seeds<\/h2>\n<p>Te nasiona konopi s\u0105 przepustk\u0105 do haju, kt\u00f3ry dos\u0142ownie ogarnie ci\u0119 szcz\u0119\u015bciem i eufori\u0105. Vision Seeds Amnesia to idealne po\u0142\u0105czenie kreatywnej motywacji i dominuj\u0105cej sativy. Ta dama podniesie twoj\u0105 kreatywno\u015b\u0107 do granic mo\u017cliwo\u015bci dzi\u0119ki energetyzuj\u0105cej marihuanie, kt\u00f3ra o\u017cywia wszystko, od my\u015bli po mi\u0119\u015bnie - pozostawiaj\u0105c ci kreatywn\u0105 inspiracj\u0119.<\/p>\n<p>Pachnie raczej subtelnie, ale dopiero w momencie zap\u0142onu smakosze spotykaj\u0105 si\u0119 z mglistym, kwiatowym zaci\u0105gni\u0119ciem! Efekty mog\u0105 by\u0107 odczuwalne ju\u017c po 5-15 minutach od palenia, a ludzie zg\u0142aszaj\u0105 zwi\u0119kszone uczucie szcz\u0119\u015bcia po\u0142\u0105czone ze zwi\u0119kszonymi efektami m\u00f3zgowymi.<\/p>","protected":false},"excerpt":{"rendered":"<p>Uprawa konopi indoor jest ekscytuj\u0105ca, ale zanim staniesz si\u0119 ekspertem w tej dziedzinie, musisz nauczy\u0107 si\u0119 wielu rzeczy. Amnesia Cannabis Seeds to idealne wprowadzenie dla pocz\u0105tkuj\u0105cych w ten nowy \u015bwiat uprawy z szybko kwitn\u0105c\u0105 odmian\u0105 Sativa, kt\u00f3ra szybko si\u0119 zapala.<\/p>","protected":false},"featured_media":36445,"template":"","meta":[],"product_brand":[],"product_cat":[546,297,549,638],"product_tag":[],"class_list":{"0":"post-36417","1":"product","2":"type-product","3":"status-publish","4":"has-post-thumbnail","6":"product_cat-seedshop","7":"product_cat-all-products","8":"product_cat-feminized-seeds","9":"product_cat-vision-seeds","10":"product_shipping_class-creditcard-on","12":"first","13":"instock","14":"taxable","15":"shipping-taxable","16":"purchasable","17":"product-type-variable","18":"has-default-attributes"},"_links":{"self":[{"href":"https:\/\/www.tatanka.nl\/pl\/wp-json\/wp\/v2\/product\/36417","targetHints":{"allow":["GET"]}}],"collection":[{"href":"https:\/\/www.tatanka.nl\/pl\/wp-json\/wp\/v2\/product"}],"about":[{"href":"https:\/\/www.tatanka.nl\/pl\/wp-json\/wp\/v2\/types\/product"}],"wp:featuredmedia":[{"embeddable":true,"href":"https:\/\/www.tatanka.nl\/pl\/wp-json\/wp\/v2\/media\/36445"}],"wp:attachment":[{"href":"https:\/\/www.tatanka.nl\/pl\/wp-json\/wp\/v2\/media?parent=36417"}],"wp:term":[{"taxonomy":"product_brand","embeddable":true,"href":"https:\/\/www.tatanka.nl\/pl\/wp-json\/wp\/v2\/product_brand?post=36417"},{"taxonomy":"product_cat","embeddable":true,"href":"https:\/\/www.tatanka.nl\/pl\/wp-json\/wp\/v2\/product_cat?post=36417"},{"taxonomy":"product_tag","embeddable":true,"href":"https:\/\/www.tatanka.nl\/pl\/wp-json\/wp\/v2\/product_tag?post=36417"}],"curies":[{"name":"wp","href":"https:\/\/api.w.org\/{rel}","templated":true}]}}