{"id":36418,"date":"2025-01-30T17:36:08","date_gmt":"2025-01-30T16:36:08","guid":{"rendered":"https:\/\/www.tatanka.nl\/?post_type=product&#038;p=36418"},"modified":"2025-05-16T14:42:37","modified_gmt":"2025-05-16T13:42:37","slug":"amnesia-x-buddha-kush","status":"publish","type":"product","link":"https:\/\/www.tatanka.nl\/pl\/amnesia-x-buddha-kush\/","title":{"rendered":"Amnesia x Buddha Kush - Vision Seeds"},"content":{"rendered":"<h2><span data-sheets-value=\"{&quot;1&quot;:2,&quot;2&quot;:&quot;Amnesia x Buddha Kush&quot;}\" data-sheets-userformat=\"{&quot;2&quot;:6723,&quot;3&quot;:{&quot;1&quot;:0},&quot;4&quot;:{&quot;1&quot;:2,&quot;2&quot;:15389148},&quot;9&quot;:0,&quot;12&quot;:0,&quot;14&quot;:{&quot;1&quot;:2,&quot;2&quot;:0},&quot;15&quot;:&quot;Arial&quot;}\">Amnesia x Buddha Kush<\/span> Nasiona konopi od Vision Seeds<\/h2>\n<p>Te nasiona konopi s\u0105 idealnym wyborem dla mi\u0142o\u015bnik\u00f3w haju m\u00f3zgowego, poszukuj\u0105cych pot\u0119\u017cnego kopa. Przy odpowiednim traktowaniu mo\u017cna spodziewa\u0107 si\u0119 ogromnych i g\u0119sto upakowanych p\u0105k\u00f3w pokrytych \u017cywic\u0105 o b\u0142yszcz\u0105cym kolorze. Ta dama wcale nie jest nie\u015bmia\u0142a, wi\u0119c jest silna z du\u017cymi dawkami THC, kt\u00f3re wy\u015bl\u0105 ci\u0119 na ucieczk\u0119 od rzeczywisto\u015bci. Nie daj si\u0119 zniech\u0119ci\u0107 jej dominacji Sativy! Te ma\u0142e ro\u015bliny mog\u0105 urosn\u0105\u0107 du\u017ce, je\u015bli damy im czas na dojrzewanie. Spodziewaj si\u0119 ziemistych aromat\u00f3w, kt\u00f3re zaspokoj\u0105 Twoje kubki smakowe, a jednocze\u015bnie utrzymaj\u0105 si\u0119 jeszcze przez jaki\u015b czas po degustacji.<\/p>\n<p>Nie tylko oferuje powa\u017cn\u0105 moc; spodziewaj si\u0119 ogromnych i g\u0119sto upakowanych p\u0105k\u00f3w pokrytych b\u0142yszcz\u0105cymi gruczo\u0142ami \u017cywicznymi, kt\u00f3re pozostawiaj\u0105 ziemiste i cytrusowe aromaty warte delektowania si\u0119 i utrzymywania si\u0119 na kubkach smakowych przez jaki\u015b czas.<\/p>\n<p>Jej silna genetyka Sativa sprawia, \u017ce ma tendencj\u0119 do wzrostu, wi\u0119c najlepiej by\u0142oby zostawi\u0107 j\u0105 w \u015brodku, dop\u00f3ki nie zakwitnie w pe\u0142ni... \u015awietna krzy\u017c\u00f3wka do wypr\u00f3bowania, je\u015bli szukasz bardziej unikalnych ro\u015blin do uprawy!<\/p>","protected":false},"excerpt":{"rendered":"<p>Ta ro\u015blina konopi jest idealnym wyborem dla mi\u0142o\u015bnik\u00f3w m\u00f3zgowego haju, szukaj\u0105cych mocnego uderzenia. Jak wszyscy wiemy, ta dziewczyna uwielbia pakowa\u0107 ciosy i mo\u017ce by\u0107 do\u015b\u0107 pot\u0119\u017cna, je\u015bli jest odpowiednio traktowana. Najbardziej imponuj\u0105ce jest to, \u017ce przy odpowiedniej piel\u0119gnacji zamieni si\u0119 w niesamowity wzmacniacz nastroju z wysokim poziomem THC. Bardzo \u0142adna hodowla, kt\u00f3r\u0105 pokocha wielu!<\/p>","protected":false},"featured_media":36446,"template":"","meta":[],"product_brand":[],"product_cat":[546,297,549,638],"product_tag":[],"class_list":{"0":"post-36418","1":"product","2":"type-product","3":"status-publish","4":"has-post-thumbnail","6":"product_cat-seedshop","7":"product_cat-all-products","8":"product_cat-feminized-seeds","9":"product_cat-vision-seeds","10":"product_shipping_class-creditcard-on","12":"first","13":"instock","14":"taxable","15":"shipping-taxable","16":"purchasable","17":"product-type-variable","18":"has-default-attributes"},"_links":{"self":[{"href":"https:\/\/www.tatanka.nl\/pl\/wp-json\/wp\/v2\/product\/36418","targetHints":{"allow":["GET"]}}],"collection":[{"href":"https:\/\/www.tatanka.nl\/pl\/wp-json\/wp\/v2\/product"}],"about":[{"href":"https:\/\/www.tatanka.nl\/pl\/wp-json\/wp\/v2\/types\/product"}],"wp:featuredmedia":[{"embeddable":true,"href":"https:\/\/www.tatanka.nl\/pl\/wp-json\/wp\/v2\/media\/36446"}],"wp:attachment":[{"href":"https:\/\/www.tatanka.nl\/pl\/wp-json\/wp\/v2\/media?parent=36418"}],"wp:term":[{"taxonomy":"product_brand","embeddable":true,"href":"https:\/\/www.tatanka.nl\/pl\/wp-json\/wp\/v2\/product_brand?post=36418"},{"taxonomy":"product_cat","embeddable":true,"href":"https:\/\/www.tatanka.nl\/pl\/wp-json\/wp\/v2\/product_cat?post=36418"},{"taxonomy":"product_tag","embeddable":true,"href":"https:\/\/www.tatanka.nl\/pl\/wp-json\/wp\/v2\/product_tag?post=36418"}],"curies":[{"name":"wp","href":"https:\/\/api.w.org\/{rel}","templated":true}]}}