{"id":36419,"date":"2025-01-30T17:36:08","date_gmt":"2025-01-30T16:36:08","guid":{"rendered":"https:\/\/www.tatanka.nl\/?post_type=product&#038;p=36419"},"modified":"2025-05-16T14:42:43","modified_gmt":"2025-05-16T13:42:43","slug":"big-bud","status":"publish","type":"product","link":"https:\/\/www.tatanka.nl\/pl\/big-bud\/","title":{"rendered":"Big Bud - Vision Seeds"},"content":{"rendered":"<h2>Nasiona konopi Big Bud od Vision Seeds<\/h2>\n<p>Big Bud to ci\u0119\u017cka odmiana z dominacj\u0105 Indica, kt\u00f3ra zas\u0142uguje na swoj\u0105 nazw\u0119. Dzi\u0119ki kr\u00f3tkiemu okresowi kwitnienia ta wi\u015bnia jest rozkosz\u0105 dla hodowc\u00f3w. Najlepiej ro\u015bnie w \u0142agodnym i przytulnym klimacie i jest najbardziej popularna w\u015br\u00f3d hodowc\u00f3w komercyjnych ze wzgl\u0119du na wysokie plony.<\/p>\n<p>Big Bud przez trzy lata z rz\u0119du zajmowa\u0142 drugie miejsce w presti\u017cowym konkursie High Times Cannabis Cup - nie\u017ale!<\/p>\n<p>Du\u017ce, dobrze zaokr\u0105glone p\u0105ki sprawiaj\u0105, \u017ce ta ci\u0119\u017cka Indica znana jest z niesamowitych plon\u00f3w. Je\u015bli chcesz zaspokoi\u0107 swoje \u015brednie pragnienia w plenerze, rozwa\u017c upraw\u0119 tej damy o ogromnych plonach. Jest naprawd\u0119 niesamowita!<\/p>","protected":false},"excerpt":{"rendered":"<p>Du\u017ce p\u0105ki to najlepszy rodzaj p\u0105k\u00f3w! Po zaledwie 8-9 tygodniach uprawy mo\u017cesz mie\u0107 ich pot\u0119\u017cn\u0105 genetyk\u0119 w swoim ogrodzie. Nasiona konopi Big Bud s\u0105 przeznaczone dla os\u00f3b, kt\u00f3re chc\u0105 mie\u0107 szalon\u0105, solidn\u0105 ro\u015blin\u0119 do uprawy i wiedz\u0105, co robi\u0105. Nazwa m\u00f3wi sama za siebie!<\/p>","protected":false},"featured_media":36447,"template":"","meta":[],"product_brand":[],"product_cat":[546,297,549,550,638],"product_tag":[],"class_list":{"0":"post-36419","1":"product","2":"type-product","3":"status-publish","4":"has-post-thumbnail","6":"product_cat-seedshop","7":"product_cat-all-products","8":"product_cat-feminized-seeds","9":"product_cat-seedshop-top-10","10":"product_cat-vision-seeds","11":"product_shipping_class-creditcard-on","13":"first","14":"instock","15":"taxable","16":"shipping-taxable","17":"purchasable","18":"product-type-variable","19":"has-default-attributes"},"_links":{"self":[{"href":"https:\/\/www.tatanka.nl\/pl\/wp-json\/wp\/v2\/product\/36419","targetHints":{"allow":["GET"]}}],"collection":[{"href":"https:\/\/www.tatanka.nl\/pl\/wp-json\/wp\/v2\/product"}],"about":[{"href":"https:\/\/www.tatanka.nl\/pl\/wp-json\/wp\/v2\/types\/product"}],"wp:featuredmedia":[{"embeddable":true,"href":"https:\/\/www.tatanka.nl\/pl\/wp-json\/wp\/v2\/media\/36447"}],"wp:attachment":[{"href":"https:\/\/www.tatanka.nl\/pl\/wp-json\/wp\/v2\/media?parent=36419"}],"wp:term":[{"taxonomy":"product_brand","embeddable":true,"href":"https:\/\/www.tatanka.nl\/pl\/wp-json\/wp\/v2\/product_brand?post=36419"},{"taxonomy":"product_cat","embeddable":true,"href":"https:\/\/www.tatanka.nl\/pl\/wp-json\/wp\/v2\/product_cat?post=36419"},{"taxonomy":"product_tag","embeddable":true,"href":"https:\/\/www.tatanka.nl\/pl\/wp-json\/wp\/v2\/product_tag?post=36419"}],"curies":[{"name":"wp","href":"https:\/\/api.w.org\/{rel}","templated":true}]}}