{"id":36421,"date":"2025-01-30T17:36:09","date_gmt":"2025-01-30T16:36:09","guid":{"rendered":"https:\/\/www.tatanka.nl\/?post_type=product&#038;p=36421"},"modified":"2025-05-16T14:40:25","modified_gmt":"2025-05-16T13:40:25","slug":"bona-dea-cbd","status":"publish","type":"product","link":"https:\/\/www.tatanka.nl\/pl\/bona-dea-cbd\/","title":{"rendered":"Bona Dea (CBD+) - Vision Seeds"},"content":{"rendered":"<h2><span data-sheets-value=\"{&quot;1&quot;:2,&quot;2&quot;:&quot;Bona Dea (CBD+)&quot;}\" data-sheets-userformat=\"{&quot;2&quot;:6723,&quot;3&quot;:{&quot;1&quot;:0},&quot;4&quot;:{&quot;1&quot;:2,&quot;2&quot;:14275305},&quot;9&quot;:0,&quot;12&quot;:0,&quot;14&quot;:{&quot;1&quot;:2,&quot;2&quot;:0},&quot;15&quot;:&quot;Arial&quot;}\">Bona Dea (CBD+)<\/span> Nasiona konopi od Vision Seeds<\/h2>\n<p>Bona Dea to niesamowita hybryda Indica, kt\u00f3ra zosta\u0142a zoptymalizowana pod k\u0105tem wysokiego poziomu CBD. Idealna dla tych, kt\u00f3rzy lubi\u0105 medyczn\u0105 marihuan\u0119, ale nie chc\u0105 silnych efekt\u00f3w psychoaktywnych, odmiana ta rozlu\u017ani mi\u0119\u015bnie i pozwoli \u0142atwiej zasn\u0105\u0107 po stresuj\u0105cym dniu w pracy lub szkole. Idealna r\u00f3wnowaga THC i CBD oznacza, \u017ce Bona Dea oferuje optymalne korzy\u015bci dla os\u00f3b szukaj\u0105cych ulgi medycznej bez utraty przestrzeni umys\u0142owej. Czy jest lepszy spos\u00f3b na uspokojenie si\u0119 ni\u017c pyszne zio\u0142o?<\/p>\n<p>Chocia\u017c raz uda\u0142o Ci si\u0119 dotrwa\u0107 do ko\u0144ca dnia pracy, ale masz przed sob\u0105 tak wiele spotka\u0144 i nadal odczuwasz b\u00f3l w nadgarstku. B\u0105d\u017a uziemiony dzi\u0119ki nasionom konopi Bona Dea (CBD+) od Vision Seeds, kt\u00f3re przynios\u0105 spok\u00f3j twoim mi\u0119\u015bniom, zapewniaj\u0105c jednocze\u015bnie niesamowite korzy\u015bci relaksacyjne bez wy\u0142\u0105czania ci\u0119 z pracy. Nale\u017cy pami\u0119ta\u0107, \u017ce nadal zawiera solidne 9% THC!<\/p>","protected":false},"excerpt":{"rendered":"<p>Te niesamowite p\u0105ki konopi indyjskich sprawi\u0105, \u017ce b\u0119dziesz zrelaksowany, wolny od b\u00f3lu i \u015bpi\u0105cy jak dziecko. Pi\u0119kna odmiana, kt\u00f3ra jest idealna dla ka\u017cdego, kto odczuwa zbyt silne dzia\u0142anie odmian o wysokiej zawarto\u015bci THC. B\u0119dziesz mia\u0142 szcz\u0119\u015bcie dzi\u0119ki zr\u00f3wnowa\u017conej zawarto\u015bci THC i CBD w Bona Dea, aby\u015b m\u00f3g\u0142 czerpa\u0107 wszystkie korzy\u015bci lecznicze bez t\u0142umienia my\u015bli lub odczu\u0107 fizycznych. Je\u015bli rozs\u0105dny relaks brzmi dla ciebie dobrze, to Bona Dea jest twoj\u0105 dziewczyn\u0105!<\/p>","protected":false},"featured_media":36449,"template":"","meta":[],"product_brand":[],"product_cat":[546,297,549,550,638],"product_tag":[],"class_list":{"0":"post-36421","1":"product","2":"type-product","3":"status-publish","4":"has-post-thumbnail","6":"product_cat-seedshop","7":"product_cat-all-products","8":"product_cat-feminized-seeds","9":"product_cat-seedshop-top-10","10":"product_cat-vision-seeds","11":"product_shipping_class-creditcard-on","13":"first","14":"instock","15":"taxable","16":"shipping-taxable","17":"purchasable","18":"product-type-variable","19":"has-default-attributes"},"_links":{"self":[{"href":"https:\/\/www.tatanka.nl\/pl\/wp-json\/wp\/v2\/product\/36421","targetHints":{"allow":["GET"]}}],"collection":[{"href":"https:\/\/www.tatanka.nl\/pl\/wp-json\/wp\/v2\/product"}],"about":[{"href":"https:\/\/www.tatanka.nl\/pl\/wp-json\/wp\/v2\/types\/product"}],"wp:featuredmedia":[{"embeddable":true,"href":"https:\/\/www.tatanka.nl\/pl\/wp-json\/wp\/v2\/media\/36449"}],"wp:attachment":[{"href":"https:\/\/www.tatanka.nl\/pl\/wp-json\/wp\/v2\/media?parent=36421"}],"wp:term":[{"taxonomy":"product_brand","embeddable":true,"href":"https:\/\/www.tatanka.nl\/pl\/wp-json\/wp\/v2\/product_brand?post=36421"},{"taxonomy":"product_cat","embeddable":true,"href":"https:\/\/www.tatanka.nl\/pl\/wp-json\/wp\/v2\/product_cat?post=36421"},{"taxonomy":"product_tag","embeddable":true,"href":"https:\/\/www.tatanka.nl\/pl\/wp-json\/wp\/v2\/product_tag?post=36421"}],"curies":[{"name":"wp","href":"https:\/\/api.w.org\/{rel}","templated":true}]}}