{"id":36422,"date":"2025-01-30T17:36:09","date_gmt":"2025-01-30T16:36:09","guid":{"rendered":"https:\/\/www.tatanka.nl\/?post_type=product&#038;p=36422"},"modified":"2025-05-16T14:40:29","modified_gmt":"2025-05-16T13:40:29","slug":"brainkiller-haze","status":"publish","type":"product","link":"https:\/\/www.tatanka.nl\/pl\/brainkiller-haze\/","title":{"rendered":"Brainkiller Haze - Vision Seeds"},"content":{"rendered":"<h2><span data-sheets-value=\"{&quot;1&quot;:2,&quot;2&quot;:&quot;Brainkiller Haze&quot;}\" data-sheets-userformat=\"{&quot;2&quot;:6723,&quot;3&quot;:{&quot;1&quot;:0},&quot;4&quot;:{&quot;1&quot;:2,&quot;2&quot;:14275305},&quot;9&quot;:0,&quot;12&quot;:0,&quot;14&quot;:{&quot;1&quot;:2,&quot;2&quot;:0},&quot;15&quot;:&quot;Arial&quot;}\">Brainkiller Haze<\/span> Nasiona konopi od Vision Seeds<\/h2>\n<p>Wysokiej jako\u015bci nasiona konopi, kt\u00f3re s\u0105 cenione zar\u00f3wno przez pocz\u0105tkuj\u0105cych hodowc\u00f3w, jak i do\u015bwiadczonych profesjonalist\u00f3w, kt\u00f3rzy uprawiaj\u0105 je od lat - Brainkiller Haze Cannabis Seeds, dostarcz\u0105 na wszystkich frontach ogromne plony silnych p\u0105k\u00f3w w mgnieniu oka!<\/p>\n<p>Nasiona konopi Brainkiller Haze od Vision Seeds maj\u0105 rzadki, prawie czysty profil genetyczny haze, a tak\u017ce prawie ca\u0142\u0105 Sativ\u0119. Kwitnie d\u0142u\u017cej ni\u017c wi\u0119kszo\u015b\u0107 ro\u015blin i ro\u015bnie niezwykle wysoka i rozga\u0142\u0119ziona.<\/p>\n<p>Te nasiona marihuany zapewniaj\u0105 niezwykle silne, podnosz\u0105ce na duchu i radosne hajowanie dla tych, kt\u00f3rzy najbardziej tego potrzebuj\u0105. Jednym z ostrze\u017ce\u0144 powinno by\u0107 \"nie nadaje si\u0119 do pracy\", poniewa\u017c ta euforyczna, a nawet psychodeliczna odmiana marihuany namiesza ci w g\u0142owie, gdy tylko j\u0105 zapalisz!<\/p>","protected":false},"excerpt":{"rendered":"<p>Od razu poczujesz podnosz\u0105cy na duchu, szybuj\u0105cy haj. Wiele os\u00f3b nazywa j\u0105 swoj\u0105 ulubion\u0105, poniewa\u017c jest tak pot\u0119\u017cna i pyszna! Odurzaj\u0105cy haj \u015bwietnie nadaje si\u0119 do kreatywno\u015bci, inspiracji, tworzenia sztuki lub po prostu relaksu przy muzyce w leniwe popo\u0142udnie. Pami\u0119taj tylko, \u017ce ta kobieta nie \u017cartuje! W og\u00f3le!<\/p>\n<p>&nbsp;<\/p>","protected":false},"featured_media":36450,"template":"","meta":[],"product_brand":[],"product_cat":[546,297,549,638],"product_tag":[],"class_list":{"0":"post-36422","1":"product","2":"type-product","3":"status-publish","4":"has-post-thumbnail","6":"product_cat-seedshop","7":"product_cat-all-products","8":"product_cat-feminized-seeds","9":"product_cat-vision-seeds","10":"product_shipping_class-creditcard-on","12":"first","13":"instock","14":"taxable","15":"shipping-taxable","16":"purchasable","17":"product-type-variable","18":"has-default-attributes"},"_links":{"self":[{"href":"https:\/\/www.tatanka.nl\/pl\/wp-json\/wp\/v2\/product\/36422","targetHints":{"allow":["GET"]}}],"collection":[{"href":"https:\/\/www.tatanka.nl\/pl\/wp-json\/wp\/v2\/product"}],"about":[{"href":"https:\/\/www.tatanka.nl\/pl\/wp-json\/wp\/v2\/types\/product"}],"wp:featuredmedia":[{"embeddable":true,"href":"https:\/\/www.tatanka.nl\/pl\/wp-json\/wp\/v2\/media\/36450"}],"wp:attachment":[{"href":"https:\/\/www.tatanka.nl\/pl\/wp-json\/wp\/v2\/media?parent=36422"}],"wp:term":[{"taxonomy":"product_brand","embeddable":true,"href":"https:\/\/www.tatanka.nl\/pl\/wp-json\/wp\/v2\/product_brand?post=36422"},{"taxonomy":"product_cat","embeddable":true,"href":"https:\/\/www.tatanka.nl\/pl\/wp-json\/wp\/v2\/product_cat?post=36422"},{"taxonomy":"product_tag","embeddable":true,"href":"https:\/\/www.tatanka.nl\/pl\/wp-json\/wp\/v2\/product_tag?post=36422"}],"curies":[{"name":"wp","href":"https:\/\/api.w.org\/{rel}","templated":true}]}}