{"id":36424,"date":"2025-01-30T17:36:09","date_gmt":"2025-01-30T16:36:09","guid":{"rendered":"https:\/\/www.tatanka.nl\/?post_type=product&#038;p=36424"},"modified":"2025-05-16T14:40:37","modified_gmt":"2025-05-16T13:40:37","slug":"cheese","status":"publish","type":"product","link":"https:\/\/www.tatanka.nl\/pl\/cheese\/","title":{"rendered":"Cheese - Vision Seeds"},"content":{"rendered":"<h2>Nasiona konopi Cheese od Vision Seeds<\/h2>\n<p>Nasiona konopi Cheese od Vision Seeds pokocha ka\u017cdy zagorza\u0142y fan marihuany, kt\u00f3ry rozkwita, gdy pi\u017cmowy aromat unosi si\u0119 w pomieszczeniu! Genetyka tych stosunkowo silnych ro\u015blin Cheese jest do\u015b\u0107 \u015bcis\u0142a i intensywna, wi\u0119c mo\u017cesz spodziewa\u0107 si\u0119 wspania\u0142ego, silnego aromatu konopi z nutami skunka. Po paleniu uzyskasz przyzwoite upalenie ciala i przyjemna euforie.<\/p>\n<p>Ro\u015blina ta z pewno\u015bci\u0105 zachwyci wszystkich mi\u0142o\u015bnik\u00f3w sera, kt\u00f3rzy szukaj\u0105 przyjemnych dozna\u0144 emocjonalnych, fizycznych i umys\u0142owych. Vision Seeds Cheese zahipnotyzuje Ci\u0119 swoim funky aromatem pi\u017cma skunk kush. Odmiana ta oferuje niesamowite upalenie cia\u0142a po\u0142\u0105czone z przyjemn\u0105 eufori\u0105.<\/p>","protected":false},"excerpt":{"rendered":"<p>Odmiana konopi Cheese znana jest ze swojego pi\u017cmowego zapachu. Stworzona dla tych, kt\u00f3rzy kochaj\u0105 wszystko, co serowe, ro\u015blina ta gwarantuje zadowolenie na wiele sposob\u00f3w dzi\u0119ki silnemu wp\u0142ywowi skunka i kush. To niesamowicie dobra odmiana dla prawdziwego mi\u0142o\u015bnika konopi!<\/p>","protected":false},"featured_media":36452,"template":"","meta":[],"product_brand":[],"product_cat":[546,297,549,638],"product_tag":[],"class_list":{"0":"post-36424","1":"product","2":"type-product","3":"status-publish","4":"has-post-thumbnail","6":"product_cat-seedshop","7":"product_cat-all-products","8":"product_cat-feminized-seeds","9":"product_cat-vision-seeds","10":"product_shipping_class-creditcard-on","12":"first","13":"instock","14":"taxable","15":"shipping-taxable","16":"purchasable","17":"product-type-variable","18":"has-default-attributes"},"_links":{"self":[{"href":"https:\/\/www.tatanka.nl\/pl\/wp-json\/wp\/v2\/product\/36424","targetHints":{"allow":["GET"]}}],"collection":[{"href":"https:\/\/www.tatanka.nl\/pl\/wp-json\/wp\/v2\/product"}],"about":[{"href":"https:\/\/www.tatanka.nl\/pl\/wp-json\/wp\/v2\/types\/product"}],"wp:featuredmedia":[{"embeddable":true,"href":"https:\/\/www.tatanka.nl\/pl\/wp-json\/wp\/v2\/media\/36452"}],"wp:attachment":[{"href":"https:\/\/www.tatanka.nl\/pl\/wp-json\/wp\/v2\/media?parent=36424"}],"wp:term":[{"taxonomy":"product_brand","embeddable":true,"href":"https:\/\/www.tatanka.nl\/pl\/wp-json\/wp\/v2\/product_brand?post=36424"},{"taxonomy":"product_cat","embeddable":true,"href":"https:\/\/www.tatanka.nl\/pl\/wp-json\/wp\/v2\/product_cat?post=36424"},{"taxonomy":"product_tag","embeddable":true,"href":"https:\/\/www.tatanka.nl\/pl\/wp-json\/wp\/v2\/product_tag?post=36424"}],"curies":[{"name":"wp","href":"https:\/\/api.w.org\/{rel}","templated":true}]}}