{"id":36425,"date":"2025-01-30T17:36:09","date_gmt":"2025-01-30T16:36:09","guid":{"rendered":"https:\/\/www.tatanka.nl\/?post_type=product&#038;p=36425"},"modified":"2025-05-16T14:40:46","modified_gmt":"2025-05-16T13:40:46","slug":"choco-bud","status":"publish","type":"product","link":"https:\/\/www.tatanka.nl\/pl\/choco-bud\/","title":{"rendered":"Choco Bud - Vision Seeds"},"content":{"rendered":"<h2>Nasiona konopi Choco Bud od Vision Seeds<\/h2>\n<p>Dzi\u0119ki wy\u017cszemu poziomowi CBD, odmiana konopi Choco Bud jest skuteczna w \u0142agodzeniu wielu dolegliwo\u015bci cielesnych. Przy plonach 160-180 g\/m2, ta pi\u0119kno\u015b\u0107 z pewno\u015bci\u0105 sprawi, \u017ce zakochasz si\u0119 w sposobie, w jaki ro\u015bnie! G\u0142\u00f3wnym celem ka\u017cdego, kto kiedykolwiek j\u0105 uprawia\u0142, jest bez w\u0105tpienia to, jak niesamowicie smakuje. Po wysuszeniu i utwardzeniu przed spo\u017cyciem mo\u017cna spodziewa\u0107 si\u0119 czekoladowo-karmelowego smaku w ka\u017cdym zaci\u0105gni\u0119ciu si\u0119 tym zio\u0142em.<\/p>\n<p>Z cechami przypominaj\u0105cymi Sour Diesel, kt\u00f3ry jest zabawny i m\u00f3zgowy, Purple Kush, kt\u00f3ry zapewnia brz\u0119czenie cia\u0142a, kt\u00f3re sprawia, \u017ce czujesz si\u0119 szcz\u0119\u015bliwy w \u015brodku, do innych ci\u0119\u017ckich odmian, takich jak Strawberry Moonshine lub Tahoe OG Kush, aby zapewni\u0107 stale rosn\u0105cy p\u0119d g\u0142owy, kt\u00f3ry pozostawia umys\u0142 czysty jak mo\u017ce by\u0107. Doskona\u0142y wyb\u00f3r.<\/p>","protected":false},"excerpt":{"rendered":"<p>S\u0105 naprawd\u0119 dobre! Wyhodowana dla \u017c\u0105dnych przyg\u00f3d palaczy, kt\u00f3rzy szukaj\u0105 odrobiny wszechstronno\u015bci w swoim haju, ta dziewczyna b\u0119dzie w sam raz. S\u0142odka dla zmys\u0142\u00f3w! Ta kr\u00f3lewska dama kwiat\u00f3w konopi zapewnia ekscytuj\u0105cy, lekki smak czekolady i karmelu z owocowym wyko\u0144czeniem. Puszysta i rozga\u0142\u0119ziona dziewczyna, Choco Bud od Vision Seeds zosta\u0142a opisana przez wielu jako wyj\u0105tkowa i niesamowita!<\/p>","protected":false},"featured_media":36453,"template":"","meta":[],"product_brand":[],"product_cat":[546,297,549,550,638],"product_tag":[],"class_list":{"0":"post-36425","1":"product","2":"type-product","3":"status-publish","4":"has-post-thumbnail","6":"product_cat-seedshop","7":"product_cat-all-products","8":"product_cat-feminized-seeds","9":"product_cat-seedshop-top-10","10":"product_cat-vision-seeds","11":"product_shipping_class-creditcard-on","13":"first","14":"instock","15":"taxable","16":"shipping-taxable","17":"purchasable","18":"product-type-variable","19":"has-default-attributes"},"_links":{"self":[{"href":"https:\/\/www.tatanka.nl\/pl\/wp-json\/wp\/v2\/product\/36425","targetHints":{"allow":["GET"]}}],"collection":[{"href":"https:\/\/www.tatanka.nl\/pl\/wp-json\/wp\/v2\/product"}],"about":[{"href":"https:\/\/www.tatanka.nl\/pl\/wp-json\/wp\/v2\/types\/product"}],"wp:featuredmedia":[{"embeddable":true,"href":"https:\/\/www.tatanka.nl\/pl\/wp-json\/wp\/v2\/media\/36453"}],"wp:attachment":[{"href":"https:\/\/www.tatanka.nl\/pl\/wp-json\/wp\/v2\/media?parent=36425"}],"wp:term":[{"taxonomy":"product_brand","embeddable":true,"href":"https:\/\/www.tatanka.nl\/pl\/wp-json\/wp\/v2\/product_brand?post=36425"},{"taxonomy":"product_cat","embeddable":true,"href":"https:\/\/www.tatanka.nl\/pl\/wp-json\/wp\/v2\/product_cat?post=36425"},{"taxonomy":"product_tag","embeddable":true,"href":"https:\/\/www.tatanka.nl\/pl\/wp-json\/wp\/v2\/product_tag?post=36425"}],"curies":[{"name":"wp","href":"https:\/\/api.w.org\/{rel}","templated":true}]}}