{"id":36426,"date":"2025-01-30T17:36:09","date_gmt":"2025-01-30T16:36:09","guid":{"rendered":"https:\/\/www.tatanka.nl\/?post_type=product&#038;p=36426"},"modified":"2025-05-16T14:40:54","modified_gmt":"2025-05-16T13:40:54","slug":"critical-impact","status":"publish","type":"product","link":"https:\/\/www.tatanka.nl\/pl\/critical-impact\/","title":{"rendered":"Critical Impact - Vision Seeds"},"content":{"rendered":"<h2>Nasiona konopi Critical Impact od Vision Seeds<\/h2>\n<p>Nic nie sprawi, \u017ce b\u0119dziesz lepszym i bardziej skutecznym hodowc\u0105 konopi ni\u017c Critical Impact. Jak ka\u017cda dobra hybryda Skunk\/Kush, jest to odpowiednia ro\u015blina dla tych, kt\u00f3rzy chc\u0105 zmaksymalizowa\u0107 swoje zbiory i cieszy\u0107 si\u0119 jednymi z najlepszych jako\u015bciowo dym\u00f3w na tej planecie. B\u0119dziesz zachwycony jej obfitymi plonami, poniewa\u017c cieszy si\u0119 ona niewiarygodnym tempem wzrostu, kt\u00f3ry staje si\u0119 silniejszy wraz z rozpocz\u0119ciem kwitnienia - i jest ca\u0142kowicie naturalny!<\/p>\n<p>Upewnij si\u0119, \u017ce Twoja uprawa poradzi sobie z t\u0105 z\u0142\u0105 dziewczyn\u0105, poniewa\u017c jest ostra i \u015bmierdz\u0105ca jak \u017cadna inna! Idealny wyb\u00f3r dla do\u015bwiadczonych hodowc\u00f3w lub tych, kt\u00f3rzy chc\u0105 \"urosn\u0105\u0107 lub wr\u00f3ci\u0107 do domu\"!<\/p>","protected":false},"excerpt":{"rendered":"<p>Nasiona konopi Critical Impact to pozycja obowi\u0105zkowa dla tych z was, kt\u00f3rzy kochaj\u0105 ogromne zbiory wysokiej jako\u015bci marihuany. Z 600 gramami lub wi\u0119cej na metr kwadratowy w uprawie indoor, jest to jedna z najszybszych i najlepiej produkuj\u0105cych odmian na rynku - zar\u00f3wno indoor, jak i outdoor! \u015awietnie te\u017c pachnie, wi\u0119c pokochaj j\u0105, a zostaniesz sowicie wynagrodzony!<\/p>","protected":false},"featured_media":36454,"template":"","meta":[],"product_brand":[],"product_cat":[546,297,549,638],"product_tag":[],"class_list":{"0":"post-36426","1":"product","2":"type-product","3":"status-publish","4":"has-post-thumbnail","6":"product_cat-seedshop","7":"product_cat-all-products","8":"product_cat-feminized-seeds","9":"product_cat-vision-seeds","10":"product_shipping_class-creditcard-on","12":"first","13":"instock","14":"taxable","15":"shipping-taxable","16":"purchasable","17":"product-type-variable","18":"has-default-attributes"},"_links":{"self":[{"href":"https:\/\/www.tatanka.nl\/pl\/wp-json\/wp\/v2\/product\/36426","targetHints":{"allow":["GET"]}}],"collection":[{"href":"https:\/\/www.tatanka.nl\/pl\/wp-json\/wp\/v2\/product"}],"about":[{"href":"https:\/\/www.tatanka.nl\/pl\/wp-json\/wp\/v2\/types\/product"}],"wp:featuredmedia":[{"embeddable":true,"href":"https:\/\/www.tatanka.nl\/pl\/wp-json\/wp\/v2\/media\/36454"}],"wp:attachment":[{"href":"https:\/\/www.tatanka.nl\/pl\/wp-json\/wp\/v2\/media?parent=36426"}],"wp:term":[{"taxonomy":"product_brand","embeddable":true,"href":"https:\/\/www.tatanka.nl\/pl\/wp-json\/wp\/v2\/product_brand?post=36426"},{"taxonomy":"product_cat","embeddable":true,"href":"https:\/\/www.tatanka.nl\/pl\/wp-json\/wp\/v2\/product_cat?post=36426"},{"taxonomy":"product_tag","embeddable":true,"href":"https:\/\/www.tatanka.nl\/pl\/wp-json\/wp\/v2\/product_tag?post=36426"}],"curies":[{"name":"wp","href":"https:\/\/api.w.org\/{rel}","templated":true}]}}