{"id":36456,"date":"2025-01-30T17:36:27","date_gmt":"2025-01-30T16:36:27","guid":{"rendered":"https:\/\/www.tatanka.nl\/?post_type=product&#038;p=36456"},"modified":"2025-05-16T14:39:08","modified_gmt":"2025-05-16T13:39:08","slug":"dark-star-x-ak-49","status":"publish","type":"product","link":"https:\/\/www.tatanka.nl\/pl\/dark-star-x-ak-49\/","title":{"rendered":"Dark Star x AK-49 - Vision Seeds"},"content":{"rendered":"<h2><span data-sheets-value=\"{&quot;1&quot;:2,&quot;2&quot;:&quot;Dark Star x AK-49&quot;}\" data-sheets-userformat=\"{&quot;2&quot;:6723,&quot;3&quot;:{&quot;1&quot;:0},&quot;4&quot;:{&quot;1&quot;:2,&quot;2&quot;:14275305},&quot;9&quot;:0,&quot;12&quot;:0,&quot;14&quot;:{&quot;1&quot;:2,&quot;2&quot;:0},&quot;15&quot;:&quot;Arial&quot;}\">Dark Star x AK-49 <\/span>Nasiona konopi od Vision Seeds<\/h2>\n<p>AK-49 x Dark Star to po\u0142\u0105czenie absolutnych legend i mam przyjemno\u015b\u0107 przedstawi\u0107 ci t\u0119 wielokrotnie nagradzan\u0105 odmian\u0119. Odmiana ta ma jedno z najciekawszych drzew genealogicznych na naszej li\u015bcie nasion konopi, wi\u0119c je\u015bli szukasz ekscytuj\u0105cej genetyki, jest ona dla Ciebie.<\/p>\n<p>W idealnych warunkach - co oznacza do\u015bwiadczonego hodowc\u0119, kt\u00f3ry dba o swoje ro\u015bliny - Dark Star x AK-49 mo\u017ce dostarczy\u0107 blisko 1 kg g\u0119stych p\u0105k\u00f3w! Smak zapewnia przyjemn\u0105 r\u00f3wnowag\u0119 mi\u0119dzy ziemistymi, pikantnymi smakami a s\u0142odkimi, kt\u00f3re \u0142adnie si\u0119 ze sob\u0105 \u0142\u0105cz\u0105. Super ro\u015blina dla super hodowc\u00f3w!<\/p>","protected":false},"excerpt":{"rendered":"<p>Dark Star x AK-49 to zr\u00f3wnowa\u017cona odmiana hybrydowa, kt\u00f3ra z pewno\u015bci\u0105 zachwyci Ci\u0119 swoim smakiem. Tone \u0142\u0105czy w sobie dominuj\u0105ce smaki ziemisto\u015bci, przypraw i s\u0142odkich aromat\u00f3w, zapewniaj\u0105c niesamowite doznania za ka\u017cdym razem. Przy odpowiedniej piel\u0119gnacji outdoor, mo\u017cesz spodziewa\u0107 si\u0119 niesamowitej ilo\u015bci g\u0119stych p\u0105k\u00f3w. Z t\u0105 ro\u015blin\u0105 nie ma \u017cart\u00f3w!<\/p>","protected":false},"featured_media":36486,"template":"","meta":[],"product_brand":[],"product_cat":[546,297,549,548,638],"product_tag":[],"class_list":{"0":"post-36456","1":"product","2":"type-product","3":"status-publish","4":"has-post-thumbnail","6":"product_cat-seedshop","7":"product_cat-all-products","8":"product_cat-feminized-seeds","9":"product_cat-high-thc-seeds","10":"product_cat-vision-seeds","11":"product_shipping_class-creditcard-on","13":"first","14":"instock","15":"taxable","16":"shipping-taxable","17":"purchasable","18":"product-type-variable","19":"has-default-attributes"},"_links":{"self":[{"href":"https:\/\/www.tatanka.nl\/pl\/wp-json\/wp\/v2\/product\/36456","targetHints":{"allow":["GET"]}}],"collection":[{"href":"https:\/\/www.tatanka.nl\/pl\/wp-json\/wp\/v2\/product"}],"about":[{"href":"https:\/\/www.tatanka.nl\/pl\/wp-json\/wp\/v2\/types\/product"}],"wp:featuredmedia":[{"embeddable":true,"href":"https:\/\/www.tatanka.nl\/pl\/wp-json\/wp\/v2\/media\/36486"}],"wp:attachment":[{"href":"https:\/\/www.tatanka.nl\/pl\/wp-json\/wp\/v2\/media?parent=36456"}],"wp:term":[{"taxonomy":"product_brand","embeddable":true,"href":"https:\/\/www.tatanka.nl\/pl\/wp-json\/wp\/v2\/product_brand?post=36456"},{"taxonomy":"product_cat","embeddable":true,"href":"https:\/\/www.tatanka.nl\/pl\/wp-json\/wp\/v2\/product_cat?post=36456"},{"taxonomy":"product_tag","embeddable":true,"href":"https:\/\/www.tatanka.nl\/pl\/wp-json\/wp\/v2\/product_tag?post=36456"}],"curies":[{"name":"wp","href":"https:\/\/api.w.org\/{rel}","templated":true}]}}