{"id":36460,"date":"2025-01-30T17:36:27","date_gmt":"2025-01-30T16:36:27","guid":{"rendered":"https:\/\/www.tatanka.nl\/?post_type=product&#038;p=36460"},"modified":"2025-05-16T14:40:20","modified_gmt":"2025-05-16T13:40:20","slug":"la-blanca-gold","status":"publish","type":"product","link":"https:\/\/www.tatanka.nl\/pl\/la-blanca-gold\/","title":{"rendered":"La Blanca Gold - Vision Seeds"},"content":{"rendered":"<h2><span data-sheets-value=\"{&quot;1&quot;:2,&quot;2&quot;:&quot;AK-49&quot;}\" data-sheets-userformat=\"{&quot;2&quot;:14915,&quot;3&quot;:{&quot;1&quot;:0},&quot;4&quot;:{&quot;1&quot;:2,&quot;2&quot;:16773836},&quot;9&quot;:0,&quot;12&quot;:0,&quot;14&quot;:{&quot;1&quot;:2,&quot;2&quot;:0},&quot;15&quot;:&quot;docs-Calibri&quot;,&quot;16&quot;:12}\">La Blanca Gold<\/span>\u00a0Nasiona konopi od Vision Seeds<\/h2>\n<p>Vision Seeds La Blanca Gold to wredna kr\u00f3lowa wszystkiego, co lepkie, kt\u00f3ra charakteryzuje si\u0119 wysokim poziomem produkcji \u017cywicy i oferuje bardzo wysok\u0105 zawarto\u015b\u0107 CBD, dzi\u0119ki czemu nadal nadaje si\u0119 do niekt\u00f3rych potrzeb medycznych. Ta dama uwielbia rosn\u0105\u0107 z plonami poni\u017cej \u015bredniej pokrytymi kryszta\u0142kami. Je\u015bli szukasz bardziej dynamicznych wra\u017ce\u0144 z palenia z przyjemn\u0105 r\u00f3wnowag\u0105 CBD \/ THC, ta dama mo\u017ce by\u0107 twoj\u0105 now\u0105 najlepsz\u0105 przyjaci\u00f3\u0142k\u0105.<\/p>\n<p>La Blanca Gold to p\u0105czek o wyra\u017anym, kwiatowo-ziemistym zapachu i smaku. Efekty s\u0105 dobrze zbalansowane, wywo\u0142uj\u0105c uczucie uniesienia i energii, ale nie s\u0105 zbyt przyt\u0142aczaj\u0105ce. Zawarto\u015b\u0107 THC w tej odmianie sprawi, \u017ce bez problemu za\u015bniesz; 2 godziny po spo\u017cyciu b\u0119dziesz \u015bni\u0107 o tym, jak pi\u0119kne mo\u017ce by\u0107 \u017cycie nawet w trudnych czasach.<\/p>","protected":false},"excerpt":{"rendered":"<p>La Blanca Gold to interesuj\u0105ca nowa hybrydowa odmiana konopi, kt\u00f3ra odzwierciedla \u015bwiat niesamowitej genetyki odmian konopi Vision Seeds. Idealna mieszanka THC i CBD dla niekt\u00f3rych wielkich potrzeb leczniczych, a jednocze\u015bnie przyjemna w uprawie i daj\u0105ca s\u0142odkie plony! Koniecznie wypr\u00f3buj!<\/p>","protected":false},"featured_media":36489,"template":"","meta":[],"product_brand":[],"product_cat":[546,297,549,638],"product_tag":[],"class_list":{"0":"post-36460","1":"product","2":"type-product","3":"status-publish","4":"has-post-thumbnail","6":"product_cat-seedshop","7":"product_cat-all-products","8":"product_cat-feminized-seeds","9":"product_cat-vision-seeds","10":"product_shipping_class-creditcard-on","12":"first","13":"instock","14":"taxable","15":"shipping-taxable","16":"purchasable","17":"product-type-variable","18":"has-default-attributes"},"_links":{"self":[{"href":"https:\/\/www.tatanka.nl\/pl\/wp-json\/wp\/v2\/product\/36460","targetHints":{"allow":["GET"]}}],"collection":[{"href":"https:\/\/www.tatanka.nl\/pl\/wp-json\/wp\/v2\/product"}],"about":[{"href":"https:\/\/www.tatanka.nl\/pl\/wp-json\/wp\/v2\/types\/product"}],"wp:featuredmedia":[{"embeddable":true,"href":"https:\/\/www.tatanka.nl\/pl\/wp-json\/wp\/v2\/media\/36489"}],"wp:attachment":[{"href":"https:\/\/www.tatanka.nl\/pl\/wp-json\/wp\/v2\/media?parent=36460"}],"wp:term":[{"taxonomy":"product_brand","embeddable":true,"href":"https:\/\/www.tatanka.nl\/pl\/wp-json\/wp\/v2\/product_brand?post=36460"},{"taxonomy":"product_cat","embeddable":true,"href":"https:\/\/www.tatanka.nl\/pl\/wp-json\/wp\/v2\/product_cat?post=36460"},{"taxonomy":"product_tag","embeddable":true,"href":"https:\/\/www.tatanka.nl\/pl\/wp-json\/wp\/v2\/product_tag?post=36460"}],"curies":[{"name":"wp","href":"https:\/\/api.w.org\/{rel}","templated":true}]}}