{"id":36461,"date":"2025-01-30T17:36:28","date_gmt":"2025-01-30T16:36:28","guid":{"rendered":"https:\/\/www.tatanka.nl\/?post_type=product&#038;p=36461"},"modified":"2025-05-16T14:38:34","modified_gmt":"2025-05-16T13:38:34","slug":"medical-49-cbd","status":"publish","type":"product","link":"https:\/\/www.tatanka.nl\/pl\/medical-49-cbd\/","title":{"rendered":"Medical 49 (CBD+) - Vision Seeds"},"content":{"rendered":"<h2><span data-sheets-value=\"{&quot;1&quot;:2,&quot;2&quot;:&quot;Medical 49 (CBD+)&quot;}\" data-sheets-userformat=\"{&quot;2&quot;:6723,&quot;3&quot;:{&quot;1&quot;:0},&quot;4&quot;:{&quot;1&quot;:2,&quot;2&quot;:16043212},&quot;9&quot;:0,&quot;12&quot;:0,&quot;14&quot;:{&quot;1&quot;:2,&quot;2&quot;:0},&quot;15&quot;:&quot;Arial&quot;}\">Medical 49 (CBD+) <\/span>Nasiona konopi od Vision Seeds<\/h2>\n<p>Medical 49 CBD+ jest przeznaczona dla pacjent\u00f3w poszukuj\u0105cych doskona\u0142ej odmiany marihuany leczniczej, kt\u00f3ra mo\u017ce pom\u00f3c w dolegliwo\u015bciach fizycznych i psychicznych. Ma nisk\u0105 zawarto\u015b\u0107 THC, ale wysok\u0105 zawarto\u015b\u0107 CBD, co czyni j\u0105 idealn\u0105 dla os\u00f3b szukaj\u0105cych ulgi w l\u0119ku lub stresie.<\/p>\n<p>Od momentu pojawienia si\u0119 na rynku, odmiana ta sta\u0142a si\u0119 ulubie\u0144cem wielu os\u00f3b. Odmiany konopi Medical 49 CBD+ maj\u0105 tendencj\u0119 do \u0142agodzenia objaw\u00f3w i pomagaj\u0105 ludziom czu\u0107 si\u0119 mniej niespokojnymi lub zestresowanymi; ale to nie wszystko, co robi\u0105 te ma\u0142e pi\u0119kno\u015bci! Istnieje kilka ca\u0142kiem fajnych korzy\u015bci medycznych zwi\u0105zanych z tymi odmianami - na przyk\u0142ad w przypadku nudno\u015bci!<\/p>\n<p>Je\u015bli szukasz ulgi w b\u00f3lu cia\u0142a (szczeg\u00f3lnie w b\u00f3lach g\u0142owy), zalecamy jej za\u017cycie. Ta niesamowita ro\u015blina zosta\u0142a selektywnie wyhodowana, aby zapewni\u0107 wszystkie rzeczy<\/p>","protected":false},"excerpt":{"rendered":"<p>Vision Seeds Medical 49 CBD+ - jedna z najlepszych odmian konopi dla ka\u017cdego, kto chce z\u0142agodzi\u0107 niepok\u00f3j i stres. Niska zawarto\u015b\u0107 THC, wysoka CBD. \u015awietna dla os\u00f3b, kt\u00f3re potrzebuj\u0105 ulgi w nudno\u015bciach, a nawet b\u00f3lu. Je\u015bli uwa\u017casz, \u017ce marihuana mo\u017ce by\u0107 dla Ciebie doskona\u0142ym wsparciem, to jest to odmiana, kt\u00f3r\u0105 powiniene\u015b uprawia\u0107. Nazwa m\u00f3wi wszystko, prawda?<\/p>","protected":false},"featured_media":36490,"template":"","meta":[],"product_brand":[],"product_cat":[546,297,551,549,550,638],"product_tag":[],"class_list":{"0":"post-36461","1":"product","2":"type-product","3":"status-publish","4":"has-post-thumbnail","6":"product_cat-seedshop","7":"product_cat-all-products","8":"product_cat-cbd-seeds","9":"product_cat-feminized-seeds","10":"product_cat-seedshop-top-10","11":"product_cat-vision-seeds","12":"product_shipping_class-creditcard-on","14":"first","15":"instock","16":"taxable","17":"shipping-taxable","18":"purchasable","19":"product-type-variable","20":"has-default-attributes"},"_links":{"self":[{"href":"https:\/\/www.tatanka.nl\/pl\/wp-json\/wp\/v2\/product\/36461","targetHints":{"allow":["GET"]}}],"collection":[{"href":"https:\/\/www.tatanka.nl\/pl\/wp-json\/wp\/v2\/product"}],"about":[{"href":"https:\/\/www.tatanka.nl\/pl\/wp-json\/wp\/v2\/types\/product"}],"wp:featuredmedia":[{"embeddable":true,"href":"https:\/\/www.tatanka.nl\/pl\/wp-json\/wp\/v2\/media\/36490"}],"wp:attachment":[{"href":"https:\/\/www.tatanka.nl\/pl\/wp-json\/wp\/v2\/media?parent=36461"}],"wp:term":[{"taxonomy":"product_brand","embeddable":true,"href":"https:\/\/www.tatanka.nl\/pl\/wp-json\/wp\/v2\/product_brand?post=36461"},{"taxonomy":"product_cat","embeddable":true,"href":"https:\/\/www.tatanka.nl\/pl\/wp-json\/wp\/v2\/product_cat?post=36461"},{"taxonomy":"product_tag","embeddable":true,"href":"https:\/\/www.tatanka.nl\/pl\/wp-json\/wp\/v2\/product_tag?post=36461"}],"curies":[{"name":"wp","href":"https:\/\/api.w.org\/{rel}","templated":true}]}}