{"id":36465,"date":"2025-01-30T17:36:28","date_gmt":"2025-01-30T16:36:28","guid":{"rendered":"https:\/\/www.tatanka.nl\/?post_type=product&#038;p=36465"},"modified":"2025-05-16T14:38:49","modified_gmt":"2025-05-16T13:38:49","slug":"ny-diesel","status":"publish","type":"product","link":"https:\/\/www.tatanka.nl\/pl\/ny-diesel\/","title":{"rendered":"NY Diesel - Vision Seeds"},"content":{"rendered":"<h2><span data-sheets-value=\"{&quot;1&quot;:2,&quot;2&quot;:&quot;NY Diesel&quot;}\" data-sheets-userformat=\"{&quot;2&quot;:6723,&quot;3&quot;:{&quot;1&quot;:0},&quot;4&quot;:{&quot;1&quot;:2,&quot;2&quot;:14281427},&quot;9&quot;:0,&quot;12&quot;:0,&quot;14&quot;:{&quot;1&quot;:2,&quot;2&quot;:0},&quot;15&quot;:&quot;Arial&quot;}\">NY Diesel <\/span>Nasiona konopi od Vision Seeds<\/h2>\n<p>NY Diesel to nowa i ulepszona odmiana, kt\u00f3r\u0105 mo\u017cna cieszy\u0107 si\u0119 o ka\u017cdej porze dnia, ale uwaga! Bior\u0105c najlepsze cz\u0119\u015bci zar\u00f3wno Indica, jak i Sativa, Vision Seeds NY Diesel przyniesie ze sob\u0105 ca\u0142\u0105 dobro\u0107 tej wspania\u0142ej ro\u015bliny. Hybryda (50\/50) zapewnia jeszcze bardziej zr\u00f3wnowa\u017cone doznania, co jest idealne dla tych, kt\u00f3rzy \u017cyj\u0105 w ci\u0105g\u0142ym biegu w tych zabieganych dniach.<\/p>\n<p>Ta genialna kr\u00f3lowa z Nowego Jorku zosta\u0142a wyhodowana poprzez zr\u00f3wnowa\u017cenie dw\u00f3ch r\u00f3\u017cnych szczep\u00f3w, aby nie wykazywa\u0107 \u017cadnych ogranicze\u0144: otrzymujesz tylko najlepszej jako\u015bci p\u0105ki i niesamowity dym - to b\u0119dzie mi\u0142o\u015b\u0107 od pierwszego zaci\u0105gni\u0119cia! Zaufaj nam: To nie s\u0105 zwyk\u0142e gar\u015bci kryszta\u0142k\u00f3w, kt\u00f3re wygl\u0105daj\u0105 \u0142adniej ni\u017c pachn\u0105.<\/p>\n<p>Ta odmiana to niesamowita hybryda, kt\u00f3ra zapewni ci mn\u00f3stwo wysokiej jako\u015bci dymu. Zosta\u0142 wyhodowany z klasycznych wibracji diesla i owocowych zaci\u0105gni\u0119\u0107, aby stworzy\u0107 idealn\u0105 odmian\u0119 dla ka\u017cdego do\u015bwiadczonego konesera marihuany.<\/p>","protected":false},"excerpt":{"rendered":"<p>NY Diesel to dobrze zbalansowana hybryda (50\/50) z interesuj\u0105c\u0105 genetyk\u0105. Profil smakowy b\u0119dzie zawiera\u0142 ci\u0119\u017ckie s\u0142odko-kwa\u015bne i owocowe tony, z dodatkiem odrobiny oleju nap\u0119dowego. NY Diesel to ro\u015blina z wyboru, je\u015bli chcesz uzyska\u0107 zar\u00f3wno efekt Indica, jak i Sativa!<\/p>","protected":false},"featured_media":36494,"template":"","meta":[],"product_brand":[],"product_cat":[546,297,549,638],"product_tag":[],"class_list":{"0":"post-36465","1":"product","2":"type-product","3":"status-publish","4":"has-post-thumbnail","6":"product_cat-seedshop","7":"product_cat-all-products","8":"product_cat-feminized-seeds","9":"product_cat-vision-seeds","10":"product_shipping_class-creditcard-on","12":"first","13":"instock","14":"taxable","15":"shipping-taxable","16":"purchasable","17":"product-type-variable","18":"has-default-attributes"},"_links":{"self":[{"href":"https:\/\/www.tatanka.nl\/pl\/wp-json\/wp\/v2\/product\/36465","targetHints":{"allow":["GET"]}}],"collection":[{"href":"https:\/\/www.tatanka.nl\/pl\/wp-json\/wp\/v2\/product"}],"about":[{"href":"https:\/\/www.tatanka.nl\/pl\/wp-json\/wp\/v2\/types\/product"}],"wp:featuredmedia":[{"embeddable":true,"href":"https:\/\/www.tatanka.nl\/pl\/wp-json\/wp\/v2\/media\/36494"}],"wp:attachment":[{"href":"https:\/\/www.tatanka.nl\/pl\/wp-json\/wp\/v2\/media?parent=36465"}],"wp:term":[{"taxonomy":"product_brand","embeddable":true,"href":"https:\/\/www.tatanka.nl\/pl\/wp-json\/wp\/v2\/product_brand?post=36465"},{"taxonomy":"product_cat","embeddable":true,"href":"https:\/\/www.tatanka.nl\/pl\/wp-json\/wp\/v2\/product_cat?post=36465"},{"taxonomy":"product_tag","embeddable":true,"href":"https:\/\/www.tatanka.nl\/pl\/wp-json\/wp\/v2\/product_tag?post=36465"}],"curies":[{"name":"wp","href":"https:\/\/api.w.org\/{rel}","templated":true}]}}