{"id":36466,"date":"2025-01-30T17:36:28","date_gmt":"2025-01-30T16:36:28","guid":{"rendered":"https:\/\/www.tatanka.nl\/?post_type=product&#038;p=36466"},"modified":"2025-05-16T14:38:55","modified_gmt":"2025-05-16T13:38:55","slug":"pure-gelato","status":"publish","type":"product","link":"https:\/\/www.tatanka.nl\/pl\/pure-gelato\/","title":{"rendered":"Pure Gelato - Vision Seeds"},"content":{"rendered":"<h2><span data-sheets-value=\"{&quot;1&quot;:2,&quot;2&quot;:&quot;Pure Gelato&quot;}\" data-sheets-userformat=\"{&quot;2&quot;:6723,&quot;3&quot;:{&quot;1&quot;:0},&quot;4&quot;:{&quot;1&quot;:2,&quot;2&quot;:15389148},&quot;9&quot;:0,&quot;12&quot;:0,&quot;14&quot;:{&quot;1&quot;:2,&quot;2&quot;:0},&quot;15&quot;:&quot;Arial&quot;}\">Pure Gelato <\/span>Nasiona konopi od Vision Seeds<\/h2>\n<p>Witamy w \u015bwiecie czystych lod\u00f3w! Nazwana ze wzgl\u0119du na sw\u00f3j pyszny, kremowy smak, ta wyhodowana w USA odmiana konopi obiecuje tylko s\u0142odycze. Dzi\u0119ki sk\u0142adowi genetycznemu 75% szczep\u00f3w z dominacj\u0105 Sativy jest przeznaczony zar\u00f3wno dla odwa\u017cnych, jak i nowych palaczy poszukuj\u0105cych doskona\u0142ego haju. Spodziewaj si\u0119 ekstremalnych aromat\u00f3w ze \u015bwie\u017cymi, mi\u0119towymi nutami, a jednocze\u015bnie b\u0105d\u017a zaskoczony tym, jak \u015bwietnie b\u0119dzie si\u0119 czu\u0142 Tw\u00f3j umys\u0142 - prawdopodobnie dzi\u0119ki DNA 30% Indica, co oznacza, \u017ce nie b\u0119dziesz musia\u0142 martwi\u0107 si\u0119 o silne uspokojenie lub rezygnacj\u0119 z kreatywno\u015bci z powodu z\u0142ego nastroju. W naszym Pure Gelato ka\u017cdy znajdzie co\u015b dla siebie - niezale\u017cnie od tego, czy czujesz si\u0119 owocowo, czy potrzebujesz troch\u0119 THC, przygotuj si\u0119, ta dziewczyna ma moc pod tym s\u0142odkim zapachem. M\u00f3wimy o prawdziwej mocy!<\/p>\n<p>Vision Seeds Pure Gelato ma szans\u0119 sta\u0107 si\u0119 twoj\u0105 ulubion\u0105 odmian\u0105 tej zimy. Je\u015bli potrzebujesz czego\u015b, co sprawi, \u017ce noc b\u0119dzie si\u0119 toczy\u0107 - ta odmiana z pewno\u015bci\u0105 nie zawiedzie swoim wysokim poziomem THC, wyra\u017anym szumem w g\u0142owie i d\u0142ugotrwa\u0142ymi subtelnymi smakami.<\/p>","protected":false},"excerpt":{"rendered":"<p>Dziewcz\u0119ta i ch\u0142opcy, istnieje teraz odmiana Pure Gelato, kt\u00f3ra nie tylko smakuje jak lody, ale tak\u017ce zapewnia \"haj\"! Ostrzegamy jednak - ta stadna dama zawiera znacznie wi\u0119cej THC ni\u017c przeci\u0119tna hybryda! Niezale\u017cnie od tego, czy jeste\u015b pocz\u0105tkuj\u0105cym u\u017cytkownikiem marihuany, okazjonalnym tokerem, czy po prostu zawsze szukasz czego\u015b nowego - trudno nie ekscytowa\u0107 si\u0119 smakiem, jaki zapewni ci ta jagodowa odmiana. Najlepsze z obu \u015bwiat\u00f3w? Tak.<\/p>","protected":false},"featured_media":36495,"template":"","meta":[],"product_brand":[],"product_cat":[546,297,549,548,550,552,638],"product_tag":[],"class_list":{"0":"post-36466","1":"product","2":"type-product","3":"status-publish","4":"has-post-thumbnail","6":"product_cat-seedshop","7":"product_cat-all-products","8":"product_cat-feminized-seeds","9":"product_cat-high-thc-seeds","10":"product_cat-seedshop-top-10","11":"product_cat-usa-seeds","12":"product_cat-vision-seeds","13":"product_shipping_class-creditcard-on","15":"first","16":"instock","17":"taxable","18":"shipping-taxable","19":"purchasable","20":"product-type-variable","21":"has-default-attributes"},"_links":{"self":[{"href":"https:\/\/www.tatanka.nl\/pl\/wp-json\/wp\/v2\/product\/36466","targetHints":{"allow":["GET"]}}],"collection":[{"href":"https:\/\/www.tatanka.nl\/pl\/wp-json\/wp\/v2\/product"}],"about":[{"href":"https:\/\/www.tatanka.nl\/pl\/wp-json\/wp\/v2\/types\/product"}],"wp:featuredmedia":[{"embeddable":true,"href":"https:\/\/www.tatanka.nl\/pl\/wp-json\/wp\/v2\/media\/36495"}],"wp:attachment":[{"href":"https:\/\/www.tatanka.nl\/pl\/wp-json\/wp\/v2\/media?parent=36466"}],"wp:term":[{"taxonomy":"product_brand","embeddable":true,"href":"https:\/\/www.tatanka.nl\/pl\/wp-json\/wp\/v2\/product_brand?post=36466"},{"taxonomy":"product_cat","embeddable":true,"href":"https:\/\/www.tatanka.nl\/pl\/wp-json\/wp\/v2\/product_cat?post=36466"},{"taxonomy":"product_tag","embeddable":true,"href":"https:\/\/www.tatanka.nl\/pl\/wp-json\/wp\/v2\/product_tag?post=36466"}],"curies":[{"name":"wp","href":"https:\/\/api.w.org\/{rel}","templated":true}]}}