{"id":36467,"date":"2025-01-30T17:36:28","date_gmt":"2025-01-30T16:36:28","guid":{"rendered":"https:\/\/www.tatanka.nl\/?post_type=product&#038;p=36467"},"modified":"2025-05-16T14:38:58","modified_gmt":"2025-05-16T13:38:58","slug":"russian-snow","status":"publish","type":"product","link":"https:\/\/www.tatanka.nl\/pl\/russian-snow\/","title":{"rendered":"Russian Snow - Vision Seeds"},"content":{"rendered":"<h2><span data-sheets-value=\"{&quot;1&quot;:2,&quot;2&quot;:&quot;Russian Snow&quot;}\" data-sheets-userformat=\"{&quot;2&quot;:6723,&quot;3&quot;:{&quot;1&quot;:0},&quot;4&quot;:{&quot;1&quot;:2,&quot;2&quot;:13689059},&quot;9&quot;:0,&quot;12&quot;:0,&quot;14&quot;:{&quot;1&quot;:2,&quot;2&quot;:0},&quot;15&quot;:&quot;Arial&quot;}\">Russian Snow<\/span> Nasiona konopi od Vision Seeds<\/h2>\n<p>Vision Seeds Russian Snow zawdzi\u0119cza swoj\u0105 wyj\u0105tkow\u0105 nazw\u0119 jedynie \u015bnie\u017cnobia\u0142ej, mro\u017anej liczbie trichom\u00f3w, kt\u00f3ra zadziwi nawet najbardziej do\u015bwiadczonego hodowc\u0119 konopi! Kto by pomy\u015bla\u0142, \u017ce skrzy\u017cowanie AK-49 i White Widow przyniesie tak przyjemne i pot\u0119\u017cne rezultaty Indica...<\/p>\n<p>Zawieraj\u0105ca wi\u0119cej prochu strzelniczego, ni\u017c mo\u017ce by\u0107 potrzebne, ta kr\u00f3lowa \u015bniegu wyrasta na \u015bredni\u0105 wysoko\u015b\u0107 o zwartej sylwetce, a nast\u0119pnie b\u0142yszczy bardzo \u017cywicznymi wierzcho\u0142kami kwiat\u00f3w. Spodziewaj si\u0119 wyczuwalnego aromatu AK-49 i White Widow wype\u0142nionego s\u0142odkimi nutami. Kiedy przychodzi do jej rozpalenia, haj, kt\u00f3ry zapewnia, jest pot\u0119\u017cny i trwa\u0142y, nie z tego \u015bwiata!<\/p>\n<p>Opracowana w Rosji poprzez skrzy\u017cowanie AK-97 i White Widow. Wiotkie bia\u0142e trichomy sprawiaj\u0105, \u017ce jest to spe\u0142nienie marze\u0144 kr\u00f3lowej \u015bniegu. AK-97 jest pot\u0119\u017cny i mocny, podczas gdy White Widow smakuje s\u0142odko z nutami owoc\u00f3w tropikalnych. Ta kr\u00f3lowa osi\u0105gnie \u015bredni\u0105 wysoko\u015b\u0107, jednocze\u015bnie rosn\u0105c grube p\u0105ki, kt\u00f3re zalecane s\u0105 tylko do u\u017cytku w pomieszczeniach lub szklarniach, aby cieszy\u0107 si\u0119 ni\u0105 jak cz\u0142onkowie rodziny kr\u00f3lewskiej!<\/p>","protected":false},"excerpt":{"rendered":"<p>AK-49 i White Widow \u0142\u0105cz\u0105 si\u0119, aby stworzy\u0107 t\u0119 niesamowit\u0105 rosyjsk\u0105 \u015bnie\u017cn\u0105 odmian\u0119 konopi! Ta kr\u00f3lowa \u015bniegu \u015bwieci pot\u0119\u017cn\u0105 ilo\u015bci\u0105 \u017cywicy i niesamowitymi zbiorami. Jest to idealne po\u0142\u0105czenie mocy, jako\u015bci, wydajno\u015bci i smaku. Uspok\u00f3j sw\u00f3j umys\u0142 kosmiczn\u0105 eufori\u0105, kt\u00f3ra nigdy nie zawiedzie. Ka\u017cdy, kto spr\u00f3buje tej odmiany konopi, wpadnie w senny haj, kt\u00f3ry poradzi sobie z ka\u017cdym poziomem stresu!<\/p>","protected":false},"featured_media":36496,"template":"","meta":[],"product_brand":[],"product_cat":[546,297,549,548,638],"product_tag":[],"class_list":{"0":"post-36467","1":"product","2":"type-product","3":"status-publish","4":"has-post-thumbnail","6":"product_cat-seedshop","7":"product_cat-all-products","8":"product_cat-feminized-seeds","9":"product_cat-high-thc-seeds","10":"product_cat-vision-seeds","11":"product_shipping_class-creditcard-on","13":"first","14":"instock","15":"taxable","16":"shipping-taxable","17":"purchasable","18":"product-type-variable","19":"has-default-attributes"},"_links":{"self":[{"href":"https:\/\/www.tatanka.nl\/pl\/wp-json\/wp\/v2\/product\/36467","targetHints":{"allow":["GET"]}}],"collection":[{"href":"https:\/\/www.tatanka.nl\/pl\/wp-json\/wp\/v2\/product"}],"about":[{"href":"https:\/\/www.tatanka.nl\/pl\/wp-json\/wp\/v2\/types\/product"}],"wp:featuredmedia":[{"embeddable":true,"href":"https:\/\/www.tatanka.nl\/pl\/wp-json\/wp\/v2\/media\/36496"}],"wp:attachment":[{"href":"https:\/\/www.tatanka.nl\/pl\/wp-json\/wp\/v2\/media?parent=36467"}],"wp:term":[{"taxonomy":"product_brand","embeddable":true,"href":"https:\/\/www.tatanka.nl\/pl\/wp-json\/wp\/v2\/product_brand?post=36467"},{"taxonomy":"product_cat","embeddable":true,"href":"https:\/\/www.tatanka.nl\/pl\/wp-json\/wp\/v2\/product_cat?post=36467"},{"taxonomy":"product_tag","embeddable":true,"href":"https:\/\/www.tatanka.nl\/pl\/wp-json\/wp\/v2\/product_tag?post=36467"}],"curies":[{"name":"wp","href":"https:\/\/api.w.org\/{rel}","templated":true}]}}