{"id":36469,"date":"2025-01-30T17:36:29","date_gmt":"2025-01-30T16:36:29","guid":{"rendered":"https:\/\/www.tatanka.nl\/?post_type=product&#038;p=36469"},"modified":"2025-05-16T14:37:38","modified_gmt":"2025-05-16T13:37:38","slug":"super-skunk","status":"publish","type":"product","link":"https:\/\/www.tatanka.nl\/pl\/super-skunk\/","title":{"rendered":"Super Skunk - Vision Seeds"},"content":{"rendered":"<h2><span data-sheets-value=\"{&quot;1&quot;:2,&quot;2&quot;:&quot;Super Skunk&quot;}\" data-sheets-userformat=\"{&quot;2&quot;:6723,&quot;3&quot;:{&quot;1&quot;:0},&quot;4&quot;:{&quot;1&quot;:2,&quot;2&quot;:14281427},&quot;9&quot;:0,&quot;12&quot;:0,&quot;14&quot;:{&quot;1&quot;:2,&quot;2&quot;:0},&quot;15&quot;:&quot;Arial&quot;}\">Super Skunk<\/span> Nasiona konopi od Vision Seeds<\/h2>\n<p>Vision Seeds Super Skunk to \u015bwietny wyb\u00f3r dla hodowc\u00f3w klasycznych i oldschoolowych odmian, a tak\u017ce dla zupe\u0142nie pocz\u0105tkuj\u0105cych. Dzi\u0119ki ni\u017cszym ni\u017c przeci\u0119tne poziomom THC, Super Skunk jest idealny dla bardzo wra\u017cliwych entuzjast\u00f3w konopi, kt\u00f3rzy chc\u0105 zmniejszy\u0107 ryzyko nadmiernego pobudzenia.<\/p>\n<p>The<span style=\"font-size: 14.4px;\">\u00a0og\u00f3lna wydajno\u015b\u0107 ro\u015bliny pozostaje do\u015b\u0107 stabilna; podczas gdy potrzeba oko\u0142o 9 tygodni od stadium sadzonki, zanim jakiekolwiek inne uprawy, takie jak przeszczepy na poziomie p\u0105k\u00f3w lub korzeni, powinny zosta\u0107 podj\u0119te w celu unikni\u0119cia wywo\u0142ania efekt\u00f3w szoku. Smak? C\u00f3\u017c, zgad\u0142e\u015b: skunky!<\/span><\/p>\n<p>Jedna z najlepszych odmian dla pocz\u0105tkuj\u0105cych, a tak\u017ce \u015bwietny wyb\u00f3r dla regularnych hodowc\u00f3w, kt\u00f3rzy chc\u0105 zachowa\u0107 pow\u015bci\u0105gliwo\u015b\u0107. Tworzy \u015bwietne p\u0105ki z dominacj\u0105 Indica, kt\u00f3re zapewni\u0105 naprawd\u0119 relaksuj\u0105ce palenie, pachn\u0105c przy tym jak skunks!<\/p>","protected":false},"excerpt":{"rendered":"<p>Vision Seeds Super Skunk to idealna odmiana konopi dla pocz\u0105tkuj\u0105cych hodowc\u00f3w! Przyjazne dla pocz\u0105tkuj\u0105cych hodowc\u00f3w, wysokiej jako\u015bci p\u0105ki z dominacj\u0105 Indica, nadchodzimy! Co jest w niej takiego wspania\u0142ego? Super Skunk ma jedne z najlepiej smakuj\u0105cych zi\u00f3\u0142, jakie kiedykolwiek spr\u00f3bujesz... powa\u017cnie. Je\u015bli to nie brzmi jak twoja fili\u017canka herbaty, znajd\u017a inn\u0105 odmian\u0119 na naszej stronie, ale mi\u0142o\u015bnicy skunky, tandetnej marihuany uwielbiaj\u0105 ten klasyk!<\/p>","protected":false},"featured_media":36498,"template":"","meta":[],"product_brand":[],"product_cat":[546,297,549,550,638],"product_tag":[],"class_list":{"0":"post-36469","1":"product","2":"type-product","3":"status-publish","4":"has-post-thumbnail","6":"product_cat-seedshop","7":"product_cat-all-products","8":"product_cat-feminized-seeds","9":"product_cat-seedshop-top-10","10":"product_cat-vision-seeds","11":"product_shipping_class-creditcard-on","13":"first","14":"instock","15":"taxable","16":"shipping-taxable","17":"purchasable","18":"product-type-variable","19":"has-default-attributes"},"_links":{"self":[{"href":"https:\/\/www.tatanka.nl\/pl\/wp-json\/wp\/v2\/product\/36469","targetHints":{"allow":["GET"]}}],"collection":[{"href":"https:\/\/www.tatanka.nl\/pl\/wp-json\/wp\/v2\/product"}],"about":[{"href":"https:\/\/www.tatanka.nl\/pl\/wp-json\/wp\/v2\/types\/product"}],"wp:featuredmedia":[{"embeddable":true,"href":"https:\/\/www.tatanka.nl\/pl\/wp-json\/wp\/v2\/media\/36498"}],"wp:attachment":[{"href":"https:\/\/www.tatanka.nl\/pl\/wp-json\/wp\/v2\/media?parent=36469"}],"wp:term":[{"taxonomy":"product_brand","embeddable":true,"href":"https:\/\/www.tatanka.nl\/pl\/wp-json\/wp\/v2\/product_brand?post=36469"},{"taxonomy":"product_cat","embeddable":true,"href":"https:\/\/www.tatanka.nl\/pl\/wp-json\/wp\/v2\/product_cat?post=36469"},{"taxonomy":"product_tag","embeddable":true,"href":"https:\/\/www.tatanka.nl\/pl\/wp-json\/wp\/v2\/product_tag?post=36469"}],"curies":[{"name":"wp","href":"https:\/\/api.w.org\/{rel}","templated":true}]}}