{"id":36470,"date":"2025-01-30T17:36:29","date_gmt":"2025-01-30T16:36:29","guid":{"rendered":"https:\/\/www.tatanka.nl\/?post_type=product&#038;p=36470"},"modified":"2025-05-16T14:37:41","modified_gmt":"2025-05-16T13:37:41","slug":"supreme-lemon","status":"publish","type":"product","link":"https:\/\/www.tatanka.nl\/pl\/supreme-lemon\/","title":{"rendered":"Supreme Lemon - Vision Seeds"},"content":{"rendered":"<h2><span data-sheets-value=\"{&quot;1&quot;:2,&quot;2&quot;:&quot;Supreme Lemon&quot;}\" data-sheets-userformat=\"{&quot;2&quot;:6723,&quot;3&quot;:{&quot;1&quot;:0},&quot;4&quot;:{&quot;1&quot;:2,&quot;2&quot;:16573901},&quot;9&quot;:0,&quot;12&quot;:0,&quot;14&quot;:{&quot;1&quot;:2,&quot;2&quot;:0},&quot;15&quot;:&quot;Arial&quot;}\">Supreme Lemon<\/span> Nasiona konopi od Vision Seeds<\/h2>\n<p>Supreme Lemon to czysta hybryda z dominacj\u0105 Sativy, oparta na oryginalnej kreatywno\u015bci Vision Seeds. Powsta\u0142a w wyniku skrzy\u017cowania Haze (uwielbianej za \u0142agodne dzia\u0142anie) i jednej z najpopularniejszych nowoczesnych odmian na \u015bwiecie, Lemon Skunk. Dzi\u0119ki wysokiemu poziomowi THC i neutralnemu smakowi konopi, ta dama jest dobra do energicznego u\u017cytku w ci\u0105gu dnia; do\u015bwiadczony u\u017cytkownik uzna j\u0105 za kreatywn\u0105 i komunikatywn\u0105 - z silnym efektem towarzyskim!<\/p>\n<p>Ta odmiana marihuany jest hybryda dw\u00f3ch legend konopi. Zapach i smak sa swieze, cytrusowe, o ziolowym posmaku, podobnym do werbeny cytrynowej lub bazylii cytrynowej.<\/p>\n<p>Ma powa\u017cn\u0105 genetyk\u0119 - rodzic\u00f3w Silver Haze i Lemon Skunk, kt\u00f3rzy chc\u0105 doda\u0107 do sk\u0142adu jedn\u0105 niezwykle siln\u0105 odmian\u0119?<\/p>\n<p>Wszyscy m\u00f3wi\u0105 o jej \u015bwie\u017cym smaku. Daje ci to du\u017ce cytrynowe uderzenie, jednocze\u015bnie utrzymuj\u0105c dominacj\u0119 Sativy w ryzach dzi\u0119ki rodowodowi hodowcy ze z\u0142otym medalem. Nie wspomnieli\u015bmy nawet o efektach: Kreatywno\u015b\u0107 i energia w ka\u017cdym zaci\u0105gni\u0119ciu!<\/p>","protected":false},"excerpt":{"rendered":"<p>Mamy nadziej\u0119, \u017ce uwielbiasz odkrywa\u0107 nowe rzeczy i tym razem mamy dla Ciebie co\u015b niesamowitego. Poznaj odmian\u0119 konopi Supreme Lemon od Vision Seeds! Ta dama jest krzy\u017c\u00f3wk\u0105 Silver Haze i Lemon Skunk, wi\u0119c jest idealna dla os\u00f3b, kt\u00f3re ju\u017c lubi\u0105 te odmiany. Ale jest jeszcze lepiej: Supreme ma imponuj\u0105cy poziom THC i najlepsz\u0105 genetyk\u0119 Sativa - zapewniaj\u0105c kreatywne i energetyzuj\u0105ce efekty przez ca\u0142y dzie\u0144. Czy musimy dodawa\u0107 co\u015b wi\u0119cej?<\/p>","protected":false},"featured_media":36499,"template":"","meta":[],"product_brand":[],"product_cat":[546,297,549,548,638],"product_tag":[],"class_list":{"0":"post-36470","1":"product","2":"type-product","3":"status-publish","4":"has-post-thumbnail","6":"product_cat-seedshop","7":"product_cat-all-products","8":"product_cat-feminized-seeds","9":"product_cat-high-thc-seeds","10":"product_cat-vision-seeds","11":"product_shipping_class-creditcard-on","13":"first","14":"instock","15":"taxable","16":"shipping-taxable","17":"purchasable","18":"product-type-variable","19":"has-default-attributes"},"_links":{"self":[{"href":"https:\/\/www.tatanka.nl\/pl\/wp-json\/wp\/v2\/product\/36470","targetHints":{"allow":["GET"]}}],"collection":[{"href":"https:\/\/www.tatanka.nl\/pl\/wp-json\/wp\/v2\/product"}],"about":[{"href":"https:\/\/www.tatanka.nl\/pl\/wp-json\/wp\/v2\/types\/product"}],"wp:featuredmedia":[{"embeddable":true,"href":"https:\/\/www.tatanka.nl\/pl\/wp-json\/wp\/v2\/media\/36499"}],"wp:attachment":[{"href":"https:\/\/www.tatanka.nl\/pl\/wp-json\/wp\/v2\/media?parent=36470"}],"wp:term":[{"taxonomy":"product_brand","embeddable":true,"href":"https:\/\/www.tatanka.nl\/pl\/wp-json\/wp\/v2\/product_brand?post=36470"},{"taxonomy":"product_cat","embeddable":true,"href":"https:\/\/www.tatanka.nl\/pl\/wp-json\/wp\/v2\/product_cat?post=36470"},{"taxonomy":"product_tag","embeddable":true,"href":"https:\/\/www.tatanka.nl\/pl\/wp-json\/wp\/v2\/product_tag?post=36470"}],"curies":[{"name":"wp","href":"https:\/\/api.w.org\/{rel}","templated":true}]}}