{"id":36471,"date":"2025-01-30T17:36:29","date_gmt":"2025-01-30T16:36:29","guid":{"rendered":"https:\/\/www.tatanka.nl\/?post_type=product&#038;p=36471"},"modified":"2025-05-16T14:37:48","modified_gmt":"2025-05-16T13:37:48","slug":"tom-kush-og","status":"publish","type":"product","link":"https:\/\/www.tatanka.nl\/pl\/tom-kush-og\/","title":{"rendered":"Tom Kush OG - Vision Seeds"},"content":{"rendered":"<h2><span data-sheets-value=\"{&quot;1&quot;:2,&quot;2&quot;:&quot;Tom Kush OG&quot;}\" data-sheets-userformat=\"{&quot;2&quot;:6723,&quot;3&quot;:{&quot;1&quot;:0},&quot;4&quot;:{&quot;1&quot;:2,&quot;2&quot;:15120559},&quot;9&quot;:0,&quot;12&quot;:0,&quot;14&quot;:{&quot;1&quot;:2,&quot;2&quot;:0},&quot;15&quot;:&quot;Arial&quot;}\">Tom Kush OG<\/span> Nasiona konopi od Vision Seeds<\/h2>\n<p>Jest tylko jeden Tom Kush OG i to jest to! Spodziewaj si\u0119 energetyzuj\u0105cej mieszanki gen\u00f3w sativa i indica, kt\u00f3ra zapewni przyjemny haj bez zbyt przyt\u0142aczaj\u0105cych efekt\u00f3w psychoaktywnych. Jak mo\u017cna si\u0119 domy\u015bli\u0107, ten z\u0142y ch\u0142opiec jest bardzo silny i kopie mocniej ni\u017c wi\u0119kszo\u015b\u0107 innych odmian na rynku.<\/p>\n<p>Nie ma nic lepszego, co wprawi Ci\u0119 w dobry nastr\u00f3j na ca\u0142y dzie\u0144! Wyhodowana przez Vision Seeds odmiana konopi Tom Kush OG to niesamowicie zabawna i energetyzuj\u0105ca odmiana, kt\u00f3ra sprawi, \u017ce Twoi klienci poczuj\u0105 si\u0119 niesamowicie. Niezale\u017cnie od tego, czy chodzi o leczenie stresu lub niepokoju, czy te\u017c w\u0119drowanie bez zmartwie\u0144, te p\u0105ki z pewno\u015bci\u0105 zapewni\u0105 wszystko, czego szukaj\u0105 Twoi klienci - wspania\u0142\u0105 sesj\u0119 palenia przez ca\u0142y czas.<\/p>\n<p>Ten urzekaj\u0105cy kush jest idealnym narz\u0119dziem na intensywny niepok\u00f3j.<\/p>\n<p>Tw\u00f3j dzie\u0144 b\u0119dzie o wiele ja\u015bniejszy po sp\u0119dzeniu czasu z tym klejnotem! Ta pot\u0119\u017cna trawka \u0142\u0105czy w sobie sosnowy, cytrusowy smak OG Kush z mieszank\u0105 ziemistego drewna, a jako dodatkowy bonus - nie pozostawi ci\u0119 z zamglon\u0105 g\u0142ow\u0105. O nie! Mo\u017ce po prostu strz\u0105sn\u0105\u0107 stres ze zm\u0119czonych ramion i dostarczy\u0107 tych szcz\u0119\u015bliwych wibracji, kt\u00f3rych wszyscy czasami potrzebujemy. Wspania\u0142a i pot\u0119\u017cna ro\u015blina!<\/p>","protected":false},"excerpt":{"rendered":"<p>Je\u015bli szuka\u0142e\u015b prawdziwego OG Kush z Ameryki P\u00f3\u0142nocnej, Tom Kush przybywa na ratunek. Ta odmiana OG Kush zawiera 22% THC i mo\u017ce konkurowa\u0107 z jednymi z najg\u0119stszych i najbardziej \u017cywicznych p\u0105k\u00f3w na rynku! Aromat kwa\u015bnej cytryny i ziemistej sosny sprawia, \u017ce jest to prawdziwa przyjemno\u015b\u0107. To bestia w\u015br\u00f3d ro\u015blin, kt\u00f3r\u0105 wszyscy uwielbiaj\u0105 uprawia\u0107!<\/p>","protected":false},"featured_media":36500,"template":"","meta":[],"product_brand":[],"product_cat":[546,297,549,548,552,638],"product_tag":[],"class_list":{"0":"post-36471","1":"product","2":"type-product","3":"status-publish","4":"has-post-thumbnail","6":"product_cat-seedshop","7":"product_cat-all-products","8":"product_cat-feminized-seeds","9":"product_cat-high-thc-seeds","10":"product_cat-usa-seeds","11":"product_cat-vision-seeds","12":"product_shipping_class-creditcard-on","14":"first","15":"instock","16":"taxable","17":"shipping-taxable","18":"purchasable","19":"product-type-variable","20":"has-default-attributes"},"_links":{"self":[{"href":"https:\/\/www.tatanka.nl\/pl\/wp-json\/wp\/v2\/product\/36471","targetHints":{"allow":["GET"]}}],"collection":[{"href":"https:\/\/www.tatanka.nl\/pl\/wp-json\/wp\/v2\/product"}],"about":[{"href":"https:\/\/www.tatanka.nl\/pl\/wp-json\/wp\/v2\/types\/product"}],"wp:featuredmedia":[{"embeddable":true,"href":"https:\/\/www.tatanka.nl\/pl\/wp-json\/wp\/v2\/media\/36500"}],"wp:attachment":[{"href":"https:\/\/www.tatanka.nl\/pl\/wp-json\/wp\/v2\/media?parent=36471"}],"wp:term":[{"taxonomy":"product_brand","embeddable":true,"href":"https:\/\/www.tatanka.nl\/pl\/wp-json\/wp\/v2\/product_brand?post=36471"},{"taxonomy":"product_cat","embeddable":true,"href":"https:\/\/www.tatanka.nl\/pl\/wp-json\/wp\/v2\/product_cat?post=36471"},{"taxonomy":"product_tag","embeddable":true,"href":"https:\/\/www.tatanka.nl\/pl\/wp-json\/wp\/v2\/product_tag?post=36471"}],"curies":[{"name":"wp","href":"https:\/\/api.w.org\/{rel}","templated":true}]}}