{"id":36473,"date":"2025-01-30T17:36:29","date_gmt":"2025-01-30T16:36:29","guid":{"rendered":"https:\/\/www.tatanka.nl\/?post_type=product&#038;p=36473"},"modified":"2025-05-16T14:38:29","modified_gmt":"2025-05-16T13:38:29","slug":"vision-gorilla","status":"publish","type":"product","link":"https:\/\/www.tatanka.nl\/pl\/vision-gorilla\/","title":{"rendered":"Vision Gorilla - Vision Seeds"},"content":{"rendered":"<h2><span data-sheets-value=\"{&quot;1&quot;:2,&quot;2&quot;:&quot;Vision Gorilla&quot;}\" data-sheets-userformat=\"{&quot;2&quot;:6723,&quot;3&quot;:{&quot;1&quot;:0},&quot;4&quot;:{&quot;1&quot;:2,&quot;2&quot;:14281427},&quot;9&quot;:0,&quot;12&quot;:0,&quot;14&quot;:{&quot;1&quot;:2,&quot;2&quot;:0},&quot;15&quot;:&quot;Arial&quot;}\">Vision Gorilla<\/span> Nasiona konopi od Vision Seeds<\/h2>\n<p>Vision Gorilla to super mega mocna odmiana marihuany o zawarto\u015bci THC do 25%, co czyni j\u0105 idealnym wyborem dla tych, kt\u00f3rzy szukaj\u0105 \"prawdziwych ci\u0119\u017ckich uderze\u0144\" z du\u017cymi plonami. Ta dziewczyna mo\u017ce rosn\u0105\u0107 du\u017ca i wysoka, wydzielaj\u0105c ziemiste aromaty, kt\u00f3re sprawi\u0105, \u017ce b\u0119dziesz si\u0119 zastanawia\u0107, jak by to by\u0142o ugry\u017a\u0107 tego zielonego goryla.<\/p>\n<p>Ta odmiana jest najlepszym ze wszystkich! Ju\u017c sam smak sprawi, \u017ce poczujesz si\u0119 jak natychmiastowy podr\u00f3\u017cnik w krainie, w kt\u00f3rej kryj\u0105 si\u0119 wspania\u0142e g\u00f3ry i l\u015bni\u0105ce rzeki; zwali ci\u0119 z n\u00f3g i sprawi, \u017ce poczujesz si\u0119 jak kamienny pos\u0105g. Mo\u017cesz nawet zacz\u0105\u0107 zastanawia\u0107 si\u0119, czy jeste\u015b prawdziwy, czy nie: w ten spos\u00f3b Vision Gorilla Cannabis Strain zmusza swoich u\u017cytkownik\u00f3w do my\u015blenia.<\/p>\n<p>Dzi\u0119ki wysokim poziomom mocy do 25% THC, ta dziewczyna mo\u017ce rosn\u0105\u0107 du\u017ca i weso\u0142a, z ogromnymi, grubymi, pokrytymi \u017cywic\u0105 p\u0105kami wyrastaj\u0105cymi z ca\u0142ej jej d\u0142ugiej ramy, nie jest jej r\u00f3wnie\u017c obca wysoka uprawa. Zwykle hodowana dla tych, kt\u00f3rzy szukaj\u0105 \"prawdziwych ci\u0119\u017ckich uderze\u0144\", kt\u00f3rzy chc\u0105 silnych odmian konopi o wy\u017cszych plonach, zalecamy dawanie tej pani<\/p>","protected":false},"excerpt":{"rendered":"<p>Odmiana konopi Vision Gorilla to mocne uderzenie, zawieraj\u0105ce do 25% THC. Hodowcy polecaj\u0105 j\u0105 tym, kt\u00f3rzy oczekuj\u0105 wysokich plon\u00f3w i du\u017cej mocy! Ujmijmy to w ten spos\u00f3b... Je\u015bli szukasz najpot\u0119\u017cniejszej rzeczy, jak\u0105 sprzedajemy. To jest w\u0142a\u015bnie to. Powa\u017cnie, jest to jedna z najsilniejszych odmian na \u015bwiecie. Trzymaj si\u0119 krzes\u0142a, gdy we\u017amiesz pierwsze uderzenie. Tylko nie m\u00f3w, \u017ce ci\u0119 nie ostrzegali\u015bmy!<\/p>","protected":false},"featured_media":36440,"template":"","meta":[],"product_brand":[],"product_cat":[546,297,549,548,550,552,638],"product_tag":[],"class_list":{"0":"post-36473","1":"product","2":"type-product","3":"status-publish","4":"has-post-thumbnail","6":"product_cat-seedshop","7":"product_cat-all-products","8":"product_cat-feminized-seeds","9":"product_cat-high-thc-seeds","10":"product_cat-seedshop-top-10","11":"product_cat-usa-seeds","12":"product_cat-vision-seeds","13":"product_shipping_class-creditcard-on","15":"first","16":"instock","17":"taxable","18":"shipping-taxable","19":"purchasable","20":"product-type-variable","21":"has-default-attributes"},"_links":{"self":[{"href":"https:\/\/www.tatanka.nl\/pl\/wp-json\/wp\/v2\/product\/36473","targetHints":{"allow":["GET"]}}],"collection":[{"href":"https:\/\/www.tatanka.nl\/pl\/wp-json\/wp\/v2\/product"}],"about":[{"href":"https:\/\/www.tatanka.nl\/pl\/wp-json\/wp\/v2\/types\/product"}],"wp:featuredmedia":[{"embeddable":true,"href":"https:\/\/www.tatanka.nl\/pl\/wp-json\/wp\/v2\/media\/36440"}],"wp:attachment":[{"href":"https:\/\/www.tatanka.nl\/pl\/wp-json\/wp\/v2\/media?parent=36473"}],"wp:term":[{"taxonomy":"product_brand","embeddable":true,"href":"https:\/\/www.tatanka.nl\/pl\/wp-json\/wp\/v2\/product_brand?post=36473"},{"taxonomy":"product_cat","embeddable":true,"href":"https:\/\/www.tatanka.nl\/pl\/wp-json\/wp\/v2\/product_cat?post=36473"},{"taxonomy":"product_tag","embeddable":true,"href":"https:\/\/www.tatanka.nl\/pl\/wp-json\/wp\/v2\/product_tag?post=36473"}],"curies":[{"name":"wp","href":"https:\/\/api.w.org\/{rel}","templated":true}]}}