{"id":36474,"date":"2025-01-30T17:36:30","date_gmt":"2025-01-30T16:36:30","guid":{"rendered":"https:\/\/www.tatanka.nl\/?post_type=product&#038;p=36474"},"modified":"2025-05-16T14:37:25","modified_gmt":"2025-05-16T13:37:25","slug":"vision-kosher","status":"publish","type":"product","link":"https:\/\/www.tatanka.nl\/pl\/vision-kosher\/","title":{"rendered":"Vision Kosher - Vision Seeds"},"content":{"rendered":"<h2><span data-sheets-value=\"{&quot;1&quot;:2,&quot;2&quot;:&quot;Vision Kosher&quot;}\" data-sheets-userformat=\"{&quot;2&quot;:6723,&quot;3&quot;:{&quot;1&quot;:0},&quot;4&quot;:{&quot;1&quot;:2,&quot;2&quot;:13624051},&quot;9&quot;:0,&quot;12&quot;:0,&quot;14&quot;:{&quot;1&quot;:2,&quot;2&quot;:0},&quot;15&quot;:&quot;Arial&quot;}\">Vision Kosher<\/span> Nasiona konopi od Vision Seeds<\/h2>\n<p>Je\u015bli chodzi o zbiory, mo\u017cesz wybra\u0107 produkt, kt\u00f3ry musi by\u0107 niezawodny i trwa\u0142y, taki, kt\u00f3ry nie ma zapachu lub smaku, lub taki, kt\u00f3ry nie wyr\u00f3\u017cnia si\u0119 wydajno\u015bci\u0105. Ale co, je\u015bli chcesz mie\u0107 wszystkie trzy? Kosher girl od Vision Seeds to jedyna opcja dla tych, kt\u00f3rzy szukaj\u0105 zr\u00f3wnowa\u017conego podej\u015bcia.<\/p>\n<p>Wyobra\u017a sobie odmian\u0119, kt\u00f3ra daje ogromne ilo\u015bci p\u0105k\u00f3w po zaledwie 8 tygodniach kwitnienia, nigdy nie pachnie jak siano i smakuje tak dobrze, jak pali - to witaj w domu! Z t\u0105 konkretn\u0105 dam\u0105 b\u0119dziesz mia\u0142 powa\u017cne prawo do chwalenia si\u0119 w czasie zbior\u00f3w!<\/p>\n<p>Vision Seeds Vision Kosher to jedna z najsmaczniejszych odmian znanych do\u015bwiadczonym stonerom. Co wi\u0119cej, ta \u015bredniej wielko\u015bci dziewczyna jest jedn\u0105 z najlepszych inwestycji czasowych, je\u015bli chodzi o zbiory. Je\u015bli szukasz odmiany z dominacj\u0105 Indica, kt\u00f3ra mia\u0142aby niesamowit\u0105 palet\u0119 smakow\u0105, mia\u0142aby powa\u017cn\u0105 ilo\u015b\u0107 THC i mog\u0142aby wyhodowa\u0107 ogromne p\u0105ki - to jest twoja dziewczyna! Kosher Girl ma wyj\u0105tkowy i bardzo rozpoznawalny smak, kt\u00f3ry mo\u017cna opisa\u0107 jako bogat\u0105 ziemist\u0105, ale bardzo owocow\u0105 mieszank\u0119 unikalnych aromat\u00f3w. B\u0119d\u0105c do\u015b\u0107 siln\u0105, zapewnia silnie podnosz\u0105cy na duchu haj.<\/p>","protected":false},"excerpt":{"rendered":"<p>Ta \u015bredniej wielko\u015bci dziewczyna zapewnia silnie podnosz\u0105cy na duchu haj i ma smak jak nic innego. Vision Kosher to zachwycaj\u0105ca odmiana konopi z dominacj\u0105 Indica, kt\u00f3ra \u0142\u0105czy w sobie wszystkie najlepsze cechy swoich rodzic\u00f3w, tworz\u0105c jedn\u0105 z najbardziej aromatycznych i mocnych ro\u015blin. Ma ziemisty aromat z kwiatowymi akcentami i smakuje jak orze\u017awiaj\u0105ca sa\u0142atka owocowa, kt\u00f3ra jest jeszcze smaczniejsza dzi\u0119ki odrobinie ziemi lub czego\u015b zielonego. Ten du\u017cy producent jest gotowy do zbior\u00f3w w ci\u0105gu 9 tygodni i zapewnia podnosz\u0105cy na duchu haj na poziomie oko\u0142o 20% THC.<\/p>","protected":false},"featured_media":36502,"template":"","meta":[],"product_brand":[],"product_cat":[546,297,549,548,552,638],"product_tag":[],"class_list":{"0":"post-36474","1":"product","2":"type-product","3":"status-publish","4":"has-post-thumbnail","6":"product_cat-seedshop","7":"product_cat-all-products","8":"product_cat-feminized-seeds","9":"product_cat-high-thc-seeds","10":"product_cat-usa-seeds","11":"product_cat-vision-seeds","12":"product_shipping_class-creditcard-on","14":"first","15":"instock","16":"taxable","17":"shipping-taxable","18":"purchasable","19":"product-type-variable","20":"has-default-attributes"},"_links":{"self":[{"href":"https:\/\/www.tatanka.nl\/pl\/wp-json\/wp\/v2\/product\/36474","targetHints":{"allow":["GET"]}}],"collection":[{"href":"https:\/\/www.tatanka.nl\/pl\/wp-json\/wp\/v2\/product"}],"about":[{"href":"https:\/\/www.tatanka.nl\/pl\/wp-json\/wp\/v2\/types\/product"}],"wp:featuredmedia":[{"embeddable":true,"href":"https:\/\/www.tatanka.nl\/pl\/wp-json\/wp\/v2\/media\/36502"}],"wp:attachment":[{"href":"https:\/\/www.tatanka.nl\/pl\/wp-json\/wp\/v2\/media?parent=36474"}],"wp:term":[{"taxonomy":"product_brand","embeddable":true,"href":"https:\/\/www.tatanka.nl\/pl\/wp-json\/wp\/v2\/product_brand?post=36474"},{"taxonomy":"product_cat","embeddable":true,"href":"https:\/\/www.tatanka.nl\/pl\/wp-json\/wp\/v2\/product_cat?post=36474"},{"taxonomy":"product_tag","embeddable":true,"href":"https:\/\/www.tatanka.nl\/pl\/wp-json\/wp\/v2\/product_tag?post=36474"}],"curies":[{"name":"wp","href":"https:\/\/api.w.org\/{rel}","templated":true}]}}