{"id":37821,"date":"2021-12-01T14:33:13","date_gmt":"2021-12-01T12:33:13","guid":{"rendered":"https:\/\/www.tatanka.nl\/?post_type=product&#038;p=37821"},"modified":"2025-05-20T08:39:25","modified_gmt":"2025-05-20T07:39:25","slug":"mdnx-partypills","status":"publish","type":"product","link":"https:\/\/www.tatanka.nl\/pl\/mdnx-partypills\/","title":{"rendered":"MDNX Partypills"},"content":{"rendered":"<h2 data-start=\"0\" data-end=\"16\">Co to jest MDNX?<\/h2>\n<p data-start=\"18\" data-end=\"439\">MDNX jest naturalnym suplementem zaprojektowanym w celu zwi\u0119kszenia dozna\u0144 entuzjast\u00f3w imprez. Zapewnia przyp\u0142yw energii, zwi\u0119ksza poczucie szcz\u0119\u015bcia i sprzyja interakcjom spo\u0142ecznym. Wykonany z naturalnych sk\u0142adnik\u00f3w, MDNX dzia\u0142a w harmonii z organizmem, oferuj\u0105c bezpieczn\u0105 alternatyw\u0119 dla sztucznych stymulant\u00f3w. Niezale\u017cnie od tego, czy jeste\u015b na festiwalu, czy cieszysz si\u0119 kameralnym spotkaniem, MDNX zapewnia energi\u0119 i zaanga\u017cowanie przez ca\u0142y czas trwania imprezy.<\/p>\n<p data-start=\"441\" data-end=\"802\">Efekty dzia\u0142ania MDNX obejmuj\u0105 intensywny zastrzyk energii, zwi\u0119kszon\u0105 \u0142\u0105czno\u015b\u0107 emocjonaln\u0105 i og\u00f3lny stan euforii. Dzi\u0119ki unikalnej mieszance ekstrakt\u00f3w zio\u0142owych i aminokwas\u00f3w wspomaga zar\u00f3wno wytrzyma\u0142o\u015b\u0107 psychiczn\u0105, jak i fizyczn\u0105, pomagaj\u0105c pozosta\u0107 w chwili bez p\u00f3\u017aniejszego za\u0142amania. MDNX zamienia noce w niezapomniane do\u015bwiadczenia pe\u0142ne rado\u015bci i witalno\u015bci.<\/p>\n<h2 data-start=\"804\" data-end=\"826\">Historia MDNX<\/h2>\n<p data-start=\"828\" data-end=\"1021\">MDNX zosta\u0142 stworzony jako naturalna alternatywa dla syntetycznych stymulant\u00f3w. Wielu imprezowicz\u00f3w od dawna szuka sposob\u00f3w na podniesienie poziomu swoich do\u015bwiadcze\u0144 bez szkodliwych skutk\u00f3w ubocznych sztucznych substancji.<\/p>\n<p data-start=\"1023\" data-end=\"1406\">Przy opracowywaniu MDNX po\u0142\u0105czono staro\u017cytne zio\u0142olecznictwo z nowoczesnymi badaniami naukowymi. Sk\u0142adniki takie jak maca, kanna i imbir s\u0105 stosowane od wiek\u00f3w ze wzgl\u0119du na ich w\u0142a\u015bciwo\u015bci zwi\u0119kszaj\u0105ce energi\u0119 i poprawiaj\u0105ce nastr\u00f3j. \u0141\u0105cz\u0105c te pot\u0119\u017cne sk\u0142adniki, MDNX wspiera zar\u00f3wno umys\u0142, jak i cia\u0142o, pozwalaj\u0105c u\u017cytkownikom cieszy\u0107 si\u0119 noc\u0105 bez obawy o za\u0142amanie nast\u0119pnego dnia.<\/p>\n<h2 data-start=\"1408\" data-end=\"1426\">Jak korzysta\u0107 z MDNX<\/h2>\n<p data-start=\"1428\" data-end=\"1643\">Aby uzyska\u0107 najlepsze wyniki, nale\u017cy przyjmowa\u0107 od 1 do 2 kapsu\u0142ek na oko\u0142o 30 minut przed po\u017c\u0105danym efektem. W razie potrzeby mo\u017cna zwi\u0119kszy\u0107 dawk\u0119 do maksymalnie 4 kapsu\u0142ek w ci\u0105gu 24 godzin, ale nie nale\u017cy przekracza\u0107 zalecanej ilo\u015bci.<\/p>\n<p data-start=\"1645\" data-end=\"1972\">MDNX zosta\u0142 zaprojektowany z my\u015bl\u0105 o odpowiedzialnym u\u017cytkowaniu i dzia\u0142a najlepiej w po\u0142\u0105czeniu z nawodnieniem i zbilansowan\u0105 diet\u0105. Niezale\u017cnie od tego, czy ta\u0144czysz na festiwalu, spotykasz si\u0119 z przyjaci\u00f3\u0142mi, czy sp\u0119dzasz noc na mie\u015bcie, MDNX zapewni Ci najlepsz\u0105 wydajno\u015b\u0107. Zawsze s\u0142uchaj swojego cia\u0142a i u\u017cywaj MDNX z umiarem, aby zapewni\u0107 najlepsze wra\u017cenia z imprezy.<\/p>\n<h2 data-start=\"1974\" data-end=\"1996\">Sk\u0142adniki MDNX<\/h2>\n<p data-start=\"1998\" data-end=\"2123\">MDNX zawiera starannie dobran\u0105 mieszank\u0119 naturalnych sk\u0142adnik\u00f3w, kt\u00f3re wsp\u00f3\u0142pracuj\u0105 ze sob\u0105 w celu zwi\u0119kszenia energii, nastroju i skupienia:<\/p>\n<ul data-start=\"2125\" data-end=\"3093\">\n<li data-start=\"2125\" data-end=\"2323\"><strong data-start=\"2127\" data-end=\"2135\">Maca<\/strong>: Peruwia\u0144ski korze\u0144 znany ze swoich w\u0142a\u015bciwo\u015bci adaptogennych. Zwi\u0119ksza wytrzyma\u0142o\u015b\u0107, poprawia nastr\u00f3j i poprawia og\u00f3lne samopoczucie, jednocze\u015bnie r\u00f3wnowa\u017c\u0105c hormony, zapewniaj\u0105c bardziej stabilne i przyjemne doznania.<\/li>\n<li data-start=\"2324\" data-end=\"2502\"><strong data-start=\"2326\" data-end=\"2336\">Imbir<\/strong>: Pot\u0119\u017cny korze\u0144, kt\u00f3ry wspomaga trawienie, zmniejsza nudno\u015bci i dzia\u0142a przeciwzapalnie. Imbir pomaga utrzyma\u0107 poziom energii i czujno\u015b\u0107 przez ca\u0142\u0105 noc.<\/li>\n<li data-start=\"2503\" data-end=\"2696\"><strong data-start=\"2505\" data-end=\"2532\">DL-fenyloalanina (DLPA)<\/strong>: Aminokwas, kt\u00f3ry pomaga w regulacji nastroju poprzez wp\u0142yw na neuroprzeka\u017aniki, takie jak dopamina i endorfiny. Zwi\u0119ksza koncentracj\u0119, czujno\u015b\u0107 i poczucie szcz\u0119\u015bcia.<\/li>\n<li data-start=\"2697\" data-end=\"2887\"><strong data-start=\"2699\" data-end=\"2711\">Kofeina<\/strong>: Naturalny \u015brodek pobudzaj\u0105cy, kt\u00f3ry zwi\u0119ksza energi\u0119 i czujno\u015b\u0107. Kofeina zwi\u0119ksza wytrzyma\u0142o\u015b\u0107 i wzmacnia dzia\u0142anie innych sk\u0142adnik\u00f3w, pomagaj\u0105c zachowa\u0107 aktywno\u015b\u0107 przez d\u0142u\u017cszy czas.<\/li>\n<li data-start=\"2888\" data-end=\"3093\"><strong data-start=\"2890\" data-end=\"2899\">Kanna<\/strong>: Po\u0142udniowoafryka\u0144ska ro\u015blina znana ze swoich w\u0142a\u015bciwo\u015bci poprawiaj\u0105cych nastr\u00f3j. Podnosi poziom serotoniny, zmniejsza niepok\u00f3j i promuje \u0142\u0105czno\u015b\u0107 spo\u0142eczn\u0105, dzi\u0119ki czemu interakcje s\u0105 przyjemniejsze i \u0142atwiejsze.<\/li>\n<\/ul>\n<p data-start=\"3095\" data-end=\"3105\"><strong>Ostrze\u017cenie<\/strong><\/p>\n<p data-start=\"3107\" data-end=\"3563\" data-is-last-node=\"\">MDNX jest suplementem diety i nie powinien zast\u0119powa\u0107 zr\u00f3\u017cnicowanej diety. Przechowywa\u0107 w miejscu niedost\u0119pnym dla dzieci i stosowa\u0107 wy\u0142\u0105cznie u os\u00f3b powy\u017cej 18 roku \u017cycia. Nie nale\u017cy \u0142\u0105czy\u0107 MDNX z lekami, innymi stymulantami lub je\u015bli masz jakiekolwiek choroby serca, wysokie \/ niskie ci\u015bnienie krwi, zaburzenia tarczycy, choroby nerek, depresj\u0119, l\u0119k lub inne fizyczne lub psychiczne problemy zdrowotne. Nale\u017cy unika\u0107 nadmiernego spo\u017cycia alkoholu. W razie jakichkolwiek w\u0105tpliwo\u015bci przed u\u017cyciem nale\u017cy skonsultowa\u0107 si\u0119 z lekarzem.<\/p>","protected":false},"excerpt":{"rendered":"<p>Potrzebujesz dodatkowego zastrzyku energii, aby przenie\u015b\u0107 swoj\u0105 noc na wy\u017cszy poziom? MDNX to naturalna pigu\u0142ka imprezowa stworzona, aby wzmocni\u0107 Twoj\u0105 energi\u0119, poprawi\u0107 nastr\u00f3j i utrzyma\u0107 Ci\u0119 przez ca\u0142\u0105 noc. Dzi\u0119ki mieszance starannie dobranych naturalnych sk\u0142adnik\u00f3w, MDNX zapewnia euforyczne doznania przy zachowaniu pe\u0142nej kontroli. Po\u017cegnaj si\u0119 z kacem i przywitaj si\u0119 z czyst\u0105 przyjemno\u015bci\u0105.<\/p>","protected":false},"featured_media":37829,"template":"","meta":[],"product_brand":[],"product_cat":[535,297,385,527,513,525,476],"product_tag":[],"class_list":{"0":"post-37821","1":"product","2":"type-product","3":"status-publish","4":"has-post-thumbnail","6":"product_cat-dnx","7":"product_cat-all-products","8":"product_cat-buy-xtc","9":"product_cat-energy-pills","10":"product_cat-party","11":"product_cat-party-pills","12":"product_cat-smartshop","14":"first","15":"instock","16":"taxable","17":"shipping-taxable","18":"purchasable","19":"product-type-variable","20":"has-default-attributes"},"_links":{"self":[{"href":"https:\/\/www.tatanka.nl\/pl\/wp-json\/wp\/v2\/product\/37821","targetHints":{"allow":["GET"]}}],"collection":[{"href":"https:\/\/www.tatanka.nl\/pl\/wp-json\/wp\/v2\/product"}],"about":[{"href":"https:\/\/www.tatanka.nl\/pl\/wp-json\/wp\/v2\/types\/product"}],"wp:featuredmedia":[{"embeddable":true,"href":"https:\/\/www.tatanka.nl\/pl\/wp-json\/wp\/v2\/media\/37829"}],"wp:attachment":[{"href":"https:\/\/www.tatanka.nl\/pl\/wp-json\/wp\/v2\/media?parent=37821"}],"wp:term":[{"taxonomy":"product_brand","embeddable":true,"href":"https:\/\/www.tatanka.nl\/pl\/wp-json\/wp\/v2\/product_brand?post=37821"},{"taxonomy":"product_cat","embeddable":true,"href":"https:\/\/www.tatanka.nl\/pl\/wp-json\/wp\/v2\/product_cat?post=37821"},{"taxonomy":"product_tag","embeddable":true,"href":"https:\/\/www.tatanka.nl\/pl\/wp-json\/wp\/v2\/product_tag?post=37821"}],"curies":[{"name":"wp","href":"https:\/\/api.w.org\/{rel}","templated":true}]}}