{"id":37822,"date":"2021-12-01T14:33:13","date_gmt":"2021-12-01T12:33:13","guid":{"rendered":"https:\/\/www.tatanka.nl\/?post_type=product&#038;p=37822"},"modified":"2025-05-20T08:39:33","modified_gmt":"2025-05-20T07:39:33","slug":"lemonx-partypills","status":"publish","type":"product","link":"https:\/\/www.tatanka.nl\/pl\/lemonx-partypills\/","title":{"rendered":"LemonX Partypills"},"content":{"rendered":"<h2>4 LemonX Partypills<\/h2>\n<p>LimonX to nie tylko energetyzator dla imprezowicz\u00f3w, ale tak\u017ce wzmacniacz spo\u0142eczny. U\u017cytkownicy zg\u0142aszaj\u0105, \u017ce czuj\u0105 si\u0119 tak, jakby byli jedno\u015bci\u0105 z imprezuj\u0105cym t\u0142umem i mog\u0105 poradzi\u0107 sobie z ka\u017cd\u0105 przeszkod\u0105, kt\u00f3ra pojawi si\u0119 na ich drodze!<\/p>\n<p>LemonX to \u017cycie ka\u017cdej imprezy. Wystarczy kilka tabletek, aby cieszy\u0107 si\u0119 godzinami zwi\u0119kszonej energii i ekscytacji na nast\u0119pnej imprezie. Ulepszona formu\u0142a LemonX gwarantuje, \u017ce bez wzgl\u0119du na to, jak d\u0142ugo trwa impreza i co si\u0119 dzieje w mi\u0119dzyczasie, b\u0119dzie to jedna dzika noc!<\/p>\n<p>Ca\u0142a energia potrzebna do intensywnej imprezy znajduje si\u0119 w tych ma\u0142ych kapsu\u0142kach nitro extasy! Wi\u0119kszo\u015b\u0107 u\u017cytkownik\u00f3w opisuje Lemon X jako euforyczny i szybki efekt, wi\u0119c jest to idealny spos\u00f3b na relaks w ka\u017cd\u0105 noc. Jest to ca\u0142kowicie naturalna formu\u0142a energetyczna, kt\u00f3r\u0105 mo\u017cna miesza\u0107 z alkoholem, dlatego 1-4 tabletki powinny wystarczy\u0107, gdy szukasz ulgi w k\u0142opotach.<\/p>","protected":false},"excerpt":{"rendered":"<p>Lemon X to idealna pigu\u0142ka imprezowa, kt\u00f3ra pozwala zachowa\u0107 czujno\u015b\u0107 i energi\u0119. Efekty s\u0105 tak silne, \u017ce poczujesz si\u0119 jak w\u0142asny DJ, a muzyka stanie si\u0119 przyjemniejsza ni\u017c kiedykolwiek wcze\u015bniej!<\/p>","protected":false},"featured_media":37832,"template":"","meta":[],"product_brand":[],"product_cat":[535,297,385,527,513,525,476],"product_tag":[],"class_list":{"0":"post-37822","1":"product","2":"type-product","3":"status-publish","4":"has-post-thumbnail","6":"product_cat-dnx","7":"product_cat-all-products","8":"product_cat-buy-xtc","9":"product_cat-energy-pills","10":"product_cat-party","11":"product_cat-party-pills","12":"product_cat-smartshop","14":"first","15":"instock","16":"taxable","17":"shipping-taxable","18":"purchasable","19":"product-type-variable","20":"has-default-attributes"},"_links":{"self":[{"href":"https:\/\/www.tatanka.nl\/pl\/wp-json\/wp\/v2\/product\/37822","targetHints":{"allow":["GET"]}}],"collection":[{"href":"https:\/\/www.tatanka.nl\/pl\/wp-json\/wp\/v2\/product"}],"about":[{"href":"https:\/\/www.tatanka.nl\/pl\/wp-json\/wp\/v2\/types\/product"}],"wp:featuredmedia":[{"embeddable":true,"href":"https:\/\/www.tatanka.nl\/pl\/wp-json\/wp\/v2\/media\/37832"}],"wp:attachment":[{"href":"https:\/\/www.tatanka.nl\/pl\/wp-json\/wp\/v2\/media?parent=37822"}],"wp:term":[{"taxonomy":"product_brand","embeddable":true,"href":"https:\/\/www.tatanka.nl\/pl\/wp-json\/wp\/v2\/product_brand?post=37822"},{"taxonomy":"product_cat","embeddable":true,"href":"https:\/\/www.tatanka.nl\/pl\/wp-json\/wp\/v2\/product_cat?post=37822"},{"taxonomy":"product_tag","embeddable":true,"href":"https:\/\/www.tatanka.nl\/pl\/wp-json\/wp\/v2\/product_tag?post=37822"}],"curies":[{"name":"wp","href":"https:\/\/api.w.org\/{rel}","templated":true}]}}