{"id":37823,"date":"2021-12-01T14:33:13","date_gmt":"2021-12-01T12:33:13","guid":{"rendered":"https:\/\/www.tatanka.nl\/?post_type=product&#038;p=37823"},"modified":"2026-01-08T00:48:39","modified_gmt":"2026-01-07T23:48:39","slug":"ultimatex-partypills","status":"publish","type":"product","link":"https:\/\/www.tatanka.nl\/pl\/ultimatex-partypills\/","title":{"rendered":"UltimateX Partypills"},"content":{"rendered":"<h2 data-start=\"0\" data-end=\"21\">Co to jest UltimateX?<\/h2>\n<p data-start=\"23\" data-end=\"566\">UltimateX to naturalny wzmacniacz energii zaprojektowany z my\u015bl\u0105 o poprawie wra\u017ce\u0144 z imprezy. Niezale\u017cnie od tego, czy jeste\u015b na festiwalu, w klubie, czy na imprezie domowej, te tabletki zapewniaj\u0105 idealne po\u0142\u0105czenie energii i euforii, aby utrzyma\u0107 si\u0119 na nogach. Zainspirowany klasycznymi s\u0142odyczami \"salmiak\", UltimateX zapewnia pot\u0119\u017cnego kopa bez niepo\u017c\u0105danych skutk\u00f3w ubocznych tradycyjnych stymulant\u00f3w. Dzi\u0119ki starannie dobranej mieszance naturalnych sk\u0142adnik\u00f3w, ta legalna alternatywa dla XTC zapewnia energi\u0119, skupienie i pe\u0142ne zanurzenie w chwili, dzi\u0119ki czemu ka\u017cda noc jest niezapomniana.<\/p>\n<h2 data-start=\"568\" data-end=\"595\">Historia UltimateX<\/h2>\n<p data-start=\"597\" data-end=\"1183\">UltimateX zosta\u0142 stworzony dla tych, kt\u00f3rzy \u017cyj\u0105 pe\u0142ni\u0105 \u017cycia i potrzebuj\u0105 dodatkowego impulsu, aby nad\u0105\u017cy\u0107 za tempem. Czerpi\u0105c inspiracj\u0119 z tradycji zielarskich i nowoczesnej kultury imprezowej, DNX opracowa\u0142 t\u0119 formu\u0142\u0119, aby zapewni\u0107 legalny i naturalny spos\u00f3b na zwi\u0119kszenie energii i nastroju. Wraz ze wzrostem zapotrzebowania na stymulanty ro\u015blinne, pojawi\u0142y si\u0119 innowacje w suplementach zwi\u0119kszaj\u0105cych energi\u0119. \u0141\u0105cz\u0105c staro\u017cytne superfoods, takie jak maca i kratom, z nowoczesnymi nootropami, UltimateX wype\u0142nia luk\u0119 mi\u0119dzy naturalnym wellness a wysokoenergetycznym \u017cyciem nocnym, oferuj\u0105c produkt dostosowany do potrzeb mi\u0142o\u015bnik\u00f3w imprez na ca\u0142ym \u015bwiecie.<\/p>\n<h2 data-start=\"1185\" data-end=\"1208\">Jak korzysta\u0107 z UltimateX<\/h2>\n<p data-start=\"1210\" data-end=\"1741\">Aby uzyska\u0107 najlepsze wyniki, nale\u017cy przyj\u0105\u0107 od 1 do 2 tabletek na oko\u0142o 30 minut przed rozpocz\u0119ciem dzia\u0142ania. W razie potrzeby mo\u017cna zwi\u0119kszy\u0107 dawk\u0119 do maksymalnie 4 tabletek w ci\u0105gu 24 godzin. Efekty mog\u0105 si\u0119 r\u00f3\u017cni\u0107 w zale\u017cno\u015bci od osoby, ale zazwyczaj utrzymuj\u0105 si\u0119 przez kilka godzin, zapewniaj\u0105c trwa\u0142\u0105 energi\u0119 i zwi\u0119kszone poczucie euforii. Unikaj przekraczania zalecanej dawki, aby zapewni\u0107 bezpieczne i przyjemne doznania. Zawsze popijaj UltimateX wod\u0105 i unikaj mieszania go z innymi stymulantami, alkoholem lub lekami, aby zapobiec niepo\u017c\u0105danym interakcjom.<\/p>\n<h2 data-start=\"1743\" data-end=\"1770\">Sk\u0142adniki UltimateX<\/h2>\n<p data-start=\"1772\" data-end=\"1883\">UltimateX zawiera unikaln\u0105 mieszank\u0119 naturalnych sk\u0142adnik\u00f3w, kt\u00f3re wsp\u00f3\u0142pracuj\u0105 ze sob\u0105 w celu zwi\u0119kszenia energii, skupienia i nastroju:<\/p>\n<ul data-start=\"1885\" data-end=\"2442\">\n<li data-start=\"1885\" data-end=\"1988\"><strong data-start=\"1887\" data-end=\"1895\">Maca<\/strong>: Silny adaptogen znany ze zwi\u0119kszania wytrzyma\u0142o\u015bci, r\u00f3wnowa\u017cenia hormon\u00f3w i zwi\u0119kszania libido.<\/li>\n<li data-start=\"1989\" data-end=\"2068\"><strong data-start=\"1991\" data-end=\"2001\">Imbir<\/strong>: Pomaga w trawieniu, zmniejsza nudno\u015bci i wspomaga poziom energii.<\/li>\n<li data-start=\"2069\" data-end=\"2208\"><strong data-start=\"2071\" data-end=\"2091\">DL-fenyloalanina<\/strong>: Aminokwas, kt\u00f3ry pomaga w regulacji nastroju i zwi\u0119ksza czujno\u015b\u0107 poprzez wp\u0142yw na produkcj\u0119 dopaminy i endorfin.<\/li>\n<li data-start=\"2209\" data-end=\"2313\"><strong data-start=\"2211\" data-end=\"2223\">Kofeina<\/strong>: Dobrze znany \u015brodek pobudzaj\u0105cy, kt\u00f3ry zwi\u0119ksza energi\u0119 i czujno\u015b\u0107, pomagaj\u0105c d\u0142u\u017cej pozosta\u0107 aktywnym.<\/li>\n<li data-start=\"2314\" data-end=\"2442\"><strong data-start=\"2316\" data-end=\"2326\">Kratom<\/strong>: Tropikalna ro\u015blina o naturalnych w\u0142a\u015bciwo\u015bciach energetyzuj\u0105cych i przeciwb\u00f3lowych, zapewniaj\u0105ca zr\u00f3wnowa\u017cony i podnosz\u0105cy na duchu efekt.<\/li>\n<\/ul>\n<p data-start=\"2444\" data-end=\"2665\">Te starannie wyselekcjonowane sk\u0142adniki dzia\u0142aj\u0105 synergicznie, tworz\u0105c pot\u0119\u017cn\u0105, ale naturaln\u0105 formu\u0142\u0119, kt\u00f3ra wspiera wytrzyma\u0142o\u015b\u0107, czujno\u015b\u0107 i poprawia nastr\u00f3j, dzi\u0119ki czemu UltimateX jest idealnym dodatkiem do rutyny imprezowej.<\/p>\n<p data-start=\"2667\" data-end=\"2677\"><strong>Ostrze\u017cenie<\/strong><\/p>\n<p data-start=\"2679\" data-end=\"3116\" data-is-last-node=\"\">UltimateX jest suplementem diety i nie powinien by\u0107 stosowany jako substytut zbilansowanej diety. Przechowywa\u0107 w miejscu niedost\u0119pnym dla dzieci. Wy\u0142\u0105cznie do u\u017cytku przez osoby w wieku 18 lat i starsze. Nie stosowa\u0107 w przypadku wysokiego lub niskiego ci\u015bnienia krwi, chor\u00f3b serca, zaburze\u0144 tarczycy, chor\u00f3b nerek, depresji, zaburze\u0144 nerwowych lub przyjmowania inhibitor\u00f3w MAO. Nale\u017cy unika\u0107 nadmiernego spo\u017cycia alkoholu podczas stosowania tego produktu. W razie w\u0105tpliwo\u015bci nale\u017cy skonsultowa\u0107 si\u0119 z lekarzem.<\/p>","protected":false},"excerpt":{"rendered":"<p>Szukasz zastrzyku energii, kt\u00f3ry sprawi, \u017ce Twoja impreza b\u0119dzie niezapomniana? UltimateX to naturalna pigu\u0142ka energetyczna, kt\u00f3ra sprawi, \u017ce b\u0119dziesz ta\u0144czy\u0107 do wschodu s\u0142o\u0144ca. Unikalna mieszanka sk\u0142adnik\u00f3w zwi\u0119ksza wytrzyma\u0142o\u015b\u0107 i eufori\u0119, dzi\u0119ki czemu ka\u017cda impreza b\u0119dzie niezapomnianym prze\u017cyciem.<\/p>","protected":false},"featured_media":37835,"template":"","meta":[],"product_brand":[],"product_cat":[535,297,385,527,513,525,476],"product_tag":[],"class_list":{"0":"post-37823","1":"product","2":"type-product","3":"status-publish","4":"has-post-thumbnail","6":"product_cat-dnx","7":"product_cat-all-products","8":"product_cat-buy-xtc","9":"product_cat-energy-pills","10":"product_cat-party","11":"product_cat-party-pills","12":"product_cat-smartshop","14":"first","15":"instock","16":"taxable","17":"shipping-taxable","18":"purchasable","19":"product-type-variable","20":"has-default-attributes"},"_links":{"self":[{"href":"https:\/\/www.tatanka.nl\/pl\/wp-json\/wp\/v2\/product\/37823","targetHints":{"allow":["GET"]}}],"collection":[{"href":"https:\/\/www.tatanka.nl\/pl\/wp-json\/wp\/v2\/product"}],"about":[{"href":"https:\/\/www.tatanka.nl\/pl\/wp-json\/wp\/v2\/types\/product"}],"wp:featuredmedia":[{"embeddable":true,"href":"https:\/\/www.tatanka.nl\/pl\/wp-json\/wp\/v2\/media\/37835"}],"wp:attachment":[{"href":"https:\/\/www.tatanka.nl\/pl\/wp-json\/wp\/v2\/media?parent=37823"}],"wp:term":[{"taxonomy":"product_brand","embeddable":true,"href":"https:\/\/www.tatanka.nl\/pl\/wp-json\/wp\/v2\/product_brand?post=37823"},{"taxonomy":"product_cat","embeddable":true,"href":"https:\/\/www.tatanka.nl\/pl\/wp-json\/wp\/v2\/product_cat?post=37823"},{"taxonomy":"product_tag","embeddable":true,"href":"https:\/\/www.tatanka.nl\/pl\/wp-json\/wp\/v2\/product_tag?post=37823"}],"curies":[{"name":"wp","href":"https:\/\/api.w.org\/{rel}","templated":true}]}}