{"id":37826,"date":"2021-12-01T14:33:14","date_gmt":"2021-12-01T12:33:14","guid":{"rendered":"https:\/\/www.tatanka.nl\/?post_type=product&#038;p=37826"},"modified":"2025-08-10T12:48:34","modified_gmt":"2025-08-10T11:48:34","slug":"speedx-partypills","status":"publish","type":"product","link":"https:\/\/www.tatanka.nl\/pl\/speedx-partypills\/","title":{"rendered":"SpeedX Partypills"},"content":{"rendered":"<h2 data-pm-slice=\"1 1 []\">Co to jest SpeedX?<\/h2>\n<p>SpeedX to wysokoenergetyczny suplement imprezowy zaprojektowany w celu zapewnienia intensywnego i trwa\u0142ego zastrzyku energii. Niezale\u017cnie od tego, czy ta\u0144czysz ca\u0142\u0105 noc, pracujesz przez wiele godzin, czy po prostu potrzebujesz dodatkowej wytrzyma\u0142o\u015bci, SpeedX zapewni Ci nieustaj\u0105c\u0105 moc. Silne po\u0142\u0105czenie naturalnych stymulant\u00f3w zwi\u0119ksza czujno\u015b\u0107, skupienie i wytrzyma\u0142o\u015b\u0107, zapewniaj\u0105c, \u017ce zm\u0119czenie nie b\u0119dzie Ci\u0119 spowalnia\u0107.<\/p>\n<p>Stworzony z my\u015bl\u0105 o osobach, kt\u00f3re prowadz\u0105 intensywny tryb \u017cycia, SpeedX jest idealnym towarzyszem podczas aktywno\u015bci o wysokiej intensywno\u015bci. W przeciwie\u0144stwie do syntetycznych stymulant\u00f3w, SpeedX wykorzystuje naturalne sk\u0142adniki, aby zoptymalizowa\u0107 poziom energii, jednocze\u015bnie wspieraj\u0105c funkcje poznawcze i wydajno\u015b\u0107 fizyczn\u0105. Rezultat? Pozostajesz pobudzony, pe\u0142en energii i gotowy do podj\u0119cia ka\u017cdego wyzwania - czy to na festiwalu, w klubie, czy podczas wymagaj\u0105cego treningu. Dzi\u0119ki SpeedX pozostajesz w ruchu bez utraty rytmu.<\/p>\n<h2>Historia SpeedX<\/h2>\n<p>Stosowanie suplement\u00f3w zwi\u0119kszaj\u0105cych energi\u0119 si\u0119ga wiek\u00f3w wstecz, a staro\u017cytne cywilizacje polega\u0142y na lekach zio\u0142owych i ekstraktach ro\u015blinnych, aby utrzyma\u0107 wytrzyma\u0142o\u015b\u0107 podczas bitew, rytua\u0142\u00f3w i uroczysto\u015bci. Sk\u0142adniki takie jak aurantium cytrusowe i kofeina od dawna s\u0105 cenione za swoje w\u0142a\u015bciwo\u015bci stymuluj\u0105ce, zapewniaj\u0105c zar\u00f3wno psychiczne, jak i fizyczne pobudzenie, gdy jest to najbardziej potrzebne.<\/p>\n<p>W miar\u0119 jak post\u0119p naukowy udoskonala\u0142 te naturalne wzmacniacze, pojawi\u0142y si\u0119 ukierunkowane formu\u0142y optymalizuj\u0105ce uwalnianie energii. SpeedX reprezentuje ewolucj\u0119 tej wiedzy, \u0142\u0105cz\u0105c tradycyjn\u0105 m\u0105dro\u015b\u0107 z nowoczesn\u0105 nauk\u0105, aby stworzy\u0107 pot\u0119\u017cny, ale naturalny suplement imprezowy. W przeciwie\u0144stwie do chemicznych stymulant\u00f3w, SpeedX zapewnia zr\u00f3wnowa\u017cony i trwa\u0142y zastrzyk energii, zapobiegaj\u0105c nag\u0142ym za\u0142amaniom lub niepo\u017c\u0105danym skutkom ubocznym.<\/p>\n<p>Rosn\u0105ce zapotrzebowanie na bezpieczne i skuteczne wzmacniacze energii doprowadzi\u0142o do powstania SpeedX, oferuj\u0105cego czyste i zoptymalizowane rozwi\u0105zanie dla tych, kt\u00f3rzy nie chc\u0105 zwolni\u0107. Niezale\u017cnie od tego, czy chodzi o wysokoenergetyczne wydarzenia, czy d\u0142ugie dni pracy, SpeedX pomaga zmaksymalizowa\u0107 wydajno\u015b\u0107 i przyjemno\u015b\u0107.<\/p>\n<h2>Jak korzysta\u0107 z SpeedX<\/h2>\n<p>Aby do\u015bwiadczy\u0107 pe\u0142nego dzia\u0142ania SpeedX, nale\u017cy przyj\u0105\u0107 od 1 do 2 kapsu\u0142ek na oko\u0142o 30 minut przed po\u017c\u0105danym efektem. W razie potrzeby dawk\u0119 mo\u017cna zwi\u0119kszy\u0107 do 3 lub 4 kapsu\u0142ek, ale nie nale\u017cy przekracza\u0107 maksymalnej dziennej dawki 4 kapsu\u0142ek w ci\u0105gu 24 godzin. Odpowiednie wyczucie czasu gwarantuje, \u017ce zastrzyk energii zadzia\u0142a dok\u0142adnie wtedy, gdy jest potrzebny.<\/p>\n<p>Aby uzyska\u0107 najlepsze wyniki, nale\u017cy przyjmowa\u0107 SpeedX ze szklank\u0105 wody lub soku owocowego. Formu\u0142a zosta\u0142a opracowana z my\u015bl\u0105 o stopniowym zwi\u0119kszaniu energii, zapewniaj\u0105c p\u0142ynn\u0105 i trwa\u0142\u0105 wytrzyma\u0142o\u015b\u0107 i czujno\u015b\u0107. Efekty utrzymuj\u0105 si\u0119 zwykle przez kilka godzin, w zale\u017cno\u015bci od indywidualnej tolerancji i poziomu aktywno\u015bci. Podczas stosowania SpeedX przed zawodami lub treningiem nale\u017cy pozosta\u0107 nawodnionym i utrzymywa\u0107 zbilansowan\u0105 diet\u0119, aby wspiera\u0107 og\u00f3ln\u0105 wydajno\u015b\u0107.<\/p>\n<p>SpeedX jest idealny do aktywno\u015bci o wysokiej energii, takich jak clubbing, raving, sport i d\u0142ugie zmiany w pracy. Niezale\u017cnie od tego, czy chcesz przeta\u0144czy\u0107 ca\u0142\u0105 noc, przej\u015b\u0107 przez intensywny trening, czy zachowa\u0107 ostro\u015b\u0107 podczas wymagaj\u0105cego zadania, SpeedX zapewnia niezb\u0119dny zastrzyk energii. Wa\u017cne jest jednak, aby przestrzega\u0107 zalece\u0144 dotycz\u0105cych dawkowania, aby unikn\u0105\u0107 nadmiernej stymulacji.<\/p>\n<h2>Sk\u0142adniki SpeedX<\/h2>\n<p>SpeedX zawiera unikaln\u0105 mieszank\u0119 naturalnych stymulant\u00f3w, z kt\u00f3rych ka\u017cdy zosta\u0142 starannie dobrany ze wzgl\u0119du na jego zdolno\u015b\u0107 do zwi\u0119kszania energii, skupienia i wytrzyma\u0142o\u015bci.<\/p>\n<ul data-spread=\"false\">\n<li><strong>DL-fenyloalanina (DLPA):<\/strong> Aminokwas ten pomaga poprawi\u0107 nastr\u00f3j i z\u0142agodzi\u0107 zm\u0119czenie poprzez wp\u0142yw na neuroprzeka\u017aniki, takie jak dopamina i endorfiny. DLPA zwi\u0119ksza jasno\u015b\u0107 umys\u0142u i wytrzyma\u0142o\u015b\u0107 fizyczn\u0105, dzi\u0119ki czemu jest kluczowym sk\u0142adnikiem SpeedX.<\/li>\n<li><strong>Kofeina:<\/strong> Kofeina jest dobrze znanym stymulantem, kt\u00f3ry zwi\u0119ksza energi\u0119 i czujno\u015b\u0107, jednocze\u015bnie zmniejszaj\u0105c zm\u0119czenie. Wyst\u0119puj\u0105ca naturalnie w r\u00f3\u017cnych ro\u015blinach, kofeina wzmacnia dzia\u0142anie innych sk\u0142adnik\u00f3w, zapewniaj\u0105c silny, d\u0142ugotrwa\u0142y zastrzyk energii.<\/li>\n<li><strong>Citrus Aurantium:<\/strong> Znany r\u00f3wnie\u017c jako gorzka pomara\u0144cza, ekstrakt ten zawiera synefryn\u0119, zwi\u0105zek, kt\u00f3ry zwi\u0119ksza poziom energii i koncentracj\u0119 umys\u0142ow\u0105. Zwi\u0119ksza wytrzyma\u0142o\u015b\u0107 i poprawia samopoczucie.<\/li>\n<li><strong>Higenamina:<\/strong> Higenamina, naturalny alkaloid wyst\u0119puj\u0105cy w ro\u015blinach lotosu i tojadu, dzia\u0142a jako stymulant przedtreningowy. Zwi\u0119ksza poziom adrenaliny, wspomaga funkcjonowanie uk\u0142adu sercowo-naczyniowego i poprawia wydolno\u015b\u0107 oddechow\u0105, dzi\u0119ki czemu jest korzystna dla aktywno\u015bci o wysokiej energii.<\/li>\n<li><strong>Oktopamina:<\/strong> Ten naturalny zwi\u0105zek wspomaga metabolizm t\u0142uszcz\u00f3w i produkcj\u0119 energii. Wspomaga jasno\u015b\u0107 umys\u0142u, czujno\u015b\u0107 i og\u00f3ln\u0105 wytrzyma\u0142o\u015b\u0107, pomagaj\u0105c u\u017cytkownikom zachowa\u0107 koncentracj\u0119 i energi\u0119 przez d\u0142u\u017cszy czas.<\/li>\n<\/ul>\n<p>Razem sk\u0142adniki te tworz\u0105 dobrze zbilansowan\u0105 formu\u0142\u0119 zaprojektowan\u0105 w celu maksymalizacji energii, wydajno\u015bci i wytrzyma\u0142o\u015bci przy jednoczesnym zachowaniu jasno\u015bci umys\u0142u.<\/p>\n<p><strong>Ostrze\u017cenie:<\/strong><\/p>\n<p>Suplement diety nie mo\u017ce by\u0107 stosowany jako substytut zr\u00f3\u017cnicowanej diety. Przechowywa\u0107 w miejscu niedost\u0119pnym dla dzieci. Stosowa\u0107 wy\u0142\u0105cznie u os\u00f3b powy\u017cej 18 roku \u017cycia. Nie stosowa\u0107 w po\u0142\u0105czeniu z lekami lub innymi stymulantami, zw\u0142aszcza w przypadku wysokiego lub niskiego ci\u015bnienia krwi, chor\u00f3b serca, zaburze\u0144 tarczycy, chor\u00f3b nerek, depresji, nerwowo\u015bci lub problem\u00f3w ze zdrowiem psychicznym\/fizycznym. Podczas stosowania tego produktu nale\u017cy unika\u0107 nadmiernego spo\u017cywania alkoholu. W razie w\u0105tpliwo\u015bci nale\u017cy skonsultowa\u0107 si\u0119 z lekarzem.<\/p>","protected":false},"excerpt":{"rendered":"<p>SpeedX to najlepsze imprezowe paliwo dla tych, kt\u00f3rzy \u017cyj\u0105 na pe\u0142nych obrotach. Stworzona z my\u015bl\u0105 o entuzjastach wysokiej energii, ta silna, naturalna formu\u0142a zwi\u0119ksza wytrzyma\u0142o\u015b\u0107, wyostrza koncentracj\u0119 i zwi\u0119ksza czujno\u015b\u0107 - sprawiaj\u0105c, \u017ce ta\u0144czysz, szalejesz i poruszasz si\u0119 non-stop przez wiele godzin. Dzi\u0119ki pot\u0119\u017cnej mieszance stymuluj\u0105cych sk\u0142adnik\u00f3w, SpeedX utrzymuje wysoki poziom energii, dzi\u0119ki czemu mo\u017cesz zaw\u0142adn\u0105\u0107 ca\u0142\u0105 noc\u0105. Nie zwalniaj tempa - rozpal swoj\u0105 energi\u0119 dzi\u0119ki SpeedX i utrzymaj imprez\u0119 przy \u017cyciu!<\/p>","protected":false},"featured_media":37841,"template":"","meta":[],"product_brand":[],"product_cat":[535,297,385,527,513,525,476],"product_tag":[],"class_list":{"0":"post-37826","1":"product","2":"type-product","3":"status-publish","4":"has-post-thumbnail","6":"product_cat-dnx","7":"product_cat-all-products","8":"product_cat-buy-xtc","9":"product_cat-energy-pills","10":"product_cat-party","11":"product_cat-party-pills","12":"product_cat-smartshop","14":"first","15":"instock","16":"taxable","17":"shipping-taxable","18":"purchasable","19":"product-type-variable","20":"has-default-attributes"},"_links":{"self":[{"href":"https:\/\/www.tatanka.nl\/pl\/wp-json\/wp\/v2\/product\/37826","targetHints":{"allow":["GET"]}}],"collection":[{"href":"https:\/\/www.tatanka.nl\/pl\/wp-json\/wp\/v2\/product"}],"about":[{"href":"https:\/\/www.tatanka.nl\/pl\/wp-json\/wp\/v2\/types\/product"}],"wp:featuredmedia":[{"embeddable":true,"href":"https:\/\/www.tatanka.nl\/pl\/wp-json\/wp\/v2\/media\/37841"}],"wp:attachment":[{"href":"https:\/\/www.tatanka.nl\/pl\/wp-json\/wp\/v2\/media?parent=37826"}],"wp:term":[{"taxonomy":"product_brand","embeddable":true,"href":"https:\/\/www.tatanka.nl\/pl\/wp-json\/wp\/v2\/product_brand?post=37826"},{"taxonomy":"product_cat","embeddable":true,"href":"https:\/\/www.tatanka.nl\/pl\/wp-json\/wp\/v2\/product_cat?post=37826"},{"taxonomy":"product_tag","embeddable":true,"href":"https:\/\/www.tatanka.nl\/pl\/wp-json\/wp\/v2\/product_tag?post=37826"}],"curies":[{"name":"wp","href":"https:\/\/api.w.org\/{rel}","templated":true}]}}