{"id":38095,"date":"2021-12-07T10:42:35","date_gmt":"2021-12-07T08:42:35","guid":{"rendered":"https:\/\/www.tatanka.nl\/?post_type=product&#038;p=38095"},"modified":"2025-07-11T11:16:52","modified_gmt":"2025-07-11T10:16:52","slug":"joint-roller-futurola-black","status":"publish","type":"product","link":"https:\/\/www.tatanka.nl\/pl\/joint-roller-futurola-black\/","title":{"rendered":"Joint Roller Futurola Black"},"content":{"rendered":"<h2 dir=\"ltr\" data-pm-slice=\"1 1 []\">Czym s\u0105 rolki Futurola King Size?<\/h2>\n<p dir=\"ltr\">Futurola King Size Roller to wysokiej jako\u015bci narz\u0119dzie do zwijania papieros\u00f3w, zaprojektowane w celu uproszczenia i udoskonalenia procesu tworzenia papieros\u00f3w lub bletek w rozmiarze king size. Mierz\u0105ca 14,5 cm d\u0142ugo\u015bci rolka pozwala na uzyskanie 11-centymetrowych bletek, idealnych dla palaczy ceni\u0105cych sobie precyzj\u0119 i \u0142atwo\u015b\u0107. Dost\u0119pna w stylowych kolorach - szarym, czarnym, bia\u0142ym, fioletowym i turkusowym - rolka ta \u0142\u0105czy funkcjonalno\u015b\u0107 z estetycznym wygl\u0105dem. Stworzony z my\u015bl\u0105 o trwa\u0142o\u015bci, Futurola King Size Roller jest wykonany z wysokiej jako\u015bci materia\u0142\u00f3w, zapewniaj\u0105c d\u0142ugotrwa\u0142\u0105 wydajno\u015b\u0107. Jego przyjazna dla u\u017cytkownika konstrukcja pozwala zar\u00f3wno pocz\u0105tkuj\u0105cym, jak i do\u015bwiadczonym rolkarzom osi\u0105gn\u0105\u0107 profesjonalne rezultaty przy minimalnym wysi\u0142ku. Kompaktowy rozmiar wa\u0142ka sprawia, \u017ce jest on przeno\u015bny, idealny do u\u017cytku domowego lub w podr\u00f3\u017cy. Usprawniaj\u0105c proces walcowania, Futurola King Size Roller poprawia wra\u017cenia z palenia, oferuj\u0105c niezawodny i wydajny spos\u00f3b tworzenia jednolitych rolek za ka\u017cdym razem. Dzi\u0119ki po\u0142\u0105czeniu praktyczno\u015bci, stylu i jako\u015bci, narz\u0119dzie to jest niezb\u0119dne dla palaczy poszukuj\u0105cych sp\u00f3jno\u015bci i wygody w swojej rutynie zwijania, co czyni go wyr\u00f3\u017cniaj\u0105cym si\u0119 akcesorium w bran\u017cy tytoniowej.<\/p>\n<h2 dir=\"ltr\">Historia rolek Futurola King Size<\/h2>\n<p dir=\"ltr\">Futurola King Size Roller ma swoje korzenie w za\u0142o\u017ceniu firmy Futurola w Amsterdamie, mie\u015bcie znanym z kultury palenia. Za\u0142o\u017cona w latach 90-tych firma Futurola postawi\u0142a sobie za cel wprowadzanie innowacji w akcesoriach do palenia, koncentruj\u0105c si\u0119 na narz\u0119dziach, kt\u00f3re poprawiaj\u0105 wra\u017cenia u\u017cytkownika. Rolka King Size Roller zosta\u0142a wprowadzona w celu zaspokojenia rosn\u0105cego zapotrzebowania na sp\u00f3jne, wysokiej jako\u015bci rolki, szczeg\u00f3lnie w\u015br\u00f3d u\u017cytkownik\u00f3w papieru king-size. Pocz\u0105tkowo zaprojektowany z my\u015bl\u0105 o \u0142atwo\u015bci i precyzji, wa\u0142ek szybko sta\u0142 si\u0119 ulubionym narz\u0119dziem do produkcji jednolitych 11-centymetrowych bletek. Z biegiem lat Futurola udoskonali\u0142a produkt, wprowadzaj\u0105c trwa\u0142e materia\u0142y i \u017cywe opcje kolorystyczne, takie jak szary, czarny, bia\u0142y, fioletowy i turkusowy, aby zaspokoi\u0107 r\u00f3\u017cnorodne gusta. Zaanga\u017cowanie marki w jako\u015b\u0107 i funkcjonalno\u015b\u0107 sprawi\u0142o, \u017ce Futurola King Size Roller sta\u0142 si\u0119 podstaw\u0105 w spo\u0142eczno\u015bci palaczy. Jego ewolucja odzwierciedla zaanga\u017cowanie Futuroli w \u0142\u0105czenie tradycyjnego rzemios\u0142a z nowoczesnym wzornictwem, zaspokajaj\u0105c potrzeby zar\u00f3wno zwyk\u0142ych palaczy, jak i entuzjast\u00f3w. Dzi\u015b rolka jest \u015bwiadectwem dziedzictwa marki, oferuj\u0105c niezawodne, stylowe narz\u0119dzie, kt\u00f3re nadal kszta\u0142tuje spos\u00f3b, w jaki palacze tworz\u0105 swoje rolki z precyzj\u0105 i polotem.<\/p>\n<h2 dir=\"ltr\">Jak korzysta\u0107 z rolek Futurola King Size?<\/h2>\n<p dir=\"ltr\">Korzystanie z Futurola King Size Roller jest proste, dzi\u0119ki czemu jest idealny dla palaczy na wszystkich poziomach umiej\u0119tno\u015bci. Otw\u00f3rz rolk\u0119, rozdzielaj\u0105c jej dwie po\u0142\u00f3wki, ods\u0142aniaj\u0105c mat\u0119 do zwijania. Umie\u015b\u0107 preferowany materia\u0142 do legalnego palenia r\u00f3wnomiernie na macie, upewniaj\u0105c si\u0119, \u017ce jest roz\u0142o\u017cony tak, aby pasowa\u0142 do d\u0142ugo\u015bci 11 cm king-size. W razie potrzeby w\u0142\u00f3\u017c ko\u0144c\u00f3wk\u0119 filtra na jednym ko\u0144cu, aby uzyska\u0107 dodatkow\u0105 struktur\u0119. Zamknij rolk\u0119, wyr\u00f3wnuj\u0105c bezpiecznie po\u0142\u00f3wki. Delikatnie zroluj urz\u0105dzenie mi\u0119dzy d\u0142o\u0144mi, wywieraj\u0105c r\u00f3wnomierny nacisk, aby uformowa\u0107 materia\u0142 w ciasny cylinder. Otw\u00f3rz wa\u0142ek, umie\u015b\u0107 w macie bibu\u0142k\u0119 typu king-size (gumowan\u0105 stron\u0105 do g\u00f3ry) i ponownie zroluj, aby owin\u0105\u0107 bibu\u0142k\u0119 wok\u00f3\u0142 materia\u0142u. Zwil\u017c gumowan\u0105 kraw\u0119d\u017a, aby uszczelni\u0107 rolk\u0119, a nast\u0119pnie wyjmij gotowego papierosa. Futurola King Size Roller zapewnia sp\u00f3jne, profesjonalne rezultaty przy minimalnym wysi\u0142ku. Rolk\u0119 nale\u017cy przechowywa\u0107 w suchym miejscu, aby zachowa\u0107 jej stan. Dost\u0119pny w kolorze szarym, czarnym, bia\u0142ym, fioletowym lub turkusowym, jest zar\u00f3wno przeno\u015bny, jak i stylowy, idealny do tworzenia nieskazitelnych rolek w domu lub w podr\u00f3\u017cy, poprawiaj\u0105c ka\u017cd\u0105 sesj\u0119 palenia z \u0142atwo\u015bci\u0105 i precyzj\u0105.<\/p>\n<p dir=\"ltr\"><strong>Ostrze\u017cenie<\/strong><br \/>\nFuturola King Size Roller jest przeznaczony do u\u017cytku wy\u0142\u0105cznie z legalnymi materia\u0142ami do palenia. Przechowywa\u0107 w miejscu niedost\u0119pnym dla dzieci i zapewni\u0107 odpowiedni\u0105 wentylacj\u0119 podczas palenia, poniewa\u017c palenie stanowi zagro\u017cenie dla zdrowia. Przechowywa\u0107 w suchym miejscu, aby zachowa\u0107 funkcjonalno\u015b\u0107. U\u017cywaj odpowiedzialnie.<\/p>","protected":false},"excerpt":{"rendered":"<p><span style=\"font-size: 100%; color: #000000;\">Wystarczy doda\u0107 bibu\u0142k\u0119 do zwijania marihuany w rozmiarze king size, ko\u0144c\u00f3wk\u0119 filtruj\u0105c\u0105, w\u0142o\u017cy\u0107 weedmix, przekr\u0119ci\u0107, poliza\u0107 i oto idealnie zwini\u0119ty joint! Rolka do joint\u00f3w z konopi indyjskich to idealne urz\u0105dzenie, je\u015bli chcesz szybko zwija\u0107 jointy lub nie masz do\u015bwiadczenia w zwijaniu. Spraw, by zwijanie joint\u00f3w by\u0142o \u0142atwiejsze i szybsze!<\/span><\/p>","protected":false},"featured_media":38116,"template":"","meta":[],"product_brand":[],"product_cat":[553,297,488,396],"product_tag":[],"class_list":{"0":"post-38095","1":"product","2":"type-product","3":"status-publish","4":"has-post-thumbnail","6":"product_cat-rolling-machines","7":"product_cat-all-products","8":"product_cat-headshop","9":"product_cat-joint-roller","10":"product_shipping_class-creditcard-on","12":"first","13":"instock","14":"taxable","15":"shipping-taxable","16":"purchasable","17":"product-type-variable","18":"has-default-attributes"},"_links":{"self":[{"href":"https:\/\/www.tatanka.nl\/pl\/wp-json\/wp\/v2\/product\/38095","targetHints":{"allow":["GET"]}}],"collection":[{"href":"https:\/\/www.tatanka.nl\/pl\/wp-json\/wp\/v2\/product"}],"about":[{"href":"https:\/\/www.tatanka.nl\/pl\/wp-json\/wp\/v2\/types\/product"}],"wp:featuredmedia":[{"embeddable":true,"href":"https:\/\/www.tatanka.nl\/pl\/wp-json\/wp\/v2\/media\/38116"}],"wp:attachment":[{"href":"https:\/\/www.tatanka.nl\/pl\/wp-json\/wp\/v2\/media?parent=38095"}],"wp:term":[{"taxonomy":"product_brand","embeddable":true,"href":"https:\/\/www.tatanka.nl\/pl\/wp-json\/wp\/v2\/product_brand?post=38095"},{"taxonomy":"product_cat","embeddable":true,"href":"https:\/\/www.tatanka.nl\/pl\/wp-json\/wp\/v2\/product_cat?post=38095"},{"taxonomy":"product_tag","embeddable":true,"href":"https:\/\/www.tatanka.nl\/pl\/wp-json\/wp\/v2\/product_tag?post=38095"}],"curies":[{"name":"wp","href":"https:\/\/api.w.org\/{rel}","templated":true}]}}