{"id":42171,"date":"2022-03-08T11:57:02","date_gmt":"2022-03-08T09:57:02","guid":{"rendered":"https:\/\/www.tatanka.nl\/product\/green-borneo-kratom\/"},"modified":"2025-11-18T15:37:51","modified_gmt":"2025-11-18T14:37:51","slug":"green-borneo-kratom","status":"publish","type":"product","link":"https:\/\/www.tatanka.nl\/pl\/green-borneo-kratom\/","title":{"rendered":"Green Borneo Kratom"},"content":{"rendered":"<h2 data-start=\"0\" data-end=\"40\">Co to jest Kratopia Green Borneo Kratom?<\/h2>\n<p data-start=\"42\" data-end=\"795\">Kratopia Green Borneo Kratom to \u0142agodna, energetyzuj\u0105ca odmiana pochodz\u0105ca z wyspy Borneo w Azji Po\u0142udniowo-Wschodniej. W przeciwie\u0144stwie do swoich silniejszych czerwonych i bia\u0142ych odpowiednik\u00f3w, Green Borneo oferuje zr\u00f3wnowa\u017cony efekt, kt\u00f3ry promuje skupienie i motywacj\u0119 bez przyt\u0142aczania u\u017cytkownika. Odmiana ta znana jest ze z\u0142o\u017conego profilu alkaloid\u00f3w, kt\u00f3ry przyczynia si\u0119 do jej stymuluj\u0105cych w\u0142a\u015bciwo\u015bci, co czyni j\u0105 doskona\u0142ym wyborem dla os\u00f3b poszukuj\u0105cych naturalnego zastrzyku energii i dobrego samopoczucia. Cz\u0119sto spo\u017cywana jako herbata, Green Borneo jest \u0142atwa do w\u0142\u0105czenia do codziennej rutyny i jest wszechstronn\u0105 opcj\u0105 zar\u00f3wno dla nowych, jak i do\u015bwiadczonych u\u017cytkownik\u00f3w kratomu. Zapewnia \u0142agodniejsze, bardziej kontrolowane doznania, dzi\u0119ki czemu jest popularn\u0105 alternatyw\u0105 dla kofeiny w celu utrzymania czujno\u015bci przez ca\u0142y dzie\u0144.<\/p>\n<h2 data-start=\"797\" data-end=\"839\">Historia Kratopia Green Borneo Kratom<\/h2>\n<p data-start=\"841\" data-end=\"1704\">Historia Green Borneo Kratom jest g\u0142\u0119boko zakorzeniona w tradycyjnych praktykach Azji Po\u0142udniowo-Wschodniej, w szczeg\u00f3lno\u015bci na wyspie Borneo. Rdzenni mieszka\u0144cy od dawna stosowali kratom ze wzgl\u0119du na jego w\u0142a\u015bciwo\u015bci lecznicze, polegaj\u0105c na jego w\u0142a\u015bciwo\u015bciach w leczeniu r\u00f3\u017cnych dolegliwo\u015bci. Green Borneo, w szczeg\u00f3lno\u015bci, jest znany ze swojej zdolno\u015bci do oferowania zar\u00f3wno stymuluj\u0105cych, jak i relaksuj\u0105cych efekt\u00f3w. Tropikalny i wilgotny klimat Borneo jest idealny do uprawy wysokiej jako\u015bci kratomu, a region ten sta\u0142 si\u0119 dobrze znany w globalnej spo\u0142eczno\u015bci kratomu z produkcji tej wyj\u0105tkowej odmiany. Chocia\u017c czerwone i bia\u0142e odmiany kratomu s\u0105 bardziej znane, Green Borneo stale zyskuje na popularno\u015bci dzi\u0119ki zr\u00f3wnowa\u017conym efektom. Jego wszechstronno\u015b\u0107 i umiarkowana moc sprawi\u0142y, \u017ce sta\u0142 si\u0119 on podstaw\u0105 zar\u00f3wno w spo\u0142eczno\u015bci badawczej kratomu, jak i w\u015br\u00f3d konsument\u00f3w poszukuj\u0105cych bardziej wyrafinowanego do\u015bwiadczenia kratomu.<\/p>\n<h2 data-start=\"1706\" data-end=\"1748\">Jak u\u017cywa\u0107 Kratopia Green Borneo Kratom<\/h2>\n<p data-start=\"1750\" data-end=\"2714\">Najcz\u0119stszym sposobem korzystania z Kratopia Green Borneo Kratom jest przygotowanie go w postaci herbaty. Aby przygotowa\u0107 herbat\u0119, rozpu\u015b\u0107 od 4 do 5 gram\u00f3w proszku Green Borneo Kratom w gor\u0105cej wodzie (o temperaturze od 70 do 95 stopni Celsjusza). Pozw\u00f3l herbacie parzy\u0107 si\u0119 przez 3 do 5 minut, pozwalaj\u0105c alkaloidom w pe\u0142ni zaparzy\u0107 si\u0119 w wodzie. Po zaparzeniu nie ma potrzeby odcedzania herbaty - wystarczy wypi\u0107 ca\u0142\u0105 mieszank\u0119. Wielu u\u017cytkownik\u00f3w wzmacnia smak poprzez dodanie miodu lub syropu. Je\u015bli jeste\u015b nowym u\u017cytkownikiem Green Borneo, najlepiej zacz\u0105\u0107 od ni\u017cszej dawki i stopniowo dostosowywa\u0107 j\u0105 w zale\u017cno\u015bci od reakcji organizmu. Typowa dawka od 4 do 5 gram\u00f3w jest zwykle wystarczaj\u0105ca do uzyskania \u0142agodnego, energetyzuj\u0105cego efektu. Poniewa\u017c efekty mog\u0105 si\u0119 r\u00f3\u017cni\u0107 w zale\u017cno\u015bci od czynnik\u00f3w takich jak masa cia\u0142a i moc kratomu, zawsze zaleca si\u0119 zacz\u0105\u0107 powoli i stopniowo znale\u017a\u0107 odpowiedni\u0105 ilo\u015b\u0107, kt\u00f3ra b\u0119dzie dla ciebie odpowiednia. Green Borneo Kratom to idealny wyb\u00f3r dla tych, kt\u00f3rzy chc\u0105 p\u0142ynnego, naturalnego zastrzyku energii bez roztrz\u0119sionych skutk\u00f3w ubocznych kofeiny.<\/p>\n<h2 data-start=\"2716\" data-end=\"2762\">Sk\u0142adniki Kratopia Green Borneo Kratom<\/h2>\n<p data-start=\"2764\" data-end=\"3609\">G\u0142\u00f3wnym sk\u0142adnikiem Kratopia Green Borneo Kratom jest Mitragyna speciosa, tropikalne drzewo pochodz\u0105ce z Azji Po\u0142udniowo-Wschodniej. Li\u015bcie tego drzewa zawieraj\u0105 silne alkaloidy, w szczeg\u00f3lno\u015bci mitragynin\u0119, kt\u00f3ra odpowiada za energetyzuj\u0105ce dzia\u0142anie szczepu. Green Borneo wyr\u00f3\u017cnia si\u0119 dobrze zbalansowanym profilem alkaloid\u00f3w, oferuj\u0105c umiarkowan\u0105 stymulacj\u0119 bez nadmiernej intensywno\u015bci. W por\u00f3wnaniu z innymi odmianami kratomu, Green Borneo zawiera wy\u017csze poziomy mitragyniny, co przyczynia si\u0119 do jej \u0142agodnego, ale skutecznego dzia\u0142ania. Li\u015bcie s\u0105 starannie zbierane i poddawane minimalnej obr\u00f3bce w celu zachowania naturalnej zawarto\u015bci alkaloid\u00f3w. Ten zr\u00f3wnowa\u017cony sk\u0142ad sprawia, \u017ce Green Borneo Kratom jest niezawodnym i popularnym wyborem zar\u00f3wno w\u015br\u00f3d pocz\u0105tkuj\u0105cych, jak i do\u015bwiadczonych u\u017cytkownik\u00f3w, oferuj\u0105c sp\u00f3jne doznania, kt\u00f3re mog\u0105 poprawi\u0107 koncentracj\u0119, energi\u0119 i og\u00f3lne samopoczucie.<\/p>\n<p data-start=\"3611\" data-end=\"3621\"><strong>Ostrze\u017cenie<\/strong><\/p>\n<p data-start=\"3623\" data-end=\"3947\" data-is-last-node=\"\">Sprzeda\u017c i u\u017cywanie Kratopia Green Borneo Kratom jest zabronione dla os\u00f3b poni\u017cej 18 roku \u017cycia. Przechowywa\u0107 w miejscu niedost\u0119pnym dla dzieci. Nie stosowa\u0107 w przypadku wysokiego lub niskiego ci\u015bnienia krwi, chor\u00f3b serca lub p\u0142uc, cukrzycy, ci\u0105\u017cy, przyjmowania lek\u00f3w, narkotyk\u00f3w lub alkoholu. Przed u\u017cyciem nale\u017cy zawsze skonsultowa\u0107 si\u0119 z lekarzem.<\/p>","protected":false},"excerpt":{"rendered":"<p>Green Borneo Kratom to wspania\u0142a, rewitalizuj\u0105ca i redukuj\u0105ca zm\u0119czenie odmiana kratomu Green Vein, kt\u00f3ra jest uwielbiana przez tych, kt\u00f3rzy szukaj\u0105 po\u0142\u0105czenia relaksu i energii. B\u0119d\u0105c ro\u015blin\u0105 kratom z \"zielonej\" strony rodziny, kratom Borneo jest idealnym wyborem dla tych, kt\u00f3rzy szukaj\u0105 \u015brednio mocnej popo\u0142udniowej odmiany kratomu, aby z\u0142agodzi\u0107 stres bez utraty zbytniej produktywno\u015bci!<\/p>","protected":false},"featured_media":126064,"template":"","meta":[],"product_brand":[],"product_cat":[599,297,512,477,509,510,511,476],"product_tag":[],"class_list":{"0":"post-42171","1":"product","2":"type-product","3":"status-publish","4":"has-post-thumbnail","6":"product_cat-kratopia","7":"product_cat-all-products","8":"product_cat-extracts","9":"product_cat-herbs","10":"product_cat-kratom","11":"product_cat-relax","12":"product_cat-relax-herbs","13":"product_cat-smartshop","14":"product_shipping_class-creditcard-off","16":"first","17":"instock","18":"taxable","19":"shipping-taxable","20":"purchasable","21":"product-type-variable","22":"has-default-attributes"},"_links":{"self":[{"href":"https:\/\/www.tatanka.nl\/pl\/wp-json\/wp\/v2\/product\/42171","targetHints":{"allow":["GET"]}}],"collection":[{"href":"https:\/\/www.tatanka.nl\/pl\/wp-json\/wp\/v2\/product"}],"about":[{"href":"https:\/\/www.tatanka.nl\/pl\/wp-json\/wp\/v2\/types\/product"}],"wp:featuredmedia":[{"embeddable":true,"href":"https:\/\/www.tatanka.nl\/pl\/wp-json\/wp\/v2\/media\/126064"}],"wp:attachment":[{"href":"https:\/\/www.tatanka.nl\/pl\/wp-json\/wp\/v2\/media?parent=42171"}],"wp:term":[{"taxonomy":"product_brand","embeddable":true,"href":"https:\/\/www.tatanka.nl\/pl\/wp-json\/wp\/v2\/product_brand?post=42171"},{"taxonomy":"product_cat","embeddable":true,"href":"https:\/\/www.tatanka.nl\/pl\/wp-json\/wp\/v2\/product_cat?post=42171"},{"taxonomy":"product_tag","embeddable":true,"href":"https:\/\/www.tatanka.nl\/pl\/wp-json\/wp\/v2\/product_tag?post=42171"}],"curies":[{"name":"wp","href":"https:\/\/api.w.org\/{rel}","templated":true}]}}