{"id":42172,"date":"2022-03-08T11:57:02","date_gmt":"2022-03-08T09:57:02","guid":{"rendered":"https:\/\/www.tatanka.nl\/product\/green-maeng-da-kratom\/"},"modified":"2026-03-19T00:48:28","modified_gmt":"2026-03-18T23:48:28","slug":"green-maeng-da-kratom","status":"publish","type":"product","link":"https:\/\/www.tatanka.nl\/pl\/green-maeng-da-kratom\/","title":{"rendered":"Green Maeng Da Kratom"},"content":{"rendered":"<h2 data-start=\"0\" data-end=\"42\">Co to jest Kratopia Green Maeng Da Kratom?<\/h2>\n<p data-start=\"44\" data-end=\"830\">Kratopia Green Maeng Da Kratom to \u0142agodniejsza odmiana popularnej odmiany Maeng Da, znanej ze swoich energetyzuj\u0105cych efekt\u00f3w. W przeciwie\u0144stwie do swoich bardziej intensywnych czerwonych i bia\u0142ych odpowiednik\u00f3w, Green Maeng Da jest ceniona za zr\u00f3wnowa\u017con\u0105 i subteln\u0105 stymulacj\u0119, zapewniaj\u0105c podnosz\u0105ce na duchu doznania bez nadmiernej stymulacji. Odmiana ta jest powszechnie spo\u017cywana w formie herbaty, co czyni j\u0105 \u0142atwym i przyjemnym sposobem na czerpanie korzy\u015bci z kratomu. Green Maeng Da jest bogata w mitragynin\u0119, dominuj\u0105cy alkaloid, kt\u00f3ry pomaga zwi\u0119kszy\u0107 energi\u0119, skupienie i motywacj\u0119. Jest szczeg\u00f3lnie odpowiedni dla os\u00f3b, kt\u00f3re dopiero zaczynaj\u0105 przygod\u0119 z kratomem lub szukaj\u0105 \u0142agodniejszego, ale orze\u017awiaj\u0105cego do\u015bwiadczenia. Green Maeng Da jest wszechstronny, pozwalaj\u0105c u\u017cytkownikom eksperymentowa\u0107 z dawkami, aby osi\u0105gn\u0105\u0107 preferowan\u0105 r\u00f3wnowag\u0119 energii, skupienia i \u0142agodnej euforii.<\/p>\n<h2 data-start=\"832\" data-end=\"876\">Historia Kratopia Green Maeng Da Kratom<\/h2>\n<p data-start=\"878\" data-end=\"1725\">Green Maeng Da Kratom ma swoje korzenie w Azji Po\u0142udniowo-Wschodniej, gdzie by\u0142 u\u017cywany zar\u00f3wno do cel\u00f3w leczniczych, jak i rekreacyjnych. Sama odmiana Maeng Da pochodzi z Thailandii, gdzie rolnicy selektywnie hodowali drzewa kratomowe, aby zwi\u0119kszy\u0107 ich moc. Nazwa \"Maeng Da\", oznaczaj\u0105ca \"stopie\u0144 alfonsa\" w j\u0119zyku Thai, odzwierciedla wysok\u0105 jako\u015b\u0107 i si\u0142\u0119 tego szczepu. W przeciwie\u0144stwie do tradycyjnych odmian kratomu, Green Maeng Da poddawany jest specjalnemu procesowi fermentacji, kt\u00f3ry wzmacnia jego profil alkaloidowy. Z czasem Green Maeng Da sta\u0142a si\u0119 bardziej umiarkowan\u0105 alternatyw\u0105 dla silniejszych czerwonych i bia\u0142ych odmian Maeng Da. Zyska\u0142a ona popularno\u015b\u0107 na Zachodzie, gdzie u\u017cytkownicy doceniaj\u0105 jej energetyzuj\u0105ce dzia\u0142anie po\u0142\u0105czone z poczuciem spokoju. Green Maeng Da to \u015bwietna opcja dla nowicjuszy kratomu lub os\u00f3b poszukuj\u0105cych zr\u00f3wnowa\u017conych dozna\u0144 bez intensywno\u015bci innych odmian.<\/p>\n<h2 data-start=\"1727\" data-end=\"1771\">Jak u\u017cywa\u0107 Kratopia Green Maeng Da Kratom<\/h2>\n<p data-start=\"1773\" data-end=\"2679\">Najcz\u0119stszym sposobem korzystania z Kratopia Green Maeng Da Kratom jest przygotowanie go w postaci herbaty. Aby przygotowa\u0107 fili\u017cank\u0119, nale\u017cy rozpu\u015bci\u0107 od 4 do 5 gram\u00f3w proszku kratom w gor\u0105cej wodzie (o temperaturze od 70 do 95 stopni Celsjusza). Pozw\u00f3l herbacie parzy\u0107 si\u0119 przez 3 do 5 minut, aby w pe\u0142ni wyekstrahowa\u0107 korzystne alkaloidy. Nie ma potrzeby filtrowania herbaty po zaparzeniu, poniewa\u017c mieszanka jest bezpieczna do spo\u017cycia. Niekt\u00f3rzy u\u017cytkownicy mog\u0105 preferowa\u0107 dodanie miodu lub syropu w celu poprawy smaku. Osobom rozpoczynaj\u0105cym przygod\u0119 z kratomem zaleca si\u0119 rozpocz\u0119cie od ni\u017cszej dawki i stopniowe dostosowywanie jej w zale\u017cno\u015bci od indywidualnej reakcji. \u0141agodny smak Green Maeng Da sprawia, \u017ce jest on bardziej smaczny w por\u00f3wnaniu do innych odmian, a jego podnosz\u0105ce na duchu dzia\u0142anie sprawia, \u017ce idealnie nadaje si\u0119 do popo\u0142udniowego u\u017cytku, gdy potrzebujesz zastrzyku energii i skupienia. Efekty dzia\u0142ania trwaj\u0105 zazwyczaj oko\u0142o godziny i mog\u0105 utrzymywa\u0107 si\u0119 przez kilka godzin. Eksperymentuj\u0105c z dawkowaniem i czasem, u\u017cytkownicy mog\u0105 znale\u017a\u0107 odpowiedni\u0105 kombinacj\u0119 dla swoich potrzeb.<\/p>\n<h2 data-start=\"2681\" data-end=\"2729\">Sk\u0142adniki Kratopia Green Maeng Da Kratom<\/h2>\n<p data-start=\"2731\" data-end=\"3569\">G\u0142\u00f3wnym sk\u0142adnikiem Kratopia Green Maeng Da Kratom jest Mitragyna speciosa, tropikalne drzewo pochodz\u0105ce z Azji Po\u0142udniowo-Wschodniej. Li\u015bcie tego drzewa zawieraj\u0105 silne alkaloidy, kt\u00f3re s\u0105 odpowiedzialne za dzia\u0142anie kratomu na organizm. Green Maeng Da jest szczeg\u00f3lnie bogaty w mitragynin\u0119, alkaloid znany ze swoich w\u0142a\u015bciwo\u015bci stymuluj\u0105cych. W przeciwie\u0144stwie do innych odmian kratomu o bardziej uspokajaj\u0105cym dzia\u0142aniu, Green Maeng Da oferuje energetyzuj\u0105ce doznania. Li\u015bcie s\u0105 starannie zbierane, suszone i poddawane procesowi lekkiej fermentacji w celu zwi\u0119kszenia zawarto\u015bci alkaloid\u00f3w i unikalnych w\u0142a\u015bciwo\u015bci. Green Maeng Da jest uwa\u017cana za jedn\u0105 z naj\u0142agodniejszych odmian Maeng Da, oferuj\u0105c zr\u00f3wnowa\u017cone po\u0142\u0105czenie stymulacji, skupienia i poprawy nastroju. Ze wzgl\u0119du na sp\u00f3jny profil alkaloid\u00f3w, jest to popularny wyb\u00f3r w\u015br\u00f3d u\u017cytkownik\u00f3w kratomu poszukuj\u0105cych niezawodnych i umiarkowanych efekt\u00f3w.<\/p>\n<p data-start=\"3571\" data-end=\"3581\"><strong>Ostrze\u017cenie<\/strong><\/p>\n<p data-start=\"3583\" data-end=\"3909\" data-is-last-node=\"\">Sprzeda\u017c i u\u017cywanie Kratopia Green Maeng Da Kratom jest zabronione dla os\u00f3b poni\u017cej 18 roku \u017cycia. Przechowywa\u0107 w miejscu niedost\u0119pnym dla dzieci. Nie stosowa\u0107 w przypadku wysokiego lub niskiego ci\u015bnienia krwi, chor\u00f3b serca lub p\u0142uc, cukrzycy, ci\u0105\u017cy, przyjmowania lek\u00f3w, narkotyk\u00f3w lub alkoholu. Przed u\u017cyciem nale\u017cy zawsze skonsultowa\u0107 si\u0119 z lekarzem.<\/p>","protected":false},"excerpt":{"rendered":"<p>Green Maeng Da Kratom to \u015bwietna odmiana kratomu o \u015bredniej mocy dla tych, kt\u00f3rzy chc\u0105 si\u0119 mocno zrelaksowa\u0107, ale nie szukaj\u0105 pe\u0142nego efektu blokady kanapy. Oczekuj wspania\u0142ej mieszanki relaksu i spokoju umys\u0142u, z mieszank\u0105 dobrych wibracji i bezstresowego nastroju. Jest to \u015bwietna popo\u0142udniowa lub wieczorna odmiana kratomu, kt\u00f3ra pozwala si\u0119 odpr\u0119\u017cy\u0107 i zapomnie\u0107 o zmartwieniach. \u015awietna odmiana Green Vein!<\/p>","protected":false},"featured_media":126059,"template":"","meta":[],"product_brand":[],"product_cat":[599,297,512,477,509,510,511,476],"product_tag":[],"class_list":{"0":"post-42172","1":"product","2":"type-product","3":"status-publish","4":"has-post-thumbnail","6":"product_cat-kratopia","7":"product_cat-all-products","8":"product_cat-extracts","9":"product_cat-herbs","10":"product_cat-kratom","11":"product_cat-relax","12":"product_cat-relax-herbs","13":"product_cat-smartshop","14":"product_shipping_class-creditcard-off","16":"first","17":"instock","18":"taxable","19":"shipping-taxable","20":"purchasable","21":"product-type-variable","22":"has-default-attributes"},"_links":{"self":[{"href":"https:\/\/www.tatanka.nl\/pl\/wp-json\/wp\/v2\/product\/42172","targetHints":{"allow":["GET"]}}],"collection":[{"href":"https:\/\/www.tatanka.nl\/pl\/wp-json\/wp\/v2\/product"}],"about":[{"href":"https:\/\/www.tatanka.nl\/pl\/wp-json\/wp\/v2\/types\/product"}],"wp:featuredmedia":[{"embeddable":true,"href":"https:\/\/www.tatanka.nl\/pl\/wp-json\/wp\/v2\/media\/126059"}],"wp:attachment":[{"href":"https:\/\/www.tatanka.nl\/pl\/wp-json\/wp\/v2\/media?parent=42172"}],"wp:term":[{"taxonomy":"product_brand","embeddable":true,"href":"https:\/\/www.tatanka.nl\/pl\/wp-json\/wp\/v2\/product_brand?post=42172"},{"taxonomy":"product_cat","embeddable":true,"href":"https:\/\/www.tatanka.nl\/pl\/wp-json\/wp\/v2\/product_cat?post=42172"},{"taxonomy":"product_tag","embeddable":true,"href":"https:\/\/www.tatanka.nl\/pl\/wp-json\/wp\/v2\/product_tag?post=42172"}],"curies":[{"name":"wp","href":"https:\/\/api.w.org\/{rel}","templated":true}]}}