{"id":42173,"date":"2022-03-08T11:57:02","date_gmt":"2022-03-08T09:57:02","guid":{"rendered":"https:\/\/www.tatanka.nl\/product\/red-bali-kratom\/"},"modified":"2025-11-18T15:37:52","modified_gmt":"2025-11-18T14:37:52","slug":"red-bali-kratom","status":"publish","type":"product","link":"https:\/\/www.tatanka.nl\/pl\/red-bali-kratom\/","title":{"rendered":"Red Bali Kratom"},"content":{"rendered":"<h2 data-start=\"0\" data-end=\"36\">Co to jest Kratopia Red Bali Kratom?<\/h2>\n<p data-start=\"38\" data-end=\"756\">Kratopia Red Bali Kratom to bardzo popularna odmiana znana ze swoich wszechstronnych efekt\u00f3w, co czyni j\u0105 idealnym wyborem dla pocz\u0105tkuj\u0105cych. Oferuje zr\u00f3wnowa\u017cone doznania, dzia\u0142aj\u0105c zar\u00f3wno jako wzmacniacz nastroju, jak i \u0142agodny \u015brodek przeciwb\u00f3lowy. Red Bali Kratom jest preferowana ze wzgl\u0119du na \u0142agodniejszy smak, kt\u00f3ry jest mniej gorzki ni\u017c w przypadku wielu innych odmian, co czyni j\u0105 bardziej smaczn\u0105 dla nowych u\u017cytkownik\u00f3w. Jest on powszechnie stosowany w celu poprawy interakcji spo\u0142ecznych, dzi\u0119ki czemu osoby czuj\u0105 si\u0119 bardziej po\u0142\u0105czone i empatyczne, co poprawia ich do\u015bwiadczenia spo\u0142eczne. Opr\u00f3cz korzy\u015bci spo\u0142ecznych, pomaga promowa\u0107 relaks i zapewnia ulg\u0119 w fizycznym dyskomforcie. Kratopia Red Bali Kratom to doskona\u0142a opcja dla ka\u017cdego, kto szuka wszechstronnej, koj\u0105cej odmiany kratomu.<\/p>\n<h2 data-start=\"758\" data-end=\"796\">Historia Kratopia Red Bali Kratom<\/h2>\n<p data-start=\"798\" data-end=\"1574\">Red Bali Kratom ma g\u0142\u0119bokie korzenie w Azji Po\u0142udniowo-Wschodniej, szczeg\u00f3lnie w Indonezji, sk\u0105d pochodzi jego nazwa, mimo \u017ce samo Bali nie jest rodzimym regionem uprawy kratomu. Odmiana ta jest mieszank\u0105 li\u015bci z r\u00f3\u017cnych po\u0142udniowo-wschodnioazjatyckich drzew kratomowych. Historycznie, Red Bali Kratom by\u0142 u\u017cywany ze wzgl\u0119du na swoje w\u0142a\u015bciwo\u015bci uspokajaj\u0105ce i lecznicze, pomagaj\u0105c mieszka\u0144com radzi\u0107 sobie z b\u00f3lem, \u0142agodzi\u0107 stres i poprawia\u0107 nastr\u00f3j. By\u0142 r\u00f3wnie\u017c ceniony jako wzmacniacz spo\u0142eczny, sprzyjaj\u0105cy \u0142atwo\u015bci i nawi\u0105zywaniu kontakt\u00f3w mi\u0119dzyludzkich. Z czasem, gdy kratom zyska\u0142 popularno\u015b\u0107 na Zachodzie, Red Bali sta\u0142 si\u0119 jedn\u0105 z najbardziej rozpoznawalnych odmian ze wzgl\u0119du na \u0142agodne dzia\u0142anie i zr\u00f3wnowa\u017cone korzy\u015bci. Dzi\u015b Kratopia Red Bali Kratom nadal jest najlepszym wyborem dla os\u00f3b poszukuj\u0105cych naturalnych alternatyw dla \u0142agodzenia b\u00f3lu i poprawy nastroju.<\/p>\n<h2 data-start=\"1576\" data-end=\"1614\">Jak u\u017cywa\u0107 Kratopia Red Bali Kratom<\/h2>\n<p data-start=\"1616\" data-end=\"2528\">Stosowanie Kratopia Red Bali Kratom jest proste i przyjemne, cz\u0119sto w formie koj\u0105cej herbaty. Aby j\u0105 przygotowa\u0107, nale\u017cy rozpu\u015bci\u0107 od 4 do 5 gram\u00f3w proszku Red Bali Kratom w gor\u0105cej wodzie, utrzymuj\u0105c temperatur\u0119 wody w zakresie od 70 do 95 stopni Celsjusza. Herbat\u0119 nale\u017cy parzy\u0107 przez oko\u0142o 3 do 5 minut, aby kratom uwolni\u0142 swoje korzystne alkaloidy. Nie ma potrzeby odcedzania herbaty, poniewa\u017c wszystkie cz\u0119\u015bci mieszanki s\u0105 bezpieczne do spo\u017cycia. Pocz\u0105tkuj\u0105cym u\u017cytkownikom zaleca si\u0119 rozpocz\u0119cie od mniejszej dawki, aby oceni\u0107 reakcj\u0119 organizmu na t\u0119 odmian\u0119. \u0141agodny smak Red Bali Kratom sprawia, \u017ce jest to dobra opcja dla nowicjuszy, a z czasem u\u017cytkownicy mog\u0105 dostosowa\u0107 dawk\u0119 w oparciu o swoj\u0105 wra\u017cliwo\u015b\u0107 i po\u017c\u0105dane efekty. \u0141agodny efekt mo\u017cna osi\u0105gn\u0105\u0107 przy dawce mniejszej ni\u017c 3 gramy, podczas gdy osoby poszukuj\u0105ce silniejszego efektu mog\u0105 zwi\u0119kszy\u0107 dawk\u0119 do 5-6 gram\u00f3w. Niezale\u017cnie od dawki, Kratopia Red Bali Kratom oferuje \u0142agodne i poprawiaj\u0105ce nastr\u00f3j doznania.<\/p>\n<h2 data-start=\"2530\" data-end=\"2572\">Sk\u0142adniki Kratopia Red Bali Kratom<\/h2>\n<p data-start=\"2574\" data-end=\"3510\">Kluczowym sk\u0142adnikiem Kratopia Red Bali Kratom jest Mitragyna speciosa, tropikalne drzewo pochodz\u0105ce z Azji Po\u0142udniowo-Wschodniej. Li\u015bcie drzewa Mitragyna speciosa s\u0105 zbierane, suszone i przetwarzane na sproszkowany kratom. Red Bali Kratom pochodzi w szczeg\u00f3lno\u015bci ze starannie wyselekcjonowanych li\u015bci r\u00f3\u017cnych drzew kratom z r\u00f3\u017cnych region\u00f3w Azji Po\u0142udniowo-Wschodniej. Po wysuszeniu li\u015bcie poddawane s\u0105 lekkiemu procesowi fermentacji, kt\u00f3ry zwi\u0119ksza zawarto\u015b\u0107 alkaloid\u00f3w i nadaje Red Bali wyra\u017ane dzia\u0142anie. Podstawowymi alkaloidami w Red Bali Kratom s\u0105 mitragynina i 7-hydroksymitragynina, kt\u00f3re oddzia\u0142uj\u0105 na receptory organizmu, poprawiaj\u0105c samopoczucie, zwi\u0119kszaj\u0105c energi\u0119 i \u0142agodz\u0105c b\u00f3l. Zr\u00f3wnowa\u017cone po\u0142\u0105czenie tych alkaloid\u00f3w skutkuje \u0142agodnym, \u0142agodnym doznaniem, kt\u00f3re jest idealne do interakcji spo\u0142ecznych i \u0142agodzenia fizycznego dyskomfortu. Kratopia Red Bali Kratom jest popularnym wyborem zar\u00f3wno dla nowych, jak i do\u015bwiadczonych u\u017cytkownik\u00f3w kratomu ze wzgl\u0119du na jego wszechstronne korzy\u015bci.<\/p>\n<p data-start=\"3512\" data-end=\"3522\"><strong>Ostrze\u017cenie<\/strong><\/p>\n<p data-start=\"3524\" data-end=\"3844\" data-is-last-node=\"\">Sprzeda\u017c i u\u017cywanie Kratopia Red Bali Kratom jest zabronione dla os\u00f3b poni\u017cej 18 roku \u017cycia. Przechowywa\u0107 w miejscu niedost\u0119pnym dla dzieci. Nie stosowa\u0107 w przypadku wysokiego lub niskiego ci\u015bnienia krwi, chor\u00f3b serca lub p\u0142uc, cukrzycy, ci\u0105\u017cy, przyjmowania lek\u00f3w, narkotyk\u00f3w lub alkoholu. Przed u\u017cyciem nale\u017cy zawsze skonsultowa\u0107 si\u0119 z lekarzem.<\/p>","protected":false},"excerpt":{"rendered":"<p>Ci, kt\u00f3rzy szukaj\u0105 najwy\u017cszego poziomu relaksuj\u0105cych efekt\u00f3w kratomu, uwielbiaj\u0105 odmian\u0119 Red Bali Kratom! Polecamy t\u0119 odmian\u0119 jako \u015bwietn\u0105 wieczorn\u0105 odmian\u0119 relaksuj\u0105c\u0105 dla tych, kt\u00f3rzy chc\u0105 ca\u0142kowicie zapomnie\u0107 o swoich zmartwieniach i pozby\u0107 si\u0119 stresu. Jest to odmiana Red Vein, wi\u0119c wiesz, \u017ce pozostawi ci\u0119 ca\u0142kowicie wyluzowanym i ostatecznie zrelaksowanym na maksa!<\/p>","protected":false},"featured_media":126061,"template":"","meta":[],"product_brand":[],"product_cat":[599,297,512,477,509,510,511,476],"product_tag":[],"class_list":{"0":"post-42173","1":"product","2":"type-product","3":"status-publish","4":"has-post-thumbnail","6":"product_cat-kratopia","7":"product_cat-all-products","8":"product_cat-extracts","9":"product_cat-herbs","10":"product_cat-kratom","11":"product_cat-relax","12":"product_cat-relax-herbs","13":"product_cat-smartshop","14":"product_shipping_class-creditcard-off","16":"first","17":"instock","18":"taxable","19":"shipping-taxable","20":"purchasable","21":"product-type-variable","22":"has-default-attributes"},"_links":{"self":[{"href":"https:\/\/www.tatanka.nl\/pl\/wp-json\/wp\/v2\/product\/42173","targetHints":{"allow":["GET"]}}],"collection":[{"href":"https:\/\/www.tatanka.nl\/pl\/wp-json\/wp\/v2\/product"}],"about":[{"href":"https:\/\/www.tatanka.nl\/pl\/wp-json\/wp\/v2\/types\/product"}],"wp:featuredmedia":[{"embeddable":true,"href":"https:\/\/www.tatanka.nl\/pl\/wp-json\/wp\/v2\/media\/126061"}],"wp:attachment":[{"href":"https:\/\/www.tatanka.nl\/pl\/wp-json\/wp\/v2\/media?parent=42173"}],"wp:term":[{"taxonomy":"product_brand","embeddable":true,"href":"https:\/\/www.tatanka.nl\/pl\/wp-json\/wp\/v2\/product_brand?post=42173"},{"taxonomy":"product_cat","embeddable":true,"href":"https:\/\/www.tatanka.nl\/pl\/wp-json\/wp\/v2\/product_cat?post=42173"},{"taxonomy":"product_tag","embeddable":true,"href":"https:\/\/www.tatanka.nl\/pl\/wp-json\/wp\/v2\/product_tag?post=42173"}],"curies":[{"name":"wp","href":"https:\/\/api.w.org\/{rel}","templated":true}]}}