{"id":42174,"date":"2022-03-08T11:57:03","date_gmt":"2022-03-08T09:57:03","guid":{"rendered":"https:\/\/www.tatanka.nl\/product\/red-borneo-kratom\/"},"modified":"2026-03-02T00:48:38","modified_gmt":"2026-03-01T23:48:38","slug":"red-borneo-kratom","status":"publish","type":"product","link":"https:\/\/www.tatanka.nl\/pl\/red-borneo-kratom\/","title":{"rendered":"Red Borneo Kratom"},"content":{"rendered":"<h2 data-start=\"0\" data-end=\"29\">Co to jest Red Borneo Kratom?<\/h2>\n<p data-start=\"31\" data-end=\"804\">Red Borneo Kratom to wyj\u0105tkowy szczep pochodz\u0105cy z indonezyjskiej cz\u0119\u015bci Borneo, znanej jako Kalimantan. Ma ona g\u0142\u0119bokie znaczenie kulturowe i jest powszechnie szanowana ze wzgl\u0119du na swoje naturalne korzy\u015bci zdrowotne. Tradycyjnie mieszka\u0144cy Kalimantanu u\u017cywali kratomu w r\u00f3\u017cnych formach, w tym do palenia suszonych li\u015bci. Obecnie kratom jest najcz\u0119\u015bciej parzony w postaci relaksuj\u0105cej, ale energetyzuj\u0105cej herbaty. Li\u015bcie poddawane s\u0105 d\u0142u\u017cszemu suszeniu, po kt\u00f3rym nast\u0119puje \u0142agodna fermentacja, zwi\u0119kszaj\u0105ca zawarto\u015b\u0107 naturalnych alkaloid\u00f3w. Odmiana Red Borneo Kratom znana jest ze swoich zr\u00f3wnowa\u017conych efekt\u00f3w, oferuj\u0105c \u0142agodniejszy, bardziej relaksuj\u0105cy zastrzyk energii w por\u00f3wnaniu do innych odmian kratomu. Jest to \u015bwietny wyb\u00f3r dla os\u00f3b poszukuj\u0105cych naturalnego pobudzenia, kt\u00f3re sprzyja r\u00f3wnie\u017c poprawie nastroju i skupieniu bez intensywno\u015bci silniejszych odmian.<\/p>\n<h2 data-start=\"806\" data-end=\"837\">Historia Red Borneo Kratom<\/h2>\n<p data-start=\"839\" data-end=\"1691\">Historia Red Borneo Kratom jest g\u0142\u0119boko zakorzeniona w tradycjach rdzennych mieszka\u0144c\u00f3w Kalimantanu. Przez wieki kratom by\u0142 uwa\u017cany za pot\u0119\u017cne lekarstwo na r\u00f3\u017cne problemy zdrowotne. Miejscowi nazywali li\u015bcie \"niebia\u0144skimi li\u015b\u0107mi\", co podkre\u015bla ich wiar\u0119 w lecznicze w\u0142a\u015bciwo\u015bci ro\u015bliny. Tradycyjnie li\u015bcie by\u0142y spo\u017cywane na kilka sposob\u00f3w, w tym palone w domowych papierosach. Z czasem jednak praktyka parzenia li\u015bci w herbacie sta\u0142a si\u0119 bardziej powszechna ze wzgl\u0119du na jej kontrolowane i koj\u0105ce dzia\u0142anie. Li\u015bcie u\u017cywane do produkcji Red Borneo Kratom s\u0105 starannie selekcjonowane ze wzgl\u0119du na d\u0142u\u017cszy proces suszenia i \u0142agodn\u0105 fermentacj\u0119, kt\u00f3ra zwi\u0119ksza zawarto\u015b\u0107 alkaloid\u00f3w, co przek\u0142ada si\u0119 na wyj\u0105tkowe w\u0142a\u015bciwo\u015bci tej odmiany. Wraz z rozprzestrzenianiem si\u0119 popularno\u015bci, Red Borneo Kratom zyska\u0142a globalne uznanie za zr\u00f3wnowa\u017cone i skuteczne korzy\u015bci.<\/p>\n<h2 data-start=\"1693\" data-end=\"1724\">Jak korzysta\u0107 z Red Borneo Kratom<\/h2>\n<p data-start=\"1726\" data-end=\"2567\">Red Borneo Kratom najlepiej pi\u0107 jako uspokajaj\u0105c\u0105 herbat\u0119. Aby przygotowa\u0107 herbat\u0119, nale\u017cy rozpu\u015bci\u0107 od 4 do 5 gram\u00f3w sproszkowanego kratomu w gor\u0105cej wodzie (o temperaturze od 70 do 95 stopni Celsjusza) i parzy\u0107 przez 3 do 5 minut, aby alkaloidy mog\u0142y si\u0119 w pe\u0142ni zaparzy\u0107. Nie ma potrzeby odcedzania herbaty, poniewa\u017c wszystkie cz\u0119\u015bci kratomu mog\u0105 by\u0107 spo\u017cywane. Stosuj\u0105c Red Borneo Kratom po raz pierwszy, wa\u017cne jest, aby zacz\u0105\u0107 od mniejszej dawki, aby oceni\u0107 reakcj\u0119 organizmu, poniewa\u017c efekty mog\u0105 si\u0119 r\u00f3\u017cni\u0107 w zale\u017cno\u015bci od indywidualnej tolerancji. Dla wielu u\u017cytkownik\u00f3w od 3 do 5 gram\u00f3w zapewnia \u0142agodny efekt, podczas gdy bardziej do\u015bwiadczeni u\u017cytkownicy mog\u0105 wymaga\u0107 nieco wi\u0119kszej dawki. Znany ze swoich zr\u00f3wnowa\u017conych efekt\u00f3w, Red Borneo Kratom jest idealny do stosowania w ci\u0105gu dnia i jako naturalny wzmacniacz nastroju. Podobnie jak w przypadku ka\u017cdego produktu z kratomem, wa\u017cne jest, aby u\u017cywa\u0107 go odpowiedzialnie, aby unikn\u0105\u0107 budowania tolerancji lub do\u015bwiadczania niepo\u017c\u0105danych skutk\u00f3w ubocznych.<\/p>\n<h2 data-start=\"2569\" data-end=\"2604\">Sk\u0142adniki Red Borneo Kratom<\/h2>\n<p data-start=\"2606\" data-end=\"3475\">G\u0142\u00f3wnym sk\u0142adnikiem Red Borneo Kratom jest Mitragyna speciosa, tropikalne drzewo pochodz\u0105ce z Azji Po\u0142udniowo-Wschodniej. Li\u015bcie tego drzewa s\u0105 zbierane, suszone i przetwarzane na proszek kratomu stosowany w suplemencie. Red Borneo Kratom przechodzi unikalny proces suszenia i \u0142agodnej fermentacji, kt\u00f3ry zwi\u0119ksza zawarto\u015b\u0107 alkaloid\u00f3w w li\u015bciach, co skutkuje silniejszym, ale zr\u00f3wnowa\u017conym efektem. Podstawowymi alkaloidami znajduj\u0105cymi si\u0119 w Red Borneo Kratom s\u0105 mitragynina i 7-hydroksymitragynina, kt\u00f3re oddzia\u0142uj\u0105 na receptory organizmu, promuj\u0105c dobre samopoczucie, zwi\u0119kszon\u0105 energi\u0119 i ulg\u0119 w dyskomforcie. Proces fermentacji jest kluczem do uzyskania wyra\u017anych efekt\u00f3w Red Borneo, a wysoka jako\u015b\u0107 li\u015bci zapewnia, \u017ce kratom zachowuje swoj\u0105 moc. Niezale\u017cnie od tego, czy jest spo\u017cywany jako herbata, czy w innej formie, Red Borneo Kratom zapewnia naturalny zastrzyk energii o w\u0142a\u015bciwo\u015bciach uspokajaj\u0105cych.<\/p>\n<p data-start=\"3477\" data-end=\"3487\"><strong>Ostrze\u017cenie<\/strong><\/p>\n<p data-start=\"3489\" data-end=\"3802\" data-is-last-node=\"\">Sprzeda\u017c i u\u017cywanie Red Borneo Kratom jest zabronione dla os\u00f3b poni\u017cej 18 roku \u017cycia. Przechowywa\u0107 w miejscu niedost\u0119pnym dla dzieci. Nie stosowa\u0107 w przypadku wysokiego lub niskiego ci\u015bnienia krwi, chor\u00f3b serca lub p\u0142uc, cukrzycy, ci\u0105\u017cy, przyjmowania lek\u00f3w, narkotyk\u00f3w lub alkoholu. Przed u\u017cyciem nale\u017cy zawsze skonsultowa\u0107 si\u0119 z lekarzem.<\/p>","protected":false},"excerpt":{"rendered":"<p>Red Borneo kratom to d\u0142ugotrwa\u0142a odmiana kratomu Red Vein, kt\u00f3ra jest uwielbiana przez tych, kt\u00f3rzy szukaj\u0105 efekt\u00f3w kratomu, kt\u00f3re b\u0119d\u0105 trwa\u0107 przez jaki\u015b czas. To sprawia, \u017ce jest to idealna odmiana kratomu dla tych, kt\u00f3rzy lubi\u0105 \u0142agodniejsze, ale d\u0142ugotrwa\u0142e efekty kratomu, a nawet lubi\u0105 kratom przez ca\u0142y dzie\u0144. Red Borneo zapewnia d\u0142ugotrwa\u0142y zastrzyk relaksu, kt\u00f3ry jest uwielbiany przez wielu!<\/p>","protected":false},"featured_media":126055,"template":"","meta":[],"product_brand":[],"product_cat":[599,297,512,477,509,510,511,476],"product_tag":[],"class_list":{"0":"post-42174","1":"product","2":"type-product","3":"status-publish","4":"has-post-thumbnail","6":"product_cat-kratopia","7":"product_cat-all-products","8":"product_cat-extracts","9":"product_cat-herbs","10":"product_cat-kratom","11":"product_cat-relax","12":"product_cat-relax-herbs","13":"product_cat-smartshop","14":"product_shipping_class-creditcard-off","16":"first","17":"instock","18":"taxable","19":"shipping-taxable","20":"purchasable","21":"product-type-variable","22":"has-default-attributes"},"_links":{"self":[{"href":"https:\/\/www.tatanka.nl\/pl\/wp-json\/wp\/v2\/product\/42174","targetHints":{"allow":["GET"]}}],"collection":[{"href":"https:\/\/www.tatanka.nl\/pl\/wp-json\/wp\/v2\/product"}],"about":[{"href":"https:\/\/www.tatanka.nl\/pl\/wp-json\/wp\/v2\/types\/product"}],"wp:featuredmedia":[{"embeddable":true,"href":"https:\/\/www.tatanka.nl\/pl\/wp-json\/wp\/v2\/media\/126055"}],"wp:attachment":[{"href":"https:\/\/www.tatanka.nl\/pl\/wp-json\/wp\/v2\/media?parent=42174"}],"wp:term":[{"taxonomy":"product_brand","embeddable":true,"href":"https:\/\/www.tatanka.nl\/pl\/wp-json\/wp\/v2\/product_brand?post=42174"},{"taxonomy":"product_cat","embeddable":true,"href":"https:\/\/www.tatanka.nl\/pl\/wp-json\/wp\/v2\/product_cat?post=42174"},{"taxonomy":"product_tag","embeddable":true,"href":"https:\/\/www.tatanka.nl\/pl\/wp-json\/wp\/v2\/product_tag?post=42174"}],"curies":[{"name":"wp","href":"https:\/\/api.w.org\/{rel}","templated":true}]}}