{"id":42175,"date":"2022-03-08T11:57:03","date_gmt":"2022-03-08T09:57:03","guid":{"rendered":"https:\/\/www.tatanka.nl\/product\/red-maeng-da-kratom\/"},"modified":"2026-01-23T12:48:35","modified_gmt":"2026-01-23T11:48:35","slug":"red-maeng-da-kratom","status":"publish","type":"product","link":"https:\/\/www.tatanka.nl\/pl\/red-maeng-da-kratom\/","title":{"rendered":"Red Maeng Da Kratom"},"content":{"rendered":"<h2 data-start=\"0\" data-end=\"31\">Co to jest Red Maeng Da Kratom?<\/h2>\n<p data-start=\"33\" data-end=\"735\">Red Maeng Da Kratom to charakterystyczna i silna odmiana znana z unikalnego po\u0142\u0105czenia efekt\u00f3w energetyzuj\u0105cych i uspokajaj\u0105cych. Odmiana ta jest cz\u0119sto stosowana w celu poprawy nastroju, zwi\u0119kszenia koncentracji i z\u0142agodzenia b\u00f3lu. Li\u015bcie s\u0105 zazwyczaj zbierane, a nast\u0119pnie fermentowane w celu uzyskania charakterystycznego czerwonego koloru, co zwi\u0119ksza zawarto\u015b\u0107 alkaloid\u00f3w, czyni\u0105c Red Maeng Da jedn\u0105 z najsilniejszych dost\u0119pnych odmian kratomu. Pierwotnie opracowany w Thailand poprzez techniki szczepienia, szczep ten zosta\u0142 wyhodowany, aby dobrze si\u0119 rozwija\u0107 w ciep\u0142ym i wilgotnym \u015brodowisku Azji Po\u0142udniowo-Wschodniej. Od tego czasu Red Maeng Da Kratom zyska\u0142 globaln\u0105 popularno\u015b\u0107, zw\u0142aszcza na Zachodzie, ze wzgl\u0119du na silne dzia\u0142anie i naturaln\u0105 zdolno\u015b\u0107 do zwi\u0119kszania energii i dobrego samopoczucia.<\/p>\n<h2 data-start=\"737\" data-end=\"770\">Historia Red Maeng Da Kratom<\/h2>\n<p data-start=\"772\" data-end=\"1231\">Pocz\u0105tki Red Maeng Da Kratom si\u0119gaj\u0105 ko\u0144ca XIX wieku w Thailandii. Rolnicy Thai zacz\u0119li eksperymentowa\u0107 ze szczepieniem r\u00f3\u017cnych odmian kratomu, aby stworzy\u0107 bardziej odporn\u0105 odmian\u0119, kt\u00f3ra mog\u0142aby lepiej wytrzyma\u0107 gor\u0105cy i wilgotny klimat regionu. Zaowocowa\u0142o to stworzeniem odmiany Maeng Da, zaprojektowanej tak, aby by\u0142a bardziej odporna ni\u017c tradycyjne drzewa kratomowe. Nazwa \"Maeng Da\", oznaczaj\u0105ca \"pimp-grade\" w j\u0119zyku Thai, odzwierciedla jej wysok\u0105 moc i jako\u015b\u0107 premium.<\/p>\n<p data-start=\"1233\" data-end=\"1597\">Czerwony wariant, Red Maeng Da, powstaje w procesie fermentacji, kt\u00f3ry dodatkowo zwi\u0119ksza zawarto\u015b\u0107 alkaloid\u00f3w w li\u015bciach. Proces ten zwi\u0119ksza jego moc, czyni\u0105c go jedn\u0105 z najpot\u0119\u017cniejszych odmian kratomu. Z czasem Red Maeng Da Kratom zyska\u0142 mi\u0119dzynarodowe uznanie i sta\u0142 si\u0119 poszukiwanym produktem na ca\u0142ym \u015bwiecie ze wzgl\u0119du na zr\u00f3wnowa\u017cone, energetyzuj\u0105ce dzia\u0142anie.<\/p>\n<h2 data-start=\"1599\" data-end=\"1632\">Jak korzysta\u0107 z Red Maeng Da Kratom<\/h2>\n<p data-start=\"1634\" data-end=\"1943\">Red Maeng Da Kratom jest najcz\u0119\u015bciej spo\u017cywana jako herbata. Aby j\u0105 przygotowa\u0107, nale\u017cy rozpu\u015bci\u0107 od 4 do 5 gram\u00f3w proszku Red Maeng Da w gor\u0105cej wodzie (od 70 do 95 stopni Celsjusza). Pozw\u00f3l herbacie parzy\u0107 si\u0119 przez 3 do 5 minut, aby skutecznie wyekstrahowa\u0107 alkaloidy. Nie ma potrzeby odcedzania herbaty, poniewa\u017c mo\u017cna spo\u017cywa\u0107 ca\u0142\u0105 jej zawarto\u015b\u0107.<\/p>\n<p data-start=\"1945\" data-end=\"2419\">Stosuj\u0105c Red Maeng Da po raz pierwszy, wa\u017cne jest, aby zacz\u0105\u0107 od mniejszej dawki i stopniowo dostosowywa\u0107 j\u0105 w zale\u017cno\u015bci od reakcji organizmu. Podczas gdy 3 do 5 gram\u00f3w zazwyczaj wystarcza do uzyskania \u0142agodnego efektu, do\u015bwiadczeni u\u017cytkownicy mog\u0105 wymaga\u0107 wi\u0119kszej dawki, aby osi\u0105gn\u0105\u0107 po\u017c\u0105dane rezultaty. Red Maeng Da nale\u017cy zawsze stosowa\u0107 odpowiedzialnie i z umiarem, aby unikn\u0105\u0107 narastania tolerancji lub niepo\u017c\u0105danych skutk\u00f3w ubocznych. Nale\u017cy pami\u0119ta\u0107, \u017ce dzia\u0142anie kratomu mo\u017ce r\u00f3\u017cni\u0107 si\u0119 w zale\u017cno\u015bci od indywidualnej tolerancji.<\/p>\n<h2 data-start=\"2421\" data-end=\"2458\">Sk\u0142adniki Red Maeng Da Kratom<\/h2>\n<p data-start=\"2460\" data-end=\"2875\">G\u0142\u00f3wnym sk\u0142adnikiem Red Maeng Da Kratom jest Mitragyna speciosa, tropikalne drzewo pochodz\u0105ce z Azji Po\u0142udniowo-Wschodniej. Li\u015bcie s\u0105 starannie zbierane i przetwarzane na proszek w celu stworzenia tego suplementu. Red Maeng Da wyr\u00f3\u017cnia si\u0119 spo\u015br\u00f3d innych odmian kratomu procesem fermentacji, kt\u00f3ry nie tylko nadaje li\u015bciom charakterystyczny czerwony kolor, ale tak\u017ce intensyfikuje alkaloidy odpowiedzialne za jego silne dzia\u0142anie.<\/p>\n<p data-start=\"2877\" data-end=\"3399\">Proces fermentacji wzmacnia energetyzuj\u0105ce, poprawiaj\u0105ce nastr\u00f3j i u\u015bmierzaj\u0105ce b\u00f3l w\u0142a\u015bciwo\u015bci Red Maeng Da. Podobnie jak inne odmiany kratomu, Red Maeng Da zawiera alkaloidy, takie jak mitragynina i 7-hydroksymitragynina, kt\u00f3re oddzia\u0142uj\u0105 na receptory organizmu, wywo\u0142uj\u0105c jego efekty. Chocia\u017c dok\u0142adna mieszanka li\u015bci jest zastrze\u017cona, Red Maeng Da zawsze pochodzi z Mitragyna speciosa, ro\u015bliny o d\u0142ugiej historii stosowania leczniczego w Azji Po\u0142udniowo-Wschodniej. Red Maeng Da nale\u017cy stosowa\u0107 odpowiedzialnie, aby zapewni\u0107 bezpieczne i skuteczne rezultaty.<\/p>\n<p data-start=\"3401\" data-end=\"3411\"><strong>Ostrze\u017cenie<\/strong><\/p>\n<p data-start=\"3413\" data-end=\"3748\" data-is-last-node=\"\">Sprzeda\u017c i u\u017cywanie Red Maeng Da Kratom jest zabronione dla os\u00f3b poni\u017cej 18 roku \u017cycia. Przechowywa\u0107 w miejscu niedost\u0119pnym dla dzieci. Nie stosowa\u0107 w przypadku wysokiego lub niskiego ci\u015bnienia krwi, chor\u00f3b serca lub p\u0142uc, cukrzycy, ci\u0105\u017cy, przyjmowania lek\u00f3w, narkotyk\u00f3w lub alkoholu. Przed zastosowaniem jakiegokolwiek suplementu nale\u017cy zawsze skonsultowa\u0107 si\u0119 z lekarzem.<\/p>","protected":false},"excerpt":{"rendered":"<p>Red Maeng Da kratom to kolejna wspania\u0142a odmiana Red Vein kratom, kt\u00f3r\u0105 uwielbiaj\u0105 ci, kt\u00f3rzy szukaj\u0105 relaksu z nut\u0105 euforii. Przygotuj si\u0119 na wyluzowanie z radosn\u0105 twarz\u0105 i \u015bwietnym nastrojem zapewnianym przez kratom Red Maeng Da. B\u0119d\u0105c czerwon\u0105 odmian\u0105 kratomu, wiesz, \u017ce ten kratom jest silny i pokocha go wielu do\u015bwiadczonych u\u017cytkownik\u00f3w kratomu.<\/p>","protected":false},"featured_media":126052,"template":"","meta":[],"product_brand":[],"product_cat":[599,297,512,477,509,510,511,476],"product_tag":[],"class_list":{"0":"post-42175","1":"product","2":"type-product","3":"status-publish","4":"has-post-thumbnail","6":"product_cat-kratopia","7":"product_cat-all-products","8":"product_cat-extracts","9":"product_cat-herbs","10":"product_cat-kratom","11":"product_cat-relax","12":"product_cat-relax-herbs","13":"product_cat-smartshop","14":"product_shipping_class-creditcard-off","16":"first","17":"instock","18":"taxable","19":"shipping-taxable","20":"purchasable","21":"product-type-variable","22":"has-default-attributes"},"_links":{"self":[{"href":"https:\/\/www.tatanka.nl\/pl\/wp-json\/wp\/v2\/product\/42175","targetHints":{"allow":["GET"]}}],"collection":[{"href":"https:\/\/www.tatanka.nl\/pl\/wp-json\/wp\/v2\/product"}],"about":[{"href":"https:\/\/www.tatanka.nl\/pl\/wp-json\/wp\/v2\/types\/product"}],"wp:featuredmedia":[{"embeddable":true,"href":"https:\/\/www.tatanka.nl\/pl\/wp-json\/wp\/v2\/media\/126052"}],"wp:attachment":[{"href":"https:\/\/www.tatanka.nl\/pl\/wp-json\/wp\/v2\/media?parent=42175"}],"wp:term":[{"taxonomy":"product_brand","embeddable":true,"href":"https:\/\/www.tatanka.nl\/pl\/wp-json\/wp\/v2\/product_brand?post=42175"},{"taxonomy":"product_cat","embeddable":true,"href":"https:\/\/www.tatanka.nl\/pl\/wp-json\/wp\/v2\/product_cat?post=42175"},{"taxonomy":"product_tag","embeddable":true,"href":"https:\/\/www.tatanka.nl\/pl\/wp-json\/wp\/v2\/product_tag?post=42175"}],"curies":[{"name":"wp","href":"https:\/\/api.w.org\/{rel}","templated":true}]}}