{"id":42176,"date":"2022-03-08T11:57:03","date_gmt":"2022-03-08T09:57:03","guid":{"rendered":"https:\/\/www.tatanka.nl\/product\/super-bali-gold-kratom\/"},"modified":"2025-11-18T15:37:49","modified_gmt":"2025-11-18T14:37:49","slug":"super-bali-gold-kratom","status":"publish","type":"product","link":"https:\/\/www.tatanka.nl\/pl\/super-bali-gold-kratom\/","title":{"rendered":"Super Bali Gold Kratom"},"content":{"rendered":"<h2 data-start=\"0\" data-end=\"43\">Co to jest Kratopia Super Bali Gold Kratom?<\/h2>\n<p data-start=\"45\" data-end=\"978\">Kratopia Super Bali Gold Kratom to specjalnie opracowana mieszanka zaprojektowana w celu zapewnienia okre\u015blonych efekt\u00f3w, w tym poprawy nastroju i \u0142agodzenia b\u00f3lu. Znana ze swoich relaksuj\u0105cych w\u0142a\u015bciwo\u015bci, odmiana ta jest znana ze swojej silnej goryczy, dlatego cz\u0119sto jest spo\u017cywana ze s\u0142odzikiem, takim jak mi\u00f3d, w celu zamaskowania smaku. Mieszanka pochodzi z mieszanki li\u015bci Kratom pochodz\u0105cych z r\u00f3\u017cnych region\u00f3w, oferuj\u0105c unikalne po\u0142\u0105czenie korzy\u015bci terapeutycznych i uspokajaj\u0105cych. Super Bali Gold Kratom jest popularna nie tylko ze wzgl\u0119du na swoje dzia\u0142anie fizyczne, ale tak\u017ce zdolno\u015b\u0107 do poprawy samopoczucia psychicznego, pomagaj\u0105c u\u017cytkownikom znale\u017a\u0107 ulg\u0119 w stresie, niepokoju i dyskomforcie. Chocia\u017c pochodzi z Bali - gdzie drzewa Kratom nie s\u0105 rodzime - nazwa przetrwa\u0142a, aby odzwierciedli\u0107 jej historyczne korzenie. Obecnie wi\u0119kszo\u015b\u0107 Kratom jest eksportowana z Kalimantanu w Indonezji, ale Super Bali Gold Kratom nadal jest ulubionym produktem dla os\u00f3b poszukuj\u0105cych zr\u00f3wnowa\u017conych, relaksuj\u0105cych dozna\u0144.<\/p>\n<h2 data-start=\"980\" data-end=\"1025\">Historia Kratopia Super Bali Gold Kratom<\/h2>\n<p data-start=\"1027\" data-end=\"1535\">Kratopia Super Bali Gold Kratom ma ciekaw\u0105 histori\u0119, kt\u00f3ra si\u0119ga Bali, regionu znanego niegdy\u015b z eksportu produkt\u00f3w Kratom. Jednak samo Bali nie ma rodzimych drzew Kratom. Zamiast tego lokalni handlarze mieszali li\u015bcie z r\u00f3\u017cnych kraj\u00f3w i region\u00f3w, tworz\u0105c mieszanki ukierunkowane na okre\u015blone efekty, takie jak relaksacja i \u0142agodzenie b\u00f3lu. Super Bali Gold Kratom jest jedn\u0105 z tych mieszanek, znan\u0105 ze swojej zdolno\u015bci do zaspokajania szczeg\u00f3lnych potrzeb, takich jak redukcja stresu i promowanie dobrego samopoczucia.<\/p>\n<p data-start=\"1537\" data-end=\"1997\">Z czasem Bali sta\u0142o si\u0119 synonimem wysokiej jako\u015bci Kratom, mimo \u017ce wi\u0119kszo\u015b\u0107 Kratom jest obecnie pozyskiwana g\u0142\u00f3wnie z Kalimantanu w Indonezji, gdzie drzewa Kratom s\u0105 obfite. Tradycja selekcji li\u015bci i tworzenia unikalnych mieszanek pozwoli\u0142a Bali utrzyma\u0107 swoj\u0105 reputacj\u0119 w handlu Kratom przez wiele lat. Dzi\u015b Super Bali Gold Kratom jest nadal wysoko ceniony za swoje uspokajaj\u0105ce dzia\u0142anie, a wielu u\u017cytkownik\u00f3w polega na nim w celu z\u0142agodzenia stresu i promowania relaksu.<\/p>\n<h2 data-start=\"1999\" data-end=\"2044\">Jak u\u017cywa\u0107 Kratopia Super Bali Gold Kratom<\/h2>\n<p data-start=\"2046\" data-end=\"2378\">Korzystanie z Kratopia Super Bali Gold Kratom jest proste i nieskomplikowane. Najpopularniejsz\u0105 metod\u0105 spo\u017cycia jest zaparzenie herbaty. Aby przygotowa\u0107 herbat\u0119, nale\u017cy rozpu\u015bci\u0107 od 4 do 5 gram\u00f3w proszku Kratom w gor\u0105cej wodzie (70-95\u00b0C) i parzy\u0107 przez 3 do 5 minut. Herbata nie musi by\u0107 filtrowana, poniewa\u017c mo\u017cna spo\u017cywa\u0107 ca\u0142\u0105 mieszank\u0119.<\/p>\n<p data-start=\"2380\" data-end=\"2891\">Podobnie jak w przypadku ka\u017cdego produktu Kratom, wa\u017cne jest, aby rozpocz\u0105\u0107 od ni\u017cszej dawki, aby oceni\u0107 reakcj\u0119 organizmu przed dostosowaniem dawki. Dla nowych u\u017cytkownik\u00f3w typowa dawka wynosi od 3 do 5 gram\u00f3w proszku, ale bardziej do\u015bwiadczeni u\u017cytkownicy mog\u0105 uzna\u0107, \u017ce potrzebuj\u0105 nieco wy\u017cszej dawki, aby osi\u0105gn\u0105\u0107 po\u017c\u0105dane efekty. Super Bali Gold Kratom najlepiej spo\u017cywa\u0107 odpowiedzialnie i z umiarem, poniewa\u017c wy\u017csze dawki mog\u0105 prowadzi\u0107 do bardziej uspokajaj\u0105cych efekt\u00f3w. Zawsze nale\u017cy przestrzega\u0107 zalecanego dawkowania w oparciu o mas\u0119 cia\u0142a i indywidualne potrzeby.<\/p>\n<h2 data-start=\"2893\" data-end=\"2942\">Sk\u0142adniki Kratopia Super Bali Gold Kratom<\/h2>\n<p data-start=\"2944\" data-end=\"3394\">G\u0142\u00f3wnym sk\u0142adnikiem Kratopia Super Bali Gold Kratom jest Mitragyna speciosa, tropikalne drzewo pochodz\u0105ce z Azji Po\u0142udniowo-Wschodniej. Li\u015bcie tego drzewa s\u0105 zbierane i przetwarzane w celu stworzenia proszku Kratom. R\u00f3\u017cne odmiany Kratom znane s\u0105 z unikalnych profili alkaloid\u00f3w, kt\u00f3re determinuj\u0105 ich dzia\u0142anie. Super Bali Gold Kratom \u0142\u0105czy w sobie li\u015bcie z r\u00f3\u017cnych region\u00f3w, tworz\u0105c zr\u00f3wnowa\u017con\u0105 mieszank\u0119 o zwi\u0119kszonych w\u0142a\u015bciwo\u015bciach poprawiaj\u0105cych nastr\u00f3j i \u0142agodz\u0105cych b\u00f3l.<\/p>\n<p data-start=\"3396\" data-end=\"3882\">Ta konkretna odmiana znana jest z mocnego, gorzkiego smaku, dlatego te\u017c wielu u\u017cytkownik\u00f3w miesza j\u0105 z miodem lub innymi substancjami s\u0142odz\u0105cymi. Chocia\u017c dok\u0142adna mieszanka li\u015bci stosowana w Super Bali Gold jest zastrze\u017cona, g\u0142\u00f3wnym sk\u0142adnikiem jest zawsze Mitragyna speciosa, ro\u015blina od wiek\u00f3w stosowana ze wzgl\u0119du na swoje w\u0142a\u015bciwo\u015bci lecznicze. Wa\u017cne jest, aby pami\u0119ta\u0107, \u017ce Kratopia Super Bali Gold jest suplementem zio\u0142owym i nale\u017cy go stosowa\u0107 ostro\u017cnie, zw\u0142aszcza je\u015bli jeste\u015b nowym u\u017cytkownikiem Kratom lub masz istniej\u0105ce schorzenia.<\/p>\n<p data-start=\"3884\" data-end=\"3894\"><strong>Ostrze\u017cenie<\/strong><\/p>\n<p data-start=\"3896\" data-end=\"4243\" data-is-last-node=\"\">Sprzeda\u017c i u\u017cytkowanie Kratopia Super Bali Gold Kratom s\u0105 zabronione dla os\u00f3b poni\u017cej 18 roku \u017cycia. Przechowywa\u0107 w miejscu niedost\u0119pnym dla dzieci. Nie stosowa\u0107 w przypadku wysokiego lub niskiego ci\u015bnienia krwi, chor\u00f3b serca lub p\u0142uc, cukrzycy, ci\u0105\u017cy, przyjmowania lek\u00f3w, narkotyk\u00f3w lub alkoholu. Przed zastosowaniem jakiegokolwiek suplementu nale\u017cy zawsze skonsultowa\u0107 si\u0119 z lekarzem.<\/p>","protected":false},"excerpt":{"rendered":"<p>Gold mo\u017ce nie znajdowa\u0107 si\u0119 w spektrum bia\u0142ych, czerwonych i zielonych odmian kratomu, ale jest to \u015bwietna mieszanka r\u00f3\u017cnych odmian kratomu, kt\u00f3ra ma na celu popraw\u0119 koncentracji przy jednoczesnym zachowaniu produktywno\u015bci. Nie zapominaj, \u017ce wszystko zale\u017cy od dawkowania, ale przy niewielkiej ilo\u015bci b\u0105d\u017a gotowy, aby pozosta\u0107 zmotywowanym, pe\u0142nym energii i gotowym do zdobycia \u015bwiata szturmem. \u015awietna mieszanka odmian dla os\u00f3b uzale\u017cnionych od produktywno\u015bci i kreatywnych!<\/p>","protected":false},"featured_media":126049,"template":"","meta":[],"product_brand":[],"product_cat":[599,297,512,477,509,510,511,476],"product_tag":[],"class_list":{"0":"post-42176","1":"product","2":"type-product","3":"status-publish","4":"has-post-thumbnail","6":"product_cat-kratopia","7":"product_cat-all-products","8":"product_cat-extracts","9":"product_cat-herbs","10":"product_cat-kratom","11":"product_cat-relax","12":"product_cat-relax-herbs","13":"product_cat-smartshop","14":"product_shipping_class-creditcard-off","16":"first","17":"instock","18":"taxable","19":"shipping-taxable","20":"purchasable","21":"product-type-variable","22":"has-default-attributes"},"_links":{"self":[{"href":"https:\/\/www.tatanka.nl\/pl\/wp-json\/wp\/v2\/product\/42176","targetHints":{"allow":["GET"]}}],"collection":[{"href":"https:\/\/www.tatanka.nl\/pl\/wp-json\/wp\/v2\/product"}],"about":[{"href":"https:\/\/www.tatanka.nl\/pl\/wp-json\/wp\/v2\/types\/product"}],"wp:featuredmedia":[{"embeddable":true,"href":"https:\/\/www.tatanka.nl\/pl\/wp-json\/wp\/v2\/media\/126049"}],"wp:attachment":[{"href":"https:\/\/www.tatanka.nl\/pl\/wp-json\/wp\/v2\/media?parent=42176"}],"wp:term":[{"taxonomy":"product_brand","embeddable":true,"href":"https:\/\/www.tatanka.nl\/pl\/wp-json\/wp\/v2\/product_brand?post=42176"},{"taxonomy":"product_cat","embeddable":true,"href":"https:\/\/www.tatanka.nl\/pl\/wp-json\/wp\/v2\/product_cat?post=42176"},{"taxonomy":"product_tag","embeddable":true,"href":"https:\/\/www.tatanka.nl\/pl\/wp-json\/wp\/v2\/product_tag?post=42176"}],"curies":[{"name":"wp","href":"https:\/\/api.w.org\/{rel}","templated":true}]}}