{"id":42177,"date":"2022-03-08T11:57:03","date_gmt":"2022-03-08T09:57:03","guid":{"rendered":"https:\/\/www.tatanka.nl\/product\/white-bali-kratom\/"},"modified":"2025-11-18T15:37:48","modified_gmt":"2025-11-18T14:37:48","slug":"white-bali-kratom","status":"publish","type":"product","link":"https:\/\/www.tatanka.nl\/pl\/white-bali-kratom\/","title":{"rendered":"White Bali Kratom"},"content":{"rendered":"<h2 data-start=\"0\" data-end=\"29\">Co to jest White Bali Kratom?<\/h2>\n<p data-start=\"31\" data-end=\"438\">White Bali Kratom to odmiana drzewa Mitragyna speciosa, pochodz\u0105ca z Azji Po\u0142udniowo-Wschodniej. Podobnie jak inne odmiany Kratom, pochodzi ona z li\u015bci drzewa Kratom, ale jej wyj\u0105tkowe dzia\u0142anie energetyzuj\u0105ce i euforyczne wynika ze specyficznych metod zbioru i przetwarzania. Odmiana White Bali Kratom jest znana ze swojej zdolno\u015bci do zwi\u0119kszania energii i poprawiania nastroju, co czyni j\u0105 jedn\u0105 z najpopularniejszych odmian Kratom na ca\u0142ym \u015bwiecie.<\/p>\n<p data-start=\"440\" data-end=\"824\">G\u0142\u00f3wne zalety White Bali Kratom obejmuj\u0105 zwalczanie zm\u0119czenia, popraw\u0119 koncentracji i promowanie og\u00f3lnego dobrego samopoczucia. U\u017cytkownicy zg\u0142aszaj\u0105 zwi\u0119kszon\u0105 koncentracj\u0119, jasno\u015b\u0107 umys\u0142u i zwi\u0119kszon\u0105 motywacj\u0119 po spo\u017cyciu. Odmiana ta jest szczeg\u00f3lnie preferowana przez osoby poszukuj\u0105ce zastrzyku energii psychicznej i fizycznej, aby zwi\u0119kszy\u0107 produktywno\u015b\u0107 lub rozpocz\u0105\u0107 dzie\u0144 z uczuciem od\u015bwie\u017cenia.<\/p>\n<h2 data-start=\"826\" data-end=\"857\">Historia White Bali Kratom<\/h2>\n<p data-start=\"859\" data-end=\"1172\">White Bali Kratom ma swoje korzenie w Azji Po\u0142udniowo-Wschodniej, gdzie Kratom by\u0142 u\u017cywany od wiek\u00f3w przez rdzennych mieszka\u0144c\u00f3w do r\u00f3\u017cnych cel\u00f3w leczniczych, takich jak \u0142agodzenie b\u00f3lu, poprawa nastroju i zwi\u0119kszenie energii. White Bali Kratom sta\u0142 si\u0119 jednak szczeg\u00f3lnie popularny ze wzgl\u0119du na swoje wyj\u0105tkowe dzia\u0142anie energetyzuj\u0105ce i euforyczne.<\/p>\n<p data-start=\"1174\" data-end=\"1676\">Mieszanka li\u015bci z drzew Kratom z Borneo, Sumatry i Bali, White Bali Kratom zosta\u0142a starannie wyselekcjonowana na podstawie zawarto\u015bci alkaloid\u00f3w w li\u015bciach. Proces suszenia, kt\u00f3ry odbywa si\u0119 na miejscu, gdzie rosn\u0105 drzewa, odgrywa kluczow\u0105 rol\u0119 w zachowaniu mocy alkaloid\u00f3w i utrzymaniu charakterystycznych efekt\u00f3w szczepu. Z biegiem czasu White Bali Kratom zyska\u0142 znaczn\u0105 popularno\u015b\u0107 na rynkach zachodnich, szczeg\u00f3lnie w\u015br\u00f3d os\u00f3b poszukuj\u0105cych naturalnego stymulanta bez ryzyka zwi\u0105zanego z syntetycznymi alternatywami.<\/p>\n<h2 data-start=\"1678\" data-end=\"1709\">Jak korzysta\u0107 z White Bali Kratom<\/h2>\n<p data-start=\"1711\" data-end=\"2027\">Najpopularniejszym i najskuteczniejszym sposobem spo\u017cywania White Bali Kratom jest zaparzanie go w herbacie. W tym celu nale\u017cy rozpu\u015bci\u0107 od 4 do 5 gram\u00f3w proszku White Bali Kratom w gor\u0105cej wodzie (70-95\u00b0C) i parzy\u0107 przez 3 do 5 minut. Metoda ta pozwala do\u015bwiadczy\u0107 pe\u0142nego dzia\u0142ania Kratom, delektuj\u0105c si\u0119 koj\u0105cym, aromatycznym napojem.<\/p>\n<p data-start=\"2029\" data-end=\"2296\">Aby uzyska\u0107 najlepsze wyniki, zaleca si\u0119 rozpocz\u0119cie od niskiej dawki i stopniowe jej zwi\u0119kszanie w zale\u017cno\u015bci od reakcji organizmu. Efekty energetyzuj\u0105ce zwykle zaczynaj\u0105 si\u0119 w ci\u0105gu 15 minut i mog\u0105 utrzymywa\u0107 si\u0119 przez kilka godzin, w zale\u017cno\u015bci od czynnik\u00f3w takich jak dawka, waga i metabolizm.<\/p>\n<p data-start=\"2298\" data-end=\"2624\">Niekt\u00f3rzy u\u017cytkownicy preferuj\u0105 mieszanie White Bali Kratom z sokami owocowymi lub innymi napojami w celu wzmocnienia smaku i efekt\u00f3w. Chocia\u017c preferowan\u0105 metod\u0105 jest picie herbaty, White Bali Kratom mo\u017cna r\u00f3wnie\u017c spo\u017cywa\u0107 w postaci kapsu\u0142ek lub dodawa\u0107 do koktajli. Podobnie jak w przypadku wszystkich szczep\u00f3w Kratom, wa\u017cne jest, aby u\u017cywa\u0107 go odpowiedzialnie i unika\u0107 nadmiernego spo\u017cycia.<\/p>\n<h2 data-start=\"2626\" data-end=\"2661\">Sk\u0142adniki White Bali Kratom<\/h2>\n<p data-start=\"2663\" data-end=\"3080\">G\u0142\u00f3wnym sk\u0142adnikiem White Bali Kratom jest sproszkowany li\u015b\u0107 drzewa Mitragyna speciosa, zebrany z drzew rosn\u0105cych na Borneo, Sumatrze i Bali. Drzewa te s\u0105 wybierane ze wzgl\u0119du na wysok\u0105 zawarto\u015b\u0107 alkaloid\u00f3w, dzi\u0119ki czemu White Bali Kratom ma dzia\u0142anie energetyzuj\u0105ce i poprawiaj\u0105ce nastr\u00f3j. Kluczowymi zwi\u0105zkami aktywnymi w White Bali Kratom s\u0105 mitragynina i 7-hydroksymitragynina, kt\u00f3re przyczyniaj\u0105 si\u0119 do jej stymuluj\u0105cych w\u0142a\u015bciwo\u015bci.<\/p>\n<p data-start=\"3082\" data-end=\"3460\">Po zebraniu, li\u015bcie poddawane s\u0105 procesowi suszenia, kt\u00f3ry pozwala zachowa\u0107 zawarto\u015b\u0107 alkaloid\u00f3w i zapewnia moc szczepu. Suszenie odbywa si\u0119 zazwyczaj w naturalnym \u015brodowisku drzew, co pomaga zachowa\u0107 czysto\u015b\u0107 ro\u015bliny. Staranna selekcja i przetwarzanie White Bali Kratom pomagaj\u0105 zachowa\u0107 jej unikalne dzia\u0142anie, oferuj\u0105c u\u017cytkownikom naturalny zastrzyk energii i lepsz\u0105 koncentracj\u0119.<\/p>\n<p data-start=\"3462\" data-end=\"3699\">Jako ca\u0142kowicie naturalny produkt, White Bali Kratom nie zawiera sztucznych substancji chemicznych ani dodatk\u00f3w, dzi\u0119ki czemu stanowi czyst\u0105 i skuteczn\u0105 alternatyw\u0119 dla innych stymulant\u00f3w. Stanowi opcj\u0119 opart\u0105 na ro\u015blinach dla os\u00f3b poszukuj\u0105cych naturalnego zastrzyku energii.<\/p>\n<p data-start=\"3701\" data-end=\"3711\"><strong>Ostrze\u017cenie<\/strong><\/p>\n<p data-start=\"3713\" data-end=\"4039\" data-is-last-node=\"\">Ten produkt nie jest przeznaczony do u\u017cytku przez osoby poni\u017cej 18 roku \u017cycia. Przechowywa\u0107 w miejscu niedost\u0119pnym dla dzieci. Nie stosowa\u0107 w przypadku wysokiego lub niskiego ci\u015bnienia krwi, chor\u00f3b serca lub p\u0142uc, cukrzycy, ci\u0105\u017cy, stosowania lek\u00f3w, narkotyk\u00f3w lub alkoholu. Przed zastosowaniem jakiegokolwiek suplementu nale\u017cy zawsze skonsultowa\u0107 si\u0119 z lekarzem.<\/p>","protected":false},"excerpt":{"rendered":"<p>White Bali to idealna odmiana kratomu dla mi\u0142o\u015bnik\u00f3w \u0142agodnych i energetycznych efekt\u00f3w kratomu. Je\u015bli potrzebujesz mocnego, silniejszego ni\u017c kawa kopa - ta odmiana jest w stanie go zapewni\u0107! Przygotuj si\u0119 na przyjemny, energetyczny szum i popraw\u0119 przep\u0142ywu, skupienia i kreatywno\u015bci. Idealny kratom White Vein dla kreatywnych i maniak\u00f3w produktywno\u015bci!<\/p>","protected":false},"featured_media":126046,"template":"","meta":[],"product_brand":[],"product_cat":[599,297,512,477,509,510,511,476],"product_tag":[],"class_list":{"0":"post-42177","1":"product","2":"type-product","3":"status-publish","4":"has-post-thumbnail","6":"product_cat-kratopia","7":"product_cat-all-products","8":"product_cat-extracts","9":"product_cat-herbs","10":"product_cat-kratom","11":"product_cat-relax","12":"product_cat-relax-herbs","13":"product_cat-smartshop","14":"product_shipping_class-creditcard-off","16":"first","17":"instock","18":"taxable","19":"shipping-taxable","20":"purchasable","21":"product-type-variable","22":"has-default-attributes"},"_links":{"self":[{"href":"https:\/\/www.tatanka.nl\/pl\/wp-json\/wp\/v2\/product\/42177","targetHints":{"allow":["GET"]}}],"collection":[{"href":"https:\/\/www.tatanka.nl\/pl\/wp-json\/wp\/v2\/product"}],"about":[{"href":"https:\/\/www.tatanka.nl\/pl\/wp-json\/wp\/v2\/types\/product"}],"wp:featuredmedia":[{"embeddable":true,"href":"https:\/\/www.tatanka.nl\/pl\/wp-json\/wp\/v2\/media\/126046"}],"wp:attachment":[{"href":"https:\/\/www.tatanka.nl\/pl\/wp-json\/wp\/v2\/media?parent=42177"}],"wp:term":[{"taxonomy":"product_brand","embeddable":true,"href":"https:\/\/www.tatanka.nl\/pl\/wp-json\/wp\/v2\/product_brand?post=42177"},{"taxonomy":"product_cat","embeddable":true,"href":"https:\/\/www.tatanka.nl\/pl\/wp-json\/wp\/v2\/product_cat?post=42177"},{"taxonomy":"product_tag","embeddable":true,"href":"https:\/\/www.tatanka.nl\/pl\/wp-json\/wp\/v2\/product_tag?post=42177"}],"curies":[{"name":"wp","href":"https:\/\/api.w.org\/{rel}","templated":true}]}}