{"id":42178,"date":"2022-03-08T11:57:03","date_gmt":"2022-03-08T09:57:03","guid":{"rendered":"https:\/\/www.tatanka.nl\/product\/white-borneo-kratom\/"},"modified":"2025-11-18T15:37:47","modified_gmt":"2025-11-18T14:37:47","slug":"white-borneo-kratom","status":"publish","type":"product","link":"https:\/\/www.tatanka.nl\/pl\/white-borneo-kratom\/","title":{"rendered":"White Borneo Kratom"},"content":{"rendered":"<h2 data-start=\"0\" data-end=\"31\">Co to jest White Borneo Kratom?<\/h2>\n<p data-start=\"33\" data-end=\"489\">White Borneo Kratom to wyj\u0105tkowa odmiana Kratom, pochodz\u0105ca z drzewa Mitragyna speciosa, kt\u00f3re znane jest z dzia\u0142ania pobudzaj\u0105cego zmys\u0142y. Odmiana ta jest szczeg\u00f3lnie skuteczna w zwi\u0119kszaniu koncentracji i jasno\u015bci umys\u0142u, co czyni j\u0105 ulubionym wyborem dla tych, kt\u00f3rzy chc\u0105 poprawi\u0107 koncentracj\u0119. Nazwana na cze\u015b\u0107 wyspy Borneo, gdzie jest uprawiana, White Borneo Kratom znana jest z wysokiej zawarto\u015bci alkaloid\u00f3w, co wp\u0142ywa na jej silne w\u0142a\u015bciwo\u015bci psychoaktywne.<\/p>\n<p data-start=\"491\" data-end=\"914\">W przeciwie\u0144stwie do innych odmian Kratom, White Borneo Kratom poprawia percepcj\u0119 sensoryczn\u0105, zw\u0142aszcza wzrok i koncentracj\u0119. U\u017cytkownicy cz\u0119sto zg\u0142aszaj\u0105 zwi\u0119kszon\u0105 jasno\u015b\u0107 umys\u0142u i zwi\u0119kszon\u0105 zdolno\u015b\u0107 koncentracji, co czyni j\u0105 idealn\u0105 do zada\u0144 wymagaj\u0105cych ci\u0105g\u0142ej uwagi. Spo\u017cywany w niskich dawkach, White Borneo Kratom oferuje wzmocnienie funkcji poznawczych, nie staj\u0105c si\u0119 przyt\u0142aczaj\u0105cym, co czyni go u\u017cytecznym narz\u0119dziem zwi\u0119kszaj\u0105cym produktywno\u015b\u0107 i wydajno\u015b\u0107 umys\u0142ow\u0105.<\/p>\n<h2 data-start=\"916\" data-end=\"949\">Historia White Borneo Kratom<\/h2>\n<p data-start=\"951\" data-end=\"1326\">Odmiana White Borneo Kratom wywodzi si\u0119 z tradycyjnego stosowania Kratom w Azji Po\u0142udniowo-Wschodniej, gdzie od wiek\u00f3w wykorzystywano j\u0105 do cel\u00f3w leczniczych, takich jak \u0142agodzenie b\u00f3lu, regulacja nastroju i zwi\u0119kszanie energii. Odmiana White Borneo dopiero niedawno zyska\u0142a jednak popularno\u015b\u0107 na \u015bwiatowych rynkach, g\u0142\u00f3wnie ze wzgl\u0119du na swoje dzia\u0142anie zwi\u0119kszaj\u0105ce koncentracj\u0119 i jasno\u015b\u0107 umys\u0142u.<\/p>\n<p data-start=\"1328\" data-end=\"1780\">Uprawiana na wyspie Borneo, odmiana ta korzysta z idealnych warunk\u00f3w glebowych i klimatycznych regionu. Unikalne w\u0142a\u015bciwo\u015bci White Borneo Kratom wynikaj\u0105 ze specyficznych metod suszenia i przetwarzania, kt\u00f3re pozwalaj\u0105 zachowa\u0107 wysokie st\u0119\u017cenie alkaloid\u00f3w. Metody te nadaj\u0105 szczepowi charakterystyczne efekty i przyczyni\u0142y si\u0119 do wzrostu jego popularno\u015bci, szczeg\u00f3lnie na rynkach zachodnich, gdzie s\u0142u\u017cy jako naturalna alternatywa dla syntetycznych stymulant\u00f3w.<\/p>\n<h2 data-start=\"1782\" data-end=\"1815\">Jak korzysta\u0107 z White Borneo Kratom<\/h2>\n<p data-start=\"1817\" data-end=\"2122\">Najcz\u0119stszym sposobem spo\u017cywania White Borneo Kratom jest zaparzanie go w herbacie. Aby j\u0105 przygotowa\u0107, wystarczy rozpu\u015bci\u0107 od 4 do 5 gram\u00f3w sproszkowanego Kratom w gor\u0105cej wodzie (70-95 stopni Celsjusza) i parzy\u0107 przez 3 do 5 minut. Rezultatem jest \u0142agodna, przyjemna herbata, kt\u00f3ra zapewnia po\u017c\u0105dane efekty bez dodatkowego przygotowania.<\/p>\n<p data-start=\"2124\" data-end=\"2653\">Aby uzyska\u0107 optymalne wyniki, nale\u017cy rozpocz\u0105\u0107 od niskiej dawki, aby oceni\u0107 reakcj\u0119 organizmu, szczeg\u00f3lnie je\u015bli dopiero zaczynasz stosowa\u0107 Kratom. White Borneo Kratom zapewnia stopniowy wzrost koncentracji, a efekty zwykle zaczynaj\u0105 si\u0119 oko\u0142o 15 minut po spo\u017cyciu. Niekt\u00f3rzy u\u017cytkownicy wol\u0105 miesza\u0107 proszek z sokami owocowymi, takimi jak sok pomara\u0144czowy, aby wzmocni\u0107 zar\u00f3wno efekty sensoryczne, jak i smak. Nale\u017cy pami\u0119ta\u0107, \u017ce efekty mog\u0105 si\u0119 r\u00f3\u017cni\u0107 w zale\u017cno\u015bci od czynnik\u00f3w, takich jak waga, wiek i og\u00f3lny stan zdrowia, dlatego wa\u017cne jest, aby zacz\u0105\u0107 od ma\u0142ej dawki i dostosowa\u0107 j\u0105 w razie potrzeby.<\/p>\n<h2 data-start=\"2655\" data-end=\"2692\">Sk\u0142adniki White Borneo Kratom<\/h2>\n<p data-start=\"2694\" data-end=\"3098\">Podstawowym sk\u0142adnikiem White Borneo Kratom s\u0105 sproszkowane li\u015bcie drzewa Mitragyna speciosa, uprawianego na wyspie Borneo. Li\u015bcie s\u0105 zbierane we w\u0142a\u015bciwym czasie, gdy s\u0105 cz\u0119\u015bciowo dojrza\u0142e, aby zachowa\u0107 najwy\u017csze st\u0119\u017cenie alkaloid\u00f3w. Te aktywne zwi\u0105zki, g\u0142\u00f3wnie mitragynina i 7-hydroksymitragynina, s\u0105 odpowiedzialne za stymuluj\u0105ce i poprawiaj\u0105ce koncentracj\u0119 dzia\u0142anie tej odmiany.<\/p>\n<p data-start=\"3100\" data-end=\"3602\">Po zbiorach li\u015bcie poddawane s\u0105 kontrolowanemu procesowi suszenia, kt\u00f3ry pomaga zachowa\u0107 zawarto\u015b\u0107 alkaloid\u00f3w i zapewnia unikalne w\u0142a\u015bciwo\u015bci odmiany, w tym zwi\u0119kszon\u0105 jasno\u015b\u0107 umys\u0142u i lepsz\u0105 percepcj\u0119 sensoryczn\u0105. W przeciwie\u0144stwie do innych odmian Kratom, proces suszenia White Borneo zachowuje jej bia\u0142y kolor i silne dzia\u0142anie. Jako ca\u0142kowicie naturalny produkt, White Borneo Kratom nie zawiera sztucznych substancji chemicznych ani konserwant\u00f3w, oferuj\u0105c u\u017cytkownikom czysty, ro\u015blinny suplement poprawiaj\u0105cy zdolno\u015bci poznawcze.<\/p>\n<p data-start=\"3604\" data-end=\"3614\"><strong>Ostrze\u017cenie<\/strong><\/p>\n<p data-start=\"3616\" data-end=\"3939\" data-is-last-node=\"\">Ten produkt nie jest przeznaczony do sprzeda\u017cy ani u\u017cytku przez osoby poni\u017cej 18 roku \u017cycia. Przechowywa\u0107 w miejscu niedost\u0119pnym dla dzieci. Nie stosowa\u0107 w przypadku wysokiego lub niskiego ci\u015bnienia krwi, chor\u00f3b serca lub p\u0142uc, cukrzycy, ci\u0105\u017cy, przyjmowania lek\u00f3w, narkotyk\u00f3w lub alkoholu. Przed zastosowaniem jakiegokolwiek suplementu nale\u017cy zawsze skonsultowa\u0107 si\u0119 z lekarzem.<\/p>","protected":false},"excerpt":{"rendered":"<p>Sproszkowany kratom White Borneo jest uwielbiany przez mi\u0142o\u015bnik\u00f3w kratomu poszukuj\u0105cych energii. Jest to doskona\u0142a odmiana kratomu White Vein, kt\u00f3ra mo\u017ce zwi\u0119kszy\u0107 produktywno\u015b\u0107, przep\u0142yw i skupienie. Wielu u\u017cytkownik\u00f3w zg\u0142asza popraw\u0119 energii i og\u00f3lny wzrost nastroju. White Borneo to popularna odmiana kratomu na dzie\u0144, gdy potrzebujesz odrobiny odpr\u0119\u017cenia zamiast kolejnej kawy!<\/p>","protected":false},"featured_media":126043,"template":"","meta":[],"product_brand":[],"product_cat":[599,297,512,477,509,510,511,476],"product_tag":[],"class_list":{"0":"post-42178","1":"product","2":"type-product","3":"status-publish","4":"has-post-thumbnail","6":"product_cat-kratopia","7":"product_cat-all-products","8":"product_cat-extracts","9":"product_cat-herbs","10":"product_cat-kratom","11":"product_cat-relax","12":"product_cat-relax-herbs","13":"product_cat-smartshop","14":"product_shipping_class-creditcard-off","16":"first","17":"instock","18":"taxable","19":"shipping-taxable","20":"purchasable","21":"product-type-variable","22":"has-default-attributes"},"_links":{"self":[{"href":"https:\/\/www.tatanka.nl\/pl\/wp-json\/wp\/v2\/product\/42178","targetHints":{"allow":["GET"]}}],"collection":[{"href":"https:\/\/www.tatanka.nl\/pl\/wp-json\/wp\/v2\/product"}],"about":[{"href":"https:\/\/www.tatanka.nl\/pl\/wp-json\/wp\/v2\/types\/product"}],"wp:featuredmedia":[{"embeddable":true,"href":"https:\/\/www.tatanka.nl\/pl\/wp-json\/wp\/v2\/media\/126043"}],"wp:attachment":[{"href":"https:\/\/www.tatanka.nl\/pl\/wp-json\/wp\/v2\/media?parent=42178"}],"wp:term":[{"taxonomy":"product_brand","embeddable":true,"href":"https:\/\/www.tatanka.nl\/pl\/wp-json\/wp\/v2\/product_brand?post=42178"},{"taxonomy":"product_cat","embeddable":true,"href":"https:\/\/www.tatanka.nl\/pl\/wp-json\/wp\/v2\/product_cat?post=42178"},{"taxonomy":"product_tag","embeddable":true,"href":"https:\/\/www.tatanka.nl\/pl\/wp-json\/wp\/v2\/product_tag?post=42178"}],"curies":[{"name":"wp","href":"https:\/\/api.w.org\/{rel}","templated":true}]}}