{"id":42179,"date":"2022-03-08T11:57:03","date_gmt":"2022-03-08T09:57:03","guid":{"rendered":"https:\/\/www.tatanka.nl\/product\/white-maeng-da-kratom\/"},"modified":"2025-11-18T15:37:47","modified_gmt":"2025-11-18T14:37:47","slug":"white-maeng-da-kratom","status":"publish","type":"product","link":"https:\/\/www.tatanka.nl\/pl\/white-maeng-da-kratom\/","title":{"rendered":"White Maeng Da Kratom"},"content":{"rendered":"<h2 data-start=\"0\" data-end=\"33\">Co to jest White Maeng Da Kratom?<\/h2>\n<p data-start=\"35\" data-end=\"597\">White Maeng Da Kratom to dobrze znana odmiana Kratom znana ze swoich energetyzuj\u0105cych efekt\u00f3w. Pozyskiwana z drzewa Mitragyna speciosa, odmiana ta jest szczeg\u00f3lnie silna ze wzgl\u0119du na wysok\u0105 zawarto\u015b\u0107 alkaloid\u00f3w, w szczeg\u00f3lno\u015bci mitragyniny. Zwi\u0105zek ten odpowiada przede wszystkim za dzia\u0142anie pobudzaj\u0105ce i poprawiaj\u0105ce nastr\u00f3j. Li\u015bcie s\u0105 zbierane na okre\u015blonym etapie, gdy s\u0105 cz\u0119\u015bciowo dojrza\u0142e, co zapewnia bogate st\u0119\u017cenie psychoaktywnych alkaloid\u00f3w. Ta unikalna metoda zbioru, w po\u0142\u0105czeniu ze specjalnym procesem suszenia, nadaje White Maeng Da charakterystyczny bia\u0142y kolor.<\/p>\n<p data-start=\"599\" data-end=\"1082\">Powszechnie stosowana jako naturalny wzmacniacz energii, White Maeng Da jest popularn\u0105 alternatyw\u0105 dla kofeiny i innych stymulant\u00f3w. Wiadomo, \u017ce poprawia skupienie, koncentracj\u0119 i jasno\u015b\u0107 umys\u0142u, dzi\u0119ki czemu jest idealna dla tych, kt\u00f3rzy potrzebuj\u0105 dodatkowego zastrzyku energii lub pobudzenia umys\u0142owego w ci\u0105gu dnia. Aby osi\u0105gn\u0105\u0107 najlepsze rezultaty, zwykle parzy si\u0119 j\u0105 w postaci herbaty, co pozwala na szybkie wch\u0142anianie jej alkaloid\u00f3w. U\u017cytkownicy cz\u0119sto odczuwaj\u0105 jej dzia\u0142anie w ci\u0105gu 15 minut, a rezultaty utrzymuj\u0105 si\u0119 przez kilka godzin.<\/p>\n<h2 data-start=\"1084\" data-end=\"1119\">Historia White Maeng Da Kratom<\/h2>\n<p data-start=\"1121\" data-end=\"1487\">White Maeng Da Kratom ma swoje korzenie w Azji Po\u0142udniowo-Wschodniej, gdzie Kratom by\u0142 tradycyjnie u\u017cywany do cel\u00f3w leczniczych. Termin \"Maeng Da\" odnosi si\u0119 do najwy\u017cszej jako\u015bci i starannie uprawianej odmiany Kratom, kt\u00f3ra znana jest z silnego dzia\u0142ania. Odmiana ta jest zbierana w spos\u00f3b maksymalizuj\u0105cy zawarto\u015b\u0107 alkaloid\u00f3w, co czyni j\u0105 jedn\u0105 z najsilniejszych dost\u0119pnych odmian.<\/p>\n<p data-start=\"1489\" data-end=\"2046\">Pierwotnie uprawiana w Thailandii, Maeng Da Kratom rozprzestrzeni\u0142a si\u0119 w innych cz\u0119\u015bciach Azji Po\u0142udniowo-Wschodniej, zyskuj\u0105c s\u0142aw\u0119 dzi\u0119ki swoim w\u0142a\u015bciwo\u015bciom pobudzaj\u0105cym i poprawiaj\u0105cym nastr\u00f3j. Z czasem White Maeng Da Kratom zyska\u0142 popularno\u015b\u0107 w krajach zachodnich, zw\u0142aszcza w Stanach Zjednoczonych, gdzie jest preferowany ze wzgl\u0119du na swoje dzia\u0142anie energetyzuj\u0105ce i poprawiaj\u0105ce koncentracj\u0119. W Kalifornii jest ona powszechnie dodawana do koktajli lub herbat w celu uzyskania naturalnego zastrzyku energii. Unikalny proces suszenia i silna zawarto\u015b\u0107 alkaloid\u00f3w odr\u00f3\u017cniaj\u0105 j\u0105 od innych odmian Kratom, przyczyniaj\u0105c si\u0119 do jej globalnej popularno\u015bci.<\/p>\n<h2 data-start=\"2048\" data-end=\"2083\">Jak korzysta\u0107 z White Maeng Da Kratom<\/h2>\n<p data-start=\"2085\" data-end=\"2489\">Najskuteczniejszym sposobem spo\u017cycia White Maeng Da Kratom jest zaparzenie go w herbacie. W tym celu nale\u017cy rozpu\u015bci\u0107 od 4 do 5 gram\u00f3w sproszkowanego Kratom w gor\u0105cej wodzie (o temperaturze 70-95 stopni Celsjusza) i parzy\u0107 przez 3 do 5 minut. Nie jest konieczne odcedzanie, poniewa\u017c mo\u017cna spo\u017cywa\u0107 ca\u0142\u0105 mieszank\u0119. Dawka od 3 do 5 gram\u00f3w zapewnia \u0142agodne do umiarkowanych efekty, ale indywidualna wra\u017cliwo\u015b\u0107 i masa cia\u0142a mog\u0105 wymaga\u0107 dostosowania.<\/p>\n<p data-start=\"2491\" data-end=\"2985\">Zazwyczaj potrzeba oko\u0142o 15 minut, aby energetyzuj\u0105ce dzia\u0142anie White Maeng Da sta\u0142o si\u0119 zauwa\u017calne, cho\u0107 zale\u017cy to od czynnik\u00f3w takich jak wiek, stan zdrowia i p\u0142e\u0107. W przypadku nowych u\u017cytkownik\u00f3w zaleca si\u0119 rozpocz\u0119cie od ni\u017cszej dawki i stopniowe jej zwi\u0119kszanie w miar\u0119 potrzeb. Niekt\u00f3rzy u\u017cytkownicy preferuj\u0105 mieszanie proszku Kratom z koktajlami lub smoothie dla wygody. Zaleca si\u0119 jednak ostro\u017cno\u015b\u0107, poniewa\u017c wy\u017csze dawki mog\u0105 wywo\u0142ywa\u0107 efekty uspokajaj\u0105ce, a nie pobudzaj\u0105ce, powszechnie kojarzone z t\u0105 odmian\u0105.<\/p>\n<h2 data-start=\"2987\" data-end=\"3026\">Sk\u0142adniki White Maeng Da Kratom<\/h2>\n<p data-start=\"3028\" data-end=\"3372\">White Maeng Da Kratom sk\u0142ada si\u0119 g\u0142\u00f3wnie ze sproszkowanych li\u015bci drzewa Mitragyna speciosa. Li\u015bcie te s\u0105 zbierane, gdy s\u0105 cz\u0119\u015bciowo dojrza\u0142e, aby zapewni\u0107 zachowanie maksymalnej ilo\u015bci alkaloid\u00f3w. Kluczowe alkaloidy, w tym mitragynina i 7-hydroksymitragynina, odpowiadaj\u0105 za energetyzuj\u0105ce i poprawiaj\u0105ce nastr\u00f3j w\u0142a\u015bciwo\u015bci tej odmiany.<\/p>\n<p data-start=\"3374\" data-end=\"3738\">Po zbiorach li\u015bcie poddawane s\u0105 specjalnemu procesowi suszenia w ciemnych warunkach, aby zachowa\u0107 moc alkaloid\u00f3w i uzyska\u0107 charakterystyczny bia\u0142y kolor odmiany. W procesie tym nie stosuje si\u0119 \u017cadnych sztucznych dodatk\u00f3w ani substancji chemicznych, dzi\u0119ki czemu White Maeng Da jest ca\u0142kowicie naturalnym suplementem. Gwarantuje to, \u017ce u\u017cytkownicy do\u015bwiadczaj\u0105 pe\u0142nych korzy\u015bci p\u0142yn\u0105cych z aktywnych zwi\u0105zk\u00f3w Kratom.<\/p>\n<p data-start=\"3740\" data-end=\"4036\">Wysoka zawarto\u015b\u0107 alkaloid\u00f3w w White Maeng Da sprawia, \u017ce jest to jedna z najskuteczniejszych odmian Kratom zwi\u0119kszaj\u0105cych energi\u0119 i poprawiaj\u0105cych jasno\u015b\u0107 umys\u0142u. Przy odpowiedzialnym stosowaniu, stanowi ona naturaln\u0105 alternatyw\u0119 dla kofeiny i innych syntetycznych stymulant\u00f3w, bez typowych skutk\u00f3w ubocznych z nimi zwi\u0105zanych.<\/p>\n<p data-start=\"4038\" data-end=\"4048\"><strong>Ostrze\u017cenie<\/strong><\/p>\n<p data-start=\"4050\" data-end=\"4413\" data-is-last-node=\"\">Sprzeda\u017c i u\u017cytkowanie White Maeng Da Kratom przez osoby poni\u017cej 18 roku \u017cycia s\u0105 zabronione. Przechowywa\u0107 w miejscu niedost\u0119pnym dla dzieci. Ten produkt nie powinien by\u0107 u\u017cywany przez osoby z wysokim lub niskim ci\u015bnieniem krwi, chorobami serca lub p\u0142uc, cukrzyc\u0105, kobiety w ci\u0105\u017cy lub przyjmuj\u0105ce leki, narkotyki lub alkohol. Przed u\u017cyciem nale\u017cy zawsze skonsultowa\u0107 si\u0119 z lekarzem.<\/p>","protected":false},"excerpt":{"rendered":"<p>White Maeng Da to \u015bwietna odmiana kratomu White Vein, kt\u00f3ra jest idealna dla os\u00f3b poszukuj\u0105cych wi\u0119kszej motywacji i du\u017cego zastrzyku energii. Kiedy trzeba wykona\u0107 prac\u0119, a kawa nie wystarcza, niekt\u00f3rzy uwa\u017caj\u0105, \u017ce ta odmiana zapewnia niewielki, ale pot\u0119\u017cny zastrzyk energii. Wielu u\u017cytkownik\u00f3w zg\u0142asza popraw\u0119 koncentracji i \u0142atwo\u015b\u0107 my\u015blenia, wi\u0119c jest to idealna odmiana kratomu na dzie\u0144!<\/p>","protected":false},"featured_media":126039,"template":"","meta":[],"product_brand":[],"product_cat":[599,297,512,477,509,510,511,476],"product_tag":[],"class_list":{"0":"post-42179","1":"product","2":"type-product","3":"status-publish","4":"has-post-thumbnail","6":"product_cat-kratopia","7":"product_cat-all-products","8":"product_cat-extracts","9":"product_cat-herbs","10":"product_cat-kratom","11":"product_cat-relax","12":"product_cat-relax-herbs","13":"product_cat-smartshop","14":"product_shipping_class-creditcard-off","16":"first","17":"instock","18":"taxable","19":"shipping-taxable","20":"purchasable","21":"product-type-variable","22":"has-default-attributes"},"_links":{"self":[{"href":"https:\/\/www.tatanka.nl\/pl\/wp-json\/wp\/v2\/product\/42179","targetHints":{"allow":["GET"]}}],"collection":[{"href":"https:\/\/www.tatanka.nl\/pl\/wp-json\/wp\/v2\/product"}],"about":[{"href":"https:\/\/www.tatanka.nl\/pl\/wp-json\/wp\/v2\/types\/product"}],"wp:featuredmedia":[{"embeddable":true,"href":"https:\/\/www.tatanka.nl\/pl\/wp-json\/wp\/v2\/media\/126039"}],"wp:attachment":[{"href":"https:\/\/www.tatanka.nl\/pl\/wp-json\/wp\/v2\/media?parent=42179"}],"wp:term":[{"taxonomy":"product_brand","embeddable":true,"href":"https:\/\/www.tatanka.nl\/pl\/wp-json\/wp\/v2\/product_brand?post=42179"},{"taxonomy":"product_cat","embeddable":true,"href":"https:\/\/www.tatanka.nl\/pl\/wp-json\/wp\/v2\/product_cat?post=42179"},{"taxonomy":"product_tag","embeddable":true,"href":"https:\/\/www.tatanka.nl\/pl\/wp-json\/wp\/v2\/product_tag?post=42179"}],"curies":[{"name":"wp","href":"https:\/\/api.w.org\/{rel}","templated":true}]}}