{"id":42180,"date":"2022-03-08T11:57:04","date_gmt":"2022-03-08T09:57:04","guid":{"rendered":"https:\/\/www.tatanka.nl\/product\/yellow-borneo-kratom\/"},"modified":"2026-03-02T00:48:38","modified_gmt":"2026-03-01T23:48:38","slug":"yellow-borneo-kratom","status":"publish","type":"product","link":"https:\/\/www.tatanka.nl\/pl\/yellow-borneo-kratom\/","title":{"rendered":"Yellow Borneo Kratom"},"content":{"rendered":"<h2 data-start=\"0\" data-end=\"33\">Co to jest Yellow Borneo Kratom?<\/h2>\n<p data-start=\"35\" data-end=\"1037\">Yellow Borneo Kratom to specjalna odmiana pochodz\u0105ca z drzewa Mitragyna speciosa, znana ze swoich pobudzaj\u0105cych i energetyzuj\u0105cych efekt\u00f3w. Nazwana na cze\u015b\u0107 wyspy Borneo, gdzie jest g\u0142\u00f3wnie uprawiana, ta wyj\u0105tkowa odmiana wyr\u00f3\u017cnia si\u0119 \u017c\u00f3\u0142tym kolorem, kt\u00f3ry wynika ze specjalistycznej techniki suszenia. Li\u015bcie poddawane s\u0105 szybkiemu procesowi suszenia na s\u0142o\u0144cu, co pomaga zachowa\u0107 naturalne alkaloidy ro\u015bliny przy jednoczesnym zmniejszeniu goryczy. Pomimo lekko gorzkiego smaku, Yellow Borneo Kratom jest popularnym wyborem dla os\u00f3b poszukuj\u0105cych zastrzyku energii i lepszego skupienia. Wielu u\u017cytkownik\u00f3w lubi dodawa\u0107 j\u0105 do koktajli, shake'\u00f3w lub napoj\u00f3w, takich jak soki owocowe i domowe czekoladki. Odmiana ta jest powszechnie stosowana przez sportowc\u00f3w i osoby poszukuj\u0105ce naturalnego pobudzenia w ci\u0105gu dnia. Dzi\u0119ki po\u0142\u0105czeniu stymulacji fizycznej i umys\u0142owej, Yellow Borneo Kratom zyska\u0142a solidn\u0105 reputacj\u0119 jako naturalna alternatywa dla tradycyjnych stymulant\u00f3w, oferuj\u0105c \u0142agodniejsze i bardziej zr\u00f3wnowa\u017cone doznania.<\/p>\n<h2 data-start=\"1039\" data-end=\"1074\">Historia Yellow Borneo Kratom<\/h2>\n<p data-start=\"1076\" data-end=\"2179\">Historia Yellow Borneo Kratom jest zakorzeniona w tradycyjnym stosowaniu kratomu w Azji Po\u0142udniowo-Wschodniej. Rdzenne kultury w tym regionie od dawna wykorzystywa\u0142y drzewo Mitragyna speciosa ze wzgl\u0119du na jego w\u0142a\u015bciwo\u015bci lecznicze, w tym \u0142agodzenie b\u00f3lu i zwi\u0119kszanie energii. Z biegiem czasu opracowano r\u00f3\u017cne odmiany kratomu, z kt\u00f3rych ka\u017cda nosi\u0142a nazw\u0119 obszaru, na kt\u00f3rym by\u0142a uprawiana. Yellow Borneo Kratom pochodzi z wyspy Borneo, znanej z korzystnego klimatu i warunk\u00f3w glebowych do uprawy kratomu. Podczas gdy kratom by\u0142 u\u017cywany od wiek\u00f3w ze wzgl\u0119du na swoje w\u0142a\u015bciwo\u015bci terapeutyczne w Azji Po\u0142udniowo-Wschodniej, Yellow Borneo Kratom zyska\u0142 coraz wi\u0119ksz\u0105 popularno\u015b\u0107 w krajach zachodnich, zw\u0142aszcza w miejscach takich jak Kalifornia. Jego zr\u00f3wnowa\u017cone dzia\u0142anie i charakterystyczny proces suszenia sprawi\u0142y, \u017ce sta\u0142 si\u0119 poszukiwan\u0105 odmian\u0105 dla os\u00f3b dbaj\u0105cych o zdrowie. Yellow Borneo jest cz\u0119sto dodawana do koktajli i napoj\u00f3w energetycznych, gdzie jest ceniona za naturaln\u0105 zdolno\u015b\u0107 do zwi\u0119kszania energii i poprawy jasno\u015bci umys\u0142u. Po\u0142\u0105czenie bogatej historii i wsp\u00f3\u0142czesnego zastosowania sprawi\u0142o, \u017ce Yellow Borneo Kratom sta\u0142a si\u0119 podstaw\u0105 w \u015bwiecie naturalnych suplement\u00f3w.<\/p>\n<h2 data-start=\"2181\" data-end=\"2216\">Jak u\u017cywa\u0107 Yellow Borneo Kratom<\/h2>\n<p data-start=\"2218\" data-end=\"3233\">Yellow Borneo Kratom jest zwykle spo\u017cywany przez zaparzenie go w postaci herbaty. Aby j\u0105 przygotowa\u0107, nale\u017cy rozpu\u015bci\u0107 od 4 do 5 gram\u00f3w sproszkowanego kratomu w gor\u0105cej wodzie o temperaturze od 70 do 95 stopni Celsjusza. Pozostawi\u0107 mieszanin\u0119 do zaparzenia na oko\u0142o 3 do 5 minut, aby umo\u017cliwi\u0107 pe\u0142n\u0105 ekstrakcj\u0119 zwi\u0105zk\u00f3w aktywnych. Nie ma potrzeby odcedzania herbaty, poniewa\u017c mo\u017cna j\u0105 spo\u017cywa\u0107 w ca\u0142o\u015bci, \u0142\u0105cznie z li\u015b\u0107mi. Aby uczyni\u0107 herbat\u0119 przyjemniejsz\u0105, niekt\u00f3rzy u\u017cytkownicy decyduj\u0105 si\u0119 na dodanie substancji s\u0142odz\u0105cych, takich jak mi\u00f3d lub mieszaj\u0105 owoce, aby zr\u00f3wnowa\u017cy\u0107 gorycz kratomu. Dla tych, kt\u00f3rzy preferuj\u0105 inn\u0105 metod\u0119, Yellow Borneo Kratom mo\u017cna r\u00f3wnie\u017c dodawa\u0107 do koktajli lub koktajli, zapewniaj\u0105c d\u0142ugotrwa\u0142y zastrzyk energii. Na pocz\u0105tek zaleca si\u0119 rozpocz\u0119cie od \u0142agodnej dawki od 3 do 5 gram\u00f3w i dostosowanie jej w razie potrzeby w oparciu o osobiste do\u015bwiadczenia. Poniewa\u017c dzia\u0142anie kratomu mo\u017ce r\u00f3\u017cni\u0107 si\u0119 w zale\u017cno\u015bci od osoby, rozpocz\u0119cie od ma\u0142ej dawki pozwala u\u017cytkownikom oceni\u0107 reakcj\u0119 organizmu. Z czasem niekt\u00f3rzy u\u017cytkownicy mog\u0105 uzna\u0107 za konieczne zwi\u0119kszenie dawki w celu osi\u0105gni\u0119cia po\u017c\u0105danych efekt\u00f3w.<\/p>\n<h2 data-start=\"3235\" data-end=\"3274\">Sk\u0142adniki Yellow Borneo Kratom<\/h2>\n<p data-start=\"3276\" data-end=\"4387\">Yellow Borneo Kratom jest wytwarzany z suszonych li\u015bci drzewa Mitragyna speciosa, kt\u00f3re pochodzi z tropikalnych region\u00f3w Azji Po\u0142udniowo-Wschodniej. Kluczowymi sk\u0142adnikami tej odmiany kratomu s\u0105 naturalne alkaloidy, g\u0142\u00f3wnie mitragynina i 7-hydroksymitragynina. Te aktywne zwi\u0105zki odpowiadaj\u0105 za stymuluj\u0105ce dzia\u0142anie odmiany, zapewniaj\u0105c u\u017cytkownikom zwi\u0119kszon\u0105 energi\u0119, skupienie i \u0142agodne poczucie relaksu. Unikalny proces suszenia, polegaj\u0105cy na kr\u00f3tkotrwa\u0142ym wystawieniu li\u015bci na dzia\u0142anie promieni s\u0142onecznych, wzmacnia profil alkaloid\u00f3w, przyczyniaj\u0105c si\u0119 do zr\u00f3wnowa\u017conego dzia\u0142ania Yellow Borneo Kratom. Li\u015bcie s\u0105 zbierane, starannie przetwarzane i mielone na drobny proszek, kt\u00f3ry jest nast\u0119pnie pakowany do u\u017cytku. Otrzymany w ten spos\u00f3b produkt jest czystym, ro\u015blinnym suplementem bez \u017cadnych dodatk\u00f3w chemicznych ani sztucznych substancji. Alkaloidy zawarte w Yellow Borneo Kratom sprawiaj\u0105, \u017ce jest to wszechstronna odmiana, odpowiednia dla u\u017cytkownik\u00f3w poszukuj\u0105cych zastrzyku energii i \u0142agodnego relaksu. Niezale\u017cnie od tego, czy jest spo\u017cywana jako herbata, czy zmieszana z koktajlem, forma drobnego proszku zapewnia \u0142atwe spo\u017cycie i skuteczne wch\u0142anianie zwi\u0105zk\u00f3w aktywnych.<\/p>\n<p data-start=\"4389\" data-end=\"4401\"><strong data-start=\"4389\" data-end=\"4401\">Ostrze\u017cenie:<\/strong><\/p>\n<p data-start=\"4403\" data-end=\"4720\" data-is-last-node=\"\">Ten produkt nie jest przeznaczony do sprzeda\u017cy ani u\u017cytku przez osoby poni\u017cej 18 roku \u017cycia. Przechowywa\u0107 w miejscu niedost\u0119pnym dla dzieci. Nie stosowa\u0107 w przypadku wysokiego lub niskiego ci\u015bnienia krwi, chor\u00f3b serca lub p\u0142uc, cukrzycy, ci\u0105\u017cy, stosowania lek\u00f3w, narkotyk\u00f3w lub alkoholu. Przed zastosowaniem jakiegokolwiek suplementu nale\u017cy zawsze skonsultowa\u0107 si\u0119 z lekarzem.<\/p>","protected":false},"excerpt":{"rendered":"<p>Yellow Borneo przynosi mieszank\u0119 bia\u0142ych i zielonych efekt\u00f3w kratomu, co oznacza, \u017ce jest znacznie bardziej energiczny i wibruj\u0105cy w palecie efekt\u00f3w kratomu. Spodziewaj si\u0119 wielkiego przyp\u0142ywu rado\u015bci, zrelaksowanej energii, a nawet skupienia. Yellow Borneo to stosunkowo nowa odmiana kratomu, kt\u00f3ra jest uwielbiana przez wielu do\u015bwiadczonych u\u017cytkownik\u00f3w kratomu na ca\u0142ym \u015bwiecie.<\/p>","protected":false},"featured_media":126037,"template":"","meta":[],"product_brand":[],"product_cat":[599,297,512,477,509,510,511,476],"product_tag":[],"class_list":{"0":"post-42180","1":"product","2":"type-product","3":"status-publish","4":"has-post-thumbnail","6":"product_cat-kratopia","7":"product_cat-all-products","8":"product_cat-extracts","9":"product_cat-herbs","10":"product_cat-kratom","11":"product_cat-relax","12":"product_cat-relax-herbs","13":"product_cat-smartshop","14":"product_shipping_class-creditcard-off","16":"first","17":"instock","18":"taxable","19":"shipping-taxable","20":"purchasable","21":"product-type-variable","22":"has-default-attributes"},"_links":{"self":[{"href":"https:\/\/www.tatanka.nl\/pl\/wp-json\/wp\/v2\/product\/42180","targetHints":{"allow":["GET"]}}],"collection":[{"href":"https:\/\/www.tatanka.nl\/pl\/wp-json\/wp\/v2\/product"}],"about":[{"href":"https:\/\/www.tatanka.nl\/pl\/wp-json\/wp\/v2\/types\/product"}],"wp:featuredmedia":[{"embeddable":true,"href":"https:\/\/www.tatanka.nl\/pl\/wp-json\/wp\/v2\/media\/126037"}],"wp:attachment":[{"href":"https:\/\/www.tatanka.nl\/pl\/wp-json\/wp\/v2\/media?parent=42180"}],"wp:term":[{"taxonomy":"product_brand","embeddable":true,"href":"https:\/\/www.tatanka.nl\/pl\/wp-json\/wp\/v2\/product_brand?post=42180"},{"taxonomy":"product_cat","embeddable":true,"href":"https:\/\/www.tatanka.nl\/pl\/wp-json\/wp\/v2\/product_cat?post=42180"},{"taxonomy":"product_tag","embeddable":true,"href":"https:\/\/www.tatanka.nl\/pl\/wp-json\/wp\/v2\/product_tag?post=42180"}],"curies":[{"name":"wp","href":"https:\/\/api.w.org\/{rel}","templated":true}]}}