{"id":42529,"date":"2022-03-14T10:32:16","date_gmt":"2022-03-14T08:32:16","guid":{"rendered":"https:\/\/www.tatanka.nl\/?post_type=product&#038;p=42529"},"modified":"2025-07-08T15:10:26","modified_gmt":"2025-07-08T14:10:26","slug":"raw-pre-rolled-unrefined-tips","status":"publish","type":"product","link":"https:\/\/www.tatanka.nl\/pl\/raw-pre-rolled-unrefined-tips\/","title":{"rendered":"Raw Wst\u0119pnie walcowane nierafinowane Tips"},"content":{"rendered":"<h2 dir=\"ltr\" data-pm-slice=\"1 1 []\">Czym s\u0105 RAW Classic Pre-Rolled Tips?<\/h2>\n<p dir=\"ltr\">RAW Classic Pre-Rolled Tips to innowacyjne filterki stworzone z my\u015bl\u0105 o uproszczeniu i zwi\u0119kszeniu przyjemno\u015bci z palenia. Wykonane z niebielonych, naturalnych w\u0142\u00f3kien ro\u015blinnych, te wst\u0119pnie zwini\u0119te ko\u0144c\u00f3wki eliminuj\u0105 potrzeb\u0119 r\u0119cznego zwijania ko\u0144c\u00f3wek, oszcz\u0119dzaj\u0105c czas i wysi\u0142ek. Ka\u017cda torebka zawiera 200 ko\u0144c\u00f3wek, idealnych dla os\u00f3b cz\u0119sto pal\u0105cych lub dziel\u0105cych si\u0119 nimi z przyjaci\u00f3\u0142mi. Zaprojektowane z my\u015bl\u0105 o bezproblemowym dopasowaniu do r\u00f3\u017cnych bibu\u0142ek, ko\u0144c\u00f3wki RAW Classic Pre-Rolled Tips zapewniaj\u0105 p\u0142ynne, sp\u00f3jne zaci\u0105ganie si\u0119, jednocze\u015bnie zmniejszaj\u0105c szorstko\u015b\u0107 i zachowuj\u0105c smak. Ich przyjazny dla \u015brodowiska sk\u0142ad, wolny od dodatk\u00f3w, jest zgodny z zaanga\u017cowaniem RAW w zr\u00f3wnowa\u017cony rozw\u00f3j i jako\u015b\u0107. Idealne dla pocz\u0105tkuj\u0105cych borykaj\u0105cych si\u0119 z formowaniem ko\u0144c\u00f3wek lub do\u015bwiadczonych roller\u00f3w szukaj\u0105cych wygody, te ko\u0144c\u00f3wki oferuj\u0105 niezawodno\u015b\u0107 i \u0142atwo\u015b\u0107. Opatentowana konstrukcja odzwierciedla zaanga\u017cowanie firmy RAW w tworzenie pomys\u0142owych, zorientowanych na u\u017cytkownika produkt\u00f3w, kt\u00f3re podnosz\u0105 rang\u0119 rytua\u0142u palenia. RAW Classic Pre-Rolled Tips \u0142\u0105cz\u0105 w sobie praktyczno\u015b\u0107 z odpowiedzialno\u015bci\u0105 za \u015brodowisko, dzi\u0119ki czemu s\u0105 idealnym wyborem dla palaczy, kt\u00f3rzy ceni\u0105 sobie autentyczno\u015b\u0107, wydajno\u015b\u0107 i czyste, naturalne wra\u017cenia z palenia, kt\u00f3re poprawiaj\u0105 ka\u017cd\u0105 rolk\u0119 przy minimalnym wysi\u0142ku i maksymalnej jako\u015bci.<\/p>\n<h2 dir=\"ltr\">Historia RAW Classic Pre-Rolled Tips<\/h2>\n<p dir=\"ltr\">Historia RAW Classic Pre-Rolled Tips rozpocz\u0119\u0142a si\u0119 od misji RAW polegaj\u0105cej na zrewolucjonizowaniu bran\u017cy tytoniowej poprzez innowacyjne, przyjazne dla \u015brodowiska produkty. Opracowane w odpowiedzi na pro\u015bb\u0119 przyjaciela o szybsze rozwi\u0105zanie do zwijania, te ko\u0144c\u00f3wki by\u0142y pocz\u0105tkowo r\u0119cznie zwijane przez zesp\u00f3\u0142 RAW, pokazuj\u0105c ich oddanie rzemios\u0142u. Wprowadzone na rynek jako opatentowany ameryka\u0144ski wynalazek, RAW Classic Pre-Rolled Tips szybko zyska\u0142y popularno\u015b\u0107 dzi\u0119ki swojej wygodzie, szczeg\u00f3lnie w\u015br\u00f3d palaczy, dla kt\u00f3rych tradycyjne zwijanie ko\u0144c\u00f3wek by\u0142o wyzwaniem. Wraz ze wzrostem popytu firma RAW zaprojektowa\u0142a wyspecjalizowan\u0105 maszyn\u0119, aby sprosta\u0107 potrzebom produkcyjnym przy jednoczesnym zachowaniu jako\u015bci, co stanowi\u0142o kamie\u0144 milowy w ewolucji produktu. Zakorzenione w zaanga\u017cowaniu marki w naturalne materia\u0142y bez dodatk\u00f3w, te ko\u0144c\u00f3wki sta\u0142y si\u0119 podstaw\u0105 dla palaczy na ca\u0142ym \u015bwiecie. Z biegiem czasu RAW udoskonali\u0142 projekt, aby zapewni\u0107 zr\u00f3wnowa\u017cony rozw\u00f3j, wykorzystuj\u0105c niebielone w\u0142\u00f3kna ro\u015blinne, kt\u00f3re s\u0105 zgodne z ich etosem \u015brodowiskowym. RAW Classic Pre-Rolled Tips uciele\u015bniaj\u0105 dziedzictwo marki w zakresie pomys\u0142owo\u015bci i autentyczno\u015bci, przekszta\u0142caj\u0105c prosty pomys\u0142 w prze\u0142omowe akcesorium, kt\u00f3re wci\u0105\u017c na nowo definiuje wygod\u0119 i jako\u015b\u0107 w spo\u0142eczno\u015bci palaczy, odzwierciedlaj\u0105c niezachwiane oddanie RAW jej filozofii \"czystej i surowej\".<\/p>\n<h2 dir=\"ltr\">Jak korzysta\u0107 z RAW Classic Pre-Rolled Tips<\/h2>\n<p dir=\"ltr\">U\u017cywanie tytoniu RAW Classic Pre-Rolled Tips nie wymaga wysi\u0142ku, dzi\u0119ki czemu jest on idealny dla palaczy na ka\u017cdym poziomie umiej\u0119tno\u015bci. Zacznij od wybrania wst\u0119pnie zwini\u0119tej ko\u0144c\u00f3wki z torebki zawieraj\u0105cej 200 sztuk. Umie\u015b\u0107 ko\u0144c\u00f3wk\u0119 na jednym ko\u0144cu wybranej bibu\u0142ki, upewniaj\u0105c si\u0119, \u017ce dobrze przylega. Dodaj preferowany legalny materia\u0142 do palenia wzd\u0142u\u017c \u015brodka papieru, a nast\u0119pnie z\u0142\u00f3\u017c i zwi\u0144 papier ciasno wok\u00f3\u0142 ko\u0144c\u00f3wki, zwil\u017caj\u0105c pasek samoprzylepny papieru w celu uszczelnienia. Wst\u0119pnie zwini\u0119ta konstrukcja eliminuje potrzeb\u0119 r\u0119cznego kszta\u0142towania ko\u0144c\u00f3wki, oszcz\u0119dzaj\u0105c czas i zapewniaj\u0105c solidn\u0105, sp\u00f3jn\u0105 struktur\u0119. Ko\u0144c\u00f3wka poprawia przep\u0142yw powietrza, zmniejszaj\u0105c szorstko\u015b\u0107 i zapewniaj\u0105c g\u0142adszy dym. Torebk\u0119 nale\u017cy przechowywa\u0107 w ch\u0142odnym i suchym miejscu, aby zachowa\u0107 jej \u015bwie\u017co\u015b\u0107. Kompatybilne z wi\u0119kszo\u015bci\u0105 bletek, bletki RAW Classic Pre-Rolled Tips oferuj\u0105 wszechstronno\u015b\u0107 i \u0142atwo\u015b\u0107, idealne do szybkiego zwijania lub spokojnych sesji. Naturalny, przyjazny dla \u015brodowiska materia\u0142 zapewnia spok\u00f3j ducha, wspieraj\u0105c zr\u00f3wnowa\u017cone praktyki. Niezale\u017cnie od tego, czy zwijasz tyto\u0144 w podr\u00f3\u017cy, czy w domu, ko\u0144c\u00f3wki te zapewniaj\u0105 niezawodne, wysokiej jako\u015bci doznania, dzi\u0119ki czemu ka\u017cde palenie jest przyjemne, wydajne i dostosowane do twoich preferencji przy minimalnym wysi\u0142ku i maksymalnym smaku.<\/p>\n<h2 dir=\"ltr\">Sk\u0142adniki RAW Classic Pre-Rolled Tips<\/h2>\n<p dir=\"ltr\">Fajki RAW Classic Pre-Rolled Tips maj\u0105 minimalistyczny, ekologiczny sk\u0142ad, aby zapewni\u0107 czyste wra\u017cenia z palenia. Jedynym sk\u0142adnikiem s\u0105 niebielone w\u0142\u00f3kna ro\u015blinne, pozyskiwane g\u0142\u00f3wnie z konopi lub lnu, przetwarzane bez u\u017cycia chloru, barwnik\u00f3w i dodatk\u00f3w chemicznych. Ten naturalny materia\u0142 jest zwijany w cylindryczny kszta\u0142t, zachowuj\u0105c integralno\u015b\u0107 strukturaln\u0105, jednocze\u015bnie umo\u017cliwiaj\u0105c p\u0142ynny przep\u0142yw powietrza. Nie stosuje si\u0119 \u017cadnych sztucznych wype\u0142niaczy ani przyspieszaczy spalania, zachowuj\u0105c smak materia\u0142u do palenia i minimalizuj\u0105c ilo\u015b\u0107 popio\u0142u. Brak syntetycznych sk\u0142adnik\u00f3w zapewnia czysty, niezafa\u0142szowany dym, zgodny z zobowi\u0105zaniem RAW do autentyczno\u015bci. W\u0142\u00f3kna ro\u015blinne s\u0105 pozyskiwane w spos\u00f3b zr\u00f3wnowa\u017cony z odpowiedzialnie zarz\u0105dzanych upraw, co zmniejsza wp\u0142yw na \u015brodowisko i wspiera praktyki przyjazne dla \u015brodowiska. Ten prosty, przejrzysty profil sk\u0142adnik\u00f3w sprawia, \u017ce RAW Classic Pre-Rolled Tips jest doskona\u0142ym wyborem dla palaczy, dla kt\u00f3rych priorytetem jest czysto\u015b\u0107 i zr\u00f3wnowa\u017cony rozw\u00f3j. Skupiaj\u0105c si\u0119 na naturalnych, wysokiej jako\u015bci materia\u0142ach, ko\u0144c\u00f3wki te zapewniaj\u0105 sta\u0142\u0105 wydajno\u015b\u0107, poprawiaj\u0105c wra\u017cenia z palenia bez uszczerbku dla warto\u015bci \u015brodowiskowych. Ich biodegradowalny charakter dodatkowo podkre\u015bla zaanga\u017cowanie firmy RAW w tworzenie produkt\u00f3w, kt\u00f3re s\u0105 tak samo przyjazne dla planety, jak i skuteczne, oferuj\u0105c palaczom pozbawione poczucia winy, wysokiej jako\u015bci akcesorium do ka\u017cdej rolki.<\/p>\n<p dir=\"ltr\"><strong>Ostrze\u017cenie<\/strong><br \/>\nRAW Classic Pre-Rolled Tips s\u0105 przeznaczone do u\u017cytku wy\u0142\u0105cznie z legalnymi materia\u0142ami do palenia. Podczas palenia nale\u017cy zapewni\u0107 odpowiedni\u0105 wentylacj\u0119, poniewa\u017c palenie stanowi zagro\u017cenie dla zdrowia. Przechowywa\u0107 poza zasi\u0119giem dzieci i w suchym miejscu, aby zachowa\u0107 jako\u015b\u0107. U\u017cywaj odpowiedzialnie.<\/p>","protected":false},"excerpt":{"rendered":"<p dir=\"ltr\" data-pm-slice=\"1 1 []\">RAW Classic Pre-Rolled Tips to ekologiczne, wst\u0119pnie zwini\u0119te filterki wykonane z naturalnych w\u0142\u00f3kien ro\u015blinnych. Ka\u017cda torebka zawiera 200 ko\u0144c\u00f3wek, zaprojektowanych z my\u015bl\u0105 o szybkim, bezproblemowym zwijaniu i czystym paleniu.<\/p>","protected":false},"featured_media":44845,"template":"","meta":[],"product_brand":[],"product_cat":[571,297,488,572,471,492,564],"product_tag":[],"class_list":{"0":"post-42529","1":"product","2":"type-product","3":"status-publish","4":"has-post-thumbnail","6":"product_cat-tips","7":"product_cat-all-products","8":"product_cat-headshop","9":"product_cat-headshop-top-10","10":"product_cat-raw","11":"product_cat-rolling-papers","12":"product_cat-unbleached-rolling-papers","13":"product_shipping_class-creditcard-on","15":"first","16":"instock","17":"taxable","18":"shipping-taxable","19":"purchasable","20":"product-type-variable","21":"has-default-attributes"},"_links":{"self":[{"href":"https:\/\/www.tatanka.nl\/pl\/wp-json\/wp\/v2\/product\/42529","targetHints":{"allow":["GET"]}}],"collection":[{"href":"https:\/\/www.tatanka.nl\/pl\/wp-json\/wp\/v2\/product"}],"about":[{"href":"https:\/\/www.tatanka.nl\/pl\/wp-json\/wp\/v2\/types\/product"}],"wp:featuredmedia":[{"embeddable":true,"href":"https:\/\/www.tatanka.nl\/pl\/wp-json\/wp\/v2\/media\/44845"}],"wp:attachment":[{"href":"https:\/\/www.tatanka.nl\/pl\/wp-json\/wp\/v2\/media?parent=42529"}],"wp:term":[{"taxonomy":"product_brand","embeddable":true,"href":"https:\/\/www.tatanka.nl\/pl\/wp-json\/wp\/v2\/product_brand?post=42529"},{"taxonomy":"product_cat","embeddable":true,"href":"https:\/\/www.tatanka.nl\/pl\/wp-json\/wp\/v2\/product_cat?post=42529"},{"taxonomy":"product_tag","embeddable":true,"href":"https:\/\/www.tatanka.nl\/pl\/wp-json\/wp\/v2\/product_tag?post=42529"}],"curies":[{"name":"wp","href":"https:\/\/api.w.org\/{rel}","templated":true}]}}