{"id":42530,"date":"2022-03-14T10:32:16","date_gmt":"2022-03-14T08:32:16","guid":{"rendered":"https:\/\/www.tatanka.nl\/?post_type=product&#038;p=42530"},"modified":"2025-07-08T15:12:42","modified_gmt":"2025-07-08T14:12:42","slug":"raw-maestro-cone-tips","status":"publish","type":"product","link":"https:\/\/www.tatanka.nl\/pl\/raw-maestro-cone-tips\/","title":{"rendered":"Raw Maestro Cone Tips"},"content":{"rendered":"<h2 dir=\"ltr\" data-pm-slice=\"1 1 []\">Czym s\u0105 RAW Classic Maestro Cone Tips?<\/h2>\n<p dir=\"ltr\">RAW Classic Maestro Cone Tips to najwy\u017cszej jako\u015bci filterki stworzone z my\u015bl\u0105 o palaczach, kt\u00f3rzy lubi\u0105 spersonalizowane, wysokiej jako\u015bci do\u015bwiadczenia zwi\u0105zane ze zwijaniem tytoniu. Wykonane z mi\u0119kkiego, niebielonego papieru z w\u0142\u00f3kien ro\u015blinnych, ko\u0144c\u00f3wki te posiadaj\u0105 perforacje dla dodatkowego wsparcia i s\u0105 d\u0142u\u017csze, aby upro\u015bci\u0107 techniki zwijania. Ka\u017cda ksi\u0105\u017ceczka zawiera 50 ko\u0144c\u00f3wek, z 24 ksi\u0105\u017ceczkami w pude\u0142ku, oferuj\u0105c wystarczaj\u0105cy zapas dla kreatywnych rolkarzy. Przyjazna dla \u015brodowiska, pozbawiona dodatk\u00f3w konstrukcja zapewnia czyste, p\u0142ynne zaci\u0105ganie si\u0119, wzmacniaj\u0105c smak przy jednoczesnym zmniejszeniu szorstko\u015bci. Bletki RAW Classic Maestro Cone Tips s\u0105 przeznaczone dla tych, kt\u00f3rzy ceni\u0105 sobie zar\u00f3wno funkcjonalno\u015b\u0107, jak i zr\u00f3wnowa\u017cony rozw\u00f3j, zgodnie z misj\u0105 firmy RAW polegaj\u0105c\u0105 na produkcji innowacyjnych, przyjaznych dla \u015brodowiska akcesori\u00f3w do palenia. Ich unikalna struktura sprawia, \u017ce idealnie nadaj\u0105 si\u0119 do tworzenia sto\u017ckowych zwoj\u00f3w, przemawiaj\u0105c do palaczy z talentem do artyzmu. Te ko\u0144c\u00f3wki zapewniaj\u0105 p\u0142ynne po\u0142\u0105czenie praktyczno\u015bci i indywidualno\u015bci, dzi\u0119ki czemu RAW Classic Maestro Cone Tips jest najlepszym wyborem dla os\u00f3b poszukuj\u0105cych dopasowanego, autentycznego do\u015bwiadczenia palenia, kt\u00f3re \u0142\u0105czy w sobie \u0142atwo\u015b\u0107, jako\u015b\u0107 i zaanga\u017cowanie w naturalne, ekologiczne materia\u0142y.<\/p>\n<h2 dir=\"ltr\">Historia RAW Classic Maestro Cone Tips<\/h2>\n<p dir=\"ltr\">Stworzenie RAW Classic Maestro Cone Tips wynika z zaanga\u017cowania firmy RAW w rewolucjonizowanie bran\u017cy tytoniowej dzi\u0119ki innowacjom ukierunkowanym na u\u017cytkownika. Wprowadzone jako cz\u0119\u015b\u0107 rozszerzaj\u0105cej si\u0119 linii akcesori\u00f3w RAW, ko\u0144c\u00f3wki te zosta\u0142y zaprojektowane w celu zaspokojenia potrzeb palaczy, kt\u00f3rzy lubi\u0105 sto\u017ckowe rolki i techniki zwijania. Pocz\u0105tkowo RAW zyska\u0142 rozg\u0142os dzi\u0119ki niebielonym, wolnym od dodatk\u00f3w bibu\u0142kom, ale zapotrzebowanie na specjalistyczne ko\u0144c\u00f3wki doprowadzi\u0142o do opracowania linii Maestro. Wykonane z mi\u0119kkich, naturalnych w\u0142\u00f3kien ro\u015blinnych z perforacjami, bletki RAW Classic Maestro Cone Tips szybko zyska\u0142y popularno\u015b\u0107 dzi\u0119ki swojej \u0142atwo\u015bci i wszechstronno\u015bci. Z biegiem czasu firma RAW udoskonali\u0142a produkt, wprowadzaj\u0105c zr\u00f3wnowa\u017cone materia\u0142y i d\u0142u\u017csze kroje w celu zwi\u0119kszenia funkcjonalno\u015bci przy jednoczesnym zachowaniu integralno\u015bci \u015brodowiskowej. Ta ewolucja odzwierciedla zaanga\u017cowanie firmy RAW w \u0142\u0105czenie tradycji z innowacjami, zaspokajaj\u0105c potrzeby niszowej, ale pe\u0142nej pasji spo\u0142eczno\u015bci rolkarzy. RAW Classic Maestro Cone Tips sta\u0142 si\u0119 symbolem kreatywno\u015bci i jako\u015bci, uciele\u015bniaj\u0105c etos autentyczno\u015bci i zr\u00f3wnowa\u017conego rozwoju marki, i nadal inspiruje palaczy, kt\u00f3rzy szukaj\u0105 akcesori\u00f3w, kt\u00f3re czuj\u0105 si\u0119 osobi\u015bcie wykonane dla ich unikalnego stylu palenia i preferencji.<\/p>\n<h2 dir=\"ltr\">Jak korzysta\u0107 z RAW Classic Maestro Cone Tips<\/h2>\n<p dir=\"ltr\">Korzystanie z RAW Classic Maestro Cone Tips jest proste i idealne do tworzenia sto\u017ckowych rolek. Wybierz ko\u0144c\u00f3wk\u0119 z ksi\u0105\u017ceczki zawieraj\u0105cej 50 sztuk, zwracaj\u0105c uwag\u0119 na jej mi\u0119kk\u0105, perforowan\u0105 tekstur\u0119. Umie\u015b\u0107 ko\u0144c\u00f3wk\u0119 na w\u0105skim ko\u0144cu bletki, wyr\u00f3wnuj\u0105c j\u0105 tak, aby utworzy\u0142a podstaw\u0119 sto\u017cka. Dodaj legalny materia\u0142 do palenia, rozprowadzaj\u0105c go r\u00f3wnomiernie, aby zachowa\u0107 sto\u017ckowy kszta\u0142t, a nast\u0119pnie ciasno zwi\u0144 bibu\u0142k\u0119 wok\u00f3\u0142 ko\u0144c\u00f3wki. Zwil\u017c pasek samoprzylepny papieru, aby go uszczelni\u0107, u\u017cywaj\u0105c perforacji ko\u0144c\u00f3wki dla dodatkowej przyczepno\u015bci i stabilno\u015bci. D\u0142u\u017csze ci\u0119cie upraszcza zwijanie, u\u0142atwiaj\u0105c tworzenie skomplikowanych wzor\u00f3w. Ko\u0144c\u00f3wka zapewnia p\u0142ynne zaci\u0105ganie si\u0119, wzmacniaj\u0105c smak i redukuj\u0105c szorstko\u015b\u0107. Ksi\u0105\u017ceczki nale\u017cy przechowywa\u0107 w suchym miejscu, aby zachowa\u0107 ich jako\u015b\u0107. Kompatybilne z r\u00f3\u017cnymi rodzajami bibu\u0142ek, bletki RAW Classic Maestro Cone Tips s\u0105 odpowiednie zar\u00f3wno dla pocz\u0105tkuj\u0105cych, jak i do\u015bwiadczonych palaczy, oferuj\u0105c wszechstronno\u015b\u0107 i \u0142atwo\u015b\u0107 u\u017cytkowania. Ich przyjazna dla \u015brodowiska konstrukcja dodaje satysfakcji, wspieraj\u0105c zr\u00f3wnowa\u017cone praktyki. Niezale\u017cnie od tego, czy zwijasz tyto\u0144 dla w\u0142asnej przyjemno\u015bci, czy te\u017c w celu zaprezentowania swojej kreatywno\u015bci, ko\u0144c\u00f3wki te zapewniaj\u0105 niezawodne, wysokiej jako\u015bci doznania, sprawiaj\u0105c, \u017ce ka\u017cda sesja jest p\u0142ynna, aromatyczna i wyj\u0105tkowo dostosowana do Twoich artystycznych preferencji palenia.<\/p>\n<h2 dir=\"ltr\">Sk\u0142adniki RAW Classic Maestro Cone Tips<\/h2>\n<p dir=\"ltr\">RAW Classic Maestro Cone Tips s\u0105 wykonane z prostego, przyjaznego dla \u015brodowiska sk\u0142adu, aby zapewni\u0107 czyste wra\u017cenia z palenia. Podstawowym sk\u0142adnikiem s\u0105 niebielone w\u0142\u00f3kna ro\u015blinne, pozyskiwane z konopi lub lnu, przetwarzane bez u\u017cycia chloru, barwnik\u00f3w i dodatk\u00f3w. Ten mi\u0119kki, naturalny papier jest teksturowany dla elastyczno\u015bci i perforowany dla wsparcia strukturalnego, idealny do sto\u017ckowych rolek. Nie stosuje si\u0119 \u017cadnych sztucznych wype\u0142niaczy ani chemikali\u00f3w, co pozwala zachowa\u0107 smak materia\u0142u do palenia i zminimalizowa\u0107 ilo\u015b\u0107 popio\u0142u. Brak syntetycznych sk\u0142adnik\u00f3w sprawia, \u017ce ko\u0144c\u00f3wki s\u0105 czyste i autentyczne, zgodnie z zobowi\u0105zaniem RAW do czysto\u015bci. W\u0142\u00f3kna ro\u015blinne s\u0105 pozyskiwane w spos\u00f3b zr\u00f3wnowa\u017cony, co zmniejsza wp\u0142yw na \u015brodowisko i wspiera odpowiedzialne praktyki. Ten minimalistyczny profil sk\u0142adnik\u00f3w sprawia, \u017ce tytonie RAW Classic Maestro Cone Tips zapewniaj\u0105 sta\u0142\u0105 wydajno\u015b\u0107, poprawiaj\u0105c wra\u017cenia z palenia dzi\u0119ki p\u0142ynnemu, naturalnemu zaci\u0105ganiu. Ich biodegradowalny charakter przemawia do \u015bwiadomych ekologicznie palaczy, oferuj\u0105c akcesorium bez poczucia winy, kt\u00f3re stawia na pierwszym miejscu zar\u00f3wno jako\u015b\u0107, jak i zr\u00f3wnowa\u017cony rozw\u00f3j. Skupiaj\u0105c si\u0119 na naturalnych materia\u0142ach, ko\u0144c\u00f3wki te zapewniaj\u0105 niezawodn\u0105, wysokiej jako\u015bci opcj\u0119 dla rolkarzy, kt\u00f3rzy ceni\u0105 kunszt, dba\u0142o\u015b\u0107 o \u015brodowisko i spersonalizowany rytua\u0142 palenia, uciele\u015bniaj\u0105c zaanga\u017cowanie RAW w tworzenie produkt\u00f3w, kt\u00f3re s\u0105 wyj\u0105tkowo dostosowane do potrzeb ka\u017cdego u\u017cytkownika.<\/p>\n<p dir=\"ltr\"><strong>Ostrze\u017cenie<\/strong><br \/>\nRAW Classic Maestro Cone Tips s\u0105 przeznaczone do u\u017cytku wy\u0142\u0105cznie z legalnymi materia\u0142ami do palenia. Podczas palenia nale\u017cy zapewni\u0107 odpowiedni\u0105 wentylacj\u0119, poniewa\u017c palenie stanowi zagro\u017cenie dla zdrowia. Przechowywa\u0107 poza zasi\u0119giem dzieci i w suchym miejscu w celu zachowania jako\u015bci. U\u017cywaj odpowiedzialnie.<\/p>","protected":false},"excerpt":{"rendered":"<p dir=\"ltr\" data-pm-slice=\"1 1 []\">RAW Classic Maestro Cone Tips to mi\u0119kkie, perforowane filter tipy wykonane z naturalnych w\u0142\u00f3kien ro\u015blinnych, zaprojektowane z my\u015bl\u0105 o \u0142atwym kr\u0119ceniu trik\u00f3w. Ka\u017cda ksi\u0105\u017ceczka zawiera 50 ko\u0144c\u00f3wek, z 24 ksi\u0105\u017ceczkami w pude\u0142ku.<\/p>","protected":false},"featured_media":120905,"template":"","meta":[],"product_brand":[],"product_cat":[571,297,488,471,492,564],"product_tag":[],"class_list":{"0":"post-42530","1":"product","2":"type-product","3":"status-publish","4":"has-post-thumbnail","6":"product_cat-tips","7":"product_cat-all-products","8":"product_cat-headshop","9":"product_cat-raw","10":"product_cat-rolling-papers","11":"product_cat-unbleached-rolling-papers","12":"product_shipping_class-creditcard-on","14":"first","15":"instock","16":"taxable","17":"shipping-taxable","18":"purchasable","19":"product-type-variable","20":"has-default-attributes"},"_links":{"self":[{"href":"https:\/\/www.tatanka.nl\/pl\/wp-json\/wp\/v2\/product\/42530","targetHints":{"allow":["GET"]}}],"collection":[{"href":"https:\/\/www.tatanka.nl\/pl\/wp-json\/wp\/v2\/product"}],"about":[{"href":"https:\/\/www.tatanka.nl\/pl\/wp-json\/wp\/v2\/types\/product"}],"wp:featuredmedia":[{"embeddable":true,"href":"https:\/\/www.tatanka.nl\/pl\/wp-json\/wp\/v2\/media\/120905"}],"wp:attachment":[{"href":"https:\/\/www.tatanka.nl\/pl\/wp-json\/wp\/v2\/media?parent=42530"}],"wp:term":[{"taxonomy":"product_brand","embeddable":true,"href":"https:\/\/www.tatanka.nl\/pl\/wp-json\/wp\/v2\/product_brand?post=42530"},{"taxonomy":"product_cat","embeddable":true,"href":"https:\/\/www.tatanka.nl\/pl\/wp-json\/wp\/v2\/product_cat?post=42530"},{"taxonomy":"product_tag","embeddable":true,"href":"https:\/\/www.tatanka.nl\/pl\/wp-json\/wp\/v2\/product_tag?post=42530"}],"curies":[{"name":"wp","href":"https:\/\/api.w.org\/{rel}","templated":true}]}}