{"id":42534,"date":"2022-03-14T10:32:21","date_gmt":"2022-03-14T08:32:21","guid":{"rendered":"https:\/\/www.tatanka.nl\/?post_type=product&#038;p=42534"},"modified":"2025-07-08T15:07:33","modified_gmt":"2025-07-08T14:07:33","slug":"raw-rolls-3m","status":"publish","type":"product","link":"https:\/\/www.tatanka.nl\/pl\/raw-rolls-3m\/","title":{"rendered":"Raw Rolls 3m"},"content":{"rendered":"<h2 dir=\"ltr\" data-pm-slice=\"1 1 []\">Czym s\u0105 RAW Classic King Size Rolls?<\/h2>\n<p dir=\"ltr\">RAW Classic King Size Rolls to innowacyjne bletki przeznaczone dla palaczy, kt\u00f3rzy pragn\u0105 elastyczno\u015bci i czysto\u015bci. Ka\u017cda rolka zapewnia 3 metry niebielonego, bezchlorowego papieru wykonanego z naturalnych w\u0142\u00f3kien ro\u015blinnych, bez dodatk\u00f3w do palenia, zapewniaj\u0105c czyste, powolne spalanie. RAW Classic King Size Rolls pozwala u\u017cytkownikom przyci\u0105\u0107 \u017c\u0105dan\u0105 d\u0142ugo\u015b\u0107 papieru, zar\u00f3wno w celu uzyskania szybkiej, kr\u00f3tkiej rolki, jak i du\u017cej, kt\u00f3r\u0105 mo\u017cna dzieli\u0107. Cienka, naturalna konstrukcja zapewnia czysty smak, podkre\u015blaj\u0105c aromat materia\u0142u do palenia. Wykonane z my\u015bl\u0105 o zr\u00f3wnowa\u017conym rozwoju, bibu\u0142ki te s\u0105 zgodne z misj\u0105 firmy RAW polegaj\u0105c\u0105 na tworzeniu przyjaznych dla \u015brodowiska, wysokiej jako\u015bci produkt\u00f3w, kt\u00f3re wzbogacaj\u0105 rytua\u0142 palenia. Idealne zar\u00f3wno do sesji solo, jak i spotka\u0144 grupowych, bibu\u0142ki RAW Classic King Size Rolls zaspokajaj\u0105 wszystkie poziomy umiej\u0119tno\u015bci, oferuj\u0105c niezr\u00f3wnan\u0105 wszechstronno\u015b\u0107 i zaanga\u017cowanie w odpowiedzialno\u015b\u0107 za \u015brodowisko. Ich unikalny format umo\u017cliwia palaczom spersonalizowanie ka\u017cdej rolki, co czyni je ulubionymi w\u015br\u00f3d tych, kt\u00f3rzy ceni\u0105 sobie autentyczno\u015b\u0107, personalizacj\u0119 i najwy\u017cszej jako\u015bci wra\u017cenia z palenia bez kompromis\u00f3w w zakresie jako\u015bci lub zr\u00f3wnowa\u017conego rozwoju.<\/p>\n<h2 dir=\"ltr\">Historia RAW Classic King Size Rolls<\/h2>\n<p dir=\"ltr\">RAW Classic King Size Rolls wy\u0142oni\u0142 si\u0119 z pionierskiej wizji RAW, aby przekszta\u0142ci\u0107 bran\u017c\u0119 bibu\u0142ek. Za\u0142o\u017cona z my\u015bl\u0105 o czysto\u015bci, firma RAW wprowadzi\u0142a swoje niebielone, pozbawione dodatk\u00f3w bibu\u0142ki, aby rzuci\u0107 wyzwanie alternatywom poddanym obr\u00f3bce chemicznej. Model King Size Rolls, wprowadzony w celu zaoferowania palaczom swobody tw\u00f3rczej, stanowi\u0142 znacz\u0105c\u0105 innowacj\u0119, zapewniaj\u0105c ci\u0105g\u0142e 3-metrowe rolki, kt\u00f3re u\u017cytkownicy mogli przycina\u0107 do dowolnego rozmiaru. Koncepcja ta szybko zyska\u0142a popularno\u015b\u0107 w\u015br\u00f3d palaczy poszukuj\u0105cych spersonalizowanych do\u015bwiadcze\u0144 zwi\u0105zanych ze zwijaniem tytoniu. Z czasem firma RAW udoskonali\u0142a produkt, wykorzystuj\u0105c zr\u00f3wnowa\u017cone w\u0142\u00f3kna ro\u015blinne i przyjazne dla \u015brodowiska metody produkcji w celu zmniejszenia wp\u0142ywu na \u015brodowisko. Rolki sta\u0142y si\u0119 symbolem zaanga\u017cowania RAW w autentyczno\u015b\u0107 i innowacyjno\u015b\u0107, \u0142\u0105cz\u0105c tradycyjne rzemios\u0142o z nowoczesnym zr\u00f3wnowa\u017conym rozwojem. Rolki RAW Classic King Size Rolls sta\u0142y si\u0119 podstaw\u0105 dla entuzjast\u00f3w, odzwierciedlaj\u0105c odmow\u0119 marki p\u00f3j\u015bcia na kompromis w kwestii jako\u015bci lub warto\u015bci. Ich wzrost z niszowej oferty do globalnego faworyta podkre\u015bla wp\u0142yw RAW na redefiniowanie kultury palenia, oferuj\u0105c produkt, kt\u00f3ry wzmacnia u\u017cytkownik\u00f3w, pozostaj\u0105c wiernym \"czystemu i surowemu\" etosowi marki, dzi\u0119ki czemu ka\u017cda rolka jest \u015bwiadectwem jako\u015bci i \u015bwiadomo\u015bci ekologicznej.<\/p>\n<h2 dir=\"ltr\">Jak korzysta\u0107 z RAW Classic King Size Rolls<\/h2>\n<p dir=\"ltr\">Korzystanie z tytoniu RAW Classic King Size Rolls jest \u0142atwe i oferuje niesko\u0144czone mo\u017cliwo\u015bci personalizacji. Otw\u00f3rz rolk\u0119 z pude\u0142ka i rozwi\u0144 3-metrowy papier, przycinaj\u0105c \u017c\u0105dan\u0105 d\u0142ugo\u015b\u0107 no\u017cyczkami lub ostro\u017cnie rozrywaj\u0105c - kr\u00f3tk\u0105 do szybkiego palenia lub d\u0142u\u017csz\u0105 do dzielenia si\u0119. Umie\u015b\u0107 materia\u0142 do palenia wzd\u0142u\u017c \u015brodka, opcjonalnie dodaj\u0105c ko\u0144c\u00f3wk\u0119 filtra dla stabilno\u015bci. Z\u0142\u00f3\u017c papier nad materia\u0142em i zwi\u0144 ciasno, zwil\u017caj\u0105c pasek naturalnej gumy, aby bezpiecznie uszczelni\u0107. Wolno pal\u0105cy si\u0119, niebielony papier zapewnia g\u0142adki, r\u00f3wnomierny dym, zachowuj\u0105c smak materia\u0142u. Przechowuj rolki w suchym, ch\u0142odnym miejscu, aby zachowa\u0107 \u015bwie\u017co\u015b\u0107. Kompatybilne z r\u00f3\u017cnymi mieszankami, bletki RAW Classic King Size Rolls s\u0105 idealne zar\u00f3wno dla pocz\u0105tkuj\u0105cych, jak i ekspert\u00f3w, zapewniaj\u0105c czyste, minimalne doznania. Ekologiczna konstrukcja zwi\u0119ksza satysfakcj\u0119, wiedz\u0105c, \u017ce Tw\u00f3j wyb\u00f3r wspiera zr\u00f3wnowa\u017cony rozw\u00f3j. Niezale\u017cnie od tego, czy palisz w domu, czy w podr\u00f3\u017cy, te bletki oferuj\u0105 elastyczno\u015b\u0107 dopasowan\u0105 do ka\u017cdej okazji, zapewniaj\u0105c sta\u0142\u0105 jako\u015b\u0107 i spersonalizowane wra\u017cenia z palenia, kt\u00f3re poprawiaj\u0105 ka\u017cd\u0105 sesj\u0119 dzi\u0119ki \u0142atwo\u015bci, czysto\u015bci i swobodzie tworzenia idealnej rolki za ka\u017cdym razem.<\/p>\n<h2 dir=\"ltr\">Sk\u0142adniki RAW Classic King Size Rolls<\/h2>\n<p dir=\"ltr\">W\u0119dzarnie RAW Classic King Size Rolls s\u0105 wykonane z minimalnej ilo\u015bci naturalnych sk\u0142adnik\u00f3w, aby zapewni\u0107 czyste, przyjazne dla \u015brodowiska wra\u017cenia z palenia. Podstawowym sk\u0142adnikiem s\u0105 niebielone w\u0142\u00f3kna ro\u015blinne, pozyskiwane z lnu lub konopi, przetwarzane bez u\u017cycia chloru lub dodatk\u00f3w do palenia, aby zachowa\u0107 naturalny smak materia\u0142u do palenia. Cienki papier zapewnia powolne, r\u00f3wnomierne spalanie, bez sztucznych barwnik\u00f3w i wype\u0142niaczy. Naturalny pasek gumy akacjowej, pochodz\u0105cy z soku drzewnego, s\u0142u\u017cy jako klej, uszczelniaj\u0105c rolk\u0119 po zwil\u017ceniu. Nie stosuje si\u0119 kredy ani chemicznych przyspieszaczy, dzi\u0119ki czemu kompozycja jest czysta i przejrzysta. W\u0142\u00f3kna ro\u015blinne s\u0105 pozyskiwane w spos\u00f3b zr\u00f3wnowa\u017cony, co odzwierciedla zaanga\u017cowanie firmy RAW w ochron\u0119 \u015brodowiska. Ta prosta lista sk\u0142adnik\u00f3w gwarantuje, \u017ce RAW Classic King Size Rolls dostarcza wysokiej jako\u015bci, niezafa\u0142szowany dym, atrakcyjny dla tych, kt\u00f3rzy ceni\u0105 autentyczno\u015b\u0107 i zr\u00f3wnowa\u017cony rozw\u00f3j. Brak syntetycznych dodatk\u00f3w minimalizuje ilo\u015b\u0107 popio\u0142u i poprawia smak, czyni\u0105c te bletki doskona\u0142ym wyborem dla \u015bwiadomych ekologicznie palaczy. Stawiaj\u0105c na naturalne materia\u0142y i zr\u00f3wnowa\u017cone praktyki, RAW Classic King Size Rolls oferuje niezawodny, ekologiczny produkt, kt\u00f3ry podnosi jako\u015b\u0107 palenia, jednocze\u015bnie zmniejszaj\u0105c wp\u0142yw na \u015brodowisko, uosabiaj\u0105c zaanga\u017cowanie RAW w czysto\u015b\u0107 i jako\u015b\u0107.<\/p>\n<p dir=\"ltr\"><strong>Ostrze\u017cenie<\/strong><br \/>\nRAW Classic King Size Rolls s\u0105 przeznaczone do u\u017cytku wy\u0142\u0105cznie z legalnymi materia\u0142ami do palenia. Podczas u\u017cytkowania nale\u017cy zapewni\u0107 odpowiedni\u0105 wentylacj\u0119, poniewa\u017c palenie stanowi zagro\u017cenie dla zdrowia. Przechowywa\u0107 poza zasi\u0119giem dzieci i w suchym miejscu, aby zachowa\u0107 jako\u015b\u0107. U\u017cywaj odpowiedzialnie.<\/p>","protected":false},"excerpt":{"rendered":"<p dir=\"ltr\" data-pm-slice=\"1 1 []\">RAW Classic King Size Rolls oferuje 3 metry niebielonej, wolnej od chloru, wolno pal\u0105cej si\u0119 bibu\u0142ki, umo\u017cliwiaj\u0105c palaczom dostosowanie rozmiaru rolki. Przyjazne dla \u015brodowiska i wykonane z naturalnych ro\u015blin.<\/p>","protected":false},"featured_media":44898,"template":"","meta":[],"product_brand":[],"product_cat":[492,297,488,565,493,471,560,564],"product_tag":[],"class_list":{"0":"post-42534","1":"product","2":"type-product","3":"status-publish","4":"has-post-thumbnail","6":"product_cat-rolling-papers","7":"product_cat-all-products","8":"product_cat-headshop","9":"product_cat-hemp-rolling-papers","10":"product_cat-papers","11":"product_cat-raw","12":"product_cat-rolls","13":"product_cat-unbleached-rolling-papers","14":"product_shipping_class-creditcard-on","16":"first","17":"instock","18":"taxable","19":"shipping-taxable","20":"purchasable","21":"product-type-variable","22":"has-default-attributes"},"_links":{"self":[{"href":"https:\/\/www.tatanka.nl\/pl\/wp-json\/wp\/v2\/product\/42534","targetHints":{"allow":["GET"]}}],"collection":[{"href":"https:\/\/www.tatanka.nl\/pl\/wp-json\/wp\/v2\/product"}],"about":[{"href":"https:\/\/www.tatanka.nl\/pl\/wp-json\/wp\/v2\/types\/product"}],"wp:featuredmedia":[{"embeddable":true,"href":"https:\/\/www.tatanka.nl\/pl\/wp-json\/wp\/v2\/media\/44898"}],"wp:attachment":[{"href":"https:\/\/www.tatanka.nl\/pl\/wp-json\/wp\/v2\/media?parent=42534"}],"wp:term":[{"taxonomy":"product_brand","embeddable":true,"href":"https:\/\/www.tatanka.nl\/pl\/wp-json\/wp\/v2\/product_brand?post=42534"},{"taxonomy":"product_cat","embeddable":true,"href":"https:\/\/www.tatanka.nl\/pl\/wp-json\/wp\/v2\/product_cat?post=42534"},{"taxonomy":"product_tag","embeddable":true,"href":"https:\/\/www.tatanka.nl\/pl\/wp-json\/wp\/v2\/product_tag?post=42534"}],"curies":[{"name":"wp","href":"https:\/\/api.w.org\/{rel}","templated":true}]}}