{"id":42535,"date":"2022-03-14T10:32:22","date_gmt":"2022-03-14T08:32:22","guid":{"rendered":"https:\/\/www.tatanka.nl\/?post_type=product&#038;p=42535"},"modified":"2025-05-20T08:33:28","modified_gmt":"2025-05-20T07:33:28","slug":"actitube-activated-charcoal-slim-filter-tip","status":"publish","type":"product","link":"https:\/\/www.tatanka.nl\/pl\/actitube-activated-charcoal-slim-filter-tip\/","title":{"rendered":"Smuk\u0142a ko\u0144c\u00f3wka filtra ActiTube z w\u0119glem aktywnym"},"content":{"rendered":"<h2>Informacje o Actitube<\/h2>\n<p>Je\u015bli istnieje marka inteligentnego palenia - to w\u0142a\u015bnie ta! Attitude jest innowatorem, je\u015bli chodzi o filtrowanie dymu z marihuany i tytoniu. Kr\u00f3tko m\u00f3wi\u0105c, je\u015bli nigdy nie pr\u00f3bowa\u0142e\u015b pali\u0107 jointa z filtrami w\u0119glowymi aktywowanymi przez actitube, tracisz szans\u0119!<\/p>","protected":false},"excerpt":{"rendered":"<p>Smuk\u0142e filtry do joint\u00f3w... ze zdrowym akcentem! S\u0105 to filtry z w\u0119glem aktywnym stworzone specjalnie dla palaczy marihuany. Oczyszczaj\u0105 z\u0142e rzeczy i sprawiaj\u0105, \u017ce zaci\u0105ganie si\u0119 jest o wiele przyjemniejsze, bez utraty \"dobrych rzeczy\" z marihuany. Je\u015bli nigdy nie pr\u00f3bowa\u0142e\u015b zwija\u0107 jointa z ko\u0144c\u00f3wk\u0105 filtra ActiTube - tracisz du\u017co czasu!<\/p>","protected":false},"featured_media":45271,"template":"","meta":[],"product_brand":[],"product_cat":[567,297,556,488,492,571],"product_tag":[],"class_list":{"0":"post-42535","1":"product","2":"type-product","3":"status-publish","4":"has-post-thumbnail","6":"product_cat-filters","7":"product_cat-all-products","8":"product_cat-charcoal-filter-tips","9":"product_cat-headshop","10":"product_cat-rolling-papers","11":"product_cat-tips","12":"product_shipping_class-creditcard-on","14":"first","15":"instock","16":"taxable","17":"shipping-taxable","18":"purchasable","19":"product-type-variable","20":"has-default-attributes"},"_links":{"self":[{"href":"https:\/\/www.tatanka.nl\/pl\/wp-json\/wp\/v2\/product\/42535","targetHints":{"allow":["GET"]}}],"collection":[{"href":"https:\/\/www.tatanka.nl\/pl\/wp-json\/wp\/v2\/product"}],"about":[{"href":"https:\/\/www.tatanka.nl\/pl\/wp-json\/wp\/v2\/types\/product"}],"wp:featuredmedia":[{"embeddable":true,"href":"https:\/\/www.tatanka.nl\/pl\/wp-json\/wp\/v2\/media\/45271"}],"wp:attachment":[{"href":"https:\/\/www.tatanka.nl\/pl\/wp-json\/wp\/v2\/media?parent=42535"}],"wp:term":[{"taxonomy":"product_brand","embeddable":true,"href":"https:\/\/www.tatanka.nl\/pl\/wp-json\/wp\/v2\/product_brand?post=42535"},{"taxonomy":"product_cat","embeddable":true,"href":"https:\/\/www.tatanka.nl\/pl\/wp-json\/wp\/v2\/product_cat?post=42535"},{"taxonomy":"product_tag","embeddable":true,"href":"https:\/\/www.tatanka.nl\/pl\/wp-json\/wp\/v2\/product_tag?post=42535"}],"curies":[{"name":"wp","href":"https:\/\/api.w.org\/{rel}","templated":true}]}}