{"id":42536,"date":"2022-03-14T10:32:22","date_gmt":"2022-03-14T08:32:22","guid":{"rendered":"https:\/\/www.tatanka.nl\/?post_type=product&#038;p=42536"},"modified":"2025-05-20T08:33:43","modified_gmt":"2025-05-20T07:33:43","slug":"actitube-activated-charcoal-filter-tip","status":"publish","type":"product","link":"https:\/\/www.tatanka.nl\/pl\/actitube-activated-charcoal-filter-tip\/","title":{"rendered":"Ko\u0144c\u00f3wka filtra z w\u0119glem aktywnym ActiTube"},"content":{"rendered":"<h2>Informacje o Actitube<\/h2>\n<p>Je\u015bli istnieje marka inteligentnego palenia - to w\u0142a\u015bnie ta! Attitude jest innowatorem, je\u015bli chodzi o filtrowanie dymu z marihuany i tytoniu. Kr\u00f3tko m\u00f3wi\u0105c, je\u015bli nigdy nie pr\u00f3bowa\u0142e\u015b pali\u0107 jointa z filtrami w\u0119glowymi aktywowanymi przez actitube, tracisz szans\u0119!<\/p>","protected":false},"excerpt":{"rendered":"<p>Czy istnieje zdrowszy spos\u00f3b na palenie papieros\u00f3w? Tak, istnieje i nazywa si\u0119 filtr z w\u0119glem aktywnym! Te specjalne filtry zapewniaj\u0105, \u017ce wszystkie z\u0142e rzeczy z zaci\u0105gni\u0119cia si\u0119 zostan\u0105 oczyszczone, bez utraty jakichkolwiek dobrych rzeczy, kt\u00f3rych mo\u017cna oczekiwa\u0107 od jointa z konopi indyjskich. Je\u015bli raz wypr\u00f3bujesz ActiTube, ju\u017c nigdy nie wr\u00f3cisz! Jest po prostu o wiele lepiej!<\/p>","protected":false},"featured_media":45278,"template":"","meta":[],"product_brand":[],"product_cat":[571,297,556,567,488,492],"product_tag":[],"class_list":{"0":"post-42536","1":"product","2":"type-product","3":"status-publish","4":"has-post-thumbnail","6":"product_cat-tips","7":"product_cat-all-products","8":"product_cat-charcoal-filter-tips","9":"product_cat-filters","10":"product_cat-headshop","11":"product_cat-rolling-papers","12":"product_shipping_class-creditcard-on","14":"first","15":"instock","16":"taxable","17":"shipping-taxable","18":"purchasable","19":"product-type-variable","20":"has-default-attributes"},"_links":{"self":[{"href":"https:\/\/www.tatanka.nl\/pl\/wp-json\/wp\/v2\/product\/42536","targetHints":{"allow":["GET"]}}],"collection":[{"href":"https:\/\/www.tatanka.nl\/pl\/wp-json\/wp\/v2\/product"}],"about":[{"href":"https:\/\/www.tatanka.nl\/pl\/wp-json\/wp\/v2\/types\/product"}],"wp:featuredmedia":[{"embeddable":true,"href":"https:\/\/www.tatanka.nl\/pl\/wp-json\/wp\/v2\/media\/45278"}],"wp:attachment":[{"href":"https:\/\/www.tatanka.nl\/pl\/wp-json\/wp\/v2\/media?parent=42536"}],"wp:term":[{"taxonomy":"product_brand","embeddable":true,"href":"https:\/\/www.tatanka.nl\/pl\/wp-json\/wp\/v2\/product_brand?post=42536"},{"taxonomy":"product_cat","embeddable":true,"href":"https:\/\/www.tatanka.nl\/pl\/wp-json\/wp\/v2\/product_cat?post=42536"},{"taxonomy":"product_tag","embeddable":true,"href":"https:\/\/www.tatanka.nl\/pl\/wp-json\/wp\/v2\/product_tag?post=42536"}],"curies":[{"name":"wp","href":"https:\/\/api.w.org\/{rel}","templated":true}]}}