{"id":42541,"date":"2022-03-14T10:32:22","date_gmt":"2022-03-14T08:32:22","guid":{"rendered":"https:\/\/www.tatanka.nl\/?post_type=product&#038;p=42541"},"modified":"2025-07-08T15:04:51","modified_gmt":"2025-07-08T14:04:51","slug":"clear-cellulose-king-size-rolling-papers","status":"publish","type":"product","link":"https:\/\/www.tatanka.nl\/pl\/clear-cellulose-king-size-rolling-papers\/","title":{"rendered":"Przezroczysta, bezbarwna celuloza King Size Rolling Papers"},"content":{"rendered":"<h2 dir=\"ltr\" data-pm-slice=\"1 1 []\">Czym s\u0105 TRIP2 KS Clear Papers?<\/h2>\n<p dir=\"ltr\">TRIP2 KS Clear Paper to rewolucyjne bletki przeznaczone dla palaczy poszukuj\u0105cych wyr\u00f3\u017cniaj\u0105cej si\u0119, ekologicznej opcji. Wykonane z naturalnej celulozy 100% pochodz\u0105cej z azjatyckiej malwy bawe\u0142nianej, te bibu\u0142ki king-size s\u0105 ca\u0142kowicie przezroczyste, dzi\u0119ki czemu u\u017cytkownicy mog\u0105 zobaczy\u0107 zawarto\u015b\u0107 swojej rolki. Ka\u017cde opakowanie zawiera 24 bibu\u0142ki, po 40 listk\u00f3w w ka\u017cdej paczce, co zapewnia wystarczaj\u0105c\u0105 ilo\u015b\u0107 bibu\u0142ek do regularnego u\u017cytku. Bibu\u0142ki s\u0105 niezgumowane i opieraj\u0105 si\u0119 na naturalnej lepko\u015bci celulozy po polizaniu w celu uszczelnienia, co upraszcza proces zwijania. Papier TRIP2 KS Clear Paper 100% jest biodegradowalny i nie zawiera drzew, co jest zgodne z zasadami zr\u00f3wnowa\u017conego rozwoju, a jednocze\u015bnie zapewnia p\u0142ynne i powolne spalanie. Cienka, przezroczysta konstrukcja zwi\u0119ksza atrakcyjno\u015b\u0107 wizualn\u0105 i zapewnia czyste palenie przy minimalnej ilo\u015bci popio\u0142u. Idealny dla tych, kt\u00f3rzy ceni\u0105 sobie zar\u00f3wno estetyk\u0119, jak i odpowiedzialno\u015b\u0107 za \u015brodowisko, TRIP2 KS Clear Paper podnosi rang\u0119 rytua\u0142u palenia dzi\u0119ki innowacyjnemu materia\u0142owi i przyjaznym dla u\u017cytkownika funkcjom, co czyni go wyj\u0105tkowym wyborem dla nowoczesnych palaczy, kt\u00f3rzy stawiaj\u0105 na jako\u015b\u0107, czysto\u015b\u0107 i przyjazno\u015b\u0107 dla \u015brodowiska w swoich bibu\u0142kach.<\/p>\n<h2 dir=\"ltr\">Historia TRIP2 KS Clear Papers<\/h2>\n<p dir=\"ltr\">Rozw\u00f3j bletek TRIP2 KS Clear Paper si\u0119ga wczesnych lat 80-tych, kiedy to na rynku po raz pierwszy pojawi\u0142y si\u0119 przezroczyste bletki, urzekaj\u0105c palaczy swoj\u0105 nowatorsk\u0105 przezroczysto\u015bci\u0105. Pocz\u0105tkowo spopularyzowane ze wzgl\u0119du na sw\u00f3j unikalny wygl\u0105d, bibu\u0142ki te stan\u0119\u0142y w obliczu wyzwa\u0144 zwi\u0105zanych z wprowadzaj\u0105cymi w b\u0142\u0105d o\u015bwiadczeniami marketingowymi dotycz\u0105cymi korzy\u015bci zdrowotnych, co doprowadzi\u0142o do spadku ich popularno\u015bci. W 2006 roku firma TRIP2 o\u017cywi\u0142a t\u0119 koncepcj\u0119, wprowadzaj\u0105c bibu\u0142ki wykonane z celulozy Aziatic Cotton Mallow, bezdrzewnego, biodegradowalnego materia\u0142u, kt\u00f3ry wyznaczy\u0142 nowy standard zr\u00f3wnowa\u017conego rozwoju. Ta innowacja stanowi\u0142a punkt zwrotny, poniewa\u017c papier TRIP2 KS Clear Paper zyska\u0142 popularno\u015b\u0107 dzi\u0119ki swojemu ekologicznemu sk\u0142adowi i p\u0142ynnemu spalaniu. Z biegiem lat TRIP2 udoskonali\u0142 produkt, koncentruj\u0105c si\u0119 na naturalnych materia\u0142ach i eliminuj\u0105c potrzeb\u0119 stosowania gumy, zwi\u0119kszaj\u0105c wygod\u0119 u\u017cytkownika. Zaanga\u017cowanie marki w odpowiedzialno\u015b\u0107 \u015brodowiskow\u0105 i jako\u015b\u0107 sprawi\u0142o, \u017ce TRIP2 KS Clear Paper sta\u0142 si\u0119 ulubie\u0144cem palaczy, kt\u00f3rzy ceni\u0105 sobie autentyczno\u015b\u0107 i innowacyjno\u015b\u0107. Obecnie papiery te stanowi\u0105 po\u0142\u0105czenie historycznej pomys\u0142owo\u015bci i nowoczesnego zr\u00f3wnowa\u017conego rozwoju, oferuj\u0105c wyj\u0105tkowe wra\u017cenia z palenia, kt\u00f3re odzwierciedlaj\u0105 zaanga\u017cowanie TRIP2 w przesuwanie granic w bran\u017cy bibu\u0142ek, pozostaj\u0105c jednocze\u015bnie wiernym zasadom ekologicznym.<\/p>\n<h2 dir=\"ltr\">Jak korzysta\u0107 z TRIP2 KS Clear Papers<\/h2>\n<p dir=\"ltr\">Korzystanie z papieru TRIP2 KS Clear Paper jest proste i idealnie nadaje si\u0119 do tworzenia efektownych wizualnie rolek. Zacznij od wybrania pojedynczego li\u015bcia z jednego z 24 opakowa\u0144 w pude\u0142ku, zwracaj\u0105c uwag\u0119 na jego przezroczyst\u0105, cienk\u0105 tekstur\u0119. Umie\u015b\u0107 preferowany materia\u0142 do legalnego palenia wzd\u0142u\u017c \u015brodka bibu\u0142ki, opcjonalnie dodaj\u0105c ko\u0144c\u00f3wk\u0119 filtra dla nadania struktury. Z\u0142\u00f3\u017c papier nad materia\u0142em i zwi\u0144 go mocno mi\u0119dzy palcami, tworz\u0105c g\u0142adki cylinder. Lekko poli\u017c kraw\u0119d\u017a bibu\u0142ki, aby aktywowa\u0107 jej naturaln\u0105 kleisto\u015b\u0107 - nie jest potrzebna guma - i naci\u015bnij, aby uszczelni\u0107. Wolno spalaj\u0105ca si\u0119 celuloza zapewnia sta\u0142y, r\u00f3wnomierny dym, wzmacniaj\u0105c smak materia\u0142u. Opakowania nale\u017cy przechowywa\u0107 w ch\u0142odnym i suchym miejscu, aby zachowa\u0107 ich jako\u015b\u0107. Bibu\u0142ki TRIP2 KS Clear Paper s\u0105 wszechstronne, kompatybilne z r\u00f3\u017cnymi mieszankami tytoniu i przeznaczone zar\u00f3wno dla pocz\u0105tkuj\u0105cych, jak i do\u015bwiadczonych palaczy. Jego przezroczysta konstrukcja dodaje zabawnego, estetycznego elementu, pozwalaj\u0105c podziwia\u0107 zawarto\u015b\u0107 rolki. Przyjazny dla \u015brodowiska, biodegradowalny materia\u0142 zapewnia spok\u00f3j ducha, sprawiaj\u0105c, \u017ce ka\u017cda sesja jest przyjemna, zr\u00f3wnowa\u017cona i bezproblemowa, z czystym spalaniem, kt\u00f3re podnosi og\u00f3lne wra\u017cenia z palenia.<\/p>\n<h2 dir=\"ltr\">Sk\u0142adniki TRIP2 KS Clear Papers<\/h2>\n<p dir=\"ltr\">Bibu\u0142ki TRIP2 KS Clear Paper maj\u0105 minimalistyczny, przyjazny dla \u015brodowiska sk\u0142ad, kt\u00f3ry zapewnia czyste doznania podczas palenia. Podstawowym sk\u0142adnikiem jest naturalna celuloza pochodz\u0105ca z azjatyckiej malwy bawe\u0142nianej, ro\u015bliny wolnej od drzew, dzi\u0119ki czemu bibu\u0142ki 100% s\u0105 biodegradowalne. Celuloza ta jest przetwarzana bez sztucznych dodatk\u00f3w, chloru czy barwnik\u00f3w, dzi\u0119ki czemu uzyskuje si\u0119 przezroczysty, cienki papier, kt\u00f3ry pali si\u0119 g\u0142adko i czysto. W przeciwie\u0144stwie do tradycyjnych bibu\u0142ek, TRIP2 KS Clear Paper nie wymaga dodawania gumy, poniewa\u017c celuloza naturalnie przywiera po zwil\u017ceniu, co upraszcza proces zwijania. Nie stosuje si\u0119 \u017cadnych \u015brodk\u00f3w chemicznych ani przyspieszaczy spalania, co pozwala zachowa\u0107 naturalny smak materia\u0142u do palenia i ograniczy\u0107 ilo\u015b\u0107 popio\u0142u. Materia\u0142 jest pozyskiwany w spos\u00f3b zr\u00f3wnowa\u017cony, odzwierciedlaj\u0105c zaanga\u017cowanie TRIP2 w odpowiedzialno\u015b\u0107 za \u015brodowisko. Ten prosty profil sk\u0142adnik\u00f3w zapewnia wysokiej jako\u015bci, niezafa\u0142szowany dym, atrakcyjny dla u\u017cytkownik\u00f3w, dla kt\u00f3rych priorytetem jest czysto\u015b\u0107 i zr\u00f3wnowa\u017cony rozw\u00f3j. Brak syntetycznych sk\u0142adnik\u00f3w sprawia, \u017ce TRIP2 KS Clear Paper jest doskona\u0142ym wyborem dla \u015bwiadomych ekologicznie palaczy, oferuj\u0105c czysty, przejrzysty i niezawodny produkt, kt\u00f3ry poprawia wra\u017cenia z palenia, jednocze\u015bnie minimalizuj\u0105c wp\u0142yw na \u015brodowisko, a wszystko to przy jednoczesnym zachowaniu koncentracji marki na naturalnych, innowacyjnych materia\u0142ach.<\/p>\n<p dir=\"ltr\"><strong>Ostrze\u017cenie<\/strong><br \/>\nTRIP2 KS Clear Paper jest przeznaczony do u\u017cytku wy\u0142\u0105cznie z legalnymi materia\u0142ami do palenia. Podczas palenia nale\u017cy zapewni\u0107 odpowiedni\u0105 wentylacj\u0119, poniewa\u017c palenie stanowi zagro\u017cenie dla zdrowia. Przechowywa\u0107 poza zasi\u0119giem dzieci i w suchym miejscu, aby zachowa\u0107 jako\u015b\u0107. U\u017cywaj odpowiedzialnie.<\/p>","protected":false},"excerpt":{"rendered":"<p dir=\"ltr\" data-pm-slice=\"1 1 []\">TRIP2 KS Clear Paper oferuje przezroczyste, bezdrzewne bletki wykonane z naturalnej celulozy. Dzi\u0119ki 40 listkom w opakowaniu i 24 paczkom w pude\u0142ku, te wolno pal\u0105ce si\u0119 bibu\u0142ki zapewniaj\u0105 wyj\u0105tkowe, przyjazne dla \u015brodowiska wra\u017cenia z palenia.<\/p>","protected":false},"featured_media":45286,"template":"","meta":[],"product_brand":[],"product_cat":[492,297,488,558,493,563],"product_tag":[],"class_list":{"0":"post-42541","1":"product","2":"type-product","3":"status-publish","4":"has-post-thumbnail","6":"product_cat-rolling-papers","7":"product_cat-all-products","8":"product_cat-headshop","9":"product_cat-king-size-papers","10":"product_cat-papers","11":"product_cat-transparent-papers","12":"product_shipping_class-creditcard-on","14":"first","15":"instock","16":"taxable","17":"shipping-taxable","18":"purchasable","19":"product-type-variable","20":"has-default-attributes"},"_links":{"self":[{"href":"https:\/\/www.tatanka.nl\/pl\/wp-json\/wp\/v2\/product\/42541","targetHints":{"allow":["GET"]}}],"collection":[{"href":"https:\/\/www.tatanka.nl\/pl\/wp-json\/wp\/v2\/product"}],"about":[{"href":"https:\/\/www.tatanka.nl\/pl\/wp-json\/wp\/v2\/types\/product"}],"wp:featuredmedia":[{"embeddable":true,"href":"https:\/\/www.tatanka.nl\/pl\/wp-json\/wp\/v2\/media\/45286"}],"wp:attachment":[{"href":"https:\/\/www.tatanka.nl\/pl\/wp-json\/wp\/v2\/media?parent=42541"}],"wp:term":[{"taxonomy":"product_brand","embeddable":true,"href":"https:\/\/www.tatanka.nl\/pl\/wp-json\/wp\/v2\/product_brand?post=42541"},{"taxonomy":"product_cat","embeddable":true,"href":"https:\/\/www.tatanka.nl\/pl\/wp-json\/wp\/v2\/product_cat?post=42541"},{"taxonomy":"product_tag","embeddable":true,"href":"https:\/\/www.tatanka.nl\/pl\/wp-json\/wp\/v2\/product_tag?post=42541"}],"curies":[{"name":"wp","href":"https:\/\/api.w.org\/{rel}","templated":true}]}}