{"id":42546,"date":"2022-03-14T10:32:23","date_gmt":"2022-03-14T08:32:23","guid":{"rendered":"https:\/\/www.tatanka.nl\/?post_type=product&#038;p=42546"},"modified":"2025-07-08T14:47:21","modified_gmt":"2025-07-08T13:47:21","slug":"raw-black-king-size-slim","status":"publish","type":"product","link":"https:\/\/www.tatanka.nl\/pl\/raw-black-king-size-slim\/","title":{"rendered":"Raw Black King Size Slim"},"content":{"rendered":"<h2 dir=\"ltr\" data-pm-slice=\"1 1 []\">Czym s\u0105 RAW Black King Size Slim Papers?<\/h2>\n<p dir=\"ltr\">Bibu\u0142ki RAW Black King Size Slim to najwy\u017cszej jako\u015bci bletki przeznaczone dla palaczy poszukuj\u0105cych naturalnych, wysokiej jako\u015bci dozna\u0144. Wykonane z niebielonych, niezawieraj\u0105cych chloru w\u0142\u00f3kien ro\u015blinnych, bibu\u0142ki te nie zawieraj\u0105 dodatk\u00f3w u\u0142atwiaj\u0105cych palenie, zapewniaj\u0105c czysty, wolno spalaj\u0105cy si\u0119 dym. Ich smuk\u0142y format king-size oferuje du\u017co miejsca na zwijanie, zachowuj\u0105c jednocze\u015bnie elegancki profil, idealny dla tych, kt\u00f3rzy ceni\u0105 sobie zar\u00f3wno estetyk\u0119, jak i funkcjonalno\u015b\u0107. Bibu\u0142ki RAW Black King Size Slim odzwierciedlaj\u0105 zaanga\u017cowanie marki w zr\u00f3wnowa\u017cony rozw\u00f3j i innowacje, wykorzystuj\u0105c ekologiczne materia\u0142y, kt\u00f3re poprawiaj\u0105 smak bez uszczerbku dla \u015brodowiska. Ka\u017cde opakowanie zawiera 32 bletki, idealne do codziennego u\u017cytku lub na specjalne okazje. Cienka, p\u00f3\u0142przezroczysta tekstura zapewnia p\u0142ynne zwijanie, zaspokajaj\u0105c potrzeby zar\u00f3wno pocz\u0105tkuj\u0105cych, jak i do\u015bwiadczonych palaczy. Stawiaj\u0105c na czysto\u015b\u0107 i jako\u015b\u0107, bibu\u0142ki RAW Black King Size Slim podnosz\u0105 rang\u0119 rytua\u0142u palenia, zapewniaj\u0105c niezafa\u0142szowany smak, kt\u00f3ry pozwala zab\u0142ysn\u0105\u0107 naturalnym aromatom. Papiery te uciele\u015bniaj\u0105 misj\u0119 firmy RAW polegaj\u0105c\u0105 na zrewolucjonizowaniu bran\u017cy tytoniowej za pomoc\u0105 produkt\u00f3w, kt\u00f3re s\u0105 r\u00f3wnie przyjazne dla \u015brodowiska, co skuteczne, co czyni je najlepszym wyborem dla wymagaj\u0105cych palaczy na ca\u0142ym \u015bwiecie.<\/p>\n<h2 dir=\"ltr\">Historia RAW Black King Size Slim Papers<\/h2>\n<p dir=\"ltr\">Historia bibu\u0142ek RAW Black King Size Slim rozpocz\u0119\u0142a si\u0119 od wizji za\u0142o\u017cycielskiej firmy RAW, aby na nowo zdefiniowa\u0107 bran\u017c\u0119 bibu\u0142ek. Wprowadzona na rynek w odpowiedzi na zapotrzebowanie na czystsze, bardziej zr\u00f3wnowa\u017cone produkty do palenia, firma RAW wprowadzi\u0142a swoje niebielone, wolne od dodatk\u00f3w bibu\u0142ki, aby rzuci\u0107 wyzwanie konwencjonalnym opcjom poddanym obr\u00f3bce chemicznej. Wariant Black King Size Slim, z ultracienk\u0105, wolno pal\u0105c\u0105 si\u0119 konstrukcj\u0105, szybko sta\u0142 si\u0119 ulubionym ze wzgl\u0119du na swoje minimalistyczne, ale wydajne w\u0142a\u015bciwo\u015bci. Z biegiem lat firma RAW udoskonali\u0142a sw\u00f3j proces produkcyjny, pozyskuj\u0105c naturalne w\u0142\u00f3kna ro\u015blinne i eliminuj\u0105c chlor oraz przyspieszacze spalania, aby nada\u0107 priorytet zar\u00f3wno wra\u017ceniom u\u017cytkownika, jak i wp\u0142ywowi na \u015brodowisko. To zaanga\u017cowanie w autentyczno\u015b\u0107 i zr\u00f3wnowa\u017cony rozw\u00f3j sprawi\u0142o, \u017ce RAW sta\u0142 si\u0119 pionierem w bran\u017cy. Bibu\u0142ki RAW Black King Size Slim symbolizuj\u0105 etos marki polegaj\u0105cy na pozostaniu \"wiernym\" swoim korzeniom, oferuj\u0105c palaczom produkt, kt\u00f3ry jest r\u00f3wnie czysty, co innowacyjny. Od podziemnych kr\u0119g\u00f3w palenia po popularno\u015b\u0107 g\u0142\u00f3wnego nurtu, bibu\u0142ki te zyska\u0142y lojalnych zwolennik\u00f3w, nap\u0119dzanych odmow\u0105 RAW p\u00f3j\u015bcia na kompromis w zakresie jako\u015bci lub warto\u015bci, cementuj\u0105c ich miejsce jako kamie\u0144 w\u0119gielny wsp\u00f3\u0142czesnej kultury palenia.<\/p>\n<h2 dir=\"ltr\">Jak korzysta\u0107 z RAW Black King Size Slim Papers<\/h2>\n<p dir=\"ltr\">Korzystanie z bibu\u0142ek RAW Black King Size Slim jest proste i satysfakcjonuj\u0105ce dla palaczy na ka\u017cdym poziomie zaawansowania. Zacznij od wybrania bibu\u0142ki z opakowania, zwracaj\u0105c uwag\u0119 na jej cienk\u0105, niebielon\u0105 tekstur\u0119. Umie\u015b\u0107 preferowany materia\u0142 do palenia r\u00f3wnomiernie wzd\u0142u\u017c \u015brodka bibu\u0142ki, pozostawiaj\u0105c miejsce na jednym ko\u0144cu, je\u015bli u\u017cywasz ko\u0144c\u00f3wki filtra. Z\u0142\u00f3\u017c bibu\u0142k\u0119 na p\u00f3\u0142 wzd\u0142u\u017c, zak\u0142adaj\u0105c jedn\u0105 stron\u0119 na materia\u0142 i zwi\u0144 j\u0105 ciasno mi\u0119dzy palcami, tworz\u0105c g\u0142adki cylinder. Lekko zwil\u017c pasek samoprzylepny (wykonany z naturalnej gumy), aby bezpiecznie uszczelni\u0107 rolk\u0119. Je\u015bli u\u017cywasz filtra, w\u0142\u00f3\u017c go przed zwini\u0119ciem, aby uzyska\u0107 dodatkow\u0105 struktur\u0119. Powolne spalanie bibu\u0142ek RAW Black King Size Slim zapewnia r\u00f3wnomierne, d\u0142ugotrwa\u0142e palenie, wzmacniaj\u0105c smak. Przechowuj paczk\u0119 w ch\u0142odnym, suchym miejscu, aby zachowa\u0107 \u015bwie\u017co\u015b\u0107. Bibu\u0142ki te s\u0105 wszechstronne, kompatybilne z r\u00f3\u017cnymi mieszankami do palenia i zaprojektowane tak, aby zminimalizowa\u0107 ilo\u015b\u0107 popio\u0142u przy jednoczesnej maksymalizacji smaku. Niezale\u017cnie od tego, czy palisz w domu, czy w podr\u00f3\u017cy, bibu\u0142ki RAW Black King Size Slim zapewniaj\u0105 sp\u00f3jne, czyste doznania, sprawiaj\u0105c, \u017ce ka\u017cda sesja jest przyjemna i ekologiczna, dzi\u0119ki konstrukcji, kt\u00f3ra wspiera zar\u00f3wno \u0142atwo\u015b\u0107, jak i jako\u015b\u0107.<\/p>\n<h2 dir=\"ltr\">Sk\u0142adniki RAW Black King Size Slim Papers<\/h2>\n<p dir=\"ltr\">Bibu\u0142ki RAW Black King Size Slim s\u0105 wytwarzane przy u\u017cyciu minimalnej ilo\u015bci naturalnych sk\u0142adnik\u00f3w, aby zapewni\u0107 czysto\u015b\u0107 i zr\u00f3wnowa\u017cony rozw\u00f3j. Podstawowym materia\u0142em s\u0105 niebielone w\u0142\u00f3kna ro\u015blinne, pochodz\u0105ce z lnu lub konopi, przetwarzane bez chloru i dodatk\u00f3w chemicznych w celu zachowania naturalnego smaku materia\u0142u do palenia. Bibu\u0142ki nie zawieraj\u0105 przyspieszaczy spalania, dzi\u0119ki czemu pal\u0105 si\u0119 powoli i r\u00f3wnomiernie, co zwi\u0119ksza przyjemno\u015b\u0107 z palenia. Cienki pasek naturalnej gumy akacjowej, pochodz\u0105cej z soku drzewnego, s\u0142u\u017cy jako klej, zapewniaj\u0105c bezpieczne uszczelnienie po zwil\u017ceniu. Nie stosuje si\u0119 sztucznych barwnik\u00f3w, kredy ani wype\u0142niaczy, dzi\u0119ki czemu kompozycja jest tak czysta, jak to tylko mo\u017cliwe. Ultracienka konstrukcja zmniejsza smak papieru, pozwalaj\u0105c na dominacj\u0119 smak\u00f3w mieszanki do palenia. Zaanga\u017cowanie RAW w praktyki przyjazne dla \u015brodowiska zapewnia, \u017ce w\u0142\u00f3kna ro\u015blinne pochodz\u0105 ze \u017ar\u00f3de\u0142 zarz\u0105dzanych w spos\u00f3b zr\u00f3wnowa\u017cony, minimalizuj\u0105c wp\u0142yw na \u015brodowisko. Ta prosta, ale przemy\u015blana lista sk\u0142adnik\u00f3w odzwierciedla zaanga\u017cowanie marki w autentyczno\u015b\u0107, oferuj\u0105c palaczom produkt, kt\u00f3ry jest zar\u00f3wno wydajny, jak i przyjazny dla \u015brodowiska. Bibu\u0142ki RAW Black King Size Slim zapewniaj\u0105 czyste, niezafa\u0142szowane wra\u017cenia z palenia, przemawiaj\u0105c do tych, kt\u00f3rzy ceni\u0105 jako\u015b\u0107, przejrzysto\u015b\u0107 i zr\u00f3wnowa\u017cony rozw\u00f3j w swoich bibu\u0142kach.<\/p>\n<p dir=\"ltr\"><strong>Ostrze\u017cenie<\/strong><br \/>\nBibu\u0142ki RAW Black King Size Slim s\u0105 przeznaczone do u\u017cytku wy\u0142\u0105cznie z legalnymi materia\u0142ami do palenia. Podczas palenia nale\u017cy zapewni\u0107 odpowiedni\u0105 wentylacj\u0119 i unika\u0107 wdychania nadmiernej ilo\u015bci dymu, poniewa\u017c palenie stanowi zagro\u017cenie dla zdrowia. Przechowywa\u0107 poza zasi\u0119giem dzieci i w suchym miejscu, aby zachowa\u0107 jako\u015b\u0107. U\u017cywaj odpowiedzialnie.<\/p>","protected":false},"excerpt":{"rendered":"<p dir=\"ltr\" data-pm-slice=\"1 1 []\">Bibu\u0142ki RAW Black King Size Slim s\u0105 niebielone, wolne od chloru i wolno pal\u0105ce si\u0119, wykonane z naturalnych ro\u015blin, aby zapewni\u0107 czyste wra\u017cenia z palenia. Ka\u017cde opakowanie zawiera 32 ekologiczne bibu\u0142ki.<\/p>","protected":false},"featured_media":44887,"template":"","meta":[],"product_brand":[],"product_cat":[492,297,488,493,471,559,562,564],"product_tag":[],"class_list":{"0":"post-42546","1":"product","2":"type-product","3":"status-publish","4":"has-post-thumbnail","6":"product_cat-rolling-papers","7":"product_cat-all-products","8":"product_cat-headshop","9":"product_cat-papers","10":"product_cat-raw","11":"product_cat-slim-papers","12":"product_cat-thin-rolling-papers","13":"product_cat-unbleached-rolling-papers","14":"product_shipping_class-creditcard-on","16":"first","17":"instock","18":"taxable","19":"shipping-taxable","20":"purchasable","21":"product-type-variable","22":"has-default-attributes"},"_links":{"self":[{"href":"https:\/\/www.tatanka.nl\/pl\/wp-json\/wp\/v2\/product\/42546","targetHints":{"allow":["GET"]}}],"collection":[{"href":"https:\/\/www.tatanka.nl\/pl\/wp-json\/wp\/v2\/product"}],"about":[{"href":"https:\/\/www.tatanka.nl\/pl\/wp-json\/wp\/v2\/types\/product"}],"wp:featuredmedia":[{"embeddable":true,"href":"https:\/\/www.tatanka.nl\/pl\/wp-json\/wp\/v2\/media\/44887"}],"wp:attachment":[{"href":"https:\/\/www.tatanka.nl\/pl\/wp-json\/wp\/v2\/media?parent=42546"}],"wp:term":[{"taxonomy":"product_brand","embeddable":true,"href":"https:\/\/www.tatanka.nl\/pl\/wp-json\/wp\/v2\/product_brand?post=42546"},{"taxonomy":"product_cat","embeddable":true,"href":"https:\/\/www.tatanka.nl\/pl\/wp-json\/wp\/v2\/product_cat?post=42546"},{"taxonomy":"product_tag","embeddable":true,"href":"https:\/\/www.tatanka.nl\/pl\/wp-json\/wp\/v2\/product_tag?post=42546"}],"curies":[{"name":"wp","href":"https:\/\/api.w.org\/{rel}","templated":true}]}}