{"id":42547,"date":"2022-03-14T10:32:23","date_gmt":"2022-03-14T08:32:23","guid":{"rendered":"https:\/\/www.tatanka.nl\/?post_type=product&#038;p=42547"},"modified":"2025-07-08T14:53:37","modified_gmt":"2025-07-08T13:53:37","slug":"raw-classic-artesano-king-size-slim","status":"publish","type":"product","link":"https:\/\/www.tatanka.nl\/pl\/raw-classic-artesano-king-size-slim\/","title":{"rendered":"Raw Classic Artesano King Size Slim"},"content":{"rendered":"<h2 dir=\"ltr\" data-pm-slice=\"1 1 []\">Czym s\u0105 RAW Classic Artesano King Size Slim Papers?<\/h2>\n<p dir=\"ltr\">RAW Classic Artesano King Size Slim to kompleksowe rozwi\u0105zanie dla palaczy, kt\u00f3rzy ceni\u0105 sobie wygod\u0119 i jako\u015b\u0107. Opakowanie zawiera 50 niebielonych, bezchlorowych bibu\u0142ek typu king size slim, ko\u0144c\u00f3wki z naturalnego w\u0142\u00f3kna oraz wbudowan\u0105, od\u0142\u0105czan\u0105 tack\u0119 do zwijania zabezpieczon\u0105 magnesami. Zaprojektowane z my\u015bl\u0105 o przeno\u015bno\u015bci bibu\u0142ki RAW Classic Artesano King Size Slim wykonane s\u0105 z w\u0142\u00f3kien ro\u015blinnych bez dodatk\u00f3w u\u0142atwiaj\u0105cych palenie, zapewniaj\u0105c czysty, wolno spalaj\u0105cy si\u0119 dym. Innowacyjna konstrukcja zaspokaja potrzeby palaczy b\u0119d\u0105cych w ci\u0105g\u0142ym ruchu, oferuj\u0105c przyjazn\u0105 dla kieszeni konfiguracj\u0119, kt\u00f3ra upraszcza proces zwijania. Ka\u017cda bibu\u0142ka zapewnia czysty smak, pozwalaj\u0105c wydoby\u0107 aromat materia\u0142u do palenia. \u015awiadoma ekologicznie konstrukcja jest zgodna z misj\u0105 RAW polegaj\u0105c\u0105 na wytwarzaniu zr\u00f3wnowa\u017conych, wysokiej jako\u015bci produkt\u00f3w, kt\u00f3re podnosz\u0105 jako\u015b\u0107 rytua\u0142u palenia. Bletka RAW Classic Artesano King Size Slim, idealna zar\u00f3wno dla pocz\u0105tkuj\u0105cych, jak i do\u015bwiadczonych palaczy, \u0142\u0105czy w sobie praktyczno\u015b\u0107 z odpowiedzialno\u015bci\u0105 za \u015brodowisko, co czyni j\u0105 wyj\u0105tkowym wyborem dla os\u00f3b poszukuj\u0105cych wysokiej jako\u015bci, wszechstronnego i ekologicznego akcesorium do palenia, kt\u00f3re z \u0142atwo\u015bci\u0105 i autentyczno\u015bci\u0105 wzbogaci ka\u017cd\u0105 sesj\u0119.<\/p>\n<h2 dir=\"ltr\">Historia RAW Classic Artesano King Size Slim Papers<\/h2>\n<p dir=\"ltr\">RAW Classic Artesano King Size Slim wy\u0142oni\u0142 si\u0119 z wizji RAW, aby zrewolucjonizowa\u0107 bran\u017c\u0119 bibu\u0142ek dzi\u0119ki innowacyjnym, przyjaznym dla \u015brodowiska produktom. Wprowadzony jako oferta premium, pakiet ten \u0142\u0105czy\u0142 niebielone bibu\u0142ki, ko\u0144c\u00f3wki i tack\u0119 do zwijania, aby zaspokoi\u0107 potrzeby wsp\u00f3\u0142czesnych palaczy. Podr\u00f3\u017c RAW rozpocz\u0119\u0142a si\u0119 od zaanga\u017cowania w czysto\u015b\u0107, wykorzystuj\u0105c naturalne w\u0142\u00f3kna ro\u015blinne do tworzenia papier\u00f3w bez dodatk\u00f3w, kt\u00f3re stanowi\u0142y wyzwanie dla chemicznie przetworzonej normy. Linia Artesano, wprowadzona na rynek w celu zwi\u0119kszenia wygody, szybko zyska\u0142a popularno\u015b\u0107 dzi\u0119ki przeno\u015bnej konstrukcji typu \"wszystko w jednym\". Z biegiem czasu firma RAW udoskonali\u0142a produkt, wprowadzaj\u0105c zr\u00f3wnowa\u017cone materia\u0142y i magnetyczny system tac, odzwierciedlaj\u0105c swoje zaanga\u017cowanie zar\u00f3wno w funkcjonalno\u015b\u0107, jak i dba\u0142o\u015b\u0107 o \u015brodowisko. Papiery RAW Classic Artesano King Size Slim uciele\u015bniaj\u0105 dziedzictwo marki w zakresie autentyczno\u015bci i innowacji, \u0142\u0105cz\u0105c dziesi\u0119ciolecia do\u015bwiadczenia ze wsp\u00f3\u0142czesnymi wymaganiami. Ich popularno\u015b\u0107 wynika z niezachwianej koncentracji RAW na jako\u015bci i zr\u00f3wnowa\u017conym rozwoju, co czyni je ulubionymi w\u015br\u00f3d palaczy na ca\u0142ym \u015bwiecie. Produkt ten stanowi kamie\u0144 milowy w misji RAW, aby przewodzi\u0107 w bran\u017cy, pozostaj\u0105c wiernym swojemu \"czystemu i surowemu\" etosowi, oferuj\u0105c ponadczasowe, ale przysz\u0142o\u015bciowe rozwi\u0105zanie do palenia.<\/p>\n<h2 dir=\"ltr\">Jak korzysta\u0107 z RAW Classic Artesano King Size Slim Papers<\/h2>\n<p dir=\"ltr\">U\u017cywanie bletek RAW Classic Artesano King Size Slim jest proste i idealne do bezproblemowego zwijania tytoniu. Otw\u00f3rz opakowanie zabezpieczone magnesami i wyjmij bletk\u0119 typu king-size slim oraz ko\u0144c\u00f3wk\u0119 z naturalnego w\u0142\u00f3kna. Umie\u015b\u0107 ko\u0144c\u00f3wk\u0119 na jednym ko\u0144cu bibu\u0142ki, a nast\u0119pnie r\u00f3wnomiernie rozprowad\u017a materia\u0142 do palenia wzd\u0142u\u017c \u015brodka. Z\u0142\u00f3\u017c papier nad materia\u0142em i zwi\u0144 ciasno, zwil\u017caj\u0105c pasek naturalnej gumy w celu uszczelnienia. Do\u0142\u0105czona tacka do zwijania, od\u0142\u0105czana dla wygody, zapewnia stabiln\u0105 powierzchni\u0119 do przygotowania, idealn\u0105 do u\u017cytku w podr\u00f3\u017cy. Wolno pal\u0105ce si\u0119 bibu\u0142ki zapewniaj\u0105 g\u0142adkie, d\u0142ugotrwa\u0142e palenie, wzmacniaj\u0105c smak i redukuj\u0105c ilo\u015b\u0107 popio\u0142u. Opakowanie nale\u017cy przechowywa\u0107 w suchym miejscu, aby zachowa\u0107 \u015bwie\u017co\u015b\u0107. Kompatybilne z r\u00f3\u017cnymi mieszankami, bibu\u0142ki RAW Classic Artesano King Size Slim zaspokajaj\u0105 wszystkie poziomy umiej\u0119tno\u015bci, oferuj\u0105c sp\u00f3jne, czyste wra\u017cenia. Ekologiczna konstrukcja zwi\u0119ksza satysfakcj\u0119, wiedz\u0105c, \u017ce dokonany wyb\u00f3r wspiera zr\u00f3wnowa\u017cony rozw\u00f3j. Niezale\u017cnie od tego, czy zwijasz w domu, czy na zewn\u0105trz, przemy\u015blane funkcje tego opakowania - bibu\u0142ki, ko\u0144c\u00f3wki i tacka - sprawiaj\u0105, \u017ce ka\u017cda sesja nie wymaga wysi\u0142ku, zapewniaj\u0105c jako\u015b\u0107 i \u0142atwo\u015b\u0107 wyrafinowanego rytua\u0142u palenia za ka\u017cdym razem.<\/p>\n<h2 dir=\"ltr\">Sk\u0142adniki RAW Classic Artesano King Size Slim Papers<\/h2>\n<p dir=\"ltr\">Bletki RAW Classic Artesano King Size Slim s\u0105 wykonane z minimalnej ilo\u015bci naturalnych sk\u0142adnik\u00f3w, aby zapewni\u0107 czyste, przyjazne dla \u015brodowiska wra\u017cenia z palenia. Bibu\u0142ki wykonane s\u0105 z niebielonych w\u0142\u00f3kien lnianych lub konopnych, przetwarzanych bez u\u017cycia chloru lub dodatk\u00f3w do palenia, aby zachowa\u0107 naturalny smak materia\u0142u do palenia. Ultracienkie bibu\u0142ki zapewniaj\u0105 powolne, r\u00f3wnomierne spalanie, bez kredy i barwnik\u00f3w. Pasek samoprzylepny wykorzystuje naturaln\u0105 gum\u0119 akacjow\u0105, sok ro\u015blinny, zapewniaj\u0105cy bezpieczne uszczelnienie po zwil\u017ceniu. Do\u0142\u0105czone ko\u0144c\u00f3wki s\u0105 r\u00f3wnie\u017c wykonane z niebielonych w\u0142\u00f3kien ro\u015blinnych, co pozwala zachowa\u0107 czysto\u015b\u0107 opakowania. Tacka do rolowania, cho\u0107 nie jest sk\u0142adnikiem, jest wykonana z trwa\u0142ych materia\u0142\u00f3w, a magnetyczne zamkni\u0119cie opakowania zapewnia trwa\u0142o\u015b\u0107. Nie zastosowano \u017cadnych sztucznych dodatk\u00f3w ani wype\u0142niaczy, dzi\u0119ki czemu sk\u0142ad jest czysty i przejrzysty. Pozyskiwane z ro\u015blin zarz\u0105dzanych w spos\u00f3b zr\u00f3wnowa\u017cony materia\u0142y odzwierciedlaj\u0105 etos \u015brodowiskowy RAW. Ten prosty profil sk\u0142adnik\u00f3w gwarantuje, \u017ce RAW Classic Artesano King Size Slim zapewnia wysokiej jako\u015bci, autentyczny dym, jednocze\u015bnie minimalizuj\u0105c wp\u0142yw na \u015brodowisko, przemawiaj\u0105c do palaczy, kt\u00f3rzy priorytetowo traktuj\u0105 zar\u00f3wno wydajno\u015b\u0107, jak i zr\u00f3wnowa\u017cony rozw\u00f3j w swoich akcesoriach do zwijania.<\/p>\n<p dir=\"ltr\"><strong>Ostrze\u017cenie<\/strong><br \/>\nRAW Classic Artesano King Size Slim jest przeznaczony do u\u017cytku wy\u0142\u0105cznie z legalnymi materia\u0142ami do palenia. Podczas u\u017cytkowania nale\u017cy zapewni\u0107 odpowiedni\u0105 wentylacj\u0119, poniewa\u017c palenie stanowi zagro\u017cenie dla zdrowia. Przechowywa\u0107 poza zasi\u0119giem dzieci i w suchym miejscu, aby zachowa\u0107 jako\u015b\u0107. U\u017cywaj odpowiedzialnie.<\/p>","protected":false},"excerpt":{"rendered":"<p dir=\"ltr\" data-pm-slice=\"1 1 []\">RAW Classic Artesano King Size Slim \u0142\u0105czy w sobie niebielone, wolno pal\u0105ce si\u0119 bletki z ko\u0144c\u00f3wkami i od\u0142\u0105czan\u0105 tack\u0105 do zwijania. Wykonane z naturalnych ro\u015blin, to przyjazne dla \u015brodowiska opakowanie poprawia wra\u017cenia z palenia.<\/p>","protected":false},"featured_media":44883,"template":"","meta":[],"product_brand":[],"product_cat":[492,297,488,494,471,559,564],"product_tag":[],"class_list":{"0":"post-42547","1":"product","2":"type-product","3":"status-publish","4":"has-post-thumbnail","6":"product_cat-rolling-papers","7":"product_cat-all-products","8":"product_cat-headshop","9":"product_cat-papers-with-tips","10":"product_cat-raw","11":"product_cat-slim-papers","12":"product_cat-unbleached-rolling-papers","13":"product_shipping_class-creditcard-on","15":"first","16":"instock","17":"taxable","18":"shipping-taxable","19":"purchasable","20":"product-type-variable","21":"has-default-attributes"},"_links":{"self":[{"href":"https:\/\/www.tatanka.nl\/pl\/wp-json\/wp\/v2\/product\/42547","targetHints":{"allow":["GET"]}}],"collection":[{"href":"https:\/\/www.tatanka.nl\/pl\/wp-json\/wp\/v2\/product"}],"about":[{"href":"https:\/\/www.tatanka.nl\/pl\/wp-json\/wp\/v2\/types\/product"}],"wp:featuredmedia":[{"embeddable":true,"href":"https:\/\/www.tatanka.nl\/pl\/wp-json\/wp\/v2\/media\/44883"}],"wp:attachment":[{"href":"https:\/\/www.tatanka.nl\/pl\/wp-json\/wp\/v2\/media?parent=42547"}],"wp:term":[{"taxonomy":"product_brand","embeddable":true,"href":"https:\/\/www.tatanka.nl\/pl\/wp-json\/wp\/v2\/product_brand?post=42547"},{"taxonomy":"product_cat","embeddable":true,"href":"https:\/\/www.tatanka.nl\/pl\/wp-json\/wp\/v2\/product_cat?post=42547"},{"taxonomy":"product_tag","embeddable":true,"href":"https:\/\/www.tatanka.nl\/pl\/wp-json\/wp\/v2\/product_tag?post=42547"}],"curies":[{"name":"wp","href":"https:\/\/api.w.org\/{rel}","templated":true}]}}