{"id":42569,"date":"2022-03-14T10:32:31","date_gmt":"2022-03-14T08:32:31","guid":{"rendered":"https:\/\/www.tatanka.nl\/?post_type=product&#038;p=42569"},"modified":"2025-05-20T08:31:53","modified_gmt":"2025-05-20T07:31:53","slug":"ocb-premium-rolls","status":"publish","type":"product","link":"https:\/\/www.tatanka.nl\/pl\/ocb-premium-rolls\/","title":{"rendered":"OCB Premium Rolls"},"content":{"rendered":"","protected":false},"excerpt":{"rendered":"<p>Je\u015bli lubisz mocne i niezawodne bletki, kt\u00f3re nie maj\u0105 smaku - jest to idealna bletka do joint\u00f3w! Bibu\u0142ki OCB to cudo z francuskiego papieru, kt\u00f3re spodoba si\u0119 tym, kt\u00f3rzy lubi\u0105 mocne jointy. Linia kleju dzia\u0142a jak urok, a twoje jointy b\u0119d\u0105 pali\u0107 si\u0119 r\u00f3wnomiernie!<\/p>","protected":false},"featured_media":45296,"template":"","meta":[],"product_brand":[],"product_cat":[492,297,488,493,560],"product_tag":[],"class_list":{"0":"post-42569","1":"product","2":"type-product","3":"status-publish","4":"has-post-thumbnail","6":"product_cat-rolling-papers","7":"product_cat-all-products","8":"product_cat-headshop","9":"product_cat-papers","10":"product_cat-rolls","11":"product_shipping_class-creditcard-on","13":"first","14":"instock","15":"taxable","16":"shipping-taxable","17":"purchasable","18":"product-type-variable","19":"has-default-attributes"},"_links":{"self":[{"href":"https:\/\/www.tatanka.nl\/pl\/wp-json\/wp\/v2\/product\/42569","targetHints":{"allow":["GET"]}}],"collection":[{"href":"https:\/\/www.tatanka.nl\/pl\/wp-json\/wp\/v2\/product"}],"about":[{"href":"https:\/\/www.tatanka.nl\/pl\/wp-json\/wp\/v2\/types\/product"}],"wp:featuredmedia":[{"embeddable":true,"href":"https:\/\/www.tatanka.nl\/pl\/wp-json\/wp\/v2\/media\/45296"}],"wp:attachment":[{"href":"https:\/\/www.tatanka.nl\/pl\/wp-json\/wp\/v2\/media?parent=42569"}],"wp:term":[{"taxonomy":"product_brand","embeddable":true,"href":"https:\/\/www.tatanka.nl\/pl\/wp-json\/wp\/v2\/product_brand?post=42569"},{"taxonomy":"product_cat","embeddable":true,"href":"https:\/\/www.tatanka.nl\/pl\/wp-json\/wp\/v2\/product_cat?post=42569"},{"taxonomy":"product_tag","embeddable":true,"href":"https:\/\/www.tatanka.nl\/pl\/wp-json\/wp\/v2\/product_tag?post=42569"}],"curies":[{"name":"wp","href":"https:\/\/api.w.org\/{rel}","templated":true}]}}