{"id":42585,"date":"2022-03-14T10:32:33","date_gmt":"2022-03-14T08:32:33","guid":{"rendered":"https:\/\/www.tatanka.nl\/?post_type=product&#038;p=42585"},"modified":"2025-05-20T08:24:57","modified_gmt":"2025-05-20T07:24:57","slug":"ocb-premium-slim-with-tips","status":"publish","type":"product","link":"https:\/\/www.tatanka.nl\/pl\/ocb-premium-slim-with-tips\/","title":{"rendered":"OCB Premium Slim z Tips"},"content":{"rendered":"","protected":false},"excerpt":{"rendered":"<p>Polecamy t\u0119 wysokiej jako\u015bci bibu\u0142k\u0119 dla tych, kt\u00f3rzy zawsze maj\u0105 problemy z \"zamykaniem jointa\"... Je\u015bli jeste\u015b osob\u0105, kt\u00f3ra zawsze przesadza lub zani\u017ca lini\u0119 kleju, wypr\u00f3buj OCB, a to ju\u017c nigdy si\u0119 nie powt\u00f3rzy. Francuskie bletki OCB s\u0105 znane z wytrzyma\u0142ych bletek, kt\u00f3re pal\u0105 si\u0119 powoli i r\u00f3wnomiernie.<\/p>","protected":false},"featured_media":45299,"template":"","meta":[],"product_brand":[],"product_cat":[492,297,488,493,494,559],"product_tag":[],"class_list":{"0":"post-42585","1":"product","2":"type-product","3":"status-publish","4":"has-post-thumbnail","6":"product_cat-rolling-papers","7":"product_cat-all-products","8":"product_cat-headshop","9":"product_cat-papers","10":"product_cat-papers-with-tips","11":"product_cat-slim-papers","12":"product_shipping_class-creditcard-on","14":"first","15":"instock","16":"taxable","17":"shipping-taxable","18":"purchasable","19":"product-type-variable","20":"has-default-attributes"},"_links":{"self":[{"href":"https:\/\/www.tatanka.nl\/pl\/wp-json\/wp\/v2\/product\/42585","targetHints":{"allow":["GET"]}}],"collection":[{"href":"https:\/\/www.tatanka.nl\/pl\/wp-json\/wp\/v2\/product"}],"about":[{"href":"https:\/\/www.tatanka.nl\/pl\/wp-json\/wp\/v2\/types\/product"}],"wp:featuredmedia":[{"embeddable":true,"href":"https:\/\/www.tatanka.nl\/pl\/wp-json\/wp\/v2\/media\/45299"}],"wp:attachment":[{"href":"https:\/\/www.tatanka.nl\/pl\/wp-json\/wp\/v2\/media?parent=42585"}],"wp:term":[{"taxonomy":"product_brand","embeddable":true,"href":"https:\/\/www.tatanka.nl\/pl\/wp-json\/wp\/v2\/product_brand?post=42585"},{"taxonomy":"product_cat","embeddable":true,"href":"https:\/\/www.tatanka.nl\/pl\/wp-json\/wp\/v2\/product_cat?post=42585"},{"taxonomy":"product_tag","embeddable":true,"href":"https:\/\/www.tatanka.nl\/pl\/wp-json\/wp\/v2\/product_tag?post=42585"}],"curies":[{"name":"wp","href":"https:\/\/api.w.org\/{rel}","templated":true}]}}