{"id":42587,"date":"2022-03-14T10:32:33","date_gmt":"2022-03-14T08:32:33","guid":{"rendered":"https:\/\/www.tatanka.nl\/?post_type=product&#038;p=42587"},"modified":"2025-07-08T14:38:59","modified_gmt":"2025-07-08T13:38:59","slug":"mascotte-slim-filters","status":"publish","type":"product","link":"https:\/\/www.tatanka.nl\/pl\/mascotte-slim-filters\/","title":{"rendered":"Mascotte Slim Filters"},"content":{"rendered":"<h2 dir=\"ltr\" data-pm-slice=\"1 1 []\">Czym s\u0105 Mascotte Original Slim Filters?<\/h2>\n<p dir=\"ltr\">Mascotte Original Slim Filters to wysokiej jako\u015bci filtry 6 mm zaprojektowane z my\u015bl\u0105 o p\u0142ynnym zwijaniu. Stworzone z my\u015bl\u0105 o palaczach, kt\u00f3rzy ceni\u0105 sobie wygod\u0119 i zr\u00f3wnowa\u017cony rozw\u00f3j, filtry te posiadaj\u0105 unikaln\u0105 samoprzylepn\u0105 kraw\u0119d\u017a, kt\u00f3ra upraszcza proces zwijania. W przeciwie\u0144stwie do tradycyjnych filtr\u00f3w, s\u0105 one teraz wykonane z papieru zamiast octanu, co zmniejsza wp\u0142yw na \u015brodowisko. Zapakowane w zamykane torebki wykonane z plastiku pochodz\u0105cego z recyklingu 100%, s\u0105 zgodne z warto\u015bciami ekologicznymi, zachowuj\u0105c jednocze\u015bnie sw\u00f3j kultowy design. Ka\u017cde opakowanie zawiera 120 filtr\u00f3w, zapewniaj\u0105c d\u0142ugotrwa\u0142e u\u017cytkowanie. Brak jednorazowych tworzyw sztucznych w filtrach oznacza, \u017ce logo SUP nie jest ju\u017c obecne na opakowaniu, co odzwierciedla ich zaanga\u017cowanie w zr\u00f3wnowa\u017cony rozw\u00f3j. Idealne zar\u00f3wno dla pocz\u0105tkuj\u0105cych, jak i do\u015bwiadczonych fajczarzy, filtry Mascotte Original Slim Filters \u0142\u0105cz\u0105 funkcjonalno\u015b\u0107 z odpowiedzialno\u015bci\u0105 za \u015brodowisko, co czyni je najlepszym wyborem dla os\u00f3b poszukuj\u0105cych niezawodnego i ekologicznego akcesorium do palenia. Ich kompaktowy rozmiar i przyjazna dla u\u017cytkownika konstrukcja zapewniaj\u0105 sp\u00f3jne wra\u017cenia, zaspokajaj\u0105c potrzeby palaczy, dla kt\u00f3rych priorytetem jest jako\u015b\u0107 i \u0142atwo\u015b\u0107. Niezale\u017cnie od tego, czy palisz w podr\u00f3\u017cy, czy w domu, filtry te zapewniaj\u0105 wydajno\u015b\u0107 i spok\u00f3j ducha przy ka\u017cdym u\u017cyciu.<\/p>\n<h2 dir=\"ltr\">Historia Mascotte Original Slim Filters<\/h2>\n<p dir=\"ltr\">Podr\u00f3\u017c Mascotte Original Slim Filters rozpocz\u0119\u0142a si\u0119 kilkadziesi\u0105t lat temu, kiedy Mascotte, zaufana marka akcesori\u00f3w do palenia, wprowadzi\u0142a lini\u0119 w\u0105skich filtr\u00f3w, aby sprosta\u0107 rosn\u0105cemu zapotrzebowaniu na mniejsze, bardziej precyzyjne filtry. Pocz\u0105tkowo wykonane z octanu, te 6-milimetrowe filtry szybko zyska\u0142y popularno\u015b\u0107 dzi\u0119ki samoprzylepnej obr\u0119czy, kt\u00f3ra u\u0142atwia\u0142a zwijanie. Z czasem firma Mascotte dostrzeg\u0142a potrzeb\u0119 zr\u00f3wnowa\u017conego rozwoju, co doprowadzi\u0142o do znacznej zmiany produktu. Przej\u015bcie na filtry papierowe stanowi\u0142o punkt zwrotny, dostosowuj\u0105c si\u0119 do globalnych wysi\u0142k\u00f3w na rzecz ograniczenia odpad\u00f3w z tworzyw sztucznych. Marka zmodernizowa\u0142a r\u00f3wnie\u017c swoje opakowania, przyjmuj\u0105c plastik z recyklingu 100% do zamykanych torebek. Ta ewolucja odzwierciedla zaanga\u017cowanie Mascotte w innowacje i ochron\u0119 \u015brodowiska, przy jednoczesnym zachowaniu jako\u015bci, kt\u00f3ra sprawi\u0142a, \u017ce Mascotte Original Slim Filters sta\u0142 si\u0119 powszechnie znany. Dzi\u015b s\u0105 one symbolem tradycji i post\u0119pu, \u0142\u0105cz\u0105c dziesi\u0119ciolecia do\u015bwiadczenia z nowoczesnymi praktykami przyjaznymi dla \u015brodowiska. Ich sta\u0142a wydajno\u015b\u0107 i zdolno\u015b\u0107 adaptacji ugruntowa\u0142y ich status jako ulubie\u0144c\u00f3w palaczy na ca\u0142ym \u015bwiecie, z dziedzictwem zakorzenionym w jako\u015bci i wizj\u0105 bardziej ekologicznej przysz\u0142o\u015bci.<\/p>\n<h2 dir=\"ltr\">Jak u\u017cywa\u0107 Mascotte Original Slim Filters<\/h2>\n<p dir=\"ltr\">Korzystanie z Mascotte Original Slim Filters jest proste, dzi\u0119ki czemu s\u0105 one idealne dla palaczy na wszystkich poziomach umiej\u0119tno\u015bci. Zacznij od wybrania filtra z zamykanej torebki i umieszczenia go na jednym ko\u0144cu bletki. Obr\u0119cz samoprzylepna upraszcza ten proces - nale\u017cy j\u0105 lekko zwil\u017cy\u0107, aby upewni\u0107 si\u0119, \u017ce dobrze przylega do bibu\u0142ki. Dodaj preferowany materia\u0142 do palenia, a nast\u0119pnie ciasno zwi\u0144 bibu\u0142k\u0119 wok\u00f3\u0142 filtra, u\u017cywaj\u0105c samoprzylepnej obr\u0119czy do uszczelnienia rolki. Rozmiar 6 mm zapewnia zr\u00f3wnowa\u017cony ci\u0105g, zapewniaj\u0105c p\u0142ynne palenie. Aby uzyska\u0107 najlepsze rezultaty, upewnij si\u0119, \u017ce filtr jest mocno osadzony, aby zapobiec przedostawaniu si\u0119 lu\u017anego materia\u0142u. Przechowuj torebk\u0119 w ch\u0142odnym, suchym miejscu, aby zachowa\u0107 jako\u015b\u0107 filtr\u00f3w. Filtry te s\u0105 wszechstronne, kompatybilne z r\u00f3\u017cnymi bibu\u0142kami i zaprojektowane w celu wzmocnienia smaku przy jednoczesnym zmniejszeniu ostro\u015bci. Niezale\u017cnie od tego, czy jeste\u015b pocz\u0105tkuj\u0105cym, czy do\u015bwiadczonym palaczem, filtry Mascotte Original Slim Filters oferuj\u0105 niezawodno\u015b\u0107 i \u0142atwo\u015b\u0107 u\u017cytkowania, zapewniaj\u0105c sp\u00f3jne, przyjemne doznania za ka\u017cdym razem. Ich przyjazna dla \u015brodowiska konstrukcja dodaje dodatkow\u0105 warstw\u0119 satysfakcji, wiedz\u0105c, \u017ce Tw\u00f3j wyb\u00f3r wspiera zr\u00f3wnowa\u017cony rozw\u00f3j bez uszczerbku dla wydajno\u015bci.<\/p>\n<h2 dir=\"ltr\">Sk\u0142adniki Mascotte Original Slim Filters<\/h2>\n<p dir=\"ltr\">Mascotte Original Slim Filters zosta\u0142y stworzone z my\u015bl\u0105 o prostocie i zr\u00f3wnowa\u017conym rozwoju. Podstawowym materia\u0142em jest wysokiej jako\u015bci papier, zast\u0119puj\u0105cy wcze\u015bniej u\u017cywany octan w celu zmniejszenia wp\u0142ywu na \u015brodowisko. Papier ten jest starannie przetwarzany, aby zapewni\u0107 trwa\u0142o\u015b\u0107 i p\u0142ynne palenie. Obr\u0119cz samoprzylepna, charakterystyczna cecha, wykonana jest z bezpiecznego dla \u017cywno\u015bci kleju ro\u015blinnego, kt\u00f3ry bezpiecznie \u0142\u0105czy filtr z bibu\u0142k\u0105 bez zmiany smaku. Zamykane opakowanie sk\u0142ada si\u0119 z plastiku pochodz\u0105cego z recyklingu 100%, wolnego od jednorazowych tworzyw sztucznych, co odzwierciedla zaanga\u017cowanie Mascotte w praktyki przyjazne dla \u015brodowiska. Filtry nie zawieraj\u0105 \u017cadnych dodatkowych substancji chemicznych ani dodatk\u00f3w, zapewniaj\u0105c czyste i naturalne doznania podczas palenia. Papier jest pozyskiwany z odpowiedzialnie zarz\u0105dzanych las\u00f3w, zgodnie z surowymi normami \u015brodowiskowymi. Ta minimalistyczna kompozycja stawia na pierwszym miejscu zar\u00f3wno bezpiecze\u0144stwo u\u017cytkownika, jak i odpowiedzialno\u015b\u0107 ekologiczn\u0105, dzi\u0119ki czemu Mascotte Original Slim Filters jest doskona\u0142ym wyborem dla \u015bwiadomych konsument\u00f3w. Po\u0142\u0105czenie zr\u00f3wnowa\u017conych materia\u0142\u00f3w i przemy\u015blanej konstrukcji zapewnia, \u017ce ka\u017cdy filtr zapewnia sta\u0142\u0105 wydajno\u015b\u0107 przy jednoczesnym zminimalizowaniu wp\u0142ywu na \u015brodowisko, co jest atrakcyjne dla palaczy, kt\u00f3rzy ceni\u0105 jako\u015b\u0107 i dbaj\u0105 o planet\u0119.<\/p>\n<p dir=\"ltr\"><strong>Ostrze\u017cenie<\/strong><br \/>\nMascotte Original Slim Filters s\u0105 przeznaczone do u\u017cytku wy\u0142\u0105cznie z legalnymi materia\u0142ami do palenia. Zapewnij odpowiedni\u0105 wentylacj\u0119 podczas palenia i unikaj u\u017cywania uszkodzonych filtr\u00f3w, poniewa\u017c mog\u0105 one wp\u0142ywa\u0107 na wra\u017cenia z palenia. Przechowywa\u0107 poza zasi\u0119giem dzieci i w suchym miejscu, aby zachowa\u0107 jako\u015b\u0107. Smoking niesie ze sob\u0105 ryzyko dla zdrowia; u\u017cywaj odpowiedzialnie.<\/p>","protected":false},"excerpt":{"rendered":"<p dir=\"ltr\" data-pm-slice=\"1 1 []\">Filtry Mascotte Original Slim Filters (6 mm) zapewniaj\u0105 p\u0142ynne i zr\u00f3wnowa\u017cone palenie. Dzi\u0119ki ekologicznemu sk\u0142adowi papieru i wygodnej samoprzylepnej kraw\u0119dzi filtry te s\u0105 \u0142atwe do zwijania i idealne do codziennego u\u017cytku.<\/p>","protected":false},"featured_media":115778,"template":"","meta":[],"product_brand":[],"product_cat":[567,297,488,461,492],"product_tag":[],"class_list":{"0":"post-42587","1":"product","2":"type-product","3":"status-publish","4":"has-post-thumbnail","6":"product_cat-filters","7":"product_cat-all-products","8":"product_cat-headshop","9":"product_cat-mascotte","10":"product_cat-rolling-papers","11":"product_shipping_class-creditcard-on","13":"first","14":"instock","15":"taxable","16":"shipping-taxable","17":"purchasable","18":"product-type-variable","19":"has-default-attributes"},"_links":{"self":[{"href":"https:\/\/www.tatanka.nl\/pl\/wp-json\/wp\/v2\/product\/42587","targetHints":{"allow":["GET"]}}],"collection":[{"href":"https:\/\/www.tatanka.nl\/pl\/wp-json\/wp\/v2\/product"}],"about":[{"href":"https:\/\/www.tatanka.nl\/pl\/wp-json\/wp\/v2\/types\/product"}],"wp:featuredmedia":[{"embeddable":true,"href":"https:\/\/www.tatanka.nl\/pl\/wp-json\/wp\/v2\/media\/115778"}],"wp:attachment":[{"href":"https:\/\/www.tatanka.nl\/pl\/wp-json\/wp\/v2\/media?parent=42587"}],"wp:term":[{"taxonomy":"product_brand","embeddable":true,"href":"https:\/\/www.tatanka.nl\/pl\/wp-json\/wp\/v2\/product_brand?post=42587"},{"taxonomy":"product_cat","embeddable":true,"href":"https:\/\/www.tatanka.nl\/pl\/wp-json\/wp\/v2\/product_cat?post=42587"},{"taxonomy":"product_tag","embeddable":true,"href":"https:\/\/www.tatanka.nl\/pl\/wp-json\/wp\/v2\/product_tag?post=42587"}],"curies":[{"name":"wp","href":"https:\/\/api.w.org\/{rel}","templated":true}]}}